{"id":53789,"date":"2024-04-18T09:00:10","date_gmt":"2024-04-18T08:00:10","guid":{"rendered":"https:\/\/truusk.store\/product\/2-i-1-flakt-led-display-timerfunktion-445-x-135h-cm-silver-svart\/"},"modified":"2026-03-12T08:59:19","modified_gmt":"2026-03-12T07:59:19","slug":"truusk-flakt-med-led-display-och-timerfunktion-445-x-135h-cm-silver-och-svart","status":"publish","type":"product","link":"https:\/\/truusk.store\/sv\/produkt\/truusk-flakt-med-led-display-och-timerfunktion-445-x-135h-cm-silver-och-svart\/","title":{"rendered":"TRUUSK Fl\u00e4kt med LED-display och Timerfunktion &#8211; 44,5 x 135H cm &#8211; Silver och Svart"},"content":{"rendered":"<p>Denna piedestalfl\u00e4kt med mistfunktion med myggfunktion kommer att gl\u00e4dja dig. Tack vare dess vattentank med en kapacitet p\u00e5 3,1 liter och dess slutliga mister kan du njuta av idealisk och uppfriskande luftfuktighet i rummet d\u00e4r du vill placera den. Tack vare fj\u00e4rrkontrollen till dimfl\u00e4kten beh\u00f6ver vi inte l\u00e4ngre resa oss ur soffan eller l\u00e4mna grytan n\u00e4r den kokar f\u00f6r att \u00e5terst\u00e4lla normal prestanda.<\/p>\n<h3>Beskrivning:<\/h3>\n<ul>\n<li>Dimm\u00e4ngden p\u00e5 piedestalfl\u00e4kten med fj\u00e4rrkontroll \u00e4r inst\u00e4lld i tre niv\u00e5er (220 ml\/h, 250 ml\/h, 280 ml\/h): Behagligt och j\u00e4mnt dimfl\u00f6de f\u00f6r att avsev\u00e4rt minska den upplevda temperaturen under flera timmar<\/li>\n<li>Eteriska oljor fr\u00e5n aromaterapi kan tills\u00e4ttas f\u00f6r att skapa en zen och avkopplande atmosf\u00e4r<\/li>\n<li>Str\u00f6manslutning p\u00e5 baksidan<\/li>\n<li>Intuitiv och enkel man\u00f6vrering: via fj\u00e4rrkontroll eller direkt p\u00e5 enhetens kontrollpanel<\/li>\n<li>Programmerbar timer f\u00f6r piedestalfl\u00e4kten med dimfunktion fr\u00e5n 1 till 12 timmar<\/li>\n<li>Rumstemperaturen visas p\u00e5 LED-displayen<\/li>\n<li>Kraftfull (90 W) och tyst f\u00f6r optimal komfort dag och natt<\/li>\n<\/ul>\n<h3>Teknisk data:<\/h3>\n<ul>\n<li>F\u00e4rger: Svart<\/li>\n<li>Material: ABS-plast, AS, PE<\/li>\n<li>\u00d6vergripande m\u00e5tt: 44,5 x 135H cm<\/li>\n<li>Nebulisering: 220 ml\/h, 250 ml\/h, 280 ml\/h<\/li>\n<li>Vattentankens kapacitet: 3,1L<\/li>\n<li>Induktionsavst\u00e5nd: 5 m<\/li>\n<li>Insp\u00e4nning: 220-240V<\/li>\n<li>Frekvens: 50-60Hz<\/li>\n<li>Effekt: 90W<\/li>\n<li>Elkabelns l\u00e4ngd: 1,60 m<\/li>\n<\/ul>\n<h3>Leveransens omfattning:<\/h3>\n<ul>\n<li>1 x Mist Fl\u00e4kt<\/li>\n<li>1 x manuell<\/li>\n<\/ul>\n","protected":false},"excerpt":{"rendered":"<p>Denna piedestalfl\u00e4kt med mistfunktion med myggfunktion kommer att gl\u00e4dja dig. Tack vare dess vattentank med en kapacitet p\u00e5 3,1 liter&#8230;<\/p>\n","protected":false},"featured_media":53790,"template":"","meta":[],"product_brand":[],"product_cat":[697,671,696],"product_tag":[],"class_list":{"0":"post-53789","1":"product","2":"type-product","3":"status-publish","4":"has-post-thumbnail","6":"product_cat-flaktar-och-luftkonditioneringsapparater","7":"product_cat-jarnaffar","8":"product_cat-luftkonditionering-och-flaktar","10":"first","11":"instock","12":"sale","13":"taxable","14":"shipping-taxable","15":"purchasable","16":"product-type-simple"},"yoast_head":"<!-- This site is optimized with the Yoast SEO plugin v25.4 - https:\/\/yoast.com\/wordpress\/plugins\/seo\/ -->\n<title>TRUUSK Fl\u00e4kt med LED-display och Timerfunktion - 44,5 x 135H cm - Silver och Svart - TRUUSK - Hem, Tr\u00e4dg\u00e5rd &amp; Fritid<\/title>\n<meta name=\"robots\" content=\"index, follow, max-snippet:-1, max-image-preview:large, max-video-preview:-1\" \/>\n<link rel=\"canonical\" href=\"https:\/\/truusk.store\/sv\/produkt\/truusk-flakt-med-led-display-och-timerfunktion-445-x-135h-cm-silver-och-svart\/\" \/>\n<meta property=\"og:locale\" content=\"sv_SE\" \/>\n<meta property=\"og:type\" content=\"article\" \/>\n<meta property=\"og:title\" content=\"TRUUSK Fl\u00e4kt med LED-display och Timerfunktion - 44,5 x 135H cm - Silver och Svart - TRUUSK - Hem, Tr\u00e4dg\u00e5rd &amp; Fritid\" \/>\n<meta property=\"og:description\" content=\"Denna piedestalfl\u00e4kt med mistfunktion med myggfunktion kommer att gl\u00e4dja dig. Tack vare dess vattentank med en kapacitet p\u00e5 3,1 liter...\" \/>\n<meta property=\"og:url\" content=\"https:\/\/truusk.store\/sv\/produkt\/truusk-flakt-med-led-display-och-timerfunktion-445-x-135h-cm-silver-och-svart\/\" \/>\n<meta property=\"og:site_name\" content=\"TRUUSK - Hem, Tr\u00e4dg\u00e5rd &amp; Fritid\" \/>\n<meta property=\"article:modified_time\" content=\"2026-03-12T07:59:19+00:00\" \/>\n<meta property=\"og:image\" content=\"https:\/\/i0.wp.com\/truusk.se\/wp-content\/uploads\/2024\/04\/2-i-1-flakt-led-display-timerfunktion-445-x-135h-cm-silver-svart.webp?fit=800%2C800&ssl=1\" \/>\n\t<meta property=\"og:image:width\" content=\"800\" \/>\n\t<meta property=\"og:image:height\" content=\"800\" \/>\n\t<meta property=\"og:image:type\" content=\"image\/webp\" \/>\n<meta name=\"twitter:card\" content=\"summary_large_image\" \/>\n<meta name=\"twitter:label1\" content=\"Ber\u00e4knad l\u00e4stid\" \/>\n\t<meta name=\"twitter:data1\" content=\"1 minut\" \/>\n<!-- \/ Yoast SEO plugin. -->","yoast_head_json":{"title":"TRUUSK Fl\u00e4kt med LED-display och Timerfunktion - 44,5 x 135H cm - Silver och Svart - TRUUSK - Hem, Tr\u00e4dg\u00e5rd &amp; Fritid","robots":{"index":"index","follow":"follow","max-snippet":"max-snippet:-1","max-image-preview":"max-image-preview:large","max-video-preview":"max-video-preview:-1"},"canonical":"https:\/\/truusk.store\/sv\/produkt\/truusk-flakt-med-led-display-och-timerfunktion-445-x-135h-cm-silver-och-svart\/","og_locale":"sv_SE","og_type":"article","og_title":"TRUUSK Fl\u00e4kt med LED-display och Timerfunktion - 44,5 x 135H cm - Silver och Svart - TRUUSK - Hem, Tr\u00e4dg\u00e5rd &amp; Fritid","og_description":"Denna piedestalfl\u00e4kt med mistfunktion med myggfunktion kommer att gl\u00e4dja dig. Tack vare dess vattentank med en kapacitet p\u00e5 3,1 liter...","og_url":"https:\/\/truusk.store\/sv\/produkt\/truusk-flakt-med-led-display-och-timerfunktion-445-x-135h-cm-silver-och-svart\/","og_site_name":"TRUUSK - Hem, Tr\u00e4dg\u00e5rd &amp; Fritid","article_modified_time":"2026-03-12T07:59:19+00:00","og_image":[{"width":800,"height":800,"url":"https:\/\/i0.wp.com\/truusk.se\/wp-content\/uploads\/2024\/04\/2-i-1-flakt-led-display-timerfunktion-445-x-135h-cm-silver-svart.webp?fit=800%2C800&ssl=1","type":"image\/webp"}],"twitter_card":"summary_large_image","twitter_misc":{"Ber\u00e4knad l\u00e4stid":"1 minut"},"schema":{"@context":"https:\/\/schema.org","@graph":[{"@type":"WebPage","@id":"https:\/\/truusk.store\/sv\/produkt\/truusk-flakt-med-led-display-och-timerfunktion-445-x-135h-cm-silver-och-svart\/","url":"https:\/\/truusk.store\/sv\/produkt\/truusk-flakt-med-led-display-och-timerfunktion-445-x-135h-cm-silver-och-svart\/","name":"TRUUSK Fl\u00e4kt med LED-display och Timerfunktion - 44,5 x 135H cm - Silver och Svart - TRUUSK - Hem, Tr\u00e4dg\u00e5rd &amp; Fritid","isPartOf":{"@id":"https:\/\/truusk.store\/sv\/#website"},"primaryImageOfPage":{"@id":"https:\/\/truusk.store\/sv\/produkt\/truusk-flakt-med-led-display-och-timerfunktion-445-x-135h-cm-silver-och-svart\/#primaryimage"},"image":{"@id":"https:\/\/truusk.store\/sv\/produkt\/truusk-flakt-med-led-display-och-timerfunktion-445-x-135h-cm-silver-och-svart\/#primaryimage"},"thumbnailUrl":"https:\/\/i0.wp.com\/truusk.store\/wp-content\/uploads\/2024\/04\/2-i-1-flakt-led-display-timerfunktion-445-x-135h-cm-silver-svart.webp?fit=800%2C800&ssl=1","datePublished":"2024-04-18T08:00:10+00:00","dateModified":"2026-03-12T07:59:19+00:00","breadcrumb":{"@id":"https:\/\/truusk.store\/sv\/produkt\/truusk-flakt-med-led-display-och-timerfunktion-445-x-135h-cm-silver-och-svart\/#breadcrumb"},"inLanguage":"sv-SE","potentialAction":[{"@type":"ReadAction","target":["https:\/\/truusk.store\/sv\/produkt\/truusk-flakt-med-led-display-och-timerfunktion-445-x-135h-cm-silver-och-svart\/"]}]},{"@type":"ImageObject","inLanguage":"sv-SE","@id":"https:\/\/truusk.store\/sv\/produkt\/truusk-flakt-med-led-display-och-timerfunktion-445-x-135h-cm-silver-och-svart\/#primaryimage","url":"https:\/\/i0.wp.com\/truusk.store\/wp-content\/uploads\/2024\/04\/2-i-1-flakt-led-display-timerfunktion-445-x-135h-cm-silver-svart.webp?fit=800%2C800&ssl=1","contentUrl":"https:\/\/i0.wp.com\/truusk.store\/wp-content\/uploads\/2024\/04\/2-i-1-flakt-led-display-timerfunktion-445-x-135h-cm-silver-svart.webp?fit=800%2C800&ssl=1","width":800,"height":800,"caption":"2-i-1 Fl\u00e4kt, LED-display, Timerfunktion, 44,5 X 135H Cm, Silver + Svart 1"},{"@type":"BreadcrumbList","@id":"https:\/\/truusk.store\/sv\/produkt\/truusk-flakt-med-led-display-och-timerfunktion-445-x-135h-cm-silver-och-svart\/#breadcrumb","itemListElement":[{"@type":"ListItem","position":1,"name":"Home","item":"https:\/\/truusk.store\/sv\/"},{"@type":"ListItem","position":2,"name":"Shop","item":"https:\/\/truusk.store\/shop\/"},{"@type":"ListItem","position":3,"name":"TRUUSK Fl\u00e4kt med LED-display och Timerfunktion &#8211; 44,5 x 135H cm &#8211; Silver och Svart"}]},{"@type":"WebSite","@id":"https:\/\/truusk.store\/sv\/#website","url":"https:\/\/truusk.store\/sv\/","name":"TRUUSK - Hem, Tr\u00e4dg\u00e5rd & Fritid","description":"","publisher":{"@id":"https:\/\/truusk.store\/sv\/#organization"},"potentialAction":[{"@type":"SearchAction","target":{"@type":"EntryPoint","urlTemplate":"https:\/\/truusk.store\/sv\/?s={search_term_string}"},"query-input":{"@type":"PropertyValueSpecification","valueRequired":true,"valueName":"search_term_string"}}],"inLanguage":"sv-SE"},{"@type":"Organization","@id":"https:\/\/truusk.store\/sv\/#organization","name":"TRUUSK - Hem, Tr\u00e4dg\u00e5rd & Fritid","url":"https:\/\/truusk.store\/sv\/","logo":{"@type":"ImageObject","inLanguage":"sv-SE","@id":"https:\/\/truusk.store\/sv\/#\/schema\/logo\/image\/","url":"https:\/\/i0.wp.com\/truusk.store\/wp-content\/uploads\/2026\/03\/cropped-TRUUSK.png?fit=2032%2C917&ssl=1","contentUrl":"https:\/\/i0.wp.com\/truusk.store\/wp-content\/uploads\/2026\/03\/cropped-TRUUSK.png?fit=2032%2C917&ssl=1","width":2032,"height":917,"caption":"TRUUSK - Hem, Tr\u00e4dg\u00e5rd & Fritid"},"image":{"@id":"https:\/\/truusk.store\/sv\/#\/schema\/logo\/image\/"}}]}},"jetpack_sharing_enabled":true,"_links":{"self":[{"href":"https:\/\/truusk.store\/sv\/wp-json\/wp\/v2\/product\/53789","targetHints":{"allow":["GET"]}}],"collection":[{"href":"https:\/\/truusk.store\/sv\/wp-json\/wp\/v2\/product"}],"about":[{"href":"https:\/\/truusk.store\/sv\/wp-json\/wp\/v2\/types\/product"}],"wp:featuredmedia":[{"embeddable":true,"href":"https:\/\/truusk.store\/sv\/wp-json\/wp\/v2\/media\/53790"}],"wp:attachment":[{"href":"https:\/\/truusk.store\/sv\/wp-json\/wp\/v2\/media?parent=53789"}],"wp:term":[{"taxonomy":"product_brand","embeddable":true,"href":"https:\/\/truusk.store\/sv\/wp-json\/wp\/v2\/product_brand?post=53789"},{"taxonomy":"product_cat","embeddable":true,"href":"https:\/\/truusk.store\/sv\/wp-json\/wp\/v2\/product_cat?post=53789"},{"taxonomy":"product_tag","embeddable":true,"href":"https:\/\/truusk.store\/sv\/wp-json\/wp\/v2\/product_tag?post=53789"}],"curies":[{"name":"wp","href":"https:\/\/api.w.org\/{rel}","templated":true}]}}