{"id":53855,"date":"2024-04-18T10:00:09","date_gmt":"2024-04-18T09:00:09","guid":{"rendered":"https:\/\/truusk.store\/product\/luftmadrass-for-2-personer-mjuk-robust-203x152x22cm-morkbla\/"},"modified":"2026-03-12T09:38:34","modified_gmt":"2026-03-12T08:38:34","slug":"truusk-luftmadrass-for-2-personer-mjuk-robust-203x152x22cm-morkbla","status":"publish","type":"product","link":"https:\/\/truusk.store\/sv\/produkt\/truusk-luftmadrass-for-2-personer-mjuk-robust-203x152x22cm-morkbla\/","title":{"rendered":"TRUUSK Luftmadrass F\u00f6r 2 Personer &#8211; Mjuk &amp; Robust &#8211; 203x152x22cm &#8211; M\u00f6rkbl\u00e5"},"content":{"rendered":"<p>Upplev ren lyx och komfort med luftmadrassen f\u00f6r tv\u00e5 personer. Tack vare en gener\u00f6s tjocklek p\u00e5 22 cm rymmer den mycket luft f\u00f6r att optimalt st\u00f6dja din kropp och erbjuda maximal \u00e5terh\u00e4mtning. Madrassen \u00e4r gjord av PVC och har en mjuk, halkfri topp som ger en behagligt mjuk och varm k\u00e4nsla n\u00e4r man ligger p\u00e5 den. P\u00e5 bara 2 till 6 minuter \u00e4r den uppbl\u00e5st och redo att anv\u00e4ndas &#8211; perfekt f\u00f6r camping, resor eller som g\u00e4sts\u00e4ng.<\/p>\n<h3>Beskrivning:<\/h3>\n<ul>\n<li>Stor luftmadrass rymmer tv\u00e5 vuxna<\/li>\n<li>Med en tjocklek p\u00e5 22 cm s\u00e4kerst\u00e4ller den en bekv\u00e4m sovupplevelse<\/li>\n<li>Optimalt kroppsst\u00f6d genom en h\u00f6g balans mellan styrka och mjukhet<\/li>\n<li>Perfekt tryckf\u00f6rdelning f\u00f6r en god s\u00f6mn<\/li>\n<li>Kan bl\u00e5sas upp p\u00e5 en m\u00e4ngd olika s\u00e4tt: med fotpump, handpump eller elektrisk pump<\/li>\n<li>Plastmaterialet med en mjuk yta t\u00e5l upp till 200 kg<\/li>\n<li>F\u00e4lls ihop till en kompakt form, sparar utrymme och minskar vikten<\/li>\n<\/ul>\n<h3>Teknisk data:<\/h3>\n<ul>\n<li>m\u00f6rkbl\u00e5<\/li>\n<li>Material: Plast<\/li>\n<li>\u00d6vergripande m\u00e5tt: 203L x 152W x 22H cm<\/li>\n<li>Vikstorlek: 35L x 10W x 25H cm<\/li>\n<li>Lastkapacitet: 200 kg<\/li>\n<li>Vikt: 3,18 kg<\/li>\n<li>Uppbl\u00e5sningstid: 2-6 minuter<\/li>\n<li>T\u00f6mningstid: 3-12 minuter<\/li>\n<\/ul>\n<h3>Leveransens omfattning:<\/h3>\n<ul>\n<li>1 x luftmadrass<\/li>\n<li>1 x Instruktioner<\/li>\n<\/ul>\n","protected":false},"excerpt":{"rendered":"<p>Upplev ren lyx och komfort med luftmadrassen f\u00f6r tv\u00e5 personer. Tack vare en gener\u00f6s tjocklek p\u00e5 22 cm rymmer den&#8230;<\/p>\n","protected":false},"featured_media":53856,"template":"","meta":[],"product_brand":[],"product_cat":[651,648,647],"product_tag":[],"class_list":{"0":"post-53855","1":"product","2":"type-product","3":"status-publish","4":"has-post-thumbnail","6":"product_cat-barnsangar","7":"product_cat-camping-tillbehor","8":"product_cat-sport-fritid","10":"first","11":"instock","12":"sale","13":"taxable","14":"shipping-taxable","15":"purchasable","16":"product-type-simple"},"yoast_head":"<!-- This site is optimized with the Yoast SEO plugin v25.4 - https:\/\/yoast.com\/wordpress\/plugins\/seo\/ -->\n<title>TRUUSK Luftmadrass F\u00f6r 2 Personer - Mjuk &amp; Robust - 203x152x22cm - M\u00f6rkbl\u00e5 - TRUUSK - Hem, Tr\u00e4dg\u00e5rd &amp; Fritid<\/title>\n<meta name=\"robots\" content=\"index, follow, max-snippet:-1, max-image-preview:large, max-video-preview:-1\" \/>\n<link rel=\"canonical\" href=\"https:\/\/truusk.store\/sv\/produkt\/truusk-luftmadrass-for-2-personer-mjuk-robust-203x152x22cm-morkbla\/\" \/>\n<meta property=\"og:locale\" content=\"sv_SE\" \/>\n<meta property=\"og:type\" content=\"article\" \/>\n<meta property=\"og:title\" content=\"TRUUSK Luftmadrass F\u00f6r 2 Personer - Mjuk &amp; Robust - 203x152x22cm - M\u00f6rkbl\u00e5 - TRUUSK - Hem, Tr\u00e4dg\u00e5rd &amp; Fritid\" \/>\n<meta property=\"og:description\" content=\"Upplev ren lyx och komfort med luftmadrassen f\u00f6r tv\u00e5 personer. Tack vare en gener\u00f6s tjocklek p\u00e5 22 cm rymmer den...\" \/>\n<meta property=\"og:url\" content=\"https:\/\/truusk.store\/sv\/produkt\/truusk-luftmadrass-for-2-personer-mjuk-robust-203x152x22cm-morkbla\/\" \/>\n<meta property=\"og:site_name\" content=\"TRUUSK - Hem, Tr\u00e4dg\u00e5rd &amp; Fritid\" \/>\n<meta property=\"article:modified_time\" content=\"2026-03-12T08:38:34+00:00\" \/>\n<meta property=\"og:image\" content=\"https:\/\/i0.wp.com\/truusk.se\/wp-content\/uploads\/2024\/04\/luftmadrass-for-2-personer-mjuk-robust-203x152x22cm-morkbla.webp?fit=800%2C800&ssl=1\" \/>\n\t<meta property=\"og:image:width\" content=\"800\" \/>\n\t<meta property=\"og:image:height\" content=\"800\" \/>\n\t<meta property=\"og:image:type\" content=\"image\/webp\" \/>\n<meta name=\"twitter:card\" content=\"summary_large_image\" \/>\n<meta name=\"twitter:label1\" content=\"Ber\u00e4knad l\u00e4stid\" \/>\n\t<meta name=\"twitter:data1\" content=\"1 minut\" \/>\n<!-- \/ Yoast SEO plugin. -->","yoast_head_json":{"title":"TRUUSK Luftmadrass F\u00f6r 2 Personer - Mjuk &amp; Robust - 203x152x22cm - M\u00f6rkbl\u00e5 - TRUUSK - Hem, Tr\u00e4dg\u00e5rd &amp; Fritid","robots":{"index":"index","follow":"follow","max-snippet":"max-snippet:-1","max-image-preview":"max-image-preview:large","max-video-preview":"max-video-preview:-1"},"canonical":"https:\/\/truusk.store\/sv\/produkt\/truusk-luftmadrass-for-2-personer-mjuk-robust-203x152x22cm-morkbla\/","og_locale":"sv_SE","og_type":"article","og_title":"TRUUSK Luftmadrass F\u00f6r 2 Personer - Mjuk &amp; Robust - 203x152x22cm - M\u00f6rkbl\u00e5 - TRUUSK - Hem, Tr\u00e4dg\u00e5rd &amp; Fritid","og_description":"Upplev ren lyx och komfort med luftmadrassen f\u00f6r tv\u00e5 personer. Tack vare en gener\u00f6s tjocklek p\u00e5 22 cm rymmer den...","og_url":"https:\/\/truusk.store\/sv\/produkt\/truusk-luftmadrass-for-2-personer-mjuk-robust-203x152x22cm-morkbla\/","og_site_name":"TRUUSK - Hem, Tr\u00e4dg\u00e5rd &amp; Fritid","article_modified_time":"2026-03-12T08:38:34+00:00","og_image":[{"width":800,"height":800,"url":"https:\/\/i0.wp.com\/truusk.se\/wp-content\/uploads\/2024\/04\/luftmadrass-for-2-personer-mjuk-robust-203x152x22cm-morkbla.webp?fit=800%2C800&ssl=1","type":"image\/webp"}],"twitter_card":"summary_large_image","twitter_misc":{"Ber\u00e4knad l\u00e4stid":"1 minut"},"schema":{"@context":"https:\/\/schema.org","@graph":[{"@type":"WebPage","@id":"https:\/\/truusk.store\/sv\/produkt\/truusk-luftmadrass-for-2-personer-mjuk-robust-203x152x22cm-morkbla\/","url":"https:\/\/truusk.store\/sv\/produkt\/truusk-luftmadrass-for-2-personer-mjuk-robust-203x152x22cm-morkbla\/","name":"TRUUSK Luftmadrass F\u00f6r 2 Personer - Mjuk &amp; Robust - 203x152x22cm - M\u00f6rkbl\u00e5 - TRUUSK - Hem, Tr\u00e4dg\u00e5rd &amp; Fritid","isPartOf":{"@id":"https:\/\/truusk.store\/sv\/#website"},"primaryImageOfPage":{"@id":"https:\/\/truusk.store\/sv\/produkt\/truusk-luftmadrass-for-2-personer-mjuk-robust-203x152x22cm-morkbla\/#primaryimage"},"image":{"@id":"https:\/\/truusk.store\/sv\/produkt\/truusk-luftmadrass-for-2-personer-mjuk-robust-203x152x22cm-morkbla\/#primaryimage"},"thumbnailUrl":"https:\/\/i0.wp.com\/truusk.store\/wp-content\/uploads\/2024\/04\/luftmadrass-for-2-personer-mjuk-robust-203x152x22cm-morkbla.webp?fit=800%2C800&ssl=1","datePublished":"2024-04-18T09:00:09+00:00","dateModified":"2026-03-12T08:38:34+00:00","breadcrumb":{"@id":"https:\/\/truusk.store\/sv\/produkt\/truusk-luftmadrass-for-2-personer-mjuk-robust-203x152x22cm-morkbla\/#breadcrumb"},"inLanguage":"sv-SE","potentialAction":[{"@type":"ReadAction","target":["https:\/\/truusk.store\/sv\/produkt\/truusk-luftmadrass-for-2-personer-mjuk-robust-203x152x22cm-morkbla\/"]}]},{"@type":"ImageObject","inLanguage":"sv-SE","@id":"https:\/\/truusk.store\/sv\/produkt\/truusk-luftmadrass-for-2-personer-mjuk-robust-203x152x22cm-morkbla\/#primaryimage","url":"https:\/\/i0.wp.com\/truusk.store\/wp-content\/uploads\/2024\/04\/luftmadrass-for-2-personer-mjuk-robust-203x152x22cm-morkbla.webp?fit=800%2C800&ssl=1","contentUrl":"https:\/\/i0.wp.com\/truusk.store\/wp-content\/uploads\/2024\/04\/luftmadrass-for-2-personer-mjuk-robust-203x152x22cm-morkbla.webp?fit=800%2C800&ssl=1","width":800,"height":800,"caption":"Luftmadrass F\u00f6r 2 Personer, Mjuk &amp; Robust, 203x152x22cm, M\u00f6rkbl\u00e5 1"},{"@type":"BreadcrumbList","@id":"https:\/\/truusk.store\/sv\/produkt\/truusk-luftmadrass-for-2-personer-mjuk-robust-203x152x22cm-morkbla\/#breadcrumb","itemListElement":[{"@type":"ListItem","position":1,"name":"Home","item":"https:\/\/truusk.store\/sv\/"},{"@type":"ListItem","position":2,"name":"Shop","item":"https:\/\/truusk.store\/shop\/"},{"@type":"ListItem","position":3,"name":"TRUUSK Luftmadrass F\u00f6r 2 Personer &#8211; Mjuk &amp; Robust &#8211; 203x152x22cm &#8211; M\u00f6rkbl\u00e5"}]},{"@type":"WebSite","@id":"https:\/\/truusk.store\/sv\/#website","url":"https:\/\/truusk.store\/sv\/","name":"TRUUSK - Hem, Tr\u00e4dg\u00e5rd & Fritid","description":"","publisher":{"@id":"https:\/\/truusk.store\/sv\/#organization"},"potentialAction":[{"@type":"SearchAction","target":{"@type":"EntryPoint","urlTemplate":"https:\/\/truusk.store\/sv\/?s={search_term_string}"},"query-input":{"@type":"PropertyValueSpecification","valueRequired":true,"valueName":"search_term_string"}}],"inLanguage":"sv-SE"},{"@type":"Organization","@id":"https:\/\/truusk.store\/sv\/#organization","name":"TRUUSK - Hem, Tr\u00e4dg\u00e5rd & Fritid","url":"https:\/\/truusk.store\/sv\/","logo":{"@type":"ImageObject","inLanguage":"sv-SE","@id":"https:\/\/truusk.store\/sv\/#\/schema\/logo\/image\/","url":"https:\/\/i0.wp.com\/truusk.store\/wp-content\/uploads\/2026\/03\/cropped-TRUUSK.png?fit=2032%2C917&ssl=1","contentUrl":"https:\/\/i0.wp.com\/truusk.store\/wp-content\/uploads\/2026\/03\/cropped-TRUUSK.png?fit=2032%2C917&ssl=1","width":2032,"height":917,"caption":"TRUUSK - Hem, Tr\u00e4dg\u00e5rd & Fritid"},"image":{"@id":"https:\/\/truusk.store\/sv\/#\/schema\/logo\/image\/"}}]}},"jetpack_sharing_enabled":true,"_links":{"self":[{"href":"https:\/\/truusk.store\/sv\/wp-json\/wp\/v2\/product\/53855","targetHints":{"allow":["GET"]}}],"collection":[{"href":"https:\/\/truusk.store\/sv\/wp-json\/wp\/v2\/product"}],"about":[{"href":"https:\/\/truusk.store\/sv\/wp-json\/wp\/v2\/types\/product"}],"wp:featuredmedia":[{"embeddable":true,"href":"https:\/\/truusk.store\/sv\/wp-json\/wp\/v2\/media\/53856"}],"wp:attachment":[{"href":"https:\/\/truusk.store\/sv\/wp-json\/wp\/v2\/media?parent=53855"}],"wp:term":[{"taxonomy":"product_brand","embeddable":true,"href":"https:\/\/truusk.store\/sv\/wp-json\/wp\/v2\/product_brand?post=53855"},{"taxonomy":"product_cat","embeddable":true,"href":"https:\/\/truusk.store\/sv\/wp-json\/wp\/v2\/product_cat?post=53855"},{"taxonomy":"product_tag","embeddable":true,"href":"https:\/\/truusk.store\/sv\/wp-json\/wp\/v2\/product_tag?post=53855"}],"curies":[{"name":"wp","href":"https:\/\/api.w.org\/{rel}","templated":true}]}}