{"id":53866,"date":"2024-04-18T10:10:10","date_gmt":"2024-04-18T09:10:10","guid":{"rendered":"https:\/\/truusk.store\/product\/33-x-33-m-hopfallbart-lusthus-med-led-belysning-natgardiner-barvaska-gra\/"},"modified":"2026-03-12T09:25:20","modified_gmt":"2026-03-12T08:25:20","slug":"truusk-33-x-33-m-fallbart-lusthus-med-led-belysning-natgardiner-barvaska-gra","status":"publish","type":"product","link":"https:\/\/truusk.store\/sv\/produkt\/truusk-33-x-33-m-fallbart-lusthus-med-led-belysning-natgardiner-barvaska-gra\/","title":{"rendered":"TRUUSK 3,3 x 3,3 m F\u00e4llbart Lusthus med LED-belysning &#8211; N\u00e4tgardiner &#8211; B\u00e4rv\u00e4ska &#8211; Gr\u00e5"},"content":{"rendered":"<p>Uppt\u00e4ck detta smarta hopf\u00e4llbara lusthus &#8211; perfekt f\u00f6r sociala tr\u00e4dg\u00e5rdsfester, grillar och f\u00f6delsedagsfester. Partyt\u00e4ltet har en pulverlackerad metallram och en robust takpresenning i Oxford polyester som skyddar mot sol och duggregn. Ett riktigt blickf\u00e5ng: den integrerade LED-belysningen, som kan styras med fj\u00e4rrkontroll och som drivs av solpanelen p\u00e5 taket. N\u00e4tgardinerna s\u00e4kerst\u00e4ller god ventilation och h\u00e5ller insekter borta.<\/p>\n<h3>Beskrivning:<\/h3>\n<ul>\n<li>Solcellsdriven LED-belysning skapar den perfekta atmosf\u00e4ren f\u00f6r dina utomhusstunder<\/li>\n<li>Den f\u00e4llbara metallramen p\u00e5 det f\u00e4llbara lusthuset kan monteras och demonteras p\u00e5 bara n\u00e5gra minuter<\/li>\n<li>De \u00f6vre ventilations\u00f6ppningarna f\u00f6rb\u00e4ttrar luftcirkulationen och \u00f6kar vindmotst\u00e5ndet<\/li>\n<li>\u00d6lt\u00e4ltets ogenomskinliga gardiner med sn\u00f6ren ger ett bekv\u00e4mt och visuellt skyddat utrymme<\/li>\n<li>3-niv\u00e5 justerbara st\u00f6d f\u00f6r enkel h\u00f6jdjustering<\/li>\n<li>Med praktisk b\u00e4rv\u00e4ska f\u00f6r enkel transport och f\u00f6rvaring<\/li>\n<li>Inkluderar linor och pinnar f\u00f6r extra stabilitet<\/li>\n<li>Montering kr\u00e4vs<\/li>\n<\/ul>\n<h3>Teknisk data:<\/h3>\n<ul>\n<li>F\u00e4rg gr\u00e5<\/li>\n<li>Material: metall, oxford, mesh<\/li>\n<li>\u00d6vergripande m\u00e5tt: 330L x 330W x 288H cm<\/li>\n<li>Takfotsh\u00f6jd: 196 cm<\/li>\n<li>Nockh\u00f6jd: 185 cm<\/li>\n<li>M\u00e5tt p\u00e5 n\u00e4tgardin: 306L x 200H cm<\/li>\n<li>Vikta m\u00e5tt: 21,5L x 21,5W x 116H cm<\/li>\n<li>LED-ljus: 4,1V, 0,43A, 1,8W, 160-220 nm<\/li>\n<li>Fj\u00e4rrkontroll avst\u00e5nd: 118-315 cm<\/li>\n<li>Batterikapacitet: 6000mAh, laddningstid: 8-9 timmar<\/li>\n<li>Obs: Lusthuset b\u00f6r inte anv\u00e4ndas i d\u00e5ligt v\u00e4der<\/li>\n<\/ul>\n<h3>Leveransens omfattning:<\/h3>\n<ul>\n<li>1 x hopf\u00e4llbart lusthus<\/li>\n<li>4 x Sp\u00e4nnlina<\/li>\n<li>12 x sill<\/li>\n<li>1 x B\u00e4rv\u00e4ska<\/li>\n<li>1 x Instruktioner<\/li>\n<\/ul>\n","protected":false},"excerpt":{"rendered":"<p>Uppt\u00e4ck detta smarta hopf\u00e4llbara lusthus &#8211; perfekt f\u00f6r sociala tr\u00e4dg\u00e5rdsfester, grillar och f\u00f6delsedagsfester. Partyt\u00e4ltet har en pulverlackerad metallram och en&#8230;<\/p>\n","protected":false},"featured_media":53867,"template":"","meta":[],"product_brand":[],"product_cat":[477,435,476],"product_tag":[],"class_list":{"0":"post-53866","1":"product","2":"type-product","3":"status-publish","4":"has-post-thumbnail","6":"product_cat-paviljonger-partytalt","7":"product_cat-tradgard-och-terrass","8":"product_cat-tradgardspaviljonger","10":"first","11":"instock","12":"sale","13":"taxable","14":"shipping-taxable","15":"purchasable","16":"product-type-simple"},"yoast_head":"<!-- This site is optimized with the Yoast SEO plugin v25.4 - https:\/\/yoast.com\/wordpress\/plugins\/seo\/ -->\n<title>TRUUSK 3,3 x 3,3 m F\u00e4llbart Lusthus med LED-belysning - N\u00e4tgardiner - B\u00e4rv\u00e4ska - Gr\u00e5 - TRUUSK - Hem, Tr\u00e4dg\u00e5rd &amp; Fritid<\/title>\n<meta name=\"robots\" content=\"index, follow, max-snippet:-1, max-image-preview:large, max-video-preview:-1\" \/>\n<link rel=\"canonical\" href=\"https:\/\/truusk.store\/sv\/produkt\/truusk-33-x-33-m-fallbart-lusthus-med-led-belysning-natgardiner-barvaska-gra\/\" \/>\n<meta property=\"og:locale\" content=\"sv_SE\" \/>\n<meta property=\"og:type\" content=\"article\" \/>\n<meta property=\"og:title\" content=\"TRUUSK 3,3 x 3,3 m F\u00e4llbart Lusthus med LED-belysning - N\u00e4tgardiner - B\u00e4rv\u00e4ska - Gr\u00e5 - TRUUSK - Hem, Tr\u00e4dg\u00e5rd &amp; Fritid\" \/>\n<meta property=\"og:description\" content=\"Uppt\u00e4ck detta smarta hopf\u00e4llbara lusthus &#8211; perfekt f\u00f6r sociala tr\u00e4dg\u00e5rdsfester, grillar och f\u00f6delsedagsfester. Partyt\u00e4ltet har en pulverlackerad metallram och en...\" \/>\n<meta property=\"og:url\" content=\"https:\/\/truusk.store\/sv\/produkt\/truusk-33-x-33-m-fallbart-lusthus-med-led-belysning-natgardiner-barvaska-gra\/\" \/>\n<meta property=\"og:site_name\" content=\"TRUUSK - Hem, Tr\u00e4dg\u00e5rd &amp; Fritid\" \/>\n<meta property=\"article:modified_time\" content=\"2026-03-12T08:25:20+00:00\" \/>\n<meta property=\"og:image\" content=\"https:\/\/i0.wp.com\/truusk.se\/wp-content\/uploads\/2024\/04\/33-x-33-m-hopfallbart-lusthus-med-led-belysning-natgardiner-barvaska-gra.webp?fit=800%2C800&ssl=1\" \/>\n\t<meta property=\"og:image:width\" content=\"800\" \/>\n\t<meta property=\"og:image:height\" content=\"800\" \/>\n\t<meta property=\"og:image:type\" content=\"image\/webp\" \/>\n<meta name=\"twitter:card\" content=\"summary_large_image\" \/>\n<meta name=\"twitter:label1\" content=\"Ber\u00e4knad l\u00e4stid\" \/>\n\t<meta name=\"twitter:data1\" content=\"1 minut\" \/>\n<!-- \/ Yoast SEO plugin. -->","yoast_head_json":{"title":"TRUUSK 3,3 x 3,3 m F\u00e4llbart Lusthus med LED-belysning - N\u00e4tgardiner - B\u00e4rv\u00e4ska - Gr\u00e5 - TRUUSK - Hem, Tr\u00e4dg\u00e5rd &amp; Fritid","robots":{"index":"index","follow":"follow","max-snippet":"max-snippet:-1","max-image-preview":"max-image-preview:large","max-video-preview":"max-video-preview:-1"},"canonical":"https:\/\/truusk.store\/sv\/produkt\/truusk-33-x-33-m-fallbart-lusthus-med-led-belysning-natgardiner-barvaska-gra\/","og_locale":"sv_SE","og_type":"article","og_title":"TRUUSK 3,3 x 3,3 m F\u00e4llbart Lusthus med LED-belysning - N\u00e4tgardiner - B\u00e4rv\u00e4ska - Gr\u00e5 - TRUUSK - Hem, Tr\u00e4dg\u00e5rd &amp; Fritid","og_description":"Uppt\u00e4ck detta smarta hopf\u00e4llbara lusthus &#8211; perfekt f\u00f6r sociala tr\u00e4dg\u00e5rdsfester, grillar och f\u00f6delsedagsfester. Partyt\u00e4ltet har en pulverlackerad metallram och en...","og_url":"https:\/\/truusk.store\/sv\/produkt\/truusk-33-x-33-m-fallbart-lusthus-med-led-belysning-natgardiner-barvaska-gra\/","og_site_name":"TRUUSK - Hem, Tr\u00e4dg\u00e5rd &amp; Fritid","article_modified_time":"2026-03-12T08:25:20+00:00","og_image":[{"width":800,"height":800,"url":"https:\/\/i0.wp.com\/truusk.se\/wp-content\/uploads\/2024\/04\/33-x-33-m-hopfallbart-lusthus-med-led-belysning-natgardiner-barvaska-gra.webp?fit=800%2C800&ssl=1","type":"image\/webp"}],"twitter_card":"summary_large_image","twitter_misc":{"Ber\u00e4knad l\u00e4stid":"1 minut"},"schema":{"@context":"https:\/\/schema.org","@graph":[{"@type":"WebPage","@id":"https:\/\/truusk.store\/sv\/produkt\/truusk-33-x-33-m-fallbart-lusthus-med-led-belysning-natgardiner-barvaska-gra\/","url":"https:\/\/truusk.store\/sv\/produkt\/truusk-33-x-33-m-fallbart-lusthus-med-led-belysning-natgardiner-barvaska-gra\/","name":"TRUUSK 3,3 x 3,3 m F\u00e4llbart Lusthus med LED-belysning - N\u00e4tgardiner - B\u00e4rv\u00e4ska - Gr\u00e5 - TRUUSK - Hem, Tr\u00e4dg\u00e5rd &amp; Fritid","isPartOf":{"@id":"https:\/\/truusk.store\/sv\/#website"},"primaryImageOfPage":{"@id":"https:\/\/truusk.store\/sv\/produkt\/truusk-33-x-33-m-fallbart-lusthus-med-led-belysning-natgardiner-barvaska-gra\/#primaryimage"},"image":{"@id":"https:\/\/truusk.store\/sv\/produkt\/truusk-33-x-33-m-fallbart-lusthus-med-led-belysning-natgardiner-barvaska-gra\/#primaryimage"},"thumbnailUrl":"https:\/\/i0.wp.com\/truusk.store\/wp-content\/uploads\/2024\/04\/33-x-33-m-hopfallbart-lusthus-med-led-belysning-natgardiner-barvaska-gra.webp?fit=800%2C800&ssl=1","datePublished":"2024-04-18T09:10:10+00:00","dateModified":"2026-03-12T08:25:20+00:00","breadcrumb":{"@id":"https:\/\/truusk.store\/sv\/produkt\/truusk-33-x-33-m-fallbart-lusthus-med-led-belysning-natgardiner-barvaska-gra\/#breadcrumb"},"inLanguage":"sv-SE","potentialAction":[{"@type":"ReadAction","target":["https:\/\/truusk.store\/sv\/produkt\/truusk-33-x-33-m-fallbart-lusthus-med-led-belysning-natgardiner-barvaska-gra\/"]}]},{"@type":"ImageObject","inLanguage":"sv-SE","@id":"https:\/\/truusk.store\/sv\/produkt\/truusk-33-x-33-m-fallbart-lusthus-med-led-belysning-natgardiner-barvaska-gra\/#primaryimage","url":"https:\/\/i0.wp.com\/truusk.store\/wp-content\/uploads\/2024\/04\/33-x-33-m-hopfallbart-lusthus-med-led-belysning-natgardiner-barvaska-gra.webp?fit=800%2C800&ssl=1","contentUrl":"https:\/\/i0.wp.com\/truusk.store\/wp-content\/uploads\/2024\/04\/33-x-33-m-hopfallbart-lusthus-med-led-belysning-natgardiner-barvaska-gra.webp?fit=800%2C800&ssl=1","width":800,"height":800,"caption":"3,3 X 3,3 M Hopf\u00e4llbart Lusthus Med LED-belysning, N\u00e4tgardiner, B\u00e4rv\u00e4ska, Gr\u00e5 1"},{"@type":"BreadcrumbList","@id":"https:\/\/truusk.store\/sv\/produkt\/truusk-33-x-33-m-fallbart-lusthus-med-led-belysning-natgardiner-barvaska-gra\/#breadcrumb","itemListElement":[{"@type":"ListItem","position":1,"name":"Home","item":"https:\/\/truusk.store\/sv\/"},{"@type":"ListItem","position":2,"name":"Shop","item":"https:\/\/truusk.store\/shop\/"},{"@type":"ListItem","position":3,"name":"TRUUSK 3,3 x 3,3 m F\u00e4llbart Lusthus med LED-belysning &#8211; N\u00e4tgardiner &#8211; B\u00e4rv\u00e4ska &#8211; Gr\u00e5"}]},{"@type":"WebSite","@id":"https:\/\/truusk.store\/sv\/#website","url":"https:\/\/truusk.store\/sv\/","name":"TRUUSK - Hem, Tr\u00e4dg\u00e5rd & Fritid","description":"","publisher":{"@id":"https:\/\/truusk.store\/sv\/#organization"},"potentialAction":[{"@type":"SearchAction","target":{"@type":"EntryPoint","urlTemplate":"https:\/\/truusk.store\/sv\/?s={search_term_string}"},"query-input":{"@type":"PropertyValueSpecification","valueRequired":true,"valueName":"search_term_string"}}],"inLanguage":"sv-SE"},{"@type":"Organization","@id":"https:\/\/truusk.store\/sv\/#organization","name":"TRUUSK - Hem, Tr\u00e4dg\u00e5rd & Fritid","url":"https:\/\/truusk.store\/sv\/","logo":{"@type":"ImageObject","inLanguage":"sv-SE","@id":"https:\/\/truusk.store\/sv\/#\/schema\/logo\/image\/","url":"https:\/\/i0.wp.com\/truusk.store\/wp-content\/uploads\/2026\/03\/cropped-TRUUSK.png?fit=2032%2C917&ssl=1","contentUrl":"https:\/\/i0.wp.com\/truusk.store\/wp-content\/uploads\/2026\/03\/cropped-TRUUSK.png?fit=2032%2C917&ssl=1","width":2032,"height":917,"caption":"TRUUSK - Hem, Tr\u00e4dg\u00e5rd & Fritid"},"image":{"@id":"https:\/\/truusk.store\/sv\/#\/schema\/logo\/image\/"}}]}},"jetpack_sharing_enabled":true,"_links":{"self":[{"href":"https:\/\/truusk.store\/sv\/wp-json\/wp\/v2\/product\/53866","targetHints":{"allow":["GET"]}}],"collection":[{"href":"https:\/\/truusk.store\/sv\/wp-json\/wp\/v2\/product"}],"about":[{"href":"https:\/\/truusk.store\/sv\/wp-json\/wp\/v2\/types\/product"}],"wp:featuredmedia":[{"embeddable":true,"href":"https:\/\/truusk.store\/sv\/wp-json\/wp\/v2\/media\/53867"}],"wp:attachment":[{"href":"https:\/\/truusk.store\/sv\/wp-json\/wp\/v2\/media?parent=53866"}],"wp:term":[{"taxonomy":"product_brand","embeddable":true,"href":"https:\/\/truusk.store\/sv\/wp-json\/wp\/v2\/product_brand?post=53866"},{"taxonomy":"product_cat","embeddable":true,"href":"https:\/\/truusk.store\/sv\/wp-json\/wp\/v2\/product_cat?post=53866"},{"taxonomy":"product_tag","embeddable":true,"href":"https:\/\/truusk.store\/sv\/wp-json\/wp\/v2\/product_tag?post=53866"}],"curies":[{"name":"wp","href":"https:\/\/api.w.org\/{rel}","templated":true}]}}