{"id":53877,"date":"2024-04-18T10:20:09","date_gmt":"2024-04-18T09:20:09","guid":{"rendered":"https:\/\/truusk.store\/product\/trappstenar-for-barn-stapelbar-halkfri-3-storlekar-upp-till-80-kg-inomhus-utomhus\/"},"modified":"2026-03-12T09:11:26","modified_gmt":"2026-03-12T08:11:26","slug":"truusk-stapelbara-trappstenar-for-barn-halkfria-3-storlekar-upp-till-80-kg-inomhus-utomhus","status":"publish","type":"product","link":"https:\/\/truusk.store\/sv\/produkt\/truusk-stapelbara-trappstenar-for-barn-halkfria-3-storlekar-upp-till-80-kg-inomhus-utomhus\/","title":{"rendered":"TRUUSK Stapelbara Trappstenar f\u00f6r Barn &#8211; Halkfria &#8211; 3 Storlekar &#8211; Upp Till 80 Kg &#8211; Inomhus\/Utomhus"},"content":{"rendered":"<p>J\u00e4ttekul och en (s\u00e4ker) balansg\u00e5ng p\u00e5 samma g\u00e5ng: dessa stegstenar st\u00e4rker dina k\u00e4rnmuskler och fr\u00e4mjar uth\u00e5llighet och balans hos dina barn samtidigt som de \u00e4r neds\u00e4nkta i o\u00e4ndligt roligt. Den smarta designen imponerar inte bara med sin robusthet och s\u00e4kerhet, utan ocks\u00e5 med sina extremt praktiska egenskaper: balanseringsstenarna \u00e4r halkfria, mycket motst\u00e5ndskraftiga och kan enkelt staplas f\u00f6r att spara utrymme. Perfekt f\u00f6r inomhus- och utomhusbruk.<\/p>\n<h3>Beskrivning:<\/h3>\n<ul>\n<li>Ett roligt lekset som fr\u00e4mjar barns balans och koordination<\/li>\n<li>Robust plast med en lastkapacitet p\u00e5 upp till 80 kg<\/li>\n<li>Halkfri bas p\u00e5 balansstenarna f\u00f6r s\u00e4ker lek<\/li>\n<li>Stapelbar design staplingsstenarna f\u00f6r enkel f\u00f6rvaring<\/li>\n<li>L\u00e4mplig f\u00f6r inomhus- och utomhusbruk<\/li>\n<li>Montering kr\u00e4vs<\/li>\n<\/ul>\n<h3>Teknisk data:<\/h3>\n<ul>\n<li>F\u00e4rg: Flerf\u00e4rgad<\/li>\n<li>Material: Plast<\/li>\n<li>\u00d6vergripande m\u00e5tt: 23L x 23W x 4H cm (liten). 33L x 33B x 7,5H cm (medium). 36,5L x 36,5B x 16H cm (stor)<\/li>\n<li>Lastkapacitet: 80 kg<\/li>\n<li>L\u00e4mplig \u00e5lder: 3-8 \u00e5r<\/li>\n<\/ul>\n<h3>Leveransens omfattning:<\/h3>\n<ul>\n<li>6 x Balance Stepping Stones<\/li>\n<li>1 x manuell<\/li>\n<\/ul>\n","protected":false},"excerpt":{"rendered":"<p>J\u00e4ttekul och en (s\u00e4ker) balansg\u00e5ng p\u00e5 samma g\u00e5ng: dessa stegstenar st\u00e4rker dina k\u00e4rnmuskler och fr\u00e4mjar uth\u00e5llighet och balans hos dina&#8230;<\/p>\n","protected":false},"featured_media":53878,"template":"","meta":[],"product_brand":[],"product_cat":[609,617,616],"product_tag":[],"class_list":{"0":"post-53877","1":"product","2":"type-product","3":"status-publish","4":"has-post-thumbnail","6":"product_cat-baby-barn","7":"product_cat-barnidrott","8":"product_cat-utomhusleksaker","10":"first","11":"instock","12":"sale","13":"taxable","14":"shipping-taxable","15":"purchasable","16":"product-type-simple"},"yoast_head":"<!-- This site is optimized with the Yoast SEO plugin v25.4 - https:\/\/yoast.com\/wordpress\/plugins\/seo\/ -->\n<title>TRUUSK Stapelbara Trappstenar f\u00f6r Barn - Halkfria - 3 Storlekar - Upp Till 80 Kg - Inomhus\/Utomhus - TRUUSK - Hem, Tr\u00e4dg\u00e5rd &amp; Fritid<\/title>\n<meta name=\"robots\" content=\"index, follow, max-snippet:-1, max-image-preview:large, max-video-preview:-1\" \/>\n<link rel=\"canonical\" href=\"https:\/\/truusk.store\/sv\/produkt\/truusk-stapelbara-trappstenar-for-barn-halkfria-3-storlekar-upp-till-80-kg-inomhus-utomhus\/\" \/>\n<meta property=\"og:locale\" content=\"sv_SE\" \/>\n<meta property=\"og:type\" content=\"article\" \/>\n<meta property=\"og:title\" content=\"TRUUSK Stapelbara Trappstenar f\u00f6r Barn - Halkfria - 3 Storlekar - Upp Till 80 Kg - Inomhus\/Utomhus - TRUUSK - Hem, Tr\u00e4dg\u00e5rd &amp; Fritid\" \/>\n<meta property=\"og:description\" content=\"J\u00e4ttekul och en (s\u00e4ker) balansg\u00e5ng p\u00e5 samma g\u00e5ng: dessa stegstenar st\u00e4rker dina k\u00e4rnmuskler och fr\u00e4mjar uth\u00e5llighet och balans hos dina...\" \/>\n<meta property=\"og:url\" content=\"https:\/\/truusk.store\/sv\/produkt\/truusk-stapelbara-trappstenar-for-barn-halkfria-3-storlekar-upp-till-80-kg-inomhus-utomhus\/\" \/>\n<meta property=\"og:site_name\" content=\"TRUUSK - Hem, Tr\u00e4dg\u00e5rd &amp; Fritid\" \/>\n<meta property=\"article:modified_time\" content=\"2026-03-12T08:11:26+00:00\" \/>\n<meta property=\"og:image\" content=\"https:\/\/i0.wp.com\/truusk.se\/wp-content\/uploads\/2024\/04\/trappstenar-for-barn-stapelbar-halkfri-3-storlekar-upp-till-80-kg-inomhus-utomhus.webp?fit=800%2C800&ssl=1\" \/>\n\t<meta property=\"og:image:width\" content=\"800\" \/>\n\t<meta property=\"og:image:height\" content=\"800\" \/>\n\t<meta property=\"og:image:type\" content=\"image\/webp\" \/>\n<meta name=\"twitter:card\" content=\"summary_large_image\" \/>\n<meta name=\"twitter:label1\" content=\"Ber\u00e4knad l\u00e4stid\" \/>\n\t<meta name=\"twitter:data1\" content=\"1 minut\" \/>\n<!-- \/ Yoast SEO plugin. -->","yoast_head_json":{"title":"TRUUSK Stapelbara Trappstenar f\u00f6r Barn - Halkfria - 3 Storlekar - Upp Till 80 Kg - Inomhus\/Utomhus - TRUUSK - Hem, Tr\u00e4dg\u00e5rd &amp; Fritid","robots":{"index":"index","follow":"follow","max-snippet":"max-snippet:-1","max-image-preview":"max-image-preview:large","max-video-preview":"max-video-preview:-1"},"canonical":"https:\/\/truusk.store\/sv\/produkt\/truusk-stapelbara-trappstenar-for-barn-halkfria-3-storlekar-upp-till-80-kg-inomhus-utomhus\/","og_locale":"sv_SE","og_type":"article","og_title":"TRUUSK Stapelbara Trappstenar f\u00f6r Barn - Halkfria - 3 Storlekar - Upp Till 80 Kg - Inomhus\/Utomhus - TRUUSK - Hem, Tr\u00e4dg\u00e5rd &amp; Fritid","og_description":"J\u00e4ttekul och en (s\u00e4ker) balansg\u00e5ng p\u00e5 samma g\u00e5ng: dessa stegstenar st\u00e4rker dina k\u00e4rnmuskler och fr\u00e4mjar uth\u00e5llighet och balans hos dina...","og_url":"https:\/\/truusk.store\/sv\/produkt\/truusk-stapelbara-trappstenar-for-barn-halkfria-3-storlekar-upp-till-80-kg-inomhus-utomhus\/","og_site_name":"TRUUSK - Hem, Tr\u00e4dg\u00e5rd &amp; Fritid","article_modified_time":"2026-03-12T08:11:26+00:00","og_image":[{"width":800,"height":800,"url":"https:\/\/i0.wp.com\/truusk.se\/wp-content\/uploads\/2024\/04\/trappstenar-for-barn-stapelbar-halkfri-3-storlekar-upp-till-80-kg-inomhus-utomhus.webp?fit=800%2C800&ssl=1","type":"image\/webp"}],"twitter_card":"summary_large_image","twitter_misc":{"Ber\u00e4knad l\u00e4stid":"1 minut"},"schema":{"@context":"https:\/\/schema.org","@graph":[{"@type":"WebPage","@id":"https:\/\/truusk.store\/sv\/produkt\/truusk-stapelbara-trappstenar-for-barn-halkfria-3-storlekar-upp-till-80-kg-inomhus-utomhus\/","url":"https:\/\/truusk.store\/sv\/produkt\/truusk-stapelbara-trappstenar-for-barn-halkfria-3-storlekar-upp-till-80-kg-inomhus-utomhus\/","name":"TRUUSK Stapelbara Trappstenar f\u00f6r Barn - Halkfria - 3 Storlekar - Upp Till 80 Kg - Inomhus\/Utomhus - TRUUSK - Hem, Tr\u00e4dg\u00e5rd &amp; Fritid","isPartOf":{"@id":"https:\/\/truusk.store\/sv\/#website"},"primaryImageOfPage":{"@id":"https:\/\/truusk.store\/sv\/produkt\/truusk-stapelbara-trappstenar-for-barn-halkfria-3-storlekar-upp-till-80-kg-inomhus-utomhus\/#primaryimage"},"image":{"@id":"https:\/\/truusk.store\/sv\/produkt\/truusk-stapelbara-trappstenar-for-barn-halkfria-3-storlekar-upp-till-80-kg-inomhus-utomhus\/#primaryimage"},"thumbnailUrl":"https:\/\/i0.wp.com\/truusk.store\/wp-content\/uploads\/2024\/04\/trappstenar-for-barn-stapelbar-halkfri-3-storlekar-upp-till-80-kg-inomhus-utomhus.webp?fit=800%2C800&ssl=1","datePublished":"2024-04-18T09:20:09+00:00","dateModified":"2026-03-12T08:11:26+00:00","breadcrumb":{"@id":"https:\/\/truusk.store\/sv\/produkt\/truusk-stapelbara-trappstenar-for-barn-halkfria-3-storlekar-upp-till-80-kg-inomhus-utomhus\/#breadcrumb"},"inLanguage":"sv-SE","potentialAction":[{"@type":"ReadAction","target":["https:\/\/truusk.store\/sv\/produkt\/truusk-stapelbara-trappstenar-for-barn-halkfria-3-storlekar-upp-till-80-kg-inomhus-utomhus\/"]}]},{"@type":"ImageObject","inLanguage":"sv-SE","@id":"https:\/\/truusk.store\/sv\/produkt\/truusk-stapelbara-trappstenar-for-barn-halkfria-3-storlekar-upp-till-80-kg-inomhus-utomhus\/#primaryimage","url":"https:\/\/i0.wp.com\/truusk.store\/wp-content\/uploads\/2024\/04\/trappstenar-for-barn-stapelbar-halkfri-3-storlekar-upp-till-80-kg-inomhus-utomhus.webp?fit=800%2C800&ssl=1","contentUrl":"https:\/\/i0.wp.com\/truusk.store\/wp-content\/uploads\/2024\/04\/trappstenar-for-barn-stapelbar-halkfri-3-storlekar-upp-till-80-kg-inomhus-utomhus.webp?fit=800%2C800&ssl=1","width":800,"height":800,"caption":"Trappstenar F\u00f6r Barn, Stapelbar, Halkfri, 3 Storlekar, Upp Till 80 Kg, Inomhus\/utomhus 1"},{"@type":"BreadcrumbList","@id":"https:\/\/truusk.store\/sv\/produkt\/truusk-stapelbara-trappstenar-for-barn-halkfria-3-storlekar-upp-till-80-kg-inomhus-utomhus\/#breadcrumb","itemListElement":[{"@type":"ListItem","position":1,"name":"Home","item":"https:\/\/truusk.store\/sv\/"},{"@type":"ListItem","position":2,"name":"Shop","item":"https:\/\/truusk.store\/shop\/"},{"@type":"ListItem","position":3,"name":"TRUUSK Stapelbara Trappstenar f\u00f6r Barn &#8211; Halkfria &#8211; 3 Storlekar &#8211; Upp Till 80 Kg &#8211; Inomhus\/Utomhus"}]},{"@type":"WebSite","@id":"https:\/\/truusk.store\/sv\/#website","url":"https:\/\/truusk.store\/sv\/","name":"TRUUSK - Hem, Tr\u00e4dg\u00e5rd & Fritid","description":"","publisher":{"@id":"https:\/\/truusk.store\/sv\/#organization"},"potentialAction":[{"@type":"SearchAction","target":{"@type":"EntryPoint","urlTemplate":"https:\/\/truusk.store\/sv\/?s={search_term_string}"},"query-input":{"@type":"PropertyValueSpecification","valueRequired":true,"valueName":"search_term_string"}}],"inLanguage":"sv-SE"},{"@type":"Organization","@id":"https:\/\/truusk.store\/sv\/#organization","name":"TRUUSK - Hem, Tr\u00e4dg\u00e5rd & Fritid","url":"https:\/\/truusk.store\/sv\/","logo":{"@type":"ImageObject","inLanguage":"sv-SE","@id":"https:\/\/truusk.store\/sv\/#\/schema\/logo\/image\/","url":"https:\/\/i0.wp.com\/truusk.store\/wp-content\/uploads\/2026\/03\/cropped-TRUUSK.png?fit=2032%2C917&ssl=1","contentUrl":"https:\/\/i0.wp.com\/truusk.store\/wp-content\/uploads\/2026\/03\/cropped-TRUUSK.png?fit=2032%2C917&ssl=1","width":2032,"height":917,"caption":"TRUUSK - Hem, Tr\u00e4dg\u00e5rd & Fritid"},"image":{"@id":"https:\/\/truusk.store\/sv\/#\/schema\/logo\/image\/"}}]}},"jetpack_sharing_enabled":true,"_links":{"self":[{"href":"https:\/\/truusk.store\/sv\/wp-json\/wp\/v2\/product\/53877","targetHints":{"allow":["GET"]}}],"collection":[{"href":"https:\/\/truusk.store\/sv\/wp-json\/wp\/v2\/product"}],"about":[{"href":"https:\/\/truusk.store\/sv\/wp-json\/wp\/v2\/types\/product"}],"wp:featuredmedia":[{"embeddable":true,"href":"https:\/\/truusk.store\/sv\/wp-json\/wp\/v2\/media\/53878"}],"wp:attachment":[{"href":"https:\/\/truusk.store\/sv\/wp-json\/wp\/v2\/media?parent=53877"}],"wp:term":[{"taxonomy":"product_brand","embeddable":true,"href":"https:\/\/truusk.store\/sv\/wp-json\/wp\/v2\/product_brand?post=53877"},{"taxonomy":"product_cat","embeddable":true,"href":"https:\/\/truusk.store\/sv\/wp-json\/wp\/v2\/product_cat?post=53877"},{"taxonomy":"product_tag","embeddable":true,"href":"https:\/\/truusk.store\/sv\/wp-json\/wp\/v2\/product_tag?post=53877"}],"curies":[{"name":"wp","href":"https:\/\/api.w.org\/{rel}","templated":true}]}}