{"id":53899,"date":"2024-04-18T10:40:08","date_gmt":"2024-04-18T09:40:08","guid":{"rendered":"https:\/\/truusk.store\/product\/uppblasbar-stol-luftstol-utomhusstol-125-x-100-x-87-cm-vit-bla\/"},"modified":"2026-03-12T09:38:32","modified_gmt":"2026-03-12T08:38:32","slug":"truusk-uppblasbar-luftstol-vit-och-bla-utomhusstol-125-x-100-x-87-cm-lattviktig-och-bekvam-perfekt-for-utomhusbruk","status":"publish","type":"product","link":"https:\/\/truusk.store\/sv\/produkt\/truusk-uppblasbar-luftstol-vit-och-bla-utomhusstol-125-x-100-x-87-cm-lattviktig-och-bekvam-perfekt-for-utomhusbruk\/","title":{"rendered":"TRUUSK Uppbl\u00e5sbar Luftstol &#8211; Vit och Bl\u00e5 &#8211; Utomhusstol 125 x 100 x 87 cm &#8211; L\u00e4ttviktig och Bekv\u00e4m &#8211; Perfekt f\u00f6r Utomhusbruk"},"content":{"rendered":"<p>Luta dig tillbaka och koppla av p\u00e5 den uppbl\u00e5sbara f\u00e5t\u00f6ljen med matchande fotst\u00f6d. Designad f\u00f6r maximal avkoppling, den mysiga sitsen och det mjuka ryggst\u00f6det s\u00e4kerst\u00e4ller bekv\u00e4mt sittande, medan det slitstarka plastmaterialet \u00e4r robust och h\u00e5llbart. Placera din favoritdrink i den bekv\u00e4ma muggh\u00e5llaren och t\u00f6mma luften n\u00e4r du \u00e4r klar.<\/p>\n<h3>Beskrivning:<\/h3>\n<ul>\n<li>Uppbl\u00e5sbar solstol med fotpall f\u00f6r avkoppling<\/li>\n<li>Ergonomisk design med bekv\u00e4m sits och vadderat ryggst\u00f6d f\u00f6r att st\u00f6dja kroppen<\/li>\n<li>Tillverkad av robust, slagt\u00e5lig plast<\/li>\n<li>Den integrerade dryckesh\u00e5llaren h\u00e5ller drycker inom r\u00e4ckh\u00e5ll<\/li>\n<li>N\u00e4r den v\u00e4l \u00e4r uppbl\u00e5st viks den ihop kompakt f\u00f6r enkel f\u00f6rvaring och transport<\/li>\n<li>Snabb uppbl\u00e5sning med en standardpump (ing\u00e5r ej)<\/li>\n<li>Perfekt f\u00f6r lekrum, vardagsrum eller uterum<\/li>\n<\/ul>\n<h3>Teknisk data:<\/h3>\n<ul>\n<li>F\u00e4rg: Vit+Bl\u00e5<\/li>\n<li>Material: plast<\/li>\n<li>Soffans m\u00e5tt: 125L x 100W x 87H cm<\/li>\n<li>M\u00e5tt fotpall: 56 x 27H cm<\/li>\n<li>F\u00f6rvaringsm\u00e5tt: 35L x 9,5W x 25H cm<\/li>\n<li>Muggh\u00e5llare storlek: 7,5 x 4,5H cm<\/li>\n<li>L\u00e4mplig omgivningstemperatur: 10C+<\/li>\n<li>Viktkapacitet: 80 kg (soffa), 50 kg (fotpall)<\/li>\n<\/ul>\n<h3>Leveransens omfattning:<\/h3>\n<ul>\n<li>1 x uppbl\u00e5sbar soffa<\/li>\n<li>1 x fotpall<\/li>\n<li>1 x manuell<\/li>\n<\/ul>\n","protected":false},"excerpt":{"rendered":"<p>Luta dig tillbaka och koppla av p\u00e5 den uppbl\u00e5sbara f\u00e5t\u00f6ljen med matchande fotst\u00f6d. Designad f\u00f6r maximal avkoppling, den mysiga sitsen&#8230;<\/p>\n","protected":false},"featured_media":53900,"template":"","meta":[],"product_brand":[],"product_cat":[651,648,647],"product_tag":[],"class_list":{"0":"post-53899","1":"product","2":"type-product","3":"status-publish","4":"has-post-thumbnail","6":"product_cat-barnsangar","7":"product_cat-camping-tillbehor","8":"product_cat-sport-fritid","10":"first","11":"instock","12":"sale","13":"taxable","14":"shipping-taxable","15":"purchasable","16":"product-type-simple"},"yoast_head":"<!-- This site is optimized with the Yoast SEO plugin v25.4 - https:\/\/yoast.com\/wordpress\/plugins\/seo\/ -->\n<title>TRUUSK Uppbl\u00e5sbar Luftstol - Vit och Bl\u00e5 - Utomhusstol 125 x 100 x 87 cm - L\u00e4ttviktig och Bekv\u00e4m - Perfekt f\u00f6r Utomhusbruk - TRUUSK - Hem, Tr\u00e4dg\u00e5rd &amp; Fritid<\/title>\n<meta name=\"robots\" content=\"index, follow, max-snippet:-1, max-image-preview:large, max-video-preview:-1\" \/>\n<link rel=\"canonical\" href=\"https:\/\/truusk.store\/sv\/produkt\/truusk-uppblasbar-luftstol-vit-och-bla-utomhusstol-125-x-100-x-87-cm-lattviktig-och-bekvam-perfekt-for-utomhusbruk\/\" \/>\n<meta property=\"og:locale\" content=\"sv_SE\" \/>\n<meta property=\"og:type\" content=\"article\" \/>\n<meta property=\"og:title\" content=\"TRUUSK Uppbl\u00e5sbar Luftstol - Vit och Bl\u00e5 - Utomhusstol 125 x 100 x 87 cm - L\u00e4ttviktig och Bekv\u00e4m - Perfekt f\u00f6r Utomhusbruk - TRUUSK - Hem, Tr\u00e4dg\u00e5rd &amp; Fritid\" \/>\n<meta property=\"og:description\" content=\"Luta dig tillbaka och koppla av p\u00e5 den uppbl\u00e5sbara f\u00e5t\u00f6ljen med matchande fotst\u00f6d. Designad f\u00f6r maximal avkoppling, den mysiga sitsen...\" \/>\n<meta property=\"og:url\" content=\"https:\/\/truusk.store\/sv\/produkt\/truusk-uppblasbar-luftstol-vit-och-bla-utomhusstol-125-x-100-x-87-cm-lattviktig-och-bekvam-perfekt-for-utomhusbruk\/\" \/>\n<meta property=\"og:site_name\" content=\"TRUUSK - Hem, Tr\u00e4dg\u00e5rd &amp; Fritid\" \/>\n<meta property=\"article:modified_time\" content=\"2026-03-12T08:38:32+00:00\" \/>\n<meta property=\"og:image\" content=\"https:\/\/i0.wp.com\/truusk.se\/wp-content\/uploads\/2024\/04\/uppblasbar-stol-luftstol-utomhusstol-125-x-100-x-87-cm-vit-bla.webp?fit=800%2C800&ssl=1\" \/>\n\t<meta property=\"og:image:width\" content=\"800\" \/>\n\t<meta property=\"og:image:height\" content=\"800\" \/>\n\t<meta property=\"og:image:type\" content=\"image\/webp\" \/>\n<meta name=\"twitter:card\" content=\"summary_large_image\" \/>\n<meta name=\"twitter:label1\" content=\"Ber\u00e4knad l\u00e4stid\" \/>\n\t<meta name=\"twitter:data1\" content=\"1 minut\" \/>\n<!-- \/ Yoast SEO plugin. -->","yoast_head_json":{"title":"TRUUSK Uppbl\u00e5sbar Luftstol - Vit och Bl\u00e5 - Utomhusstol 125 x 100 x 87 cm - L\u00e4ttviktig och Bekv\u00e4m - Perfekt f\u00f6r Utomhusbruk - TRUUSK - Hem, Tr\u00e4dg\u00e5rd &amp; Fritid","robots":{"index":"index","follow":"follow","max-snippet":"max-snippet:-1","max-image-preview":"max-image-preview:large","max-video-preview":"max-video-preview:-1"},"canonical":"https:\/\/truusk.store\/sv\/produkt\/truusk-uppblasbar-luftstol-vit-och-bla-utomhusstol-125-x-100-x-87-cm-lattviktig-och-bekvam-perfekt-for-utomhusbruk\/","og_locale":"sv_SE","og_type":"article","og_title":"TRUUSK Uppbl\u00e5sbar Luftstol - Vit och Bl\u00e5 - Utomhusstol 125 x 100 x 87 cm - L\u00e4ttviktig och Bekv\u00e4m - Perfekt f\u00f6r Utomhusbruk - TRUUSK - Hem, Tr\u00e4dg\u00e5rd &amp; Fritid","og_description":"Luta dig tillbaka och koppla av p\u00e5 den uppbl\u00e5sbara f\u00e5t\u00f6ljen med matchande fotst\u00f6d. Designad f\u00f6r maximal avkoppling, den mysiga sitsen...","og_url":"https:\/\/truusk.store\/sv\/produkt\/truusk-uppblasbar-luftstol-vit-och-bla-utomhusstol-125-x-100-x-87-cm-lattviktig-och-bekvam-perfekt-for-utomhusbruk\/","og_site_name":"TRUUSK - Hem, Tr\u00e4dg\u00e5rd &amp; Fritid","article_modified_time":"2026-03-12T08:38:32+00:00","og_image":[{"width":800,"height":800,"url":"https:\/\/i0.wp.com\/truusk.se\/wp-content\/uploads\/2024\/04\/uppblasbar-stol-luftstol-utomhusstol-125-x-100-x-87-cm-vit-bla.webp?fit=800%2C800&ssl=1","type":"image\/webp"}],"twitter_card":"summary_large_image","twitter_misc":{"Ber\u00e4knad l\u00e4stid":"1 minut"},"schema":{"@context":"https:\/\/schema.org","@graph":[{"@type":"WebPage","@id":"https:\/\/truusk.store\/sv\/produkt\/truusk-uppblasbar-luftstol-vit-och-bla-utomhusstol-125-x-100-x-87-cm-lattviktig-och-bekvam-perfekt-for-utomhusbruk\/","url":"https:\/\/truusk.store\/sv\/produkt\/truusk-uppblasbar-luftstol-vit-och-bla-utomhusstol-125-x-100-x-87-cm-lattviktig-och-bekvam-perfekt-for-utomhusbruk\/","name":"TRUUSK Uppbl\u00e5sbar Luftstol - Vit och Bl\u00e5 - Utomhusstol 125 x 100 x 87 cm - L\u00e4ttviktig och Bekv\u00e4m - Perfekt f\u00f6r Utomhusbruk - TRUUSK - Hem, Tr\u00e4dg\u00e5rd &amp; Fritid","isPartOf":{"@id":"https:\/\/truusk.store\/sv\/#website"},"primaryImageOfPage":{"@id":"https:\/\/truusk.store\/sv\/produkt\/truusk-uppblasbar-luftstol-vit-och-bla-utomhusstol-125-x-100-x-87-cm-lattviktig-och-bekvam-perfekt-for-utomhusbruk\/#primaryimage"},"image":{"@id":"https:\/\/truusk.store\/sv\/produkt\/truusk-uppblasbar-luftstol-vit-och-bla-utomhusstol-125-x-100-x-87-cm-lattviktig-och-bekvam-perfekt-for-utomhusbruk\/#primaryimage"},"thumbnailUrl":"https:\/\/i0.wp.com\/truusk.store\/wp-content\/uploads\/2024\/04\/uppblasbar-stol-luftstol-utomhusstol-125-x-100-x-87-cm-vit-bla.webp?fit=800%2C800&ssl=1","datePublished":"2024-04-18T09:40:08+00:00","dateModified":"2026-03-12T08:38:32+00:00","breadcrumb":{"@id":"https:\/\/truusk.store\/sv\/produkt\/truusk-uppblasbar-luftstol-vit-och-bla-utomhusstol-125-x-100-x-87-cm-lattviktig-och-bekvam-perfekt-for-utomhusbruk\/#breadcrumb"},"inLanguage":"sv-SE","potentialAction":[{"@type":"ReadAction","target":["https:\/\/truusk.store\/sv\/produkt\/truusk-uppblasbar-luftstol-vit-och-bla-utomhusstol-125-x-100-x-87-cm-lattviktig-och-bekvam-perfekt-for-utomhusbruk\/"]}]},{"@type":"ImageObject","inLanguage":"sv-SE","@id":"https:\/\/truusk.store\/sv\/produkt\/truusk-uppblasbar-luftstol-vit-och-bla-utomhusstol-125-x-100-x-87-cm-lattviktig-och-bekvam-perfekt-for-utomhusbruk\/#primaryimage","url":"https:\/\/i0.wp.com\/truusk.store\/wp-content\/uploads\/2024\/04\/uppblasbar-stol-luftstol-utomhusstol-125-x-100-x-87-cm-vit-bla.webp?fit=800%2C800&ssl=1","contentUrl":"https:\/\/i0.wp.com\/truusk.store\/wp-content\/uploads\/2024\/04\/uppblasbar-stol-luftstol-utomhusstol-125-x-100-x-87-cm-vit-bla.webp?fit=800%2C800&ssl=1","width":800,"height":800,"caption":"Uppbl\u00e5sbar Stol Luftstol Utomhusstol, 125 X 100 X 87 Cm, Vit + Bl\u00e5 1"},{"@type":"BreadcrumbList","@id":"https:\/\/truusk.store\/sv\/produkt\/truusk-uppblasbar-luftstol-vit-och-bla-utomhusstol-125-x-100-x-87-cm-lattviktig-och-bekvam-perfekt-for-utomhusbruk\/#breadcrumb","itemListElement":[{"@type":"ListItem","position":1,"name":"Home","item":"https:\/\/truusk.store\/sv\/"},{"@type":"ListItem","position":2,"name":"Shop","item":"https:\/\/truusk.store\/shop\/"},{"@type":"ListItem","position":3,"name":"TRUUSK Uppbl\u00e5sbar Luftstol &#8211; Vit och Bl\u00e5 &#8211; Utomhusstol 125 x 100 x 87 cm &#8211; L\u00e4ttviktig och Bekv\u00e4m &#8211; Perfekt f\u00f6r Utomhusbruk"}]},{"@type":"WebSite","@id":"https:\/\/truusk.store\/sv\/#website","url":"https:\/\/truusk.store\/sv\/","name":"TRUUSK - Hem, Tr\u00e4dg\u00e5rd & Fritid","description":"","publisher":{"@id":"https:\/\/truusk.store\/sv\/#organization"},"potentialAction":[{"@type":"SearchAction","target":{"@type":"EntryPoint","urlTemplate":"https:\/\/truusk.store\/sv\/?s={search_term_string}"},"query-input":{"@type":"PropertyValueSpecification","valueRequired":true,"valueName":"search_term_string"}}],"inLanguage":"sv-SE"},{"@type":"Organization","@id":"https:\/\/truusk.store\/sv\/#organization","name":"TRUUSK - Hem, Tr\u00e4dg\u00e5rd & Fritid","url":"https:\/\/truusk.store\/sv\/","logo":{"@type":"ImageObject","inLanguage":"sv-SE","@id":"https:\/\/truusk.store\/sv\/#\/schema\/logo\/image\/","url":"https:\/\/i0.wp.com\/truusk.store\/wp-content\/uploads\/2026\/03\/cropped-TRUUSK.png?fit=2032%2C917&ssl=1","contentUrl":"https:\/\/i0.wp.com\/truusk.store\/wp-content\/uploads\/2026\/03\/cropped-TRUUSK.png?fit=2032%2C917&ssl=1","width":2032,"height":917,"caption":"TRUUSK - Hem, Tr\u00e4dg\u00e5rd & Fritid"},"image":{"@id":"https:\/\/truusk.store\/sv\/#\/schema\/logo\/image\/"}}]}},"jetpack_sharing_enabled":true,"_links":{"self":[{"href":"https:\/\/truusk.store\/sv\/wp-json\/wp\/v2\/product\/53899","targetHints":{"allow":["GET"]}}],"collection":[{"href":"https:\/\/truusk.store\/sv\/wp-json\/wp\/v2\/product"}],"about":[{"href":"https:\/\/truusk.store\/sv\/wp-json\/wp\/v2\/types\/product"}],"wp:featuredmedia":[{"embeddable":true,"href":"https:\/\/truusk.store\/sv\/wp-json\/wp\/v2\/media\/53900"}],"wp:attachment":[{"href":"https:\/\/truusk.store\/sv\/wp-json\/wp\/v2\/media?parent=53899"}],"wp:term":[{"taxonomy":"product_brand","embeddable":true,"href":"https:\/\/truusk.store\/sv\/wp-json\/wp\/v2\/product_brand?post=53899"},{"taxonomy":"product_cat","embeddable":true,"href":"https:\/\/truusk.store\/sv\/wp-json\/wp\/v2\/product_cat?post=53899"},{"taxonomy":"product_tag","embeddable":true,"href":"https:\/\/truusk.store\/sv\/wp-json\/wp\/v2\/product_tag?post=53899"}],"curies":[{"name":"wp","href":"https:\/\/api.w.org\/{rel}","templated":true}]}}