{"id":54020,"date":"2024-04-26T02:10:10","date_gmt":"2024-04-26T01:10:10","guid":{"rendered":"https:\/\/truusk.store\/product\/tradgardsbord-utebord-vaderbestandigt-162-x-80-x-75-cm-gratt\/"},"modified":"2026-03-12T09:35:34","modified_gmt":"2026-03-12T08:35:34","slug":"truusk-tradgardsbord-utebord-vaderbestandigt-162-x-80-x-75-cm-gratt","status":"publish","type":"product","link":"https:\/\/truusk.store\/sv\/produkt\/truusk-tradgardsbord-utebord-vaderbestandigt-162-x-80-x-75-cm-gratt\/","title":{"rendered":"TRUUSK Tr\u00e4dg\u00e5rdsbord Utebord &#8211; V\u00e4derbest\u00e4ndigt &#8211; 162 x 80 x 75 cm &#8211; Gr\u00e5tt"},"content":{"rendered":"<p>Det utdragbara uteplatsbordet \u00e4r ett m\u00e5ngsidigt bord som anpassar sig efter dina behov. Den rymmer fyra personer och kan enkelt ut\u00f6kas till sex n\u00e4r g\u00e4sterna anl\u00e4nder. Den \u00e4r gjord av pulverlackerad aluminium. Den \u00e4r vattent\u00e4t, l\u00e4tt och l\u00e4tt att anv\u00e4nda. Regn kan l\u00e4tt rinna av tack vare den klassiska ribbade designen. Balkongbordets f\u00f6tter \u00e4r justerbara. De anpassar sig till alla golvbel\u00e4ggningar.<\/p>\n<h3>Beskrivning:<\/h3>\n<ul>\n<li>F\u00f6r fyra personer eller utbyggbar till sex personer<\/li>\n<li>L\u00e4tt, vattent\u00e4t, pulverlackerad aluminiumram<\/li>\n<li>Klassisk ribbad design av tr\u00e4dg\u00e5rdsbordet f\u00f6r enkel dr\u00e4nering av regnvatten<\/li>\n<li>Stabilitet p\u00e5 oj\u00e4mna ytor tack vare balkongbordets justerbara f\u00f6tter<\/li>\n<li>M\u00e5ngsidig f\u00f6r uteplats, balkong, terrass, tr\u00e4dg\u00e5rd, etc.<\/li>\n<li>L\u00e4tt att montera<\/li>\n<\/ul>\n<h3>Teknisk data:<\/h3>\n<ul>\n<li>F\u00e4rg gr\u00e5<\/li>\n<li>Material: aluminium<\/li>\n<li>\u00d6vergripande m\u00e5tt: 81\/162L x 80W x 75H cm<\/li>\n<li>Viktkapacitet: 70 kg<\/li>\n<\/ul>\n<h3>Leveransens omfattning:<\/h3>\n<ul>\n<li>1 x Tr\u00e4dg\u00e5rdsmatbord<\/li>\n<li>1 x manuell<\/li>\n<\/ul>\n","protected":false},"excerpt":{"rendered":"<p>Det utdragbara uteplatsbordet \u00e4r ett m\u00e5ngsidigt bord som anpassar sig efter dina behov. Den rymmer fyra personer och kan enkelt&#8230;<\/p>\n","protected":false},"featured_media":54021,"template":"","meta":[],"product_brand":[],"product_cat":[435,457,450],"product_tag":[],"class_list":{"0":"post-54020","1":"product","2":"type-product","3":"status-publish","4":"has-post-thumbnail","6":"product_cat-tradgard-och-terrass","7":"product_cat-tradgardsbord","8":"product_cat-tradgardsmobler","10":"first","11":"instock","12":"sale","13":"taxable","14":"shipping-taxable","15":"purchasable","16":"product-type-simple"},"yoast_head":"<!-- This site is optimized with the Yoast SEO plugin v25.4 - https:\/\/yoast.com\/wordpress\/plugins\/seo\/ -->\n<title>TRUUSK Tr\u00e4dg\u00e5rdsbord Utebord - V\u00e4derbest\u00e4ndigt - 162 x 80 x 75 cm - Gr\u00e5tt - TRUUSK - Hem, Tr\u00e4dg\u00e5rd &amp; Fritid<\/title>\n<meta name=\"robots\" content=\"index, follow, max-snippet:-1, max-image-preview:large, max-video-preview:-1\" \/>\n<link rel=\"canonical\" href=\"https:\/\/truusk.store\/sv\/produkt\/truusk-tradgardsbord-utebord-vaderbestandigt-162-x-80-x-75-cm-gratt\/\" \/>\n<meta property=\"og:locale\" content=\"sv_SE\" \/>\n<meta property=\"og:type\" content=\"article\" \/>\n<meta property=\"og:title\" content=\"TRUUSK Tr\u00e4dg\u00e5rdsbord Utebord - V\u00e4derbest\u00e4ndigt - 162 x 80 x 75 cm - Gr\u00e5tt - TRUUSK - Hem, Tr\u00e4dg\u00e5rd &amp; Fritid\" \/>\n<meta property=\"og:description\" content=\"Det utdragbara uteplatsbordet \u00e4r ett m\u00e5ngsidigt bord som anpassar sig efter dina behov. Den rymmer fyra personer och kan enkelt...\" \/>\n<meta property=\"og:url\" content=\"https:\/\/truusk.store\/sv\/produkt\/truusk-tradgardsbord-utebord-vaderbestandigt-162-x-80-x-75-cm-gratt\/\" \/>\n<meta property=\"og:site_name\" content=\"TRUUSK - Hem, Tr\u00e4dg\u00e5rd &amp; Fritid\" \/>\n<meta property=\"article:modified_time\" content=\"2026-03-12T08:35:34+00:00\" \/>\n<meta property=\"og:image\" content=\"https:\/\/i0.wp.com\/truusk.se\/wp-content\/uploads\/2024\/04\/tradgardsbord-utebord-vaderbestandigt-162-x-80-x-75-cm-gratt.webp?fit=800%2C800&ssl=1\" \/>\n\t<meta property=\"og:image:width\" content=\"800\" \/>\n\t<meta property=\"og:image:height\" content=\"800\" \/>\n\t<meta property=\"og:image:type\" content=\"image\/webp\" \/>\n<meta name=\"twitter:card\" content=\"summary_large_image\" \/>\n<meta name=\"twitter:label1\" content=\"Ber\u00e4knad l\u00e4stid\" \/>\n\t<meta name=\"twitter:data1\" content=\"1 minut\" \/>\n<!-- \/ Yoast SEO plugin. -->","yoast_head_json":{"title":"TRUUSK Tr\u00e4dg\u00e5rdsbord Utebord - V\u00e4derbest\u00e4ndigt - 162 x 80 x 75 cm - Gr\u00e5tt - TRUUSK - Hem, Tr\u00e4dg\u00e5rd &amp; Fritid","robots":{"index":"index","follow":"follow","max-snippet":"max-snippet:-1","max-image-preview":"max-image-preview:large","max-video-preview":"max-video-preview:-1"},"canonical":"https:\/\/truusk.store\/sv\/produkt\/truusk-tradgardsbord-utebord-vaderbestandigt-162-x-80-x-75-cm-gratt\/","og_locale":"sv_SE","og_type":"article","og_title":"TRUUSK Tr\u00e4dg\u00e5rdsbord Utebord - V\u00e4derbest\u00e4ndigt - 162 x 80 x 75 cm - Gr\u00e5tt - TRUUSK - Hem, Tr\u00e4dg\u00e5rd &amp; Fritid","og_description":"Det utdragbara uteplatsbordet \u00e4r ett m\u00e5ngsidigt bord som anpassar sig efter dina behov. Den rymmer fyra personer och kan enkelt...","og_url":"https:\/\/truusk.store\/sv\/produkt\/truusk-tradgardsbord-utebord-vaderbestandigt-162-x-80-x-75-cm-gratt\/","og_site_name":"TRUUSK - Hem, Tr\u00e4dg\u00e5rd &amp; Fritid","article_modified_time":"2026-03-12T08:35:34+00:00","og_image":[{"width":800,"height":800,"url":"https:\/\/i0.wp.com\/truusk.se\/wp-content\/uploads\/2024\/04\/tradgardsbord-utebord-vaderbestandigt-162-x-80-x-75-cm-gratt.webp?fit=800%2C800&ssl=1","type":"image\/webp"}],"twitter_card":"summary_large_image","twitter_misc":{"Ber\u00e4knad l\u00e4stid":"1 minut"},"schema":{"@context":"https:\/\/schema.org","@graph":[{"@type":"WebPage","@id":"https:\/\/truusk.store\/sv\/produkt\/truusk-tradgardsbord-utebord-vaderbestandigt-162-x-80-x-75-cm-gratt\/","url":"https:\/\/truusk.store\/sv\/produkt\/truusk-tradgardsbord-utebord-vaderbestandigt-162-x-80-x-75-cm-gratt\/","name":"TRUUSK Tr\u00e4dg\u00e5rdsbord Utebord - V\u00e4derbest\u00e4ndigt - 162 x 80 x 75 cm - Gr\u00e5tt - TRUUSK - Hem, Tr\u00e4dg\u00e5rd &amp; Fritid","isPartOf":{"@id":"https:\/\/truusk.store\/sv\/#website"},"primaryImageOfPage":{"@id":"https:\/\/truusk.store\/sv\/produkt\/truusk-tradgardsbord-utebord-vaderbestandigt-162-x-80-x-75-cm-gratt\/#primaryimage"},"image":{"@id":"https:\/\/truusk.store\/sv\/produkt\/truusk-tradgardsbord-utebord-vaderbestandigt-162-x-80-x-75-cm-gratt\/#primaryimage"},"thumbnailUrl":"https:\/\/i0.wp.com\/truusk.store\/wp-content\/uploads\/2024\/04\/tradgardsbord-utebord-vaderbestandigt-162-x-80-x-75-cm-gratt.webp?fit=800%2C800&ssl=1","datePublished":"2024-04-26T01:10:10+00:00","dateModified":"2026-03-12T08:35:34+00:00","breadcrumb":{"@id":"https:\/\/truusk.store\/sv\/produkt\/truusk-tradgardsbord-utebord-vaderbestandigt-162-x-80-x-75-cm-gratt\/#breadcrumb"},"inLanguage":"sv-SE","potentialAction":[{"@type":"ReadAction","target":["https:\/\/truusk.store\/sv\/produkt\/truusk-tradgardsbord-utebord-vaderbestandigt-162-x-80-x-75-cm-gratt\/"]}]},{"@type":"ImageObject","inLanguage":"sv-SE","@id":"https:\/\/truusk.store\/sv\/produkt\/truusk-tradgardsbord-utebord-vaderbestandigt-162-x-80-x-75-cm-gratt\/#primaryimage","url":"https:\/\/i0.wp.com\/truusk.store\/wp-content\/uploads\/2024\/04\/tradgardsbord-utebord-vaderbestandigt-162-x-80-x-75-cm-gratt.webp?fit=800%2C800&ssl=1","contentUrl":"https:\/\/i0.wp.com\/truusk.store\/wp-content\/uploads\/2024\/04\/tradgardsbord-utebord-vaderbestandigt-162-x-80-x-75-cm-gratt.webp?fit=800%2C800&ssl=1","width":800,"height":800,"caption":"Tr\u00e4dg\u00e5rdsbord Utebord, V\u00e4derbest\u00e4ndigt, 162 X 80 X 75 Cm, Gr\u00e5tt 1"},{"@type":"BreadcrumbList","@id":"https:\/\/truusk.store\/sv\/produkt\/truusk-tradgardsbord-utebord-vaderbestandigt-162-x-80-x-75-cm-gratt\/#breadcrumb","itemListElement":[{"@type":"ListItem","position":1,"name":"Home","item":"https:\/\/truusk.store\/sv\/"},{"@type":"ListItem","position":2,"name":"Shop","item":"https:\/\/truusk.store\/shop\/"},{"@type":"ListItem","position":3,"name":"TRUUSK Tr\u00e4dg\u00e5rdsbord Utebord &#8211; V\u00e4derbest\u00e4ndigt &#8211; 162 x 80 x 75 cm &#8211; Gr\u00e5tt"}]},{"@type":"WebSite","@id":"https:\/\/truusk.store\/sv\/#website","url":"https:\/\/truusk.store\/sv\/","name":"TRUUSK - Hem, Tr\u00e4dg\u00e5rd & Fritid","description":"","publisher":{"@id":"https:\/\/truusk.store\/sv\/#organization"},"potentialAction":[{"@type":"SearchAction","target":{"@type":"EntryPoint","urlTemplate":"https:\/\/truusk.store\/sv\/?s={search_term_string}"},"query-input":{"@type":"PropertyValueSpecification","valueRequired":true,"valueName":"search_term_string"}}],"inLanguage":"sv-SE"},{"@type":"Organization","@id":"https:\/\/truusk.store\/sv\/#organization","name":"TRUUSK - Hem, Tr\u00e4dg\u00e5rd & Fritid","url":"https:\/\/truusk.store\/sv\/","logo":{"@type":"ImageObject","inLanguage":"sv-SE","@id":"https:\/\/truusk.store\/sv\/#\/schema\/logo\/image\/","url":"https:\/\/i0.wp.com\/truusk.store\/wp-content\/uploads\/2026\/03\/cropped-TRUUSK.png?fit=2032%2C917&ssl=1","contentUrl":"https:\/\/i0.wp.com\/truusk.store\/wp-content\/uploads\/2026\/03\/cropped-TRUUSK.png?fit=2032%2C917&ssl=1","width":2032,"height":917,"caption":"TRUUSK - Hem, Tr\u00e4dg\u00e5rd & Fritid"},"image":{"@id":"https:\/\/truusk.store\/sv\/#\/schema\/logo\/image\/"}}]}},"jetpack_sharing_enabled":true,"_links":{"self":[{"href":"https:\/\/truusk.store\/sv\/wp-json\/wp\/v2\/product\/54020","targetHints":{"allow":["GET"]}}],"collection":[{"href":"https:\/\/truusk.store\/sv\/wp-json\/wp\/v2\/product"}],"about":[{"href":"https:\/\/truusk.store\/sv\/wp-json\/wp\/v2\/types\/product"}],"wp:featuredmedia":[{"embeddable":true,"href":"https:\/\/truusk.store\/sv\/wp-json\/wp\/v2\/media\/54021"}],"wp:attachment":[{"href":"https:\/\/truusk.store\/sv\/wp-json\/wp\/v2\/media?parent=54020"}],"wp:term":[{"taxonomy":"product_brand","embeddable":true,"href":"https:\/\/truusk.store\/sv\/wp-json\/wp\/v2\/product_brand?post=54020"},{"taxonomy":"product_cat","embeddable":true,"href":"https:\/\/truusk.store\/sv\/wp-json\/wp\/v2\/product_cat?post=54020"},{"taxonomy":"product_tag","embeddable":true,"href":"https:\/\/truusk.store\/sv\/wp-json\/wp\/v2\/product_tag?post=54020"}],"curies":[{"name":"wp","href":"https:\/\/api.w.org\/{rel}","templated":true}]}}