{"id":54064,"date":"2024-04-26T02:50:08","date_gmt":"2024-04-26T01:50:08","guid":{"rendered":"https:\/\/truusk.store\/product\/markis-solskydd-soltak-35m-x-25m-gul-gra\/"},"modified":"2026-03-12T09:38:22","modified_gmt":"2026-03-12T08:38:22","slug":"truusk-markis-solskydd-35m-x-25m-gul-och-gra-uv-skydd-vattenavvisande-enkel-montering-for-utomhusbruk-hog-kvalitet","status":"publish","type":"product","link":"https:\/\/truusk.store\/sv\/produkt\/truusk-markis-solskydd-35m-x-25m-gul-och-gra-uv-skydd-vattenavvisande-enkel-montering-for-utomhusbruk-hog-kvalitet\/","title":{"rendered":"TRUUSK Markis Solskydd 3,5m x 2,5m &#8211; Gul och Gr\u00e5 &#8211; UV-skydd &#8211; Vattenavvisande &#8211; Enkel montering &#8211; F\u00f6r Utomhusbruk &#8211; H\u00f6g kvalitet"},"content":{"rendered":"<p>V\u00e5r markis \u00e4r idealisk f\u00f6r utomhusomr\u00e5den som balkonger eller terrasser. Kassettt\u00e4ltets markisv\u00e4v \u00e4r tillverkad av robust polyester med en vattenavvisande bel\u00e4ggning och \u00e4r d\u00e4rf\u00f6r mycket v\u00e4derbest\u00e4ndig. Du kan enkelt styra din f\u00e4llbara markis med hj\u00e4lp av handveven. V\u00e4ggmontering \u00e4r otroligt enkelt. Det betyder att du alltid har en skuggig plats hemma. Sommaren kan b\u00f6rja!<\/p>\n<h3>Beskrivning:<\/h3>\n<ul>\n<li>H\u00f6gkvalitativ markis f\u00f6r balkonger och terrasser<\/li>\n<li>Ger skydd mot v\u00e4der och vind som solljus eller l\u00e4tt regn<\/li>\n<li>L\u00e4mplig f\u00f6r v\u00e4ggmontage<\/li>\n<li>Ram och 2 st\u00f6d av aluminium, pulverlackerad vit<\/li>\n<li>Markistyg av 100 % polyester med vattenavvisande PU-bel\u00e4ggning<\/li>\n<li>Lutningsvinkel stegl\u00f6st justerbar fr\u00e5n 5-45<\/li>\n<li>L\u00e4tt att man\u00f6vrera med en handvev<\/li>\n<li>Inkl. monteringsmaterial<\/li>\n<\/ul>\n<h3>Teknisk data:<\/h3>\n<ul>\n<li>Material: aluminium, polyester<\/li>\n<li>F\u00e4rg: Gul+Gr\u00e5<\/li>\n<li>M\u00e5tt: B3,5 x D2,5 m<\/li>\n<li>Rulldiameter: 70mm, l\u00e4ngd: 106,6\/116,6 cm<\/li>\n<\/ul>\n<h3>Leveransens omfattning:<\/h3>\n<ul>\n<li>1 x Markis<\/li>\n<li>1 x monteringsmaterial<\/li>\n<li>1 x Monteringsanvisning<\/li>\n<\/ul>\n","protected":false},"excerpt":{"rendered":"<p>V\u00e5r markis \u00e4r idealisk f\u00f6r utomhusomr\u00e5den som balkonger eller terrasser. Kassettt\u00e4ltets markisv\u00e4v \u00e4r tillverkad av robust polyester med en vattenavvisande&#8230;<\/p>\n","protected":false},"featured_media":54065,"template":"","meta":[],"product_brand":[],"product_cat":[473,471,435],"product_tag":[],"class_list":{"0":"post-54064","1":"product","2":"type-product","3":"status-publish","4":"has-post-thumbnail","6":"product_cat-markiser","7":"product_cat-solskydd-integritetsskydd","8":"product_cat-tradgard-och-terrass","10":"first","11":"instock","12":"sale","13":"taxable","14":"shipping-taxable","15":"purchasable","16":"product-type-simple"},"yoast_head":"<!-- This site is optimized with the Yoast SEO plugin v25.4 - https:\/\/yoast.com\/wordpress\/plugins\/seo\/ -->\n<title>TRUUSK Markis Solskydd 3,5m x 2,5m - Gul och Gr\u00e5 - UV-skydd - Vattenavvisande - Enkel montering - F\u00f6r Utomhusbruk - H\u00f6g kvalitet - TRUUSK - Hem, Tr\u00e4dg\u00e5rd &amp; Fritid<\/title>\n<meta name=\"robots\" content=\"index, follow, max-snippet:-1, max-image-preview:large, max-video-preview:-1\" \/>\n<link rel=\"canonical\" href=\"https:\/\/truusk.store\/sv\/produkt\/truusk-markis-solskydd-35m-x-25m-gul-och-gra-uv-skydd-vattenavvisande-enkel-montering-for-utomhusbruk-hog-kvalitet\/\" \/>\n<meta property=\"og:locale\" content=\"sv_SE\" \/>\n<meta property=\"og:type\" content=\"article\" \/>\n<meta property=\"og:title\" content=\"TRUUSK Markis Solskydd 3,5m x 2,5m - Gul och Gr\u00e5 - UV-skydd - Vattenavvisande - Enkel montering - F\u00f6r Utomhusbruk - H\u00f6g kvalitet - TRUUSK - Hem, Tr\u00e4dg\u00e5rd &amp; Fritid\" \/>\n<meta property=\"og:description\" content=\"V\u00e5r markis \u00e4r idealisk f\u00f6r utomhusomr\u00e5den som balkonger eller terrasser. Kassettt\u00e4ltets markisv\u00e4v \u00e4r tillverkad av robust polyester med en vattenavvisande...\" \/>\n<meta property=\"og:url\" content=\"https:\/\/truusk.store\/sv\/produkt\/truusk-markis-solskydd-35m-x-25m-gul-och-gra-uv-skydd-vattenavvisande-enkel-montering-for-utomhusbruk-hog-kvalitet\/\" \/>\n<meta property=\"og:site_name\" content=\"TRUUSK - Hem, Tr\u00e4dg\u00e5rd &amp; Fritid\" \/>\n<meta property=\"article:modified_time\" content=\"2026-03-12T08:38:22+00:00\" \/>\n<meta property=\"og:image\" content=\"https:\/\/i0.wp.com\/truusk.se\/wp-content\/uploads\/2024\/04\/markis-solskydd-soltak-35m-x-25m-gul-gra.webp?fit=800%2C800&ssl=1\" \/>\n\t<meta property=\"og:image:width\" content=\"800\" \/>\n\t<meta property=\"og:image:height\" content=\"800\" \/>\n\t<meta property=\"og:image:type\" content=\"image\/webp\" \/>\n<meta name=\"twitter:card\" content=\"summary_large_image\" \/>\n<meta name=\"twitter:label1\" content=\"Ber\u00e4knad l\u00e4stid\" \/>\n\t<meta name=\"twitter:data1\" content=\"1 minut\" \/>\n<!-- \/ Yoast SEO plugin. -->","yoast_head_json":{"title":"TRUUSK Markis Solskydd 3,5m x 2,5m - Gul och Gr\u00e5 - UV-skydd - Vattenavvisande - Enkel montering - F\u00f6r Utomhusbruk - H\u00f6g kvalitet - TRUUSK - Hem, Tr\u00e4dg\u00e5rd &amp; Fritid","robots":{"index":"index","follow":"follow","max-snippet":"max-snippet:-1","max-image-preview":"max-image-preview:large","max-video-preview":"max-video-preview:-1"},"canonical":"https:\/\/truusk.store\/sv\/produkt\/truusk-markis-solskydd-35m-x-25m-gul-och-gra-uv-skydd-vattenavvisande-enkel-montering-for-utomhusbruk-hog-kvalitet\/","og_locale":"sv_SE","og_type":"article","og_title":"TRUUSK Markis Solskydd 3,5m x 2,5m - Gul och Gr\u00e5 - UV-skydd - Vattenavvisande - Enkel montering - F\u00f6r Utomhusbruk - H\u00f6g kvalitet - TRUUSK - Hem, Tr\u00e4dg\u00e5rd &amp; Fritid","og_description":"V\u00e5r markis \u00e4r idealisk f\u00f6r utomhusomr\u00e5den som balkonger eller terrasser. Kassettt\u00e4ltets markisv\u00e4v \u00e4r tillverkad av robust polyester med en vattenavvisande...","og_url":"https:\/\/truusk.store\/sv\/produkt\/truusk-markis-solskydd-35m-x-25m-gul-och-gra-uv-skydd-vattenavvisande-enkel-montering-for-utomhusbruk-hog-kvalitet\/","og_site_name":"TRUUSK - Hem, Tr\u00e4dg\u00e5rd &amp; Fritid","article_modified_time":"2026-03-12T08:38:22+00:00","og_image":[{"width":800,"height":800,"url":"https:\/\/i0.wp.com\/truusk.se\/wp-content\/uploads\/2024\/04\/markis-solskydd-soltak-35m-x-25m-gul-gra.webp?fit=800%2C800&ssl=1","type":"image\/webp"}],"twitter_card":"summary_large_image","twitter_misc":{"Ber\u00e4knad l\u00e4stid":"1 minut"},"schema":{"@context":"https:\/\/schema.org","@graph":[{"@type":"WebPage","@id":"https:\/\/truusk.store\/sv\/produkt\/truusk-markis-solskydd-35m-x-25m-gul-och-gra-uv-skydd-vattenavvisande-enkel-montering-for-utomhusbruk-hog-kvalitet\/","url":"https:\/\/truusk.store\/sv\/produkt\/truusk-markis-solskydd-35m-x-25m-gul-och-gra-uv-skydd-vattenavvisande-enkel-montering-for-utomhusbruk-hog-kvalitet\/","name":"TRUUSK Markis Solskydd 3,5m x 2,5m - Gul och Gr\u00e5 - UV-skydd - Vattenavvisande - Enkel montering - F\u00f6r Utomhusbruk - H\u00f6g kvalitet - TRUUSK - Hem, Tr\u00e4dg\u00e5rd &amp; Fritid","isPartOf":{"@id":"https:\/\/truusk.store\/sv\/#website"},"primaryImageOfPage":{"@id":"https:\/\/truusk.store\/sv\/produkt\/truusk-markis-solskydd-35m-x-25m-gul-och-gra-uv-skydd-vattenavvisande-enkel-montering-for-utomhusbruk-hog-kvalitet\/#primaryimage"},"image":{"@id":"https:\/\/truusk.store\/sv\/produkt\/truusk-markis-solskydd-35m-x-25m-gul-och-gra-uv-skydd-vattenavvisande-enkel-montering-for-utomhusbruk-hog-kvalitet\/#primaryimage"},"thumbnailUrl":"https:\/\/i0.wp.com\/truusk.store\/wp-content\/uploads\/2024\/04\/markis-solskydd-soltak-35m-x-25m-gul-gra.webp?fit=800%2C800&ssl=1","datePublished":"2024-04-26T01:50:08+00:00","dateModified":"2026-03-12T08:38:22+00:00","breadcrumb":{"@id":"https:\/\/truusk.store\/sv\/produkt\/truusk-markis-solskydd-35m-x-25m-gul-och-gra-uv-skydd-vattenavvisande-enkel-montering-for-utomhusbruk-hog-kvalitet\/#breadcrumb"},"inLanguage":"sv-SE","potentialAction":[{"@type":"ReadAction","target":["https:\/\/truusk.store\/sv\/produkt\/truusk-markis-solskydd-35m-x-25m-gul-och-gra-uv-skydd-vattenavvisande-enkel-montering-for-utomhusbruk-hog-kvalitet\/"]}]},{"@type":"ImageObject","inLanguage":"sv-SE","@id":"https:\/\/truusk.store\/sv\/produkt\/truusk-markis-solskydd-35m-x-25m-gul-och-gra-uv-skydd-vattenavvisande-enkel-montering-for-utomhusbruk-hog-kvalitet\/#primaryimage","url":"https:\/\/i0.wp.com\/truusk.store\/wp-content\/uploads\/2024\/04\/markis-solskydd-soltak-35m-x-25m-gul-gra.webp?fit=800%2C800&ssl=1","contentUrl":"https:\/\/i0.wp.com\/truusk.store\/wp-content\/uploads\/2024\/04\/markis-solskydd-soltak-35m-x-25m-gul-gra.webp?fit=800%2C800&ssl=1","width":800,"height":800,"caption":"Markis Solskydd Soltak 3,5m X 2,5m Gul + Gr\u00e5 1"},{"@type":"BreadcrumbList","@id":"https:\/\/truusk.store\/sv\/produkt\/truusk-markis-solskydd-35m-x-25m-gul-och-gra-uv-skydd-vattenavvisande-enkel-montering-for-utomhusbruk-hog-kvalitet\/#breadcrumb","itemListElement":[{"@type":"ListItem","position":1,"name":"Home","item":"https:\/\/truusk.store\/sv\/"},{"@type":"ListItem","position":2,"name":"Shop","item":"https:\/\/truusk.store\/shop\/"},{"@type":"ListItem","position":3,"name":"TRUUSK Markis Solskydd 3,5m x 2,5m &#8211; Gul och Gr\u00e5 &#8211; UV-skydd &#8211; Vattenavvisande &#8211; Enkel montering &#8211; F\u00f6r Utomhusbruk &#8211; H\u00f6g kvalitet"}]},{"@type":"WebSite","@id":"https:\/\/truusk.store\/sv\/#website","url":"https:\/\/truusk.store\/sv\/","name":"TRUUSK - Hem, Tr\u00e4dg\u00e5rd & Fritid","description":"","publisher":{"@id":"https:\/\/truusk.store\/sv\/#organization"},"potentialAction":[{"@type":"SearchAction","target":{"@type":"EntryPoint","urlTemplate":"https:\/\/truusk.store\/sv\/?s={search_term_string}"},"query-input":{"@type":"PropertyValueSpecification","valueRequired":true,"valueName":"search_term_string"}}],"inLanguage":"sv-SE"},{"@type":"Organization","@id":"https:\/\/truusk.store\/sv\/#organization","name":"TRUUSK - Hem, Tr\u00e4dg\u00e5rd & Fritid","url":"https:\/\/truusk.store\/sv\/","logo":{"@type":"ImageObject","inLanguage":"sv-SE","@id":"https:\/\/truusk.store\/sv\/#\/schema\/logo\/image\/","url":"https:\/\/i0.wp.com\/truusk.store\/wp-content\/uploads\/2026\/03\/cropped-TRUUSK.png?fit=2032%2C917&ssl=1","contentUrl":"https:\/\/i0.wp.com\/truusk.store\/wp-content\/uploads\/2026\/03\/cropped-TRUUSK.png?fit=2032%2C917&ssl=1","width":2032,"height":917,"caption":"TRUUSK - Hem, Tr\u00e4dg\u00e5rd & Fritid"},"image":{"@id":"https:\/\/truusk.store\/sv\/#\/schema\/logo\/image\/"}}]}},"jetpack_sharing_enabled":true,"_links":{"self":[{"href":"https:\/\/truusk.store\/sv\/wp-json\/wp\/v2\/product\/54064","targetHints":{"allow":["GET"]}}],"collection":[{"href":"https:\/\/truusk.store\/sv\/wp-json\/wp\/v2\/product"}],"about":[{"href":"https:\/\/truusk.store\/sv\/wp-json\/wp\/v2\/types\/product"}],"wp:featuredmedia":[{"embeddable":true,"href":"https:\/\/truusk.store\/sv\/wp-json\/wp\/v2\/media\/54065"}],"wp:attachment":[{"href":"https:\/\/truusk.store\/sv\/wp-json\/wp\/v2\/media?parent=54064"}],"wp:term":[{"taxonomy":"product_brand","embeddable":true,"href":"https:\/\/truusk.store\/sv\/wp-json\/wp\/v2\/product_brand?post=54064"},{"taxonomy":"product_cat","embeddable":true,"href":"https:\/\/truusk.store\/sv\/wp-json\/wp\/v2\/product_cat?post=54064"},{"taxonomy":"product_tag","embeddable":true,"href":"https:\/\/truusk.store\/sv\/wp-json\/wp\/v2\/product_tag?post=54064"}],"curies":[{"name":"wp","href":"https:\/\/api.w.org\/{rel}","templated":true}]}}