{"id":54075,"date":"2024-04-26T03:00:10","date_gmt":"2024-04-26T02:00:10","guid":{"rendered":"https:\/\/truusk.store\/product\/2-i-1-flakt-med-luftfuktare-3-hastigheter-timerfunktion-3-l-tank-445-x-385-x-120cm-svart\/"},"modified":"2026-03-12T09:39:20","modified_gmt":"2026-03-12T08:39:20","slug":"truusk-luftkylare-och-flakt-3-hastigheter-timerfunktion-3-l-tank-svart","status":"publish","type":"product","link":"https:\/\/truusk.store\/sv\/produkt\/truusk-luftkylare-och-flakt-3-hastigheter-timerfunktion-3-l-tank-svart\/","title":{"rendered":"TRUUSK Luftkylare och Fl\u00e4kt &#8211; 3 Hastigheter &#8211; Timerfunktion &#8211; 3 L Tank &#8211; Svart"},"content":{"rendered":"<p>Upplev en frisk bris med den vattenkylande piedestalfl\u00e4kten. Oavsett om den anv\u00e4nds tillsammans eller individuellt, garanterar fl\u00e4ktens 3 hastighetsinst\u00e4llningar och justerbara dimniv\u00e5er skr\u00e4ddarsydd komfort. Med ett vridomr\u00e5de f\u00f6r dimfl\u00e4kten p\u00e5 75 och en lutning p\u00e5 15 kan du koppla av helt under varma dagar. Den stora dimtanken ger upp till 13 timmars kontinuerlig dimnjutning, vilket g\u00f6r den till en uppfriskande f\u00f6ljeslagare f\u00f6r inomhusbruk.<\/p>\n<h3>Beskrivning:<\/h3>\n<ul>\n<li>Dimfl\u00e4ktens fl\u00e4kt och luftfuktare arbetar oberoende eller tillsammans, vilket ger kylflexibilitet.<\/li>\n<li>Tre hastighetsniv\u00e5er, dimintensitet justerbar med vridreglage<\/li>\n<li>Pannor 75 och lutar 15 f\u00f6r bred t\u00e4ckning<\/li>\n<li>Har en 2-timmars timer f\u00f6r energieffektivitet<\/li>\n<li>Stor tank av sockelfl\u00e4kten till\u00e5ter 13 timmars kontinuerlig sprutning<\/li>\n<li>Utrustad med hjul f\u00f6r enkel r\u00f6rlighet<\/li>\n<li>L\u00e4mplig f\u00f6r sovrum, vardagsrum, hemmakontor, etc.<\/li>\n<\/ul>\n<h3>Teknisk data:<\/h3>\n<ul>\n<li>Svart f\u00e4rg<\/li>\n<li>Material: metall, ABS<\/li>\n<li>\u00d6vergripande m\u00e5tt: 44,5L x 38,5W x 120H cm<\/li>\n<li>Basstorlek: 38,5W x 38,5D cm<\/li>\n<li>Kabell\u00e4ngd: 1,6 m<\/li>\n<li>Maximal finf\u00f6rdelning: 22020 mL\/h<\/li>\n<li>Max vind: 44,98 m\/min<\/li>\n<li>Vattentankens kapacitet: 3 L<\/li>\n<li>Ljud: 59,68 dB<\/li>\n<li>Ing\u00e5ng: 220-240V 50Hz<\/li>\n<li>Effekt: 90W<\/li>\n<\/ul>\n<h3>Leveransens omfattning:<\/h3>\n<ul>\n<li>1 x piedestalfl\u00e4kt med vattendimmspray<\/li>\n<li>1 x manuell<\/li>\n<\/ul>\n","protected":false},"excerpt":{"rendered":"<p>Upplev en frisk bris med den vattenkylande piedestalfl\u00e4kten. Oavsett om den anv\u00e4nds tillsammans eller individuellt, garanterar fl\u00e4ktens 3 hastighetsinst\u00e4llningar och&#8230;<\/p>\n","protected":false},"featured_media":54076,"template":"","meta":[],"product_brand":[],"product_cat":[697,671,696],"product_tag":[],"class_list":{"0":"post-54075","1":"product","2":"type-product","3":"status-publish","4":"has-post-thumbnail","6":"product_cat-flaktar-och-luftkonditioneringsapparater","7":"product_cat-jarnaffar","8":"product_cat-luftkonditionering-och-flaktar","10":"first","11":"instock","12":"sale","13":"taxable","14":"shipping-taxable","15":"purchasable","16":"product-type-simple"},"yoast_head":"<!-- This site is optimized with the Yoast SEO plugin v25.4 - https:\/\/yoast.com\/wordpress\/plugins\/seo\/ -->\n<title>TRUUSK Luftkylare och Fl\u00e4kt - 3 Hastigheter - Timerfunktion - 3 L Tank - Svart - TRUUSK - Hem, Tr\u00e4dg\u00e5rd &amp; Fritid<\/title>\n<meta name=\"robots\" content=\"index, follow, max-snippet:-1, max-image-preview:large, max-video-preview:-1\" \/>\n<link rel=\"canonical\" href=\"https:\/\/truusk.store\/sv\/produkt\/truusk-luftkylare-och-flakt-3-hastigheter-timerfunktion-3-l-tank-svart\/\" \/>\n<meta property=\"og:locale\" content=\"sv_SE\" \/>\n<meta property=\"og:type\" content=\"article\" \/>\n<meta property=\"og:title\" content=\"TRUUSK Luftkylare och Fl\u00e4kt - 3 Hastigheter - Timerfunktion - 3 L Tank - Svart - TRUUSK - Hem, Tr\u00e4dg\u00e5rd &amp; Fritid\" \/>\n<meta property=\"og:description\" content=\"Upplev en frisk bris med den vattenkylande piedestalfl\u00e4kten. Oavsett om den anv\u00e4nds tillsammans eller individuellt, garanterar fl\u00e4ktens 3 hastighetsinst\u00e4llningar och...\" \/>\n<meta property=\"og:url\" content=\"https:\/\/truusk.store\/sv\/produkt\/truusk-luftkylare-och-flakt-3-hastigheter-timerfunktion-3-l-tank-svart\/\" \/>\n<meta property=\"og:site_name\" content=\"TRUUSK - Hem, Tr\u00e4dg\u00e5rd &amp; Fritid\" \/>\n<meta property=\"article:modified_time\" content=\"2026-03-12T08:39:20+00:00\" \/>\n<meta property=\"og:image\" content=\"https:\/\/i0.wp.com\/truusk.se\/wp-content\/uploads\/2024\/04\/2-i-1-flakt-med-luftfuktare-3-hastigheter-timerfunktion-3-l-tank-445-x-385-x-120cm-svart.webp?fit=800%2C800&ssl=1\" \/>\n\t<meta property=\"og:image:width\" content=\"800\" \/>\n\t<meta property=\"og:image:height\" content=\"800\" \/>\n\t<meta property=\"og:image:type\" content=\"image\/webp\" \/>\n<meta name=\"twitter:card\" content=\"summary_large_image\" \/>\n<meta name=\"twitter:label1\" content=\"Ber\u00e4knad l\u00e4stid\" \/>\n\t<meta name=\"twitter:data1\" content=\"1 minut\" \/>\n<!-- \/ Yoast SEO plugin. -->","yoast_head_json":{"title":"TRUUSK Luftkylare och Fl\u00e4kt - 3 Hastigheter - Timerfunktion - 3 L Tank - Svart - TRUUSK - Hem, Tr\u00e4dg\u00e5rd &amp; Fritid","robots":{"index":"index","follow":"follow","max-snippet":"max-snippet:-1","max-image-preview":"max-image-preview:large","max-video-preview":"max-video-preview:-1"},"canonical":"https:\/\/truusk.store\/sv\/produkt\/truusk-luftkylare-och-flakt-3-hastigheter-timerfunktion-3-l-tank-svart\/","og_locale":"sv_SE","og_type":"article","og_title":"TRUUSK Luftkylare och Fl\u00e4kt - 3 Hastigheter - Timerfunktion - 3 L Tank - Svart - TRUUSK - Hem, Tr\u00e4dg\u00e5rd &amp; Fritid","og_description":"Upplev en frisk bris med den vattenkylande piedestalfl\u00e4kten. Oavsett om den anv\u00e4nds tillsammans eller individuellt, garanterar fl\u00e4ktens 3 hastighetsinst\u00e4llningar och...","og_url":"https:\/\/truusk.store\/sv\/produkt\/truusk-luftkylare-och-flakt-3-hastigheter-timerfunktion-3-l-tank-svart\/","og_site_name":"TRUUSK - Hem, Tr\u00e4dg\u00e5rd &amp; Fritid","article_modified_time":"2026-03-12T08:39:20+00:00","og_image":[{"width":800,"height":800,"url":"https:\/\/i0.wp.com\/truusk.se\/wp-content\/uploads\/2024\/04\/2-i-1-flakt-med-luftfuktare-3-hastigheter-timerfunktion-3-l-tank-445-x-385-x-120cm-svart.webp?fit=800%2C800&ssl=1","type":"image\/webp"}],"twitter_card":"summary_large_image","twitter_misc":{"Ber\u00e4knad l\u00e4stid":"1 minut"},"schema":{"@context":"https:\/\/schema.org","@graph":[{"@type":"WebPage","@id":"https:\/\/truusk.store\/sv\/produkt\/truusk-luftkylare-och-flakt-3-hastigheter-timerfunktion-3-l-tank-svart\/","url":"https:\/\/truusk.store\/sv\/produkt\/truusk-luftkylare-och-flakt-3-hastigheter-timerfunktion-3-l-tank-svart\/","name":"TRUUSK Luftkylare och Fl\u00e4kt - 3 Hastigheter - Timerfunktion - 3 L Tank - Svart - TRUUSK - Hem, Tr\u00e4dg\u00e5rd &amp; Fritid","isPartOf":{"@id":"https:\/\/truusk.store\/sv\/#website"},"primaryImageOfPage":{"@id":"https:\/\/truusk.store\/sv\/produkt\/truusk-luftkylare-och-flakt-3-hastigheter-timerfunktion-3-l-tank-svart\/#primaryimage"},"image":{"@id":"https:\/\/truusk.store\/sv\/produkt\/truusk-luftkylare-och-flakt-3-hastigheter-timerfunktion-3-l-tank-svart\/#primaryimage"},"thumbnailUrl":"https:\/\/i0.wp.com\/truusk.store\/wp-content\/uploads\/2024\/04\/2-i-1-flakt-med-luftfuktare-3-hastigheter-timerfunktion-3-l-tank-445-x-385-x-120cm-svart.webp?fit=800%2C800&ssl=1","datePublished":"2024-04-26T02:00:10+00:00","dateModified":"2026-03-12T08:39:20+00:00","breadcrumb":{"@id":"https:\/\/truusk.store\/sv\/produkt\/truusk-luftkylare-och-flakt-3-hastigheter-timerfunktion-3-l-tank-svart\/#breadcrumb"},"inLanguage":"sv-SE","potentialAction":[{"@type":"ReadAction","target":["https:\/\/truusk.store\/sv\/produkt\/truusk-luftkylare-och-flakt-3-hastigheter-timerfunktion-3-l-tank-svart\/"]}]},{"@type":"ImageObject","inLanguage":"sv-SE","@id":"https:\/\/truusk.store\/sv\/produkt\/truusk-luftkylare-och-flakt-3-hastigheter-timerfunktion-3-l-tank-svart\/#primaryimage","url":"https:\/\/i0.wp.com\/truusk.store\/wp-content\/uploads\/2024\/04\/2-i-1-flakt-med-luftfuktare-3-hastigheter-timerfunktion-3-l-tank-445-x-385-x-120cm-svart.webp?fit=800%2C800&ssl=1","contentUrl":"https:\/\/i0.wp.com\/truusk.store\/wp-content\/uploads\/2024\/04\/2-i-1-flakt-med-luftfuktare-3-hastigheter-timerfunktion-3-l-tank-445-x-385-x-120cm-svart.webp?fit=800%2C800&ssl=1","width":800,"height":800,"caption":"2-i-1 Fl\u00e4kt Med Luftfuktare, 3 Hastigheter, Timerfunktion, 3 L Tank, 44,5 X 38,5 X 120cm, Svart 1"},{"@type":"BreadcrumbList","@id":"https:\/\/truusk.store\/sv\/produkt\/truusk-luftkylare-och-flakt-3-hastigheter-timerfunktion-3-l-tank-svart\/#breadcrumb","itemListElement":[{"@type":"ListItem","position":1,"name":"Home","item":"https:\/\/truusk.store\/sv\/"},{"@type":"ListItem","position":2,"name":"Shop","item":"https:\/\/truusk.store\/shop\/"},{"@type":"ListItem","position":3,"name":"TRUUSK Luftkylare och Fl\u00e4kt &#8211; 3 Hastigheter &#8211; Timerfunktion &#8211; 3 L Tank &#8211; Svart"}]},{"@type":"WebSite","@id":"https:\/\/truusk.store\/sv\/#website","url":"https:\/\/truusk.store\/sv\/","name":"TRUUSK - Hem, Tr\u00e4dg\u00e5rd & Fritid","description":"","publisher":{"@id":"https:\/\/truusk.store\/sv\/#organization"},"potentialAction":[{"@type":"SearchAction","target":{"@type":"EntryPoint","urlTemplate":"https:\/\/truusk.store\/sv\/?s={search_term_string}"},"query-input":{"@type":"PropertyValueSpecification","valueRequired":true,"valueName":"search_term_string"}}],"inLanguage":"sv-SE"},{"@type":"Organization","@id":"https:\/\/truusk.store\/sv\/#organization","name":"TRUUSK - Hem, Tr\u00e4dg\u00e5rd & Fritid","url":"https:\/\/truusk.store\/sv\/","logo":{"@type":"ImageObject","inLanguage":"sv-SE","@id":"https:\/\/truusk.store\/sv\/#\/schema\/logo\/image\/","url":"https:\/\/i0.wp.com\/truusk.store\/wp-content\/uploads\/2026\/03\/cropped-TRUUSK.png?fit=2032%2C917&ssl=1","contentUrl":"https:\/\/i0.wp.com\/truusk.store\/wp-content\/uploads\/2026\/03\/cropped-TRUUSK.png?fit=2032%2C917&ssl=1","width":2032,"height":917,"caption":"TRUUSK - Hem, Tr\u00e4dg\u00e5rd & Fritid"},"image":{"@id":"https:\/\/truusk.store\/sv\/#\/schema\/logo\/image\/"}}]}},"jetpack_sharing_enabled":true,"_links":{"self":[{"href":"https:\/\/truusk.store\/sv\/wp-json\/wp\/v2\/product\/54075","targetHints":{"allow":["GET"]}}],"collection":[{"href":"https:\/\/truusk.store\/sv\/wp-json\/wp\/v2\/product"}],"about":[{"href":"https:\/\/truusk.store\/sv\/wp-json\/wp\/v2\/types\/product"}],"wp:featuredmedia":[{"embeddable":true,"href":"https:\/\/truusk.store\/sv\/wp-json\/wp\/v2\/media\/54076"}],"wp:attachment":[{"href":"https:\/\/truusk.store\/sv\/wp-json\/wp\/v2\/media?parent=54075"}],"wp:term":[{"taxonomy":"product_brand","embeddable":true,"href":"https:\/\/truusk.store\/sv\/wp-json\/wp\/v2\/product_brand?post=54075"},{"taxonomy":"product_cat","embeddable":true,"href":"https:\/\/truusk.store\/sv\/wp-json\/wp\/v2\/product_cat?post=54075"},{"taxonomy":"product_tag","embeddable":true,"href":"https:\/\/truusk.store\/sv\/wp-json\/wp\/v2\/product_tag?post=54075"}],"curies":[{"name":"wp","href":"https:\/\/api.w.org\/{rel}","templated":true}]}}