{"id":54086,"date":"2024-04-26T03:10:09","date_gmt":"2024-04-26T02:10:09","guid":{"rendered":"https:\/\/truusk.store\/product\/badmintonnatset-volleybollnatset-3-delar-set-400cm-x-224cm-x-155cm-svart-bla-gron\/"},"modified":"2026-03-12T09:38:06","modified_gmt":"2026-03-12T08:38:06","slug":"truusk-badmintonnatset-och-volleybollnatset-3-delar-set-400cm-x-224cm-x-155cm-svart-bla-gron-hog-kvalitet","status":"publish","type":"product","link":"https:\/\/truusk.store\/sv\/produkt\/truusk-badmintonnatset-och-volleybollnatset-3-delar-set-400cm-x-224cm-x-155cm-svart-bla-gron-hog-kvalitet\/","title":{"rendered":"TRUUSK Badmintonn\u00e4tset och Volleybolln\u00e4tset &#8211; 3 Delar Set &#8211; 400cm X 22,4cm X 155cm &#8211; Svart, Bl\u00e5, Gr\u00f6n &#8211; H\u00f6g Kvalitet"},"content":{"rendered":"<p>F\u00f6rb\u00e4ttra ditt spel med badmintonsetet med f\u00f6rl\u00e4ngningsst\u00e4nger f\u00f6r h\u00f6jdjustering f\u00f6r badminton och volleyboll. Detta b\u00e4rbara set kommer i en b\u00e4rv\u00e4ska med ett handtag s\u00e5 att det enkelt kan transporteras \u00f6verallt. Med muggh\u00e5llare och f\u00f6rvaringsfack p\u00e5 toppen av fodralet kan du ha dina n\u00f6dv\u00e4ndigheter n\u00e4ra till hands medan du njuter av spelet. Dyk in i action med detta badmintonset med n\u00e4t.<\/p>\n<h3>Beskrivning:<\/h3>\n<ul>\n<li>F\u00f6rl\u00e4ngningsst\u00e4nger i badmintonsetet till\u00e5ter h\u00f6jdjustering f\u00f6r badminton och volleyboll<\/li>\n<li>Badmintonsetets b\u00e4rv\u00e4ska g\u00f6r den enkel att transportera \u00f6verallt<\/li>\n<li>Topp p\u00e5 fodralet med muggh\u00e5llare och f\u00f6rvaringsfack<\/li>\n<li>Tillverkad av l\u00e4tt plast<\/li>\n<li>L\u00e4tt att montera<\/li>\n<\/ul>\n<h3>Teknisk data:<\/h3>\n<ul>\n<li>F\u00e4rg: Svart+Bl\u00e5+Gr\u00f6n<\/li>\n<li>Material: plast, ABS<\/li>\n<li>\u00d6vergripande m\u00e5tt: 400L x 22,4W x 155H cm<\/li>\n<li>Volleybolln\u00e4tstorlek: 400L x 40W cm<\/li>\n<li>Badmintonn\u00e4tstorlek: 400L x 28W cm<\/li>\n<li>Volleybolln\u00e4th\u00f6jd: 220 cm<\/li>\n<li>Badmintonn\u00e4th\u00f6jd: 160 cm<\/li>\n<li>F\u00f6rvaringsstorlek: 75L x 33W x 14H cm<\/li>\n<\/ul>\n<h3>Leveransens omfattning:<\/h3>\n<ul>\n<li>1 x Badmintonn\u00e4t<\/li>\n<li>1 x volleybolln\u00e4t<\/li>\n<li>1 x B\u00e4rv\u00e4ska<\/li>\n<li>1 x manuell<\/li>\n<\/ul>\n","protected":false},"excerpt":{"rendered":"<p>F\u00f6rb\u00e4ttra ditt spel med badmintonsetet med f\u00f6rl\u00e4ngningsst\u00e4nger f\u00f6r h\u00f6jdjustering f\u00f6r badminton och volleyboll. Detta b\u00e4rbara set kommer i en b\u00e4rv\u00e4ska&#8230;<\/p>\n","protected":false},"featured_media":54087,"template":"","meta":[],"product_brand":[],"product_cat":[669,647],"product_tag":[],"class_list":{"0":"post-54086","1":"product","2":"type-product","3":"status-publish","4":"has-post-thumbnail","6":"product_cat-bollsporter","7":"product_cat-sport-fritid","9":"first","10":"instock","11":"sale","12":"taxable","13":"shipping-taxable","14":"purchasable","15":"product-type-simple"},"yoast_head":"<!-- This site is optimized with the Yoast SEO plugin v25.4 - https:\/\/yoast.com\/wordpress\/plugins\/seo\/ -->\n<title>TRUUSK Badmintonn\u00e4tset och Volleybolln\u00e4tset - 3 Delar Set - 400cm X 22,4cm X 155cm - Svart, Bl\u00e5, Gr\u00f6n - H\u00f6g Kvalitet - TRUUSK - Hem, Tr\u00e4dg\u00e5rd &amp; Fritid<\/title>\n<meta name=\"robots\" content=\"index, follow, max-snippet:-1, max-image-preview:large, max-video-preview:-1\" \/>\n<link rel=\"canonical\" href=\"https:\/\/truusk.store\/sv\/produkt\/truusk-badmintonnatset-och-volleybollnatset-3-delar-set-400cm-x-224cm-x-155cm-svart-bla-gron-hog-kvalitet\/\" \/>\n<meta property=\"og:locale\" content=\"sv_SE\" \/>\n<meta property=\"og:type\" content=\"article\" \/>\n<meta property=\"og:title\" content=\"TRUUSK Badmintonn\u00e4tset och Volleybolln\u00e4tset - 3 Delar Set - 400cm X 22,4cm X 155cm - Svart, Bl\u00e5, Gr\u00f6n - H\u00f6g Kvalitet - TRUUSK - Hem, Tr\u00e4dg\u00e5rd &amp; Fritid\" \/>\n<meta property=\"og:description\" content=\"F\u00f6rb\u00e4ttra ditt spel med badmintonsetet med f\u00f6rl\u00e4ngningsst\u00e4nger f\u00f6r h\u00f6jdjustering f\u00f6r badminton och volleyboll. Detta b\u00e4rbara set kommer i en b\u00e4rv\u00e4ska...\" \/>\n<meta property=\"og:url\" content=\"https:\/\/truusk.store\/sv\/produkt\/truusk-badmintonnatset-och-volleybollnatset-3-delar-set-400cm-x-224cm-x-155cm-svart-bla-gron-hog-kvalitet\/\" \/>\n<meta property=\"og:site_name\" content=\"TRUUSK - Hem, Tr\u00e4dg\u00e5rd &amp; Fritid\" \/>\n<meta property=\"article:modified_time\" content=\"2026-03-12T08:38:06+00:00\" \/>\n<meta property=\"og:image\" content=\"https:\/\/i0.wp.com\/truusk.se\/wp-content\/uploads\/2024\/04\/badmintonnatset-volleybollnatset-3-delar-set-400cm-x-224cm-x-155cm-svart-bla-gron.webp?fit=800%2C800&ssl=1\" \/>\n\t<meta property=\"og:image:width\" content=\"800\" \/>\n\t<meta property=\"og:image:height\" content=\"800\" \/>\n\t<meta property=\"og:image:type\" content=\"image\/webp\" \/>\n<meta name=\"twitter:card\" content=\"summary_large_image\" \/>\n<meta name=\"twitter:label1\" content=\"Ber\u00e4knad l\u00e4stid\" \/>\n\t<meta name=\"twitter:data1\" content=\"1 minut\" \/>\n<!-- \/ Yoast SEO plugin. -->","yoast_head_json":{"title":"TRUUSK Badmintonn\u00e4tset och Volleybolln\u00e4tset - 3 Delar Set - 400cm X 22,4cm X 155cm - Svart, Bl\u00e5, Gr\u00f6n - H\u00f6g Kvalitet - TRUUSK - Hem, Tr\u00e4dg\u00e5rd &amp; Fritid","robots":{"index":"index","follow":"follow","max-snippet":"max-snippet:-1","max-image-preview":"max-image-preview:large","max-video-preview":"max-video-preview:-1"},"canonical":"https:\/\/truusk.store\/sv\/produkt\/truusk-badmintonnatset-och-volleybollnatset-3-delar-set-400cm-x-224cm-x-155cm-svart-bla-gron-hog-kvalitet\/","og_locale":"sv_SE","og_type":"article","og_title":"TRUUSK Badmintonn\u00e4tset och Volleybolln\u00e4tset - 3 Delar Set - 400cm X 22,4cm X 155cm - Svart, Bl\u00e5, Gr\u00f6n - H\u00f6g Kvalitet - TRUUSK - Hem, Tr\u00e4dg\u00e5rd &amp; Fritid","og_description":"F\u00f6rb\u00e4ttra ditt spel med badmintonsetet med f\u00f6rl\u00e4ngningsst\u00e4nger f\u00f6r h\u00f6jdjustering f\u00f6r badminton och volleyboll. Detta b\u00e4rbara set kommer i en b\u00e4rv\u00e4ska...","og_url":"https:\/\/truusk.store\/sv\/produkt\/truusk-badmintonnatset-och-volleybollnatset-3-delar-set-400cm-x-224cm-x-155cm-svart-bla-gron-hog-kvalitet\/","og_site_name":"TRUUSK - Hem, Tr\u00e4dg\u00e5rd &amp; Fritid","article_modified_time":"2026-03-12T08:38:06+00:00","og_image":[{"width":800,"height":800,"url":"https:\/\/i0.wp.com\/truusk.se\/wp-content\/uploads\/2024\/04\/badmintonnatset-volleybollnatset-3-delar-set-400cm-x-224cm-x-155cm-svart-bla-gron.webp?fit=800%2C800&ssl=1","type":"image\/webp"}],"twitter_card":"summary_large_image","twitter_misc":{"Ber\u00e4knad l\u00e4stid":"1 minut"},"schema":{"@context":"https:\/\/schema.org","@graph":[{"@type":"WebPage","@id":"https:\/\/truusk.store\/sv\/produkt\/truusk-badmintonnatset-och-volleybollnatset-3-delar-set-400cm-x-224cm-x-155cm-svart-bla-gron-hog-kvalitet\/","url":"https:\/\/truusk.store\/sv\/produkt\/truusk-badmintonnatset-och-volleybollnatset-3-delar-set-400cm-x-224cm-x-155cm-svart-bla-gron-hog-kvalitet\/","name":"TRUUSK Badmintonn\u00e4tset och Volleybolln\u00e4tset - 3 Delar Set - 400cm X 22,4cm X 155cm - Svart, Bl\u00e5, Gr\u00f6n - H\u00f6g Kvalitet - TRUUSK - Hem, Tr\u00e4dg\u00e5rd &amp; Fritid","isPartOf":{"@id":"https:\/\/truusk.store\/sv\/#website"},"primaryImageOfPage":{"@id":"https:\/\/truusk.store\/sv\/produkt\/truusk-badmintonnatset-och-volleybollnatset-3-delar-set-400cm-x-224cm-x-155cm-svart-bla-gron-hog-kvalitet\/#primaryimage"},"image":{"@id":"https:\/\/truusk.store\/sv\/produkt\/truusk-badmintonnatset-och-volleybollnatset-3-delar-set-400cm-x-224cm-x-155cm-svart-bla-gron-hog-kvalitet\/#primaryimage"},"thumbnailUrl":"https:\/\/i0.wp.com\/truusk.store\/wp-content\/uploads\/2024\/04\/badmintonnatset-volleybollnatset-3-delar-set-400cm-x-224cm-x-155cm-svart-bla-gron.webp?fit=800%2C800&ssl=1","datePublished":"2024-04-26T02:10:09+00:00","dateModified":"2026-03-12T08:38:06+00:00","breadcrumb":{"@id":"https:\/\/truusk.store\/sv\/produkt\/truusk-badmintonnatset-och-volleybollnatset-3-delar-set-400cm-x-224cm-x-155cm-svart-bla-gron-hog-kvalitet\/#breadcrumb"},"inLanguage":"sv-SE","potentialAction":[{"@type":"ReadAction","target":["https:\/\/truusk.store\/sv\/produkt\/truusk-badmintonnatset-och-volleybollnatset-3-delar-set-400cm-x-224cm-x-155cm-svart-bla-gron-hog-kvalitet\/"]}]},{"@type":"ImageObject","inLanguage":"sv-SE","@id":"https:\/\/truusk.store\/sv\/produkt\/truusk-badmintonnatset-och-volleybollnatset-3-delar-set-400cm-x-224cm-x-155cm-svart-bla-gron-hog-kvalitet\/#primaryimage","url":"https:\/\/i0.wp.com\/truusk.store\/wp-content\/uploads\/2024\/04\/badmintonnatset-volleybollnatset-3-delar-set-400cm-x-224cm-x-155cm-svart-bla-gron.webp?fit=800%2C800&ssl=1","contentUrl":"https:\/\/i0.wp.com\/truusk.store\/wp-content\/uploads\/2024\/04\/badmintonnatset-volleybollnatset-3-delar-set-400cm-x-224cm-x-155cm-svart-bla-gron.webp?fit=800%2C800&ssl=1","width":800,"height":800,"caption":"Badmintonn\u00e4tset Volleybolln\u00e4tset 3 Delar Set 400cm X 22,4cm X 155cm Svart + Bl\u00e5 + Gr\u00f6n 1"},{"@type":"BreadcrumbList","@id":"https:\/\/truusk.store\/sv\/produkt\/truusk-badmintonnatset-och-volleybollnatset-3-delar-set-400cm-x-224cm-x-155cm-svart-bla-gron-hog-kvalitet\/#breadcrumb","itemListElement":[{"@type":"ListItem","position":1,"name":"Home","item":"https:\/\/truusk.store\/sv\/"},{"@type":"ListItem","position":2,"name":"Shop","item":"https:\/\/truusk.store\/shop\/"},{"@type":"ListItem","position":3,"name":"TRUUSK Badmintonn\u00e4tset och Volleybolln\u00e4tset &#8211; 3 Delar Set &#8211; 400cm X 22,4cm X 155cm &#8211; Svart, Bl\u00e5, Gr\u00f6n &#8211; H\u00f6g Kvalitet"}]},{"@type":"WebSite","@id":"https:\/\/truusk.store\/sv\/#website","url":"https:\/\/truusk.store\/sv\/","name":"TRUUSK - Hem, Tr\u00e4dg\u00e5rd & Fritid","description":"","publisher":{"@id":"https:\/\/truusk.store\/sv\/#organization"},"potentialAction":[{"@type":"SearchAction","target":{"@type":"EntryPoint","urlTemplate":"https:\/\/truusk.store\/sv\/?s={search_term_string}"},"query-input":{"@type":"PropertyValueSpecification","valueRequired":true,"valueName":"search_term_string"}}],"inLanguage":"sv-SE"},{"@type":"Organization","@id":"https:\/\/truusk.store\/sv\/#organization","name":"TRUUSK - Hem, Tr\u00e4dg\u00e5rd & Fritid","url":"https:\/\/truusk.store\/sv\/","logo":{"@type":"ImageObject","inLanguage":"sv-SE","@id":"https:\/\/truusk.store\/sv\/#\/schema\/logo\/image\/","url":"https:\/\/i0.wp.com\/truusk.store\/wp-content\/uploads\/2026\/03\/cropped-TRUUSK.png?fit=2032%2C917&ssl=1","contentUrl":"https:\/\/i0.wp.com\/truusk.store\/wp-content\/uploads\/2026\/03\/cropped-TRUUSK.png?fit=2032%2C917&ssl=1","width":2032,"height":917,"caption":"TRUUSK - Hem, Tr\u00e4dg\u00e5rd & Fritid"},"image":{"@id":"https:\/\/truusk.store\/sv\/#\/schema\/logo\/image\/"}}]}},"jetpack_sharing_enabled":true,"_links":{"self":[{"href":"https:\/\/truusk.store\/sv\/wp-json\/wp\/v2\/product\/54086","targetHints":{"allow":["GET"]}}],"collection":[{"href":"https:\/\/truusk.store\/sv\/wp-json\/wp\/v2\/product"}],"about":[{"href":"https:\/\/truusk.store\/sv\/wp-json\/wp\/v2\/types\/product"}],"wp:featuredmedia":[{"embeddable":true,"href":"https:\/\/truusk.store\/sv\/wp-json\/wp\/v2\/media\/54087"}],"wp:attachment":[{"href":"https:\/\/truusk.store\/sv\/wp-json\/wp\/v2\/media?parent=54086"}],"wp:term":[{"taxonomy":"product_brand","embeddable":true,"href":"https:\/\/truusk.store\/sv\/wp-json\/wp\/v2\/product_brand?post=54086"},{"taxonomy":"product_cat","embeddable":true,"href":"https:\/\/truusk.store\/sv\/wp-json\/wp\/v2\/product_cat?post=54086"},{"taxonomy":"product_tag","embeddable":true,"href":"https:\/\/truusk.store\/sv\/wp-json\/wp\/v2\/product_tag?post=54086"}],"curies":[{"name":"wp","href":"https:\/\/api.w.org\/{rel}","templated":true}]}}