{"id":54097,"date":"2024-04-26T03:20:11","date_gmt":"2024-04-26T02:20:11","guid":{"rendered":"https:\/\/truusk.store\/product\/staende-flakt-med-befuktning-tyst-mobil-fjarrkontroll-svart-vit\/"},"modified":"2026-03-12T09:39:20","modified_gmt":"2026-03-12T08:39:20","slug":"truusk-tyst-mobil-flakt-med-befuktning-fjarrkontroll-svart-vit","status":"publish","type":"product","link":"https:\/\/truusk.store\/sv\/produkt\/truusk-tyst-mobil-flakt-med-befuktning-fjarrkontroll-svart-vit\/","title":{"rendered":"TRUUSK Tyst Mobil Fl\u00e4kt med Befuktning &#8211; Fj\u00e4rrkontroll &#8211; Svart\/vit"},"content":{"rendered":"<p>Upplev en uppfriskande bris med 2-i-1 piedestalfl\u00e4kten. Denna innovativa stativfl\u00e4kt erbjuder b\u00e5de en sval bris och en befuktningsfunktion som kan anv\u00e4ndas tillsammans eller var f\u00f6r sig f\u00f6r att skapa en h\u00e4lsosam, bekv\u00e4m inomhusatmosf\u00e4r. V\u00e4lj mellan tre hastigheter och l\u00e4gen &#8211; Normal, Natural eller Sleep, s\u00e5 att du kan andas djupt och fritt n\u00e4r som helst.<\/p>\n<h3>Beskrivning:<\/h3>\n<ul>\n<li>F\u00f6rb\u00e4ttrar komforten med ventilations- och befuktningsfunktioner som kan anv\u00e4ndas tillsammans eller separat<\/li>\n<li>Ventilation med tre hastigheter och tre l\u00e4gen, inklusive ett tyst vilol\u00e4ge<\/li>\n<li>Justerbar luftfuktning av dimfl\u00e4kten i tre niv\u00e5er<\/li>\n<li>S\u00e4kerst\u00e4ller optimal luftcirkulation med ett stort 75\u00b0 sv\u00e4ng- och tiltomr\u00e5de<\/li>\n<li>Tidsstyrd kyla tack vare timerfunktionen fr\u00e5n en halvtimme till 7,5 timmar<\/li>\n<li>Stor vattentank p\u00e5 piedestalfl\u00e4kten f\u00f6r l\u00e5nga luftfuktningstider, med vattenniv\u00e5indikator<\/li>\n<li>Utrustad med hjul f\u00f6r fri r\u00f6rlighet runt l\u00e4genheten<\/li>\n<li>Bekv\u00e4m fj\u00e4rrkontroll tack vare den medf\u00f6ljande fj\u00e4rrkontrollen<\/li>\n<li>L\u00e4mplig f\u00f6r sovrum, vardagsrum, hemmakontor, etc.<\/li>\n<li>Montering kr\u00e4vs<\/li>\n<\/ul>\n<h3>Teknisk data:<\/h3>\n<ul>\n<li>F\u00e4rg: Svart+Vit<\/li>\n<li>Material: metall, ABS<\/li>\n<li>\u00d6vergripande m\u00e5tt: 44,5L x 38,5W x 120H cm<\/li>\n<li>Basstorlek: 38,5W x 38,5D cm<\/li>\n<li>Kabell\u00e4ngd: 1,6 m<\/li>\n<li>Maximal luftfuktning: 22020 mL\/h<\/li>\n<li>Max ventilation: 44,98 m\/min<\/li>\n<li>Vattentankens kapacitet: 3 L<\/li>\n<li>Driftvolym: 59,68dB<\/li>\n<li>Ing\u00e5ng: 220-240V, 50Hz<\/li>\n<li>Effekt: 90W<\/li>\n<li>Batteri f\u00f6r fj\u00e4rrkontroll: 1 x CR2025 knappbatteri, ing\u00e5r<\/li>\n<\/ul>\n<h3>Leveransens omfattning:<\/h3>\n<ul>\n<li>1 x piedestalfl\u00e4kt<\/li>\n<li>1 x Fj\u00e4rrkontroll<\/li>\n<li>1 x manuell<\/li>\n<\/ul>\n","protected":false},"excerpt":{"rendered":"<p>Upplev en uppfriskande bris med 2-i-1 piedestalfl\u00e4kten. Denna innovativa stativfl\u00e4kt erbjuder b\u00e5de en sval bris och en befuktningsfunktion som kan&#8230;<\/p>\n","protected":false},"featured_media":54098,"template":"","meta":[],"product_brand":[],"product_cat":[697,671,696],"product_tag":[],"class_list":{"0":"post-54097","1":"product","2":"type-product","3":"status-publish","4":"has-post-thumbnail","6":"product_cat-flaktar-och-luftkonditioneringsapparater","7":"product_cat-jarnaffar","8":"product_cat-luftkonditionering-och-flaktar","10":"first","11":"instock","12":"sale","13":"taxable","14":"shipping-taxable","15":"purchasable","16":"product-type-simple"},"yoast_head":"<!-- This site is optimized with the Yoast SEO plugin v25.4 - https:\/\/yoast.com\/wordpress\/plugins\/seo\/ -->\n<title>TRUUSK Tyst Mobil Fl\u00e4kt med Befuktning - Fj\u00e4rrkontroll - Svart\/vit - TRUUSK - Hem, Tr\u00e4dg\u00e5rd &amp; Fritid<\/title>\n<meta name=\"robots\" content=\"index, follow, max-snippet:-1, max-image-preview:large, max-video-preview:-1\" \/>\n<link rel=\"canonical\" href=\"https:\/\/truusk.store\/sv\/produkt\/truusk-tyst-mobil-flakt-med-befuktning-fjarrkontroll-svart-vit\/\" \/>\n<meta property=\"og:locale\" content=\"sv_SE\" \/>\n<meta property=\"og:type\" content=\"article\" \/>\n<meta property=\"og:title\" content=\"TRUUSK Tyst Mobil Fl\u00e4kt med Befuktning - Fj\u00e4rrkontroll - Svart\/vit - TRUUSK - Hem, Tr\u00e4dg\u00e5rd &amp; Fritid\" \/>\n<meta property=\"og:description\" content=\"Upplev en uppfriskande bris med 2-i-1 piedestalfl\u00e4kten. Denna innovativa stativfl\u00e4kt erbjuder b\u00e5de en sval bris och en befuktningsfunktion som kan...\" \/>\n<meta property=\"og:url\" content=\"https:\/\/truusk.store\/sv\/produkt\/truusk-tyst-mobil-flakt-med-befuktning-fjarrkontroll-svart-vit\/\" \/>\n<meta property=\"og:site_name\" content=\"TRUUSK - Hem, Tr\u00e4dg\u00e5rd &amp; Fritid\" \/>\n<meta property=\"article:modified_time\" content=\"2026-03-12T08:39:20+00:00\" \/>\n<meta property=\"og:image\" content=\"https:\/\/i0.wp.com\/truusk.se\/wp-content\/uploads\/2024\/04\/staende-flakt-med-befuktning-tyst-mobil-fjarrkontroll-svart-vit.webp?fit=800%2C800&ssl=1\" \/>\n\t<meta property=\"og:image:width\" content=\"800\" \/>\n\t<meta property=\"og:image:height\" content=\"800\" \/>\n\t<meta property=\"og:image:type\" content=\"image\/webp\" \/>\n<meta name=\"twitter:card\" content=\"summary_large_image\" \/>\n<meta name=\"twitter:label1\" content=\"Ber\u00e4knad l\u00e4stid\" \/>\n\t<meta name=\"twitter:data1\" content=\"1 minut\" \/>\n<!-- \/ Yoast SEO plugin. -->","yoast_head_json":{"title":"TRUUSK Tyst Mobil Fl\u00e4kt med Befuktning - Fj\u00e4rrkontroll - Svart\/vit - TRUUSK - Hem, Tr\u00e4dg\u00e5rd &amp; Fritid","robots":{"index":"index","follow":"follow","max-snippet":"max-snippet:-1","max-image-preview":"max-image-preview:large","max-video-preview":"max-video-preview:-1"},"canonical":"https:\/\/truusk.store\/sv\/produkt\/truusk-tyst-mobil-flakt-med-befuktning-fjarrkontroll-svart-vit\/","og_locale":"sv_SE","og_type":"article","og_title":"TRUUSK Tyst Mobil Fl\u00e4kt med Befuktning - Fj\u00e4rrkontroll - Svart\/vit - TRUUSK - Hem, Tr\u00e4dg\u00e5rd &amp; Fritid","og_description":"Upplev en uppfriskande bris med 2-i-1 piedestalfl\u00e4kten. Denna innovativa stativfl\u00e4kt erbjuder b\u00e5de en sval bris och en befuktningsfunktion som kan...","og_url":"https:\/\/truusk.store\/sv\/produkt\/truusk-tyst-mobil-flakt-med-befuktning-fjarrkontroll-svart-vit\/","og_site_name":"TRUUSK - Hem, Tr\u00e4dg\u00e5rd &amp; Fritid","article_modified_time":"2026-03-12T08:39:20+00:00","og_image":[{"width":800,"height":800,"url":"https:\/\/i0.wp.com\/truusk.se\/wp-content\/uploads\/2024\/04\/staende-flakt-med-befuktning-tyst-mobil-fjarrkontroll-svart-vit.webp?fit=800%2C800&ssl=1","type":"image\/webp"}],"twitter_card":"summary_large_image","twitter_misc":{"Ber\u00e4knad l\u00e4stid":"1 minut"},"schema":{"@context":"https:\/\/schema.org","@graph":[{"@type":"WebPage","@id":"https:\/\/truusk.store\/sv\/produkt\/truusk-tyst-mobil-flakt-med-befuktning-fjarrkontroll-svart-vit\/","url":"https:\/\/truusk.store\/sv\/produkt\/truusk-tyst-mobil-flakt-med-befuktning-fjarrkontroll-svart-vit\/","name":"TRUUSK Tyst Mobil Fl\u00e4kt med Befuktning - Fj\u00e4rrkontroll - Svart\/vit - TRUUSK - Hem, Tr\u00e4dg\u00e5rd &amp; Fritid","isPartOf":{"@id":"https:\/\/truusk.store\/sv\/#website"},"primaryImageOfPage":{"@id":"https:\/\/truusk.store\/sv\/produkt\/truusk-tyst-mobil-flakt-med-befuktning-fjarrkontroll-svart-vit\/#primaryimage"},"image":{"@id":"https:\/\/truusk.store\/sv\/produkt\/truusk-tyst-mobil-flakt-med-befuktning-fjarrkontroll-svart-vit\/#primaryimage"},"thumbnailUrl":"https:\/\/i0.wp.com\/truusk.store\/wp-content\/uploads\/2024\/04\/staende-flakt-med-befuktning-tyst-mobil-fjarrkontroll-svart-vit.webp?fit=800%2C800&ssl=1","datePublished":"2024-04-26T02:20:11+00:00","dateModified":"2026-03-12T08:39:20+00:00","breadcrumb":{"@id":"https:\/\/truusk.store\/sv\/produkt\/truusk-tyst-mobil-flakt-med-befuktning-fjarrkontroll-svart-vit\/#breadcrumb"},"inLanguage":"sv-SE","potentialAction":[{"@type":"ReadAction","target":["https:\/\/truusk.store\/sv\/produkt\/truusk-tyst-mobil-flakt-med-befuktning-fjarrkontroll-svart-vit\/"]}]},{"@type":"ImageObject","inLanguage":"sv-SE","@id":"https:\/\/truusk.store\/sv\/produkt\/truusk-tyst-mobil-flakt-med-befuktning-fjarrkontroll-svart-vit\/#primaryimage","url":"https:\/\/i0.wp.com\/truusk.store\/wp-content\/uploads\/2024\/04\/staende-flakt-med-befuktning-tyst-mobil-fjarrkontroll-svart-vit.webp?fit=800%2C800&ssl=1","contentUrl":"https:\/\/i0.wp.com\/truusk.store\/wp-content\/uploads\/2024\/04\/staende-flakt-med-befuktning-tyst-mobil-fjarrkontroll-svart-vit.webp?fit=800%2C800&ssl=1","width":800,"height":800,"caption":"St\u00e5ende Fl\u00e4kt Med Befuktning, Tyst, Mobil, Fj\u00e4rrkontroll, Svart\/vit 1"},{"@type":"BreadcrumbList","@id":"https:\/\/truusk.store\/sv\/produkt\/truusk-tyst-mobil-flakt-med-befuktning-fjarrkontroll-svart-vit\/#breadcrumb","itemListElement":[{"@type":"ListItem","position":1,"name":"Home","item":"https:\/\/truusk.store\/sv\/"},{"@type":"ListItem","position":2,"name":"Shop","item":"https:\/\/truusk.store\/shop\/"},{"@type":"ListItem","position":3,"name":"TRUUSK Tyst Mobil Fl\u00e4kt med Befuktning &#8211; Fj\u00e4rrkontroll &#8211; Svart\/vit"}]},{"@type":"WebSite","@id":"https:\/\/truusk.store\/sv\/#website","url":"https:\/\/truusk.store\/sv\/","name":"TRUUSK - Hem, Tr\u00e4dg\u00e5rd & Fritid","description":"","publisher":{"@id":"https:\/\/truusk.store\/sv\/#organization"},"potentialAction":[{"@type":"SearchAction","target":{"@type":"EntryPoint","urlTemplate":"https:\/\/truusk.store\/sv\/?s={search_term_string}"},"query-input":{"@type":"PropertyValueSpecification","valueRequired":true,"valueName":"search_term_string"}}],"inLanguage":"sv-SE"},{"@type":"Organization","@id":"https:\/\/truusk.store\/sv\/#organization","name":"TRUUSK - Hem, Tr\u00e4dg\u00e5rd & Fritid","url":"https:\/\/truusk.store\/sv\/","logo":{"@type":"ImageObject","inLanguage":"sv-SE","@id":"https:\/\/truusk.store\/sv\/#\/schema\/logo\/image\/","url":"https:\/\/i0.wp.com\/truusk.store\/wp-content\/uploads\/2026\/03\/cropped-TRUUSK.png?fit=2032%2C917&ssl=1","contentUrl":"https:\/\/i0.wp.com\/truusk.store\/wp-content\/uploads\/2026\/03\/cropped-TRUUSK.png?fit=2032%2C917&ssl=1","width":2032,"height":917,"caption":"TRUUSK - Hem, Tr\u00e4dg\u00e5rd & Fritid"},"image":{"@id":"https:\/\/truusk.store\/sv\/#\/schema\/logo\/image\/"}}]}},"jetpack_sharing_enabled":true,"_links":{"self":[{"href":"https:\/\/truusk.store\/sv\/wp-json\/wp\/v2\/product\/54097","targetHints":{"allow":["GET"]}}],"collection":[{"href":"https:\/\/truusk.store\/sv\/wp-json\/wp\/v2\/product"}],"about":[{"href":"https:\/\/truusk.store\/sv\/wp-json\/wp\/v2\/types\/product"}],"wp:featuredmedia":[{"embeddable":true,"href":"https:\/\/truusk.store\/sv\/wp-json\/wp\/v2\/media\/54098"}],"wp:attachment":[{"href":"https:\/\/truusk.store\/sv\/wp-json\/wp\/v2\/media?parent=54097"}],"wp:term":[{"taxonomy":"product_brand","embeddable":true,"href":"https:\/\/truusk.store\/sv\/wp-json\/wp\/v2\/product_brand?post=54097"},{"taxonomy":"product_cat","embeddable":true,"href":"https:\/\/truusk.store\/sv\/wp-json\/wp\/v2\/product_cat?post=54097"},{"taxonomy":"product_tag","embeddable":true,"href":"https:\/\/truusk.store\/sv\/wp-json\/wp\/v2\/product_tag?post=54097"}],"curies":[{"name":"wp","href":"https:\/\/api.w.org\/{rel}","templated":true}]}}