{"id":54140,"date":"2024-04-26T04:10:09","date_gmt":"2024-04-26T03:10:09","guid":{"rendered":"https:\/\/truusk.store\/product\/biljardbord-hopfallbart-hoj-och-sankbart-inklusive-triangel-2-kon-16-bollar-gron\/"},"modified":"2026-03-12T09:38:11","modified_gmt":"2026-03-12T08:38:11","slug":"truusk-biljardbord-hopfallbart-hoj-och-sankbart-inklusive-triangel-2-kon-16-bollar-gron","status":"publish","type":"product","link":"https:\/\/truusk.store\/sv\/produkt\/truusk-biljardbord-hopfallbart-hoj-och-sankbart-inklusive-triangel-2-kon-16-bollar-gron\/","title":{"rendered":"TRUUSK Biljardbord &#8211; Hopf\u00e4llbart &#8211; H\u00f6j- Och S\u00e4nkbart &#8211; Inklusive Triangel\/2 K\u00f6n\/16 Bollar &#8211; Gr\u00f6n"},"content":{"rendered":"<p>Ta med dig snooker-actionen hem med detta hopf\u00e4llbara biljardbord! Vik ut benen, justera h\u00f6jden och s\u00e4tt ig\u00e5ng: h\u00e4r kan hela familjen leva ut sin biljardfeber. Biljardbordet kommer med tv\u00e5 k\u00f6er, biljardbollar, krita, en borste och en triangel f\u00f6r att perfekt avrunda ditt biljardn\u00f6je. Fransdekorationen p\u00e5 de sex fickorna ger en intressant accent. Bordet \u00e4r kompakt ihopf\u00e4llt och kan f\u00f6rvaras n\u00e4stan var som helst.<\/p>\n<h3>Beskrivning:<\/h3>\n<ul>\n<li>H\u00f6jdjusterbar f\u00f6r bekv\u00e4m lek f\u00f6r alla familjemedlemmar<\/li>\n<li>Genom att st\u00e4lla upp biljardbordet omedelbart kan du b\u00f6rja spela snabbt<\/li>\n<li>F\u00e4lls ihop p\u00e5 n\u00e5gra sekunder f\u00f6r enkel, platsbesparande f\u00f6rvaring<\/li>\n<li>Biljardbordsfickor med konstl\u00e4der och fransar f\u00f6r en intressant look<\/li>\n<li>Ingen montering kr\u00e4vs<\/li>\n<\/ul>\n<h3>Teknisk data:<\/h3>\n<ul>\n<li>F\u00e4rg: gr\u00f6n<\/li>\n<li>Material: MDF, st\u00e5l<\/li>\n<li>\u00d6vergripande m\u00e5tt: 140L x 60W x 55-75H cm<\/li>\n<li>Vikstorlek: 145L x 70W x 14H cm<\/li>\n<li>K\u00f6l\u00e4ngd: 90 cm<\/li>\n<li>Kulstorlek: 3,8 cm<\/li>\n<\/ul>\n<h3>Leveransens omfattning:<\/h3>\n<ul>\n<li>1 x biljardbord<\/li>\n<li>2 x biljardk\u00f6<\/li>\n<li>16 x biljardbollar<\/li>\n<li>1 x triangel<\/li>\n<li>1 x bordsborste<\/li>\n<li>2 x krita f\u00f6r poolk\u00f6n<\/li>\n<li>1 x Instruktioner<\/li>\n<\/ul>\n","protected":false},"excerpt":{"rendered":"<p>Ta med dig snooker-actionen hem med detta hopf\u00e4llbara biljardbord! Vik ut benen, justera h\u00f6jden och s\u00e4tt ig\u00e5ng: h\u00e4r kan hela&#8230;<\/p>\n","protected":false},"featured_media":54141,"template":"","meta":[],"product_brand":[],"product_cat":[656,508,647],"product_tag":[],"class_list":{"0":"post-54140","1":"product","2":"type-product","3":"status-publish","4":"has-post-thumbnail","6":"product_cat-spel-hobby","7":"product_cat-spelbord","8":"product_cat-sport-fritid","10":"first","11":"instock","12":"sale","13":"taxable","14":"shipping-taxable","15":"purchasable","16":"product-type-simple"},"yoast_head":"<!-- This site is optimized with the Yoast SEO plugin v25.4 - https:\/\/yoast.com\/wordpress\/plugins\/seo\/ -->\n<title>TRUUSK Biljardbord - Hopf\u00e4llbart - H\u00f6j- Och S\u00e4nkbart - Inklusive Triangel\/2 K\u00f6n\/16 Bollar - Gr\u00f6n - TRUUSK - Hem, Tr\u00e4dg\u00e5rd &amp; Fritid<\/title>\n<meta name=\"robots\" content=\"index, follow, max-snippet:-1, max-image-preview:large, max-video-preview:-1\" \/>\n<link rel=\"canonical\" href=\"https:\/\/truusk.store\/sv\/produkt\/truusk-biljardbord-hopfallbart-hoj-och-sankbart-inklusive-triangel-2-kon-16-bollar-gron\/\" \/>\n<meta property=\"og:locale\" content=\"sv_SE\" \/>\n<meta property=\"og:type\" content=\"article\" \/>\n<meta property=\"og:title\" content=\"TRUUSK Biljardbord - Hopf\u00e4llbart - H\u00f6j- Och S\u00e4nkbart - Inklusive Triangel\/2 K\u00f6n\/16 Bollar - Gr\u00f6n - TRUUSK - Hem, Tr\u00e4dg\u00e5rd &amp; Fritid\" \/>\n<meta property=\"og:description\" content=\"Ta med dig snooker-actionen hem med detta hopf\u00e4llbara biljardbord! Vik ut benen, justera h\u00f6jden och s\u00e4tt ig\u00e5ng: h\u00e4r kan hela...\" \/>\n<meta property=\"og:url\" content=\"https:\/\/truusk.store\/sv\/produkt\/truusk-biljardbord-hopfallbart-hoj-och-sankbart-inklusive-triangel-2-kon-16-bollar-gron\/\" \/>\n<meta property=\"og:site_name\" content=\"TRUUSK - Hem, Tr\u00e4dg\u00e5rd &amp; Fritid\" \/>\n<meta property=\"article:modified_time\" content=\"2026-03-12T08:38:11+00:00\" \/>\n<meta property=\"og:image\" content=\"https:\/\/i0.wp.com\/truusk.se\/wp-content\/uploads\/2024\/04\/biljardbord-hopfallbart-hoj-och-sankbart-inklusive-triangel-2-kon-16-bollar-gron.webp?fit=800%2C800&ssl=1\" \/>\n\t<meta property=\"og:image:width\" content=\"800\" \/>\n\t<meta property=\"og:image:height\" content=\"800\" \/>\n\t<meta property=\"og:image:type\" content=\"image\/webp\" \/>\n<meta name=\"twitter:card\" content=\"summary_large_image\" \/>\n<meta name=\"twitter:label1\" content=\"Ber\u00e4knad l\u00e4stid\" \/>\n\t<meta name=\"twitter:data1\" content=\"1 minut\" \/>\n<!-- \/ Yoast SEO plugin. -->","yoast_head_json":{"title":"TRUUSK Biljardbord - Hopf\u00e4llbart - H\u00f6j- Och S\u00e4nkbart - Inklusive Triangel\/2 K\u00f6n\/16 Bollar - Gr\u00f6n - TRUUSK - Hem, Tr\u00e4dg\u00e5rd &amp; Fritid","robots":{"index":"index","follow":"follow","max-snippet":"max-snippet:-1","max-image-preview":"max-image-preview:large","max-video-preview":"max-video-preview:-1"},"canonical":"https:\/\/truusk.store\/sv\/produkt\/truusk-biljardbord-hopfallbart-hoj-och-sankbart-inklusive-triangel-2-kon-16-bollar-gron\/","og_locale":"sv_SE","og_type":"article","og_title":"TRUUSK Biljardbord - Hopf\u00e4llbart - H\u00f6j- Och S\u00e4nkbart - Inklusive Triangel\/2 K\u00f6n\/16 Bollar - Gr\u00f6n - TRUUSK - Hem, Tr\u00e4dg\u00e5rd &amp; Fritid","og_description":"Ta med dig snooker-actionen hem med detta hopf\u00e4llbara biljardbord! Vik ut benen, justera h\u00f6jden och s\u00e4tt ig\u00e5ng: h\u00e4r kan hela...","og_url":"https:\/\/truusk.store\/sv\/produkt\/truusk-biljardbord-hopfallbart-hoj-och-sankbart-inklusive-triangel-2-kon-16-bollar-gron\/","og_site_name":"TRUUSK - Hem, Tr\u00e4dg\u00e5rd &amp; Fritid","article_modified_time":"2026-03-12T08:38:11+00:00","og_image":[{"width":800,"height":800,"url":"https:\/\/i0.wp.com\/truusk.se\/wp-content\/uploads\/2024\/04\/biljardbord-hopfallbart-hoj-och-sankbart-inklusive-triangel-2-kon-16-bollar-gron.webp?fit=800%2C800&ssl=1","type":"image\/webp"}],"twitter_card":"summary_large_image","twitter_misc":{"Ber\u00e4knad l\u00e4stid":"1 minut"},"schema":{"@context":"https:\/\/schema.org","@graph":[{"@type":"WebPage","@id":"https:\/\/truusk.store\/sv\/produkt\/truusk-biljardbord-hopfallbart-hoj-och-sankbart-inklusive-triangel-2-kon-16-bollar-gron\/","url":"https:\/\/truusk.store\/sv\/produkt\/truusk-biljardbord-hopfallbart-hoj-och-sankbart-inklusive-triangel-2-kon-16-bollar-gron\/","name":"TRUUSK Biljardbord - Hopf\u00e4llbart - H\u00f6j- Och S\u00e4nkbart - Inklusive Triangel\/2 K\u00f6n\/16 Bollar - Gr\u00f6n - TRUUSK - Hem, Tr\u00e4dg\u00e5rd &amp; Fritid","isPartOf":{"@id":"https:\/\/truusk.store\/sv\/#website"},"primaryImageOfPage":{"@id":"https:\/\/truusk.store\/sv\/produkt\/truusk-biljardbord-hopfallbart-hoj-och-sankbart-inklusive-triangel-2-kon-16-bollar-gron\/#primaryimage"},"image":{"@id":"https:\/\/truusk.store\/sv\/produkt\/truusk-biljardbord-hopfallbart-hoj-och-sankbart-inklusive-triangel-2-kon-16-bollar-gron\/#primaryimage"},"thumbnailUrl":"https:\/\/i0.wp.com\/truusk.store\/wp-content\/uploads\/2024\/04\/biljardbord-hopfallbart-hoj-och-sankbart-inklusive-triangel-2-kon-16-bollar-gron.webp?fit=800%2C800&ssl=1","datePublished":"2024-04-26T03:10:09+00:00","dateModified":"2026-03-12T08:38:11+00:00","breadcrumb":{"@id":"https:\/\/truusk.store\/sv\/produkt\/truusk-biljardbord-hopfallbart-hoj-och-sankbart-inklusive-triangel-2-kon-16-bollar-gron\/#breadcrumb"},"inLanguage":"sv-SE","potentialAction":[{"@type":"ReadAction","target":["https:\/\/truusk.store\/sv\/produkt\/truusk-biljardbord-hopfallbart-hoj-och-sankbart-inklusive-triangel-2-kon-16-bollar-gron\/"]}]},{"@type":"ImageObject","inLanguage":"sv-SE","@id":"https:\/\/truusk.store\/sv\/produkt\/truusk-biljardbord-hopfallbart-hoj-och-sankbart-inklusive-triangel-2-kon-16-bollar-gron\/#primaryimage","url":"https:\/\/i0.wp.com\/truusk.store\/wp-content\/uploads\/2024\/04\/biljardbord-hopfallbart-hoj-och-sankbart-inklusive-triangel-2-kon-16-bollar-gron.webp?fit=800%2C800&ssl=1","contentUrl":"https:\/\/i0.wp.com\/truusk.store\/wp-content\/uploads\/2024\/04\/biljardbord-hopfallbart-hoj-och-sankbart-inklusive-triangel-2-kon-16-bollar-gron.webp?fit=800%2C800&ssl=1","width":800,"height":800,"caption":"Biljardbord, Hopf\u00e4llbart, H\u00f6j- Och S\u00e4nkbart, Inklusive Triangel\/2 K\u00f6n\/16 Bollar, Gr\u00f6n 1"},{"@type":"BreadcrumbList","@id":"https:\/\/truusk.store\/sv\/produkt\/truusk-biljardbord-hopfallbart-hoj-och-sankbart-inklusive-triangel-2-kon-16-bollar-gron\/#breadcrumb","itemListElement":[{"@type":"ListItem","position":1,"name":"Home","item":"https:\/\/truusk.store\/sv\/"},{"@type":"ListItem","position":2,"name":"Shop","item":"https:\/\/truusk.store\/shop\/"},{"@type":"ListItem","position":3,"name":"TRUUSK Biljardbord &#8211; Hopf\u00e4llbart &#8211; H\u00f6j- Och S\u00e4nkbart &#8211; Inklusive Triangel\/2 K\u00f6n\/16 Bollar &#8211; Gr\u00f6n"}]},{"@type":"WebSite","@id":"https:\/\/truusk.store\/sv\/#website","url":"https:\/\/truusk.store\/sv\/","name":"TRUUSK - Hem, Tr\u00e4dg\u00e5rd & Fritid","description":"","publisher":{"@id":"https:\/\/truusk.store\/sv\/#organization"},"potentialAction":[{"@type":"SearchAction","target":{"@type":"EntryPoint","urlTemplate":"https:\/\/truusk.store\/sv\/?s={search_term_string}"},"query-input":{"@type":"PropertyValueSpecification","valueRequired":true,"valueName":"search_term_string"}}],"inLanguage":"sv-SE"},{"@type":"Organization","@id":"https:\/\/truusk.store\/sv\/#organization","name":"TRUUSK - Hem, Tr\u00e4dg\u00e5rd & Fritid","url":"https:\/\/truusk.store\/sv\/","logo":{"@type":"ImageObject","inLanguage":"sv-SE","@id":"https:\/\/truusk.store\/sv\/#\/schema\/logo\/image\/","url":"https:\/\/i0.wp.com\/truusk.store\/wp-content\/uploads\/2026\/03\/cropped-TRUUSK.png?fit=2032%2C917&ssl=1","contentUrl":"https:\/\/i0.wp.com\/truusk.store\/wp-content\/uploads\/2026\/03\/cropped-TRUUSK.png?fit=2032%2C917&ssl=1","width":2032,"height":917,"caption":"TRUUSK - Hem, Tr\u00e4dg\u00e5rd & Fritid"},"image":{"@id":"https:\/\/truusk.store\/sv\/#\/schema\/logo\/image\/"}}]}},"jetpack_sharing_enabled":true,"_links":{"self":[{"href":"https:\/\/truusk.store\/sv\/wp-json\/wp\/v2\/product\/54140","targetHints":{"allow":["GET"]}}],"collection":[{"href":"https:\/\/truusk.store\/sv\/wp-json\/wp\/v2\/product"}],"about":[{"href":"https:\/\/truusk.store\/sv\/wp-json\/wp\/v2\/types\/product"}],"wp:featuredmedia":[{"embeddable":true,"href":"https:\/\/truusk.store\/sv\/wp-json\/wp\/v2\/media\/54141"}],"wp:attachment":[{"href":"https:\/\/truusk.store\/sv\/wp-json\/wp\/v2\/media?parent=54140"}],"wp:term":[{"taxonomy":"product_brand","embeddable":true,"href":"https:\/\/truusk.store\/sv\/wp-json\/wp\/v2\/product_brand?post=54140"},{"taxonomy":"product_cat","embeddable":true,"href":"https:\/\/truusk.store\/sv\/wp-json\/wp\/v2\/product_cat?post=54140"},{"taxonomy":"product_tag","embeddable":true,"href":"https:\/\/truusk.store\/sv\/wp-json\/wp\/v2\/product_tag?post=54140"}],"curies":[{"name":"wp","href":"https:\/\/api.w.org\/{rel}","templated":true}]}}