{"id":54191,"date":"2024-04-26T05:00:10","date_gmt":"2024-04-26T04:00:10","guid":{"rendered":"https:\/\/truusk.store\/product\/vaxtstall-blomsterhylla-2-plan-med-spalje-tak-gran-60x50x166cm-gul\/"},"modified":"2026-03-12T09:38:20","modified_gmt":"2026-03-12T08:38:20","slug":"truusk-vaxtstall-och-blomsterhylla-2-plan-med-spalje-och-tak-gran-60x50x166cm-gul","status":"publish","type":"product","link":"https:\/\/truusk.store\/sv\/produkt\/truusk-vaxtstall-och-blomsterhylla-2-plan-med-spalje-och-tak-gran-60x50x166cm-gul\/","title":{"rendered":"TRUUSK V\u00e4xtst\u00e4ll och Blomsterhylla &#8211; 2 Plan &#8211; Med Spalj\u00e9 och Tak &#8211; Gran &#8211; 60x50x166cm &#8211; Gul"},"content":{"rendered":"<p>S\u00e4tt dina favoritv\u00e4xter i rampljuset med detta tv\u00e5stegs v\u00e4xtst\u00e4ll! Denna eleganta v\u00e4xthylla ger inte bara plats f\u00f6r dina blomkrukor, utan har \u00e4ven en spalj\u00e9 och ett skyddande tak. Perfekt f\u00f6r att st\u00f6dja kl\u00e4tterv\u00e4xter eller dekorera spalj\u00e9n med foton eller lysdioder. Tillverkat av robust grantr\u00e4, kommer detta blomsterst\u00e4ll att st\u00e5 emot v\u00e4der och vind och l\u00e4gga till en naturlig, personlig estetik till ditt utomhusutrymme.<\/p>\n<h3>Beskrivning:<\/h3>\n<ul>\n<li>Plantst\u00e4llning i tv\u00e5 plan &#8211; optimal presentationsyta och blomstrande milj\u00f6 f\u00f6r dina v\u00e4xter<\/li>\n<li>Tack vare spalj\u00e9n har dina kl\u00e4tterv\u00e4xter gott om plats att v\u00e4xa<\/li>\n<li>Takytan \u00e4r perfekt f\u00f6r att h\u00e4nga upp blomkrukor och andra dekorativa element<\/li>\n<li>Hyllor i lamelldesign s\u00e4kerst\u00e4ller effektiv vattenavledning<\/li>\n<li>Den robusta grantr\u00e4konstruktionen har en skyddande, v\u00e4derbest\u00e4ndig finish<\/li>\n<li>Montering kr\u00e4vs<\/li>\n<\/ul>\n<h3>Teknisk data:<\/h3>\n<ul>\n<li>F\u00e4rg gul<\/li>\n<li>Material: gran<\/li>\n<li>\u00d6vergripande m\u00e5tt: 60W x 50D x 166H cm<\/li>\n<li>Hyllm\u00e5tt: 60L x 25W x 30H cm<\/li>\n<li>60L x 22W x 55H cm<\/li>\n<li>Spalj\u00e9m\u00e5tt: 60W x 100H cm<\/li>\n<li>Lastkapacitet: 30 kg (per hylla)<\/li>\n<\/ul>\n<h3>Leveransens omfattning:<\/h3>\n<ul>\n<li>1 x Plantst\u00e4ll<\/li>\n<li>1 x Instruktioner<\/li>\n<\/ul>\n","protected":false},"excerpt":{"rendered":"<p>S\u00e4tt dina favoritv\u00e4xter i rampljuset med detta tv\u00e5stegs v\u00e4xtst\u00e4ll! Denna eleganta v\u00e4xthylla ger inte bara plats f\u00f6r dina blomkrukor, utan&#8230;<\/p>\n","protected":false},"featured_media":54192,"template":"","meta":[],"product_brand":[],"product_cat":[448,435,443,734],"product_tag":[],"class_list":{"0":"post-54191","1":"product","2":"type-product","3":"status-publish","4":"has-post-thumbnail","6":"product_cat-plantera-trappor-hyllor","7":"product_cat-tradgard-och-terrass","8":"product_cat-vaxthus-tradgardsskotsel","9":"product_cat-vaxthyllor","11":"first","12":"instock","13":"sale","14":"taxable","15":"shipping-taxable","16":"purchasable","17":"product-type-simple"},"yoast_head":"<!-- This site is optimized with the Yoast SEO plugin v25.4 - https:\/\/yoast.com\/wordpress\/plugins\/seo\/ -->\n<title>TRUUSK V\u00e4xtst\u00e4ll och Blomsterhylla - 2 Plan - Med Spalj\u00e9 och Tak - Gran - 60x50x166cm - Gul - TRUUSK - Hem, Tr\u00e4dg\u00e5rd &amp; Fritid<\/title>\n<meta name=\"robots\" content=\"index, follow, max-snippet:-1, max-image-preview:large, max-video-preview:-1\" \/>\n<link rel=\"canonical\" href=\"https:\/\/truusk.store\/sv\/produkt\/truusk-vaxtstall-och-blomsterhylla-2-plan-med-spalje-och-tak-gran-60x50x166cm-gul\/\" \/>\n<meta property=\"og:locale\" content=\"sv_SE\" \/>\n<meta property=\"og:type\" content=\"article\" \/>\n<meta property=\"og:title\" content=\"TRUUSK V\u00e4xtst\u00e4ll och Blomsterhylla - 2 Plan - Med Spalj\u00e9 och Tak - Gran - 60x50x166cm - Gul - TRUUSK - Hem, Tr\u00e4dg\u00e5rd &amp; Fritid\" \/>\n<meta property=\"og:description\" content=\"S\u00e4tt dina favoritv\u00e4xter i rampljuset med detta tv\u00e5stegs v\u00e4xtst\u00e4ll! Denna eleganta v\u00e4xthylla ger inte bara plats f\u00f6r dina blomkrukor, utan...\" \/>\n<meta property=\"og:url\" content=\"https:\/\/truusk.store\/sv\/produkt\/truusk-vaxtstall-och-blomsterhylla-2-plan-med-spalje-och-tak-gran-60x50x166cm-gul\/\" \/>\n<meta property=\"og:site_name\" content=\"TRUUSK - Hem, Tr\u00e4dg\u00e5rd &amp; Fritid\" \/>\n<meta property=\"article:modified_time\" content=\"2026-03-12T08:38:20+00:00\" \/>\n<meta property=\"og:image\" content=\"https:\/\/i0.wp.com\/truusk.se\/wp-content\/uploads\/2024\/04\/vaxtstall-blomsterhylla-2-plan-med-spalje-tak-gran-60x50x166cm-gul.webp?fit=800%2C800&ssl=1\" \/>\n\t<meta property=\"og:image:width\" content=\"800\" \/>\n\t<meta property=\"og:image:height\" content=\"800\" \/>\n\t<meta property=\"og:image:type\" content=\"image\/webp\" \/>\n<meta name=\"twitter:card\" content=\"summary_large_image\" \/>\n<meta name=\"twitter:label1\" content=\"Ber\u00e4knad l\u00e4stid\" \/>\n\t<meta name=\"twitter:data1\" content=\"1 minut\" \/>\n<!-- \/ Yoast SEO plugin. -->","yoast_head_json":{"title":"TRUUSK V\u00e4xtst\u00e4ll och Blomsterhylla - 2 Plan - Med Spalj\u00e9 och Tak - Gran - 60x50x166cm - Gul - TRUUSK - Hem, Tr\u00e4dg\u00e5rd &amp; Fritid","robots":{"index":"index","follow":"follow","max-snippet":"max-snippet:-1","max-image-preview":"max-image-preview:large","max-video-preview":"max-video-preview:-1"},"canonical":"https:\/\/truusk.store\/sv\/produkt\/truusk-vaxtstall-och-blomsterhylla-2-plan-med-spalje-och-tak-gran-60x50x166cm-gul\/","og_locale":"sv_SE","og_type":"article","og_title":"TRUUSK V\u00e4xtst\u00e4ll och Blomsterhylla - 2 Plan - Med Spalj\u00e9 och Tak - Gran - 60x50x166cm - Gul - TRUUSK - Hem, Tr\u00e4dg\u00e5rd &amp; Fritid","og_description":"S\u00e4tt dina favoritv\u00e4xter i rampljuset med detta tv\u00e5stegs v\u00e4xtst\u00e4ll! Denna eleganta v\u00e4xthylla ger inte bara plats f\u00f6r dina blomkrukor, utan...","og_url":"https:\/\/truusk.store\/sv\/produkt\/truusk-vaxtstall-och-blomsterhylla-2-plan-med-spalje-och-tak-gran-60x50x166cm-gul\/","og_site_name":"TRUUSK - Hem, Tr\u00e4dg\u00e5rd &amp; Fritid","article_modified_time":"2026-03-12T08:38:20+00:00","og_image":[{"width":800,"height":800,"url":"https:\/\/i0.wp.com\/truusk.se\/wp-content\/uploads\/2024\/04\/vaxtstall-blomsterhylla-2-plan-med-spalje-tak-gran-60x50x166cm-gul.webp?fit=800%2C800&ssl=1","type":"image\/webp"}],"twitter_card":"summary_large_image","twitter_misc":{"Ber\u00e4knad l\u00e4stid":"1 minut"},"schema":{"@context":"https:\/\/schema.org","@graph":[{"@type":"WebPage","@id":"https:\/\/truusk.store\/sv\/produkt\/truusk-vaxtstall-och-blomsterhylla-2-plan-med-spalje-och-tak-gran-60x50x166cm-gul\/","url":"https:\/\/truusk.store\/sv\/produkt\/truusk-vaxtstall-och-blomsterhylla-2-plan-med-spalje-och-tak-gran-60x50x166cm-gul\/","name":"TRUUSK V\u00e4xtst\u00e4ll och Blomsterhylla - 2 Plan - Med Spalj\u00e9 och Tak - Gran - 60x50x166cm - Gul - TRUUSK - Hem, Tr\u00e4dg\u00e5rd &amp; Fritid","isPartOf":{"@id":"https:\/\/truusk.store\/sv\/#website"},"primaryImageOfPage":{"@id":"https:\/\/truusk.store\/sv\/produkt\/truusk-vaxtstall-och-blomsterhylla-2-plan-med-spalje-och-tak-gran-60x50x166cm-gul\/#primaryimage"},"image":{"@id":"https:\/\/truusk.store\/sv\/produkt\/truusk-vaxtstall-och-blomsterhylla-2-plan-med-spalje-och-tak-gran-60x50x166cm-gul\/#primaryimage"},"thumbnailUrl":"https:\/\/i0.wp.com\/truusk.store\/wp-content\/uploads\/2024\/04\/vaxtstall-blomsterhylla-2-plan-med-spalje-tak-gran-60x50x166cm-gul.webp?fit=800%2C800&ssl=1","datePublished":"2024-04-26T04:00:10+00:00","dateModified":"2026-03-12T08:38:20+00:00","breadcrumb":{"@id":"https:\/\/truusk.store\/sv\/produkt\/truusk-vaxtstall-och-blomsterhylla-2-plan-med-spalje-och-tak-gran-60x50x166cm-gul\/#breadcrumb"},"inLanguage":"sv-SE","potentialAction":[{"@type":"ReadAction","target":["https:\/\/truusk.store\/sv\/produkt\/truusk-vaxtstall-och-blomsterhylla-2-plan-med-spalje-och-tak-gran-60x50x166cm-gul\/"]}]},{"@type":"ImageObject","inLanguage":"sv-SE","@id":"https:\/\/truusk.store\/sv\/produkt\/truusk-vaxtstall-och-blomsterhylla-2-plan-med-spalje-och-tak-gran-60x50x166cm-gul\/#primaryimage","url":"https:\/\/i0.wp.com\/truusk.store\/wp-content\/uploads\/2024\/04\/vaxtstall-blomsterhylla-2-plan-med-spalje-tak-gran-60x50x166cm-gul.webp?fit=800%2C800&ssl=1","contentUrl":"https:\/\/i0.wp.com\/truusk.store\/wp-content\/uploads\/2024\/04\/vaxtstall-blomsterhylla-2-plan-med-spalje-tak-gran-60x50x166cm-gul.webp?fit=800%2C800&ssl=1","width":800,"height":800,"caption":"V\u00e4xtst\u00e4ll, Blomsterhylla, 2 Plan, Med Spalj\u00e9 &amp; Tak, Gran, 60x50x166cm, Gul 1"},{"@type":"BreadcrumbList","@id":"https:\/\/truusk.store\/sv\/produkt\/truusk-vaxtstall-och-blomsterhylla-2-plan-med-spalje-och-tak-gran-60x50x166cm-gul\/#breadcrumb","itemListElement":[{"@type":"ListItem","position":1,"name":"Home","item":"https:\/\/truusk.store\/sv\/"},{"@type":"ListItem","position":2,"name":"Shop","item":"https:\/\/truusk.store\/shop\/"},{"@type":"ListItem","position":3,"name":"TRUUSK V\u00e4xtst\u00e4ll och Blomsterhylla &#8211; 2 Plan &#8211; Med Spalj\u00e9 och Tak &#8211; Gran &#8211; 60x50x166cm &#8211; Gul"}]},{"@type":"WebSite","@id":"https:\/\/truusk.store\/sv\/#website","url":"https:\/\/truusk.store\/sv\/","name":"TRUUSK - Hem, Tr\u00e4dg\u00e5rd & Fritid","description":"","publisher":{"@id":"https:\/\/truusk.store\/sv\/#organization"},"potentialAction":[{"@type":"SearchAction","target":{"@type":"EntryPoint","urlTemplate":"https:\/\/truusk.store\/sv\/?s={search_term_string}"},"query-input":{"@type":"PropertyValueSpecification","valueRequired":true,"valueName":"search_term_string"}}],"inLanguage":"sv-SE"},{"@type":"Organization","@id":"https:\/\/truusk.store\/sv\/#organization","name":"TRUUSK - Hem, Tr\u00e4dg\u00e5rd & Fritid","url":"https:\/\/truusk.store\/sv\/","logo":{"@type":"ImageObject","inLanguage":"sv-SE","@id":"https:\/\/truusk.store\/sv\/#\/schema\/logo\/image\/","url":"https:\/\/i0.wp.com\/truusk.store\/wp-content\/uploads\/2026\/03\/cropped-TRUUSK.png?fit=2032%2C917&ssl=1","contentUrl":"https:\/\/i0.wp.com\/truusk.store\/wp-content\/uploads\/2026\/03\/cropped-TRUUSK.png?fit=2032%2C917&ssl=1","width":2032,"height":917,"caption":"TRUUSK - Hem, Tr\u00e4dg\u00e5rd & Fritid"},"image":{"@id":"https:\/\/truusk.store\/sv\/#\/schema\/logo\/image\/"}}]}},"jetpack_sharing_enabled":true,"_links":{"self":[{"href":"https:\/\/truusk.store\/sv\/wp-json\/wp\/v2\/product\/54191","targetHints":{"allow":["GET"]}}],"collection":[{"href":"https:\/\/truusk.store\/sv\/wp-json\/wp\/v2\/product"}],"about":[{"href":"https:\/\/truusk.store\/sv\/wp-json\/wp\/v2\/types\/product"}],"wp:featuredmedia":[{"embeddable":true,"href":"https:\/\/truusk.store\/sv\/wp-json\/wp\/v2\/media\/54192"}],"wp:attachment":[{"href":"https:\/\/truusk.store\/sv\/wp-json\/wp\/v2\/media?parent=54191"}],"wp:term":[{"taxonomy":"product_brand","embeddable":true,"href":"https:\/\/truusk.store\/sv\/wp-json\/wp\/v2\/product_brand?post=54191"},{"taxonomy":"product_cat","embeddable":true,"href":"https:\/\/truusk.store\/sv\/wp-json\/wp\/v2\/product_cat?post=54191"},{"taxonomy":"product_tag","embeddable":true,"href":"https:\/\/truusk.store\/sv\/wp-json\/wp\/v2\/product_tag?post=54191"}],"curies":[{"name":"wp","href":"https:\/\/api.w.org\/{rel}","templated":true}]}}