{"id":54246,"date":"2024-04-26T05:50:08","date_gmt":"2024-04-26T04:50:08","guid":{"rendered":"https:\/\/truusk.store\/product\/gungstol-tradgardsstol-solstol-inklusive-nackstod-155-cm-x-61-cm-x-88-cm-gra\/"},"modified":"2026-03-12T09:39:21","modified_gmt":"2026-03-12T08:39:21","slug":"truusk-hangstol-tradgardsmobel-inklusive-nackstod-matt-155x61x88-cm-gra","status":"publish","type":"product","link":"https:\/\/truusk.store\/sv\/produkt\/truusk-hangstol-tradgardsmobel-inklusive-nackstod-matt-155x61x88-cm-gra\/","title":{"rendered":"TRUUSK H\u00e4ngstol Tr\u00e4dg\u00e5rdsm\u00f6bel &#8211; Inklusive Nackst\u00f6d &#8211; M\u00e5tt 155x61x88 cm &#8211; Gr\u00e5"},"content":{"rendered":"<p>Denna tr\u00e4dg\u00e5rdsgungstol \u00e4r perfekt f\u00f6r att koppla av vid poolen, p\u00e5 balkongen eller i andra inomhus- och utomhusomr\u00e5den! Den ergonomiska formen anpassar sig efter din kropp och det andningsbara textil\u00f6verdraget s\u00e4kerst\u00e4ller god luftcirkulation och f\u00f6rhindrar svettning. En avtagbar, vadderad kudde ger extra komfort under din fritid.<\/p>\n<h3>Beskrivning:<\/h3>\n<ul>\n<li>Pulverlackerad metallram f\u00f6r h\u00e5llbarhet och enkel transport<\/li>\n<li>Tillverkad av slitstarkt, UV-best\u00e4ndigt och vattenavvisande textiltyg<\/li>\n<li>Ultimat komfort med avtagbart vadderat nackst\u00f6d och mjukt armst\u00f6d<\/li>\n<li>Perfekt f\u00f6r tr\u00e4dg\u00e5rd, uteplats, strand, pool eller camping<\/li>\n<li>Stoppare p\u00e5 benen f\u00f6r s\u00e4ker och skonsam gunga<\/li>\n<li>Vadderade armar och ben f\u00f6rhindrar repor p\u00e5 ramen<\/li>\n<li>Montering kr\u00e4vs<\/li>\n<\/ul>\n<h3>Teknisk data:<\/h3>\n<ul>\n<li>F\u00e4rg gr\u00e5<\/li>\n<li>Material: metall, textlinje<\/li>\n<li>\u00d6vergripande m\u00e5tt: 155L x 61W x 88H cm<\/li>\n<li>Sitsstorlek: 52W x 40D cm<\/li>\n<li>Sitth\u00f6jd: 33 cm<\/li>\n<li>Armst\u00f6dsh\u00f6jd: 88 cm<\/li>\n<li>Kuddstorlek: 29L x 19W x 3H cm<\/li>\n<li>Max lastkapacitet: 120 kg<\/li>\n<\/ul>\n<h3>Leveransens omfattning:<\/h3>\n<ul>\n<li>1 x gungstol<\/li>\n<li>1 x Monteringsanvisning<\/li>\n<\/ul>\n","protected":false},"excerpt":{"rendered":"<p>Denna tr\u00e4dg\u00e5rdsgungstol \u00e4r perfekt f\u00f6r att koppla av vid poolen, p\u00e5 balkongen eller i andra inomhus- och utomhusomr\u00e5den! Den ergonomiska&#8230;<\/p>\n","protected":false},"featured_media":54247,"template":"","meta":[],"product_brand":[],"product_cat":[435,450,452],"product_tag":[],"class_list":{"0":"post-54246","1":"product","2":"type-product","3":"status-publish","4":"has-post-thumbnail","6":"product_cat-tradgard-och-terrass","7":"product_cat-tradgardsmobler","8":"product_cat-tradgardsstolar","10":"first","11":"instock","12":"sale","13":"taxable","14":"shipping-taxable","15":"purchasable","16":"product-type-simple"},"yoast_head":"<!-- This site is optimized with the Yoast SEO plugin v25.4 - https:\/\/yoast.com\/wordpress\/plugins\/seo\/ -->\n<title>TRUUSK H\u00e4ngstol Tr\u00e4dg\u00e5rdsm\u00f6bel - Inklusive Nackst\u00f6d - M\u00e5tt 155x61x88 cm - Gr\u00e5 - TRUUSK - Hem, Tr\u00e4dg\u00e5rd &amp; Fritid<\/title>\n<meta name=\"robots\" content=\"index, follow, max-snippet:-1, max-image-preview:large, max-video-preview:-1\" \/>\n<link rel=\"canonical\" href=\"https:\/\/truusk.store\/sv\/produkt\/truusk-hangstol-tradgardsmobel-inklusive-nackstod-matt-155x61x88-cm-gra\/\" \/>\n<meta property=\"og:locale\" content=\"sv_SE\" \/>\n<meta property=\"og:type\" content=\"article\" \/>\n<meta property=\"og:title\" content=\"TRUUSK H\u00e4ngstol Tr\u00e4dg\u00e5rdsm\u00f6bel - Inklusive Nackst\u00f6d - M\u00e5tt 155x61x88 cm - Gr\u00e5 - TRUUSK - Hem, Tr\u00e4dg\u00e5rd &amp; Fritid\" \/>\n<meta property=\"og:description\" content=\"Denna tr\u00e4dg\u00e5rdsgungstol \u00e4r perfekt f\u00f6r att koppla av vid poolen, p\u00e5 balkongen eller i andra inomhus- och utomhusomr\u00e5den! Den ergonomiska...\" \/>\n<meta property=\"og:url\" content=\"https:\/\/truusk.store\/sv\/produkt\/truusk-hangstol-tradgardsmobel-inklusive-nackstod-matt-155x61x88-cm-gra\/\" \/>\n<meta property=\"og:site_name\" content=\"TRUUSK - Hem, Tr\u00e4dg\u00e5rd &amp; Fritid\" \/>\n<meta property=\"article:modified_time\" content=\"2026-03-12T08:39:21+00:00\" \/>\n<meta property=\"og:image\" content=\"https:\/\/i0.wp.com\/truusk.se\/wp-content\/uploads\/2024\/04\/gungstol-tradgardsstol-solstol-inklusive-nackstod-155-cm-x-61-cm-x-88-cm-gra.webp?fit=800%2C800&ssl=1\" \/>\n\t<meta property=\"og:image:width\" content=\"800\" \/>\n\t<meta property=\"og:image:height\" content=\"800\" \/>\n\t<meta property=\"og:image:type\" content=\"image\/webp\" \/>\n<meta name=\"twitter:card\" content=\"summary_large_image\" \/>\n<meta name=\"twitter:label1\" content=\"Ber\u00e4knad l\u00e4stid\" \/>\n\t<meta name=\"twitter:data1\" content=\"1 minut\" \/>\n<!-- \/ Yoast SEO plugin. -->","yoast_head_json":{"title":"TRUUSK H\u00e4ngstol Tr\u00e4dg\u00e5rdsm\u00f6bel - Inklusive Nackst\u00f6d - M\u00e5tt 155x61x88 cm - Gr\u00e5 - TRUUSK - Hem, Tr\u00e4dg\u00e5rd &amp; Fritid","robots":{"index":"index","follow":"follow","max-snippet":"max-snippet:-1","max-image-preview":"max-image-preview:large","max-video-preview":"max-video-preview:-1"},"canonical":"https:\/\/truusk.store\/sv\/produkt\/truusk-hangstol-tradgardsmobel-inklusive-nackstod-matt-155x61x88-cm-gra\/","og_locale":"sv_SE","og_type":"article","og_title":"TRUUSK H\u00e4ngstol Tr\u00e4dg\u00e5rdsm\u00f6bel - Inklusive Nackst\u00f6d - M\u00e5tt 155x61x88 cm - Gr\u00e5 - TRUUSK - Hem, Tr\u00e4dg\u00e5rd &amp; Fritid","og_description":"Denna tr\u00e4dg\u00e5rdsgungstol \u00e4r perfekt f\u00f6r att koppla av vid poolen, p\u00e5 balkongen eller i andra inomhus- och utomhusomr\u00e5den! Den ergonomiska...","og_url":"https:\/\/truusk.store\/sv\/produkt\/truusk-hangstol-tradgardsmobel-inklusive-nackstod-matt-155x61x88-cm-gra\/","og_site_name":"TRUUSK - Hem, Tr\u00e4dg\u00e5rd &amp; Fritid","article_modified_time":"2026-03-12T08:39:21+00:00","og_image":[{"width":800,"height":800,"url":"https:\/\/i0.wp.com\/truusk.se\/wp-content\/uploads\/2024\/04\/gungstol-tradgardsstol-solstol-inklusive-nackstod-155-cm-x-61-cm-x-88-cm-gra.webp?fit=800%2C800&ssl=1","type":"image\/webp"}],"twitter_card":"summary_large_image","twitter_misc":{"Ber\u00e4knad l\u00e4stid":"1 minut"},"schema":{"@context":"https:\/\/schema.org","@graph":[{"@type":"WebPage","@id":"https:\/\/truusk.store\/sv\/produkt\/truusk-hangstol-tradgardsmobel-inklusive-nackstod-matt-155x61x88-cm-gra\/","url":"https:\/\/truusk.store\/sv\/produkt\/truusk-hangstol-tradgardsmobel-inklusive-nackstod-matt-155x61x88-cm-gra\/","name":"TRUUSK H\u00e4ngstol Tr\u00e4dg\u00e5rdsm\u00f6bel - Inklusive Nackst\u00f6d - M\u00e5tt 155x61x88 cm - Gr\u00e5 - TRUUSK - Hem, Tr\u00e4dg\u00e5rd &amp; Fritid","isPartOf":{"@id":"https:\/\/truusk.store\/sv\/#website"},"primaryImageOfPage":{"@id":"https:\/\/truusk.store\/sv\/produkt\/truusk-hangstol-tradgardsmobel-inklusive-nackstod-matt-155x61x88-cm-gra\/#primaryimage"},"image":{"@id":"https:\/\/truusk.store\/sv\/produkt\/truusk-hangstol-tradgardsmobel-inklusive-nackstod-matt-155x61x88-cm-gra\/#primaryimage"},"thumbnailUrl":"https:\/\/i0.wp.com\/truusk.store\/wp-content\/uploads\/2024\/04\/gungstol-tradgardsstol-solstol-inklusive-nackstod-155-cm-x-61-cm-x-88-cm-gra.webp?fit=800%2C800&ssl=1","datePublished":"2024-04-26T04:50:08+00:00","dateModified":"2026-03-12T08:39:21+00:00","breadcrumb":{"@id":"https:\/\/truusk.store\/sv\/produkt\/truusk-hangstol-tradgardsmobel-inklusive-nackstod-matt-155x61x88-cm-gra\/#breadcrumb"},"inLanguage":"sv-SE","potentialAction":[{"@type":"ReadAction","target":["https:\/\/truusk.store\/sv\/produkt\/truusk-hangstol-tradgardsmobel-inklusive-nackstod-matt-155x61x88-cm-gra\/"]}]},{"@type":"ImageObject","inLanguage":"sv-SE","@id":"https:\/\/truusk.store\/sv\/produkt\/truusk-hangstol-tradgardsmobel-inklusive-nackstod-matt-155x61x88-cm-gra\/#primaryimage","url":"https:\/\/i0.wp.com\/truusk.store\/wp-content\/uploads\/2024\/04\/gungstol-tradgardsstol-solstol-inklusive-nackstod-155-cm-x-61-cm-x-88-cm-gra.webp?fit=800%2C800&ssl=1","contentUrl":"https:\/\/i0.wp.com\/truusk.store\/wp-content\/uploads\/2024\/04\/gungstol-tradgardsstol-solstol-inklusive-nackstod-155-cm-x-61-cm-x-88-cm-gra.webp?fit=800%2C800&ssl=1","width":800,"height":800,"caption":"Gungstol Tr\u00e4dg\u00e5rdsstol Solstol, Inklusive Nackst\u00f6d, 155 Cm X 61 Cm X 88 Cm, Gr\u00e5 1"},{"@type":"BreadcrumbList","@id":"https:\/\/truusk.store\/sv\/produkt\/truusk-hangstol-tradgardsmobel-inklusive-nackstod-matt-155x61x88-cm-gra\/#breadcrumb","itemListElement":[{"@type":"ListItem","position":1,"name":"Home","item":"https:\/\/truusk.store\/sv\/"},{"@type":"ListItem","position":2,"name":"Shop","item":"https:\/\/truusk.store\/shop\/"},{"@type":"ListItem","position":3,"name":"TRUUSK H\u00e4ngstol Tr\u00e4dg\u00e5rdsm\u00f6bel &#8211; Inklusive Nackst\u00f6d &#8211; M\u00e5tt 155x61x88 cm &#8211; Gr\u00e5"}]},{"@type":"WebSite","@id":"https:\/\/truusk.store\/sv\/#website","url":"https:\/\/truusk.store\/sv\/","name":"TRUUSK - Hem, Tr\u00e4dg\u00e5rd & Fritid","description":"","publisher":{"@id":"https:\/\/truusk.store\/sv\/#organization"},"potentialAction":[{"@type":"SearchAction","target":{"@type":"EntryPoint","urlTemplate":"https:\/\/truusk.store\/sv\/?s={search_term_string}"},"query-input":{"@type":"PropertyValueSpecification","valueRequired":true,"valueName":"search_term_string"}}],"inLanguage":"sv-SE"},{"@type":"Organization","@id":"https:\/\/truusk.store\/sv\/#organization","name":"TRUUSK - Hem, Tr\u00e4dg\u00e5rd & Fritid","url":"https:\/\/truusk.store\/sv\/","logo":{"@type":"ImageObject","inLanguage":"sv-SE","@id":"https:\/\/truusk.store\/sv\/#\/schema\/logo\/image\/","url":"https:\/\/i0.wp.com\/truusk.store\/wp-content\/uploads\/2026\/03\/cropped-TRUUSK.png?fit=2032%2C917&ssl=1","contentUrl":"https:\/\/i0.wp.com\/truusk.store\/wp-content\/uploads\/2026\/03\/cropped-TRUUSK.png?fit=2032%2C917&ssl=1","width":2032,"height":917,"caption":"TRUUSK - Hem, Tr\u00e4dg\u00e5rd & Fritid"},"image":{"@id":"https:\/\/truusk.store\/sv\/#\/schema\/logo\/image\/"}}]}},"jetpack_sharing_enabled":true,"_links":{"self":[{"href":"https:\/\/truusk.store\/sv\/wp-json\/wp\/v2\/product\/54246","targetHints":{"allow":["GET"]}}],"collection":[{"href":"https:\/\/truusk.store\/sv\/wp-json\/wp\/v2\/product"}],"about":[{"href":"https:\/\/truusk.store\/sv\/wp-json\/wp\/v2\/types\/product"}],"wp:featuredmedia":[{"embeddable":true,"href":"https:\/\/truusk.store\/sv\/wp-json\/wp\/v2\/media\/54247"}],"wp:attachment":[{"href":"https:\/\/truusk.store\/sv\/wp-json\/wp\/v2\/media?parent=54246"}],"wp:term":[{"taxonomy":"product_brand","embeddable":true,"href":"https:\/\/truusk.store\/sv\/wp-json\/wp\/v2\/product_brand?post=54246"},{"taxonomy":"product_cat","embeddable":true,"href":"https:\/\/truusk.store\/sv\/wp-json\/wp\/v2\/product_cat?post=54246"},{"taxonomy":"product_tag","embeddable":true,"href":"https:\/\/truusk.store\/sv\/wp-json\/wp\/v2\/product_tag?post=54246"}],"curies":[{"name":"wp","href":"https:\/\/api.w.org\/{rel}","templated":true}]}}