{"id":54290,"date":"2024-04-26T06:30:10","date_gmt":"2024-04-26T05:30:10","guid":{"rendered":"https:\/\/truusk.store\/product\/gazebo-27x27m-snabbmontering-med-klicksystem-rostfri-ram-morkgron\/"},"modified":"2026-03-12T09:38:38","modified_gmt":"2026-03-12T08:38:38","slug":"truusk-gazebo-27x27m-snabbmontering-med-klicksystem-rostfri-ram-morkgron","status":"publish","type":"product","link":"https:\/\/truusk.store\/sv\/produkt\/truusk-gazebo-27x27m-snabbmontering-med-klicksystem-rostfri-ram-morkgron\/","title":{"rendered":"TRUUSK Gazebo 2,7&#215;2,7m &#8211; Snabbmontering med klicksystem &#8211; Rostfri ram &#8211; M\u00f6rkgr\u00f6n"},"content":{"rendered":"<p>Koppla av i skuggan med v\u00e5rt h\u00f6gkvalitativa hopf\u00e4llbara lusthus! Oavsett om du \u00e4r i tr\u00e4dg\u00e5rden eller p\u00e5 campingen, erbjuder denna paviljong dig en mysig tillflyktsort att dr\u00f6ja kvar och koppla av. Den robusta, pulverlackerade metallramen s\u00e4kerst\u00e4ller stabilitet, medan det vattenavvisande taket ger perfekt skydd mot sol och regn. Tack vare sin l\u00e5ga vikt \u00e4r paviljongen l\u00e4tt att transportera och kan f\u00f6rvaras f\u00f6r att spara utrymme &#8211; ren utomhusnjutning, enkelt!<\/p>\n<h3>Beskrivning:<\/h3>\n<ul>\n<li>H\u00f6gkvalitativ paviljong i klassisk design<\/li>\n<li>Perfekt solskydd f\u00f6r festivaler, tr\u00e4dg\u00e5rdsfester eller loppmarknader<\/li>\n<li>Stabil stomme av pulverlackerat st\u00e5l<\/li>\n<li>Tak av vattenavvisande polyeten (PE)<\/li>\n<li>8 markspetsar f\u00f6r f\u00f6rankring i marken och 4 sp\u00e4nnlinor ger extra stabilitet<\/li>\n<li>L\u00e4tt att transportera tack vare sin l\u00e5ga vikt<\/li>\n<li>Snabb och enkel montering tack vare klicksystemet<\/li>\n<li>VARNING: Anv\u00e4nd inte i d\u00e5ligt v\u00e4der eller stormar<\/li>\n<\/ul>\n<h3>Teknisk data:<\/h3>\n<ul>\n<li>Material: st\u00e5l, polyeten (PE)<\/li>\n<li>F\u00e4rg: m\u00f6rkgr\u00f6n<\/li>\n<li>\u00d6vergripande m\u00e5tt: L270 x B270 x H255 cm<\/li>\n<li>Frig\u00e5ngsh\u00f6jd: 200 cm<\/li>\n<li>Takram: 18 mm<\/li>\n<li>St\u00f6d: 24 mm<\/li>\n<\/ul>\n<h3>Leveransens omfattning:<\/h3>\n<ul>\n<li>1 x paviljong (inkl. ram, anslutningsstycken, takpresenning, 8 x pinnar, 4 x f\u00e4stlinor)<\/li>\n<li>1 x monteringsanvisning<\/li>\n<\/ul>\n","protected":false},"excerpt":{"rendered":"<p>Koppla av i skuggan med v\u00e5rt h\u00f6gkvalitativa hopf\u00e4llbara lusthus! Oavsett om du \u00e4r i tr\u00e4dg\u00e5rden eller p\u00e5 campingen, erbjuder denna&#8230;<\/p>\n","protected":false},"featured_media":54291,"template":"","meta":[],"product_brand":[],"product_cat":[477,435,476],"product_tag":[],"class_list":{"0":"post-54290","1":"product","2":"type-product","3":"status-publish","4":"has-post-thumbnail","6":"product_cat-paviljonger-partytalt","7":"product_cat-tradgard-och-terrass","8":"product_cat-tradgardspaviljonger","10":"first","11":"instock","12":"sale","13":"taxable","14":"shipping-taxable","15":"purchasable","16":"product-type-simple"},"yoast_head":"<!-- This site is optimized with the Yoast SEO plugin v25.4 - https:\/\/yoast.com\/wordpress\/plugins\/seo\/ -->\n<title>TRUUSK Gazebo 2,7x2,7m - Snabbmontering med klicksystem - Rostfri ram - M\u00f6rkgr\u00f6n - TRUUSK - Hem, Tr\u00e4dg\u00e5rd &amp; Fritid<\/title>\n<meta name=\"robots\" content=\"index, follow, max-snippet:-1, max-image-preview:large, max-video-preview:-1\" \/>\n<link rel=\"canonical\" href=\"https:\/\/truusk.store\/sv\/produkt\/truusk-gazebo-27x27m-snabbmontering-med-klicksystem-rostfri-ram-morkgron\/\" \/>\n<meta property=\"og:locale\" content=\"sv_SE\" \/>\n<meta property=\"og:type\" content=\"article\" \/>\n<meta property=\"og:title\" content=\"TRUUSK Gazebo 2,7x2,7m - Snabbmontering med klicksystem - Rostfri ram - M\u00f6rkgr\u00f6n - TRUUSK - Hem, Tr\u00e4dg\u00e5rd &amp; Fritid\" \/>\n<meta property=\"og:description\" content=\"Koppla av i skuggan med v\u00e5rt h\u00f6gkvalitativa hopf\u00e4llbara lusthus! Oavsett om du \u00e4r i tr\u00e4dg\u00e5rden eller p\u00e5 campingen, erbjuder denna...\" \/>\n<meta property=\"og:url\" content=\"https:\/\/truusk.store\/sv\/produkt\/truusk-gazebo-27x27m-snabbmontering-med-klicksystem-rostfri-ram-morkgron\/\" \/>\n<meta property=\"og:site_name\" content=\"TRUUSK - Hem, Tr\u00e4dg\u00e5rd &amp; Fritid\" \/>\n<meta property=\"article:modified_time\" content=\"2026-03-12T08:38:38+00:00\" \/>\n<meta property=\"og:image\" content=\"https:\/\/i0.wp.com\/truusk.se\/wp-content\/uploads\/2024\/04\/gazebo-27x27m-snabbmontering-med-klicksystem-rostfri-ram-morkgron.webp?fit=800%2C800&ssl=1\" \/>\n\t<meta property=\"og:image:width\" content=\"800\" \/>\n\t<meta property=\"og:image:height\" content=\"800\" \/>\n\t<meta property=\"og:image:type\" content=\"image\/webp\" \/>\n<meta name=\"twitter:card\" content=\"summary_large_image\" \/>\n<meta name=\"twitter:label1\" content=\"Ber\u00e4knad l\u00e4stid\" \/>\n\t<meta name=\"twitter:data1\" content=\"1 minut\" \/>\n<!-- \/ Yoast SEO plugin. -->","yoast_head_json":{"title":"TRUUSK Gazebo 2,7x2,7m - Snabbmontering med klicksystem - Rostfri ram - M\u00f6rkgr\u00f6n - TRUUSK - Hem, Tr\u00e4dg\u00e5rd &amp; Fritid","robots":{"index":"index","follow":"follow","max-snippet":"max-snippet:-1","max-image-preview":"max-image-preview:large","max-video-preview":"max-video-preview:-1"},"canonical":"https:\/\/truusk.store\/sv\/produkt\/truusk-gazebo-27x27m-snabbmontering-med-klicksystem-rostfri-ram-morkgron\/","og_locale":"sv_SE","og_type":"article","og_title":"TRUUSK Gazebo 2,7x2,7m - Snabbmontering med klicksystem - Rostfri ram - M\u00f6rkgr\u00f6n - TRUUSK - Hem, Tr\u00e4dg\u00e5rd &amp; Fritid","og_description":"Koppla av i skuggan med v\u00e5rt h\u00f6gkvalitativa hopf\u00e4llbara lusthus! Oavsett om du \u00e4r i tr\u00e4dg\u00e5rden eller p\u00e5 campingen, erbjuder denna...","og_url":"https:\/\/truusk.store\/sv\/produkt\/truusk-gazebo-27x27m-snabbmontering-med-klicksystem-rostfri-ram-morkgron\/","og_site_name":"TRUUSK - Hem, Tr\u00e4dg\u00e5rd &amp; Fritid","article_modified_time":"2026-03-12T08:38:38+00:00","og_image":[{"width":800,"height":800,"url":"https:\/\/i0.wp.com\/truusk.se\/wp-content\/uploads\/2024\/04\/gazebo-27x27m-snabbmontering-med-klicksystem-rostfri-ram-morkgron.webp?fit=800%2C800&ssl=1","type":"image\/webp"}],"twitter_card":"summary_large_image","twitter_misc":{"Ber\u00e4knad l\u00e4stid":"1 minut"},"schema":{"@context":"https:\/\/schema.org","@graph":[{"@type":"WebPage","@id":"https:\/\/truusk.store\/sv\/produkt\/truusk-gazebo-27x27m-snabbmontering-med-klicksystem-rostfri-ram-morkgron\/","url":"https:\/\/truusk.store\/sv\/produkt\/truusk-gazebo-27x27m-snabbmontering-med-klicksystem-rostfri-ram-morkgron\/","name":"TRUUSK Gazebo 2,7x2,7m - Snabbmontering med klicksystem - Rostfri ram - M\u00f6rkgr\u00f6n - TRUUSK - Hem, Tr\u00e4dg\u00e5rd &amp; Fritid","isPartOf":{"@id":"https:\/\/truusk.store\/sv\/#website"},"primaryImageOfPage":{"@id":"https:\/\/truusk.store\/sv\/produkt\/truusk-gazebo-27x27m-snabbmontering-med-klicksystem-rostfri-ram-morkgron\/#primaryimage"},"image":{"@id":"https:\/\/truusk.store\/sv\/produkt\/truusk-gazebo-27x27m-snabbmontering-med-klicksystem-rostfri-ram-morkgron\/#primaryimage"},"thumbnailUrl":"https:\/\/i0.wp.com\/truusk.store\/wp-content\/uploads\/2024\/04\/gazebo-27x27m-snabbmontering-med-klicksystem-rostfri-ram-morkgron.webp?fit=800%2C800&ssl=1","datePublished":"2024-04-26T05:30:10+00:00","dateModified":"2026-03-12T08:38:38+00:00","breadcrumb":{"@id":"https:\/\/truusk.store\/sv\/produkt\/truusk-gazebo-27x27m-snabbmontering-med-klicksystem-rostfri-ram-morkgron\/#breadcrumb"},"inLanguage":"sv-SE","potentialAction":[{"@type":"ReadAction","target":["https:\/\/truusk.store\/sv\/produkt\/truusk-gazebo-27x27m-snabbmontering-med-klicksystem-rostfri-ram-morkgron\/"]}]},{"@type":"ImageObject","inLanguage":"sv-SE","@id":"https:\/\/truusk.store\/sv\/produkt\/truusk-gazebo-27x27m-snabbmontering-med-klicksystem-rostfri-ram-morkgron\/#primaryimage","url":"https:\/\/i0.wp.com\/truusk.store\/wp-content\/uploads\/2024\/04\/gazebo-27x27m-snabbmontering-med-klicksystem-rostfri-ram-morkgron.webp?fit=800%2C800&ssl=1","contentUrl":"https:\/\/i0.wp.com\/truusk.store\/wp-content\/uploads\/2024\/04\/gazebo-27x27m-snabbmontering-med-klicksystem-rostfri-ram-morkgron.webp?fit=800%2C800&ssl=1","width":800,"height":800,"caption":"Gazebo 2,7x2,7m, Snabbmontering Med Klicksystem, Rostfri Ram, M\u00f6rkgr\u00f6n 1"},{"@type":"BreadcrumbList","@id":"https:\/\/truusk.store\/sv\/produkt\/truusk-gazebo-27x27m-snabbmontering-med-klicksystem-rostfri-ram-morkgron\/#breadcrumb","itemListElement":[{"@type":"ListItem","position":1,"name":"Home","item":"https:\/\/truusk.store\/sv\/"},{"@type":"ListItem","position":2,"name":"Shop","item":"https:\/\/truusk.store\/shop\/"},{"@type":"ListItem","position":3,"name":"TRUUSK Gazebo 2,7&#215;2,7m &#8211; Snabbmontering med klicksystem &#8211; Rostfri ram &#8211; M\u00f6rkgr\u00f6n"}]},{"@type":"WebSite","@id":"https:\/\/truusk.store\/sv\/#website","url":"https:\/\/truusk.store\/sv\/","name":"TRUUSK - Hem, Tr\u00e4dg\u00e5rd & Fritid","description":"","publisher":{"@id":"https:\/\/truusk.store\/sv\/#organization"},"potentialAction":[{"@type":"SearchAction","target":{"@type":"EntryPoint","urlTemplate":"https:\/\/truusk.store\/sv\/?s={search_term_string}"},"query-input":{"@type":"PropertyValueSpecification","valueRequired":true,"valueName":"search_term_string"}}],"inLanguage":"sv-SE"},{"@type":"Organization","@id":"https:\/\/truusk.store\/sv\/#organization","name":"TRUUSK - Hem, Tr\u00e4dg\u00e5rd & Fritid","url":"https:\/\/truusk.store\/sv\/","logo":{"@type":"ImageObject","inLanguage":"sv-SE","@id":"https:\/\/truusk.store\/sv\/#\/schema\/logo\/image\/","url":"https:\/\/i0.wp.com\/truusk.store\/wp-content\/uploads\/2026\/03\/cropped-TRUUSK.png?fit=2032%2C917&ssl=1","contentUrl":"https:\/\/i0.wp.com\/truusk.store\/wp-content\/uploads\/2026\/03\/cropped-TRUUSK.png?fit=2032%2C917&ssl=1","width":2032,"height":917,"caption":"TRUUSK - Hem, Tr\u00e4dg\u00e5rd & Fritid"},"image":{"@id":"https:\/\/truusk.store\/sv\/#\/schema\/logo\/image\/"}}]}},"jetpack_sharing_enabled":true,"_links":{"self":[{"href":"https:\/\/truusk.store\/sv\/wp-json\/wp\/v2\/product\/54290","targetHints":{"allow":["GET"]}}],"collection":[{"href":"https:\/\/truusk.store\/sv\/wp-json\/wp\/v2\/product"}],"about":[{"href":"https:\/\/truusk.store\/sv\/wp-json\/wp\/v2\/types\/product"}],"wp:featuredmedia":[{"embeddable":true,"href":"https:\/\/truusk.store\/sv\/wp-json\/wp\/v2\/media\/54291"}],"wp:attachment":[{"href":"https:\/\/truusk.store\/sv\/wp-json\/wp\/v2\/media?parent=54290"}],"wp:term":[{"taxonomy":"product_brand","embeddable":true,"href":"https:\/\/truusk.store\/sv\/wp-json\/wp\/v2\/product_brand?post=54290"},{"taxonomy":"product_cat","embeddable":true,"href":"https:\/\/truusk.store\/sv\/wp-json\/wp\/v2\/product_cat?post=54290"},{"taxonomy":"product_tag","embeddable":true,"href":"https:\/\/truusk.store\/sv\/wp-json\/wp\/v2\/product_tag?post=54290"}],"curies":[{"name":"wp","href":"https:\/\/api.w.org\/{rel}","templated":true}]}}