{"id":54302,"date":"2024-04-26T06:40:09","date_gmt":"2024-04-26T05:40:09","guid":{"rendered":"https:\/\/truusk.store\/product\/fristaende-markis-45x34m-lutningsbar-vev-metallram-brun\/"},"modified":"2026-03-12T09:38:30","modified_gmt":"2026-03-12T08:38:30","slug":"truusk-fristaende-markis-45x34m-lutningsbar-vev-metallram-brun","status":"publish","type":"product","link":"https:\/\/truusk.store\/sv\/produkt\/truusk-fristaende-markis-45x34m-lutningsbar-vev-metallram-brun\/","title":{"rendered":"TRUUSK Frist\u00e5ende Markis 4,5&#215;3,4m &#8211; Lutningsbar Vev &#8211; Metallram &#8211; Brun"},"content":{"rendered":"<p>Med denna frist\u00e5ende markis kan du njuta av en trevlig, skuggig plats \u00e4ven under de varmaste dagarna! Oavsett om du \u00e4r i tr\u00e4dg\u00e5rden eller p\u00e5 terrassen, med denna markis kan du skapa en sval, bekv\u00e4m plats p\u00e5 nolltid. Tack vare den smidiga veven kan markisen \u00f6ppnas och st\u00e4ngas utan anstr\u00e4ngning. Dessutom kan lutningsvinkeln p\u00e5 den st\u00e5ende markisen enkelt justeras f\u00f6r att alltid s\u00e4kerst\u00e4lla ett optimalt skydd mot solen. Sommaren kan komma!<\/p>\n<h3>Beskrivning:<\/h3>\n<ul>\n<li>Skapa skugga i tr\u00e4dg\u00e5rden, g\u00e5rden, uteplatsen med denna st\u00e5ende markis<\/li>\n<li>Stabil och robust metallram med pulverlackering<\/li>\n<li>Vattenavvisande tak av PU-belagd polyester.<\/li>\n<li>Taklutningen p\u00e5 terrassens tak kan justeras med hj\u00e4lp av f\u00e4llbara armar<\/li>\n<li>L\u00e4tt att \u00f6ppna och st\u00e4nga med smidig handvev<\/li>\n<li>Stor bas f\u00f6r \u00f6kad stabilitet<\/li>\n<li>Enkel konstruktion<\/li>\n<li>Observera: N\u00e4r det regnar, dra in markisen f\u00f6r att undvika att taket \u00f6verbelastas<\/li>\n<\/ul>\n<h3>Teknisk data:<\/h3>\n<ul>\n<li>Material: polyester, metall, aluminium<\/li>\n<li>F\u00e4rg brun<\/li>\n<li>M\u00e5tt: 450L x 340W x 255H cm<\/li>\n<li>Vevl\u00e4ngd: 150 cm<\/li>\n<li>M\u00e5tt p\u00e5 stativet: 90L x 90W x 4H cm<\/li>\n<\/ul>\n<h3>Leveransens omfattning:<\/h3>\n<ul>\n<li>1 x Frist\u00e5ende markis<\/li>\n<li>1 x Monteringsanvisning<\/li>\n<\/ul>\n","protected":false},"excerpt":{"rendered":"<p>Med denna frist\u00e5ende markis kan du njuta av en trevlig, skuggig plats \u00e4ven under de varmaste dagarna! Oavsett om du&#8230;<\/p>\n","protected":false},"featured_media":54303,"template":"","meta":[],"product_brand":[],"product_cat":[473,471,435],"product_tag":[],"class_list":{"0":"post-54302","1":"product","2":"type-product","3":"status-publish","4":"has-post-thumbnail","6":"product_cat-markiser","7":"product_cat-solskydd-integritetsskydd","8":"product_cat-tradgard-och-terrass","10":"first","11":"instock","12":"sale","13":"taxable","14":"shipping-taxable","15":"purchasable","16":"product-type-simple"},"yoast_head":"<!-- This site is optimized with the Yoast SEO plugin v25.4 - https:\/\/yoast.com\/wordpress\/plugins\/seo\/ -->\n<title>TRUUSK Frist\u00e5ende Markis 4,5x3,4m - Lutningsbar Vev - Metallram - Brun - TRUUSK - Hem, Tr\u00e4dg\u00e5rd &amp; Fritid<\/title>\n<meta name=\"robots\" content=\"index, follow, max-snippet:-1, max-image-preview:large, max-video-preview:-1\" \/>\n<link rel=\"canonical\" href=\"https:\/\/truusk.store\/sv\/produkt\/truusk-fristaende-markis-45x34m-lutningsbar-vev-metallram-brun\/\" \/>\n<meta property=\"og:locale\" content=\"sv_SE\" \/>\n<meta property=\"og:type\" content=\"article\" \/>\n<meta property=\"og:title\" content=\"TRUUSK Frist\u00e5ende Markis 4,5x3,4m - Lutningsbar Vev - Metallram - Brun - TRUUSK - Hem, Tr\u00e4dg\u00e5rd &amp; Fritid\" \/>\n<meta property=\"og:description\" content=\"Med denna frist\u00e5ende markis kan du njuta av en trevlig, skuggig plats \u00e4ven under de varmaste dagarna! Oavsett om du...\" \/>\n<meta property=\"og:url\" content=\"https:\/\/truusk.store\/sv\/produkt\/truusk-fristaende-markis-45x34m-lutningsbar-vev-metallram-brun\/\" \/>\n<meta property=\"og:site_name\" content=\"TRUUSK - Hem, Tr\u00e4dg\u00e5rd &amp; Fritid\" \/>\n<meta property=\"article:modified_time\" content=\"2026-03-12T08:38:30+00:00\" \/>\n<meta property=\"og:image\" content=\"https:\/\/i0.wp.com\/truusk.se\/wp-content\/uploads\/2024\/04\/fristaende-markis-45x34m-lutningsbar-vev-metallram-brun.webp?fit=800%2C800&ssl=1\" \/>\n\t<meta property=\"og:image:width\" content=\"800\" \/>\n\t<meta property=\"og:image:height\" content=\"800\" \/>\n\t<meta property=\"og:image:type\" content=\"image\/webp\" \/>\n<meta name=\"twitter:card\" content=\"summary_large_image\" \/>\n<meta name=\"twitter:label1\" content=\"Ber\u00e4knad l\u00e4stid\" \/>\n\t<meta name=\"twitter:data1\" content=\"1 minut\" \/>\n<!-- \/ Yoast SEO plugin. -->","yoast_head_json":{"title":"TRUUSK Frist\u00e5ende Markis 4,5x3,4m - Lutningsbar Vev - Metallram - Brun - TRUUSK - Hem, Tr\u00e4dg\u00e5rd &amp; Fritid","robots":{"index":"index","follow":"follow","max-snippet":"max-snippet:-1","max-image-preview":"max-image-preview:large","max-video-preview":"max-video-preview:-1"},"canonical":"https:\/\/truusk.store\/sv\/produkt\/truusk-fristaende-markis-45x34m-lutningsbar-vev-metallram-brun\/","og_locale":"sv_SE","og_type":"article","og_title":"TRUUSK Frist\u00e5ende Markis 4,5x3,4m - Lutningsbar Vev - Metallram - Brun - TRUUSK - Hem, Tr\u00e4dg\u00e5rd &amp; Fritid","og_description":"Med denna frist\u00e5ende markis kan du njuta av en trevlig, skuggig plats \u00e4ven under de varmaste dagarna! Oavsett om du...","og_url":"https:\/\/truusk.store\/sv\/produkt\/truusk-fristaende-markis-45x34m-lutningsbar-vev-metallram-brun\/","og_site_name":"TRUUSK - Hem, Tr\u00e4dg\u00e5rd &amp; Fritid","article_modified_time":"2026-03-12T08:38:30+00:00","og_image":[{"width":800,"height":800,"url":"https:\/\/i0.wp.com\/truusk.se\/wp-content\/uploads\/2024\/04\/fristaende-markis-45x34m-lutningsbar-vev-metallram-brun.webp?fit=800%2C800&ssl=1","type":"image\/webp"}],"twitter_card":"summary_large_image","twitter_misc":{"Ber\u00e4knad l\u00e4stid":"1 minut"},"schema":{"@context":"https:\/\/schema.org","@graph":[{"@type":"WebPage","@id":"https:\/\/truusk.store\/sv\/produkt\/truusk-fristaende-markis-45x34m-lutningsbar-vev-metallram-brun\/","url":"https:\/\/truusk.store\/sv\/produkt\/truusk-fristaende-markis-45x34m-lutningsbar-vev-metallram-brun\/","name":"TRUUSK Frist\u00e5ende Markis 4,5x3,4m - Lutningsbar Vev - Metallram - Brun - TRUUSK - Hem, Tr\u00e4dg\u00e5rd &amp; Fritid","isPartOf":{"@id":"https:\/\/truusk.store\/sv\/#website"},"primaryImageOfPage":{"@id":"https:\/\/truusk.store\/sv\/produkt\/truusk-fristaende-markis-45x34m-lutningsbar-vev-metallram-brun\/#primaryimage"},"image":{"@id":"https:\/\/truusk.store\/sv\/produkt\/truusk-fristaende-markis-45x34m-lutningsbar-vev-metallram-brun\/#primaryimage"},"thumbnailUrl":"https:\/\/i0.wp.com\/truusk.store\/wp-content\/uploads\/2024\/04\/fristaende-markis-45x34m-lutningsbar-vev-metallram-brun.webp?fit=800%2C800&ssl=1","datePublished":"2024-04-26T05:40:09+00:00","dateModified":"2026-03-12T08:38:30+00:00","breadcrumb":{"@id":"https:\/\/truusk.store\/sv\/produkt\/truusk-fristaende-markis-45x34m-lutningsbar-vev-metallram-brun\/#breadcrumb"},"inLanguage":"sv-SE","potentialAction":[{"@type":"ReadAction","target":["https:\/\/truusk.store\/sv\/produkt\/truusk-fristaende-markis-45x34m-lutningsbar-vev-metallram-brun\/"]}]},{"@type":"ImageObject","inLanguage":"sv-SE","@id":"https:\/\/truusk.store\/sv\/produkt\/truusk-fristaende-markis-45x34m-lutningsbar-vev-metallram-brun\/#primaryimage","url":"https:\/\/i0.wp.com\/truusk.store\/wp-content\/uploads\/2024\/04\/fristaende-markis-45x34m-lutningsbar-vev-metallram-brun.webp?fit=800%2C800&ssl=1","contentUrl":"https:\/\/i0.wp.com\/truusk.store\/wp-content\/uploads\/2024\/04\/fristaende-markis-45x34m-lutningsbar-vev-metallram-brun.webp?fit=800%2C800&ssl=1","width":800,"height":800,"caption":"Frist\u00e5ende Markis 4,5x3,4m, Lutningsbar, Vev, Metallram, Brun 1"},{"@type":"BreadcrumbList","@id":"https:\/\/truusk.store\/sv\/produkt\/truusk-fristaende-markis-45x34m-lutningsbar-vev-metallram-brun\/#breadcrumb","itemListElement":[{"@type":"ListItem","position":1,"name":"Home","item":"https:\/\/truusk.store\/sv\/"},{"@type":"ListItem","position":2,"name":"Shop","item":"https:\/\/truusk.store\/shop\/"},{"@type":"ListItem","position":3,"name":"TRUUSK Frist\u00e5ende Markis 4,5&#215;3,4m &#8211; Lutningsbar Vev &#8211; Metallram &#8211; Brun"}]},{"@type":"WebSite","@id":"https:\/\/truusk.store\/sv\/#website","url":"https:\/\/truusk.store\/sv\/","name":"TRUUSK - Hem, Tr\u00e4dg\u00e5rd & Fritid","description":"","publisher":{"@id":"https:\/\/truusk.store\/sv\/#organization"},"potentialAction":[{"@type":"SearchAction","target":{"@type":"EntryPoint","urlTemplate":"https:\/\/truusk.store\/sv\/?s={search_term_string}"},"query-input":{"@type":"PropertyValueSpecification","valueRequired":true,"valueName":"search_term_string"}}],"inLanguage":"sv-SE"},{"@type":"Organization","@id":"https:\/\/truusk.store\/sv\/#organization","name":"TRUUSK - Hem, Tr\u00e4dg\u00e5rd & Fritid","url":"https:\/\/truusk.store\/sv\/","logo":{"@type":"ImageObject","inLanguage":"sv-SE","@id":"https:\/\/truusk.store\/sv\/#\/schema\/logo\/image\/","url":"https:\/\/i0.wp.com\/truusk.store\/wp-content\/uploads\/2026\/03\/cropped-TRUUSK.png?fit=2032%2C917&ssl=1","contentUrl":"https:\/\/i0.wp.com\/truusk.store\/wp-content\/uploads\/2026\/03\/cropped-TRUUSK.png?fit=2032%2C917&ssl=1","width":2032,"height":917,"caption":"TRUUSK - Hem, Tr\u00e4dg\u00e5rd & Fritid"},"image":{"@id":"https:\/\/truusk.store\/sv\/#\/schema\/logo\/image\/"}}]}},"jetpack_sharing_enabled":true,"_links":{"self":[{"href":"https:\/\/truusk.store\/sv\/wp-json\/wp\/v2\/product\/54302","targetHints":{"allow":["GET"]}}],"collection":[{"href":"https:\/\/truusk.store\/sv\/wp-json\/wp\/v2\/product"}],"about":[{"href":"https:\/\/truusk.store\/sv\/wp-json\/wp\/v2\/types\/product"}],"wp:featuredmedia":[{"embeddable":true,"href":"https:\/\/truusk.store\/sv\/wp-json\/wp\/v2\/media\/54303"}],"wp:attachment":[{"href":"https:\/\/truusk.store\/sv\/wp-json\/wp\/v2\/media?parent=54302"}],"wp:term":[{"taxonomy":"product_brand","embeddable":true,"href":"https:\/\/truusk.store\/sv\/wp-json\/wp\/v2\/product_brand?post=54302"},{"taxonomy":"product_cat","embeddable":true,"href":"https:\/\/truusk.store\/sv\/wp-json\/wp\/v2\/product_cat?post=54302"},{"taxonomy":"product_tag","embeddable":true,"href":"https:\/\/truusk.store\/sv\/wp-json\/wp\/v2\/product_tag?post=54302"}],"curies":[{"name":"wp","href":"https:\/\/api.w.org\/{rel}","templated":true}]}}