{"id":54503,"date":"2024-05-06T04:10:08","date_gmt":"2024-05-06T03:10:08","guid":{"rendered":"https:\/\/truusk.store\/product\/hundvagn-fallbar-pop-up-solstolsdyna-stalram-gra-svart\/"},"modified":"2026-03-12T09:40:30","modified_gmt":"2026-03-12T08:40:30","slug":"truusk-hundvagn-fallbar-pop-up-solstolsdyna-stalram-gra-svart","status":"publish","type":"product","link":"https:\/\/truusk.store\/sv\/produkt\/truusk-hundvagn-fallbar-pop-up-solstolsdyna-stalram-gra-svart\/","title":{"rendered":"TRUUSK Hundvagn &#8211; F\u00e4llbar &#8211; Pop Up &#8211; Solstolsdyna &#8211; St\u00e5lram &#8211; Gr\u00e5\/Svart"},"content":{"rendered":"<p>F\u00f6lj \u00e4ventyrets uppmaning tillsammans med din fyrbenta v\u00e4n med denna hundvagn! Designad speciellt f\u00f6r aktiva djur\u00e4lskare, denna rymliga husdjursvagn f\u00e4lls ihop utan anstr\u00e4ngning n\u00e4r det beh\u00f6vs. Den \u00f6ppningsbara huven inbjuder till en behaglig bris, medan den rymliga interi\u00f6ren med en mjuk kudde s\u00e4kerst\u00e4ller en bekv\u00e4m resa. Tack vare de robusta gummid\u00e4cken glider kattvagnen smidigt \u00f6ver olika terr\u00e4nger, vilket g\u00f6r varje resa till ett n\u00f6je.<\/p>\n<h3>Beskrivning:<\/h3>\n<ul>\n<li>L\u00e4tt hopf\u00e4llbar f\u00f6r bekv\u00e4m f\u00f6rvaring och transport<\/li>\n<li>Hundvagnens g\u00e5ngj\u00e4rnskapell \u00f6kar ventilationen och komforten<\/li>\n<li>Stora gummid\u00e4ck s\u00e4kerst\u00e4ller en smidig k\u00f6rning<\/li>\n<li>Endast 70 cm bred &#8211; passar bekv\u00e4mt genom standardd\u00f6rrar<\/li>\n<li>Integrerat hundkoppel inuti hundvagnen f\u00f6r mer s\u00e4kerhet<\/li>\n<li>Mjuk stoppning s\u00e4kerst\u00e4ller en bekv\u00e4m resa f\u00f6r husdjur<\/li>\n<li>Dragkedja p\u00e5 baksidan g\u00f6r att ditt husdjur l\u00e4tt kan komma in och ut<\/li>\n<li>L\u00e4mplig f\u00f6r medelstora till stora hundar upp till 60 cm och 30 kg<\/li>\n<\/ul>\n<h3>Teknisk data:<\/h3>\n<ul>\n<li>F\u00e4rg gr\u00e5<\/li>\n<li>Material: Oxford polyester, st\u00e5l<\/li>\n<li>\u00d6vergripande m\u00e5tt: 111L x 70W x 97,5H cm<\/li>\n<li>F\u00f6nsterstorlek: 29W x 24H cm (fram), 28W x 28H cm (\u00f6verst)<\/li>\n<li>Bakd\u00f6rr: 48W x 55,5H cm<\/li>\n<li>Storlek f\u00f6r f\u00f6rvaringsv\u00e4ska: 9W x 16H cm, 18W x 16H cm, 9W x 16H cm<\/li>\n<li>Hyttstorlek: 84L x 49W x 66\/35H cm (med\/utan kapell)<\/li>\n<li>Vikm\u00e5tt: 100L x 70W x 40H cm\/94L x 59W x 17H cm (med\/utan hjul)<\/li>\n<li>S\u00e4kerhetskoppel: 28-53L cm<\/li>\n<li>Kuddens m\u00e5tt: 83L x 47W x 2D cm<\/li>\n<\/ul>\n<h3>Leveransens omfattning:<\/h3>\n<ul>\n<li>1 x Pet Buggy<\/li>\n<li>1 x Instruktioner<\/li>\n<\/ul>\n","protected":false},"excerpt":{"rendered":"<p>F\u00f6lj \u00e4ventyrets uppmaning tillsammans med din fyrbenta v\u00e4n med denna hundvagn! Designad speciellt f\u00f6r aktiva djur\u00e4lskare, denna rymliga husdjursvagn f\u00e4lls&#8230;<\/p>\n","protected":false},"featured_media":54504,"template":"","meta":[],"product_brand":[],"product_cat":[574,579,573],"product_tag":[],"class_list":{"0":"post-54503","1":"product","2":"type-product","3":"status-publish","4":"has-post-thumbnail","6":"product_cat-hundtillbehor","7":"product_cat-hundvagn","8":"product_cat-husdjursmaterial","10":"first","11":"instock","12":"sale","13":"taxable","14":"shipping-taxable","15":"purchasable","16":"product-type-simple"},"yoast_head":"<!-- This site is optimized with the Yoast SEO plugin v25.4 - https:\/\/yoast.com\/wordpress\/plugins\/seo\/ -->\n<title>TRUUSK Hundvagn - F\u00e4llbar - Pop Up - Solstolsdyna - St\u00e5lram - Gr\u00e5\/Svart - TRUUSK - Hem, Tr\u00e4dg\u00e5rd &amp; Fritid<\/title>\n<meta name=\"robots\" content=\"index, follow, max-snippet:-1, max-image-preview:large, max-video-preview:-1\" \/>\n<link rel=\"canonical\" href=\"https:\/\/truusk.store\/sv\/produkt\/truusk-hundvagn-fallbar-pop-up-solstolsdyna-stalram-gra-svart\/\" \/>\n<meta property=\"og:locale\" content=\"sv_SE\" \/>\n<meta property=\"og:type\" content=\"article\" \/>\n<meta property=\"og:title\" content=\"TRUUSK Hundvagn - F\u00e4llbar - Pop Up - Solstolsdyna - St\u00e5lram - Gr\u00e5\/Svart - TRUUSK - Hem, Tr\u00e4dg\u00e5rd &amp; Fritid\" \/>\n<meta property=\"og:description\" content=\"F\u00f6lj \u00e4ventyrets uppmaning tillsammans med din fyrbenta v\u00e4n med denna hundvagn! Designad speciellt f\u00f6r aktiva djur\u00e4lskare, denna rymliga husdjursvagn f\u00e4lls...\" \/>\n<meta property=\"og:url\" content=\"https:\/\/truusk.store\/sv\/produkt\/truusk-hundvagn-fallbar-pop-up-solstolsdyna-stalram-gra-svart\/\" \/>\n<meta property=\"og:site_name\" content=\"TRUUSK - Hem, Tr\u00e4dg\u00e5rd &amp; Fritid\" \/>\n<meta property=\"article:modified_time\" content=\"2026-03-12T08:40:30+00:00\" \/>\n<meta property=\"og:image\" content=\"https:\/\/i0.wp.com\/truusk.se\/wp-content\/uploads\/2024\/05\/hundvagn-fallbar-pop-up-solstolsdyna-stalram-gra-svart.webp?fit=800%2C800&ssl=1\" \/>\n\t<meta property=\"og:image:width\" content=\"800\" \/>\n\t<meta property=\"og:image:height\" content=\"800\" \/>\n\t<meta property=\"og:image:type\" content=\"image\/webp\" \/>\n<meta name=\"twitter:card\" content=\"summary_large_image\" \/>\n<meta name=\"twitter:label1\" content=\"Ber\u00e4knad l\u00e4stid\" \/>\n\t<meta name=\"twitter:data1\" content=\"1 minut\" \/>\n<!-- \/ Yoast SEO plugin. -->","yoast_head_json":{"title":"TRUUSK Hundvagn - F\u00e4llbar - Pop Up - Solstolsdyna - St\u00e5lram - Gr\u00e5\/Svart - TRUUSK - Hem, Tr\u00e4dg\u00e5rd &amp; Fritid","robots":{"index":"index","follow":"follow","max-snippet":"max-snippet:-1","max-image-preview":"max-image-preview:large","max-video-preview":"max-video-preview:-1"},"canonical":"https:\/\/truusk.store\/sv\/produkt\/truusk-hundvagn-fallbar-pop-up-solstolsdyna-stalram-gra-svart\/","og_locale":"sv_SE","og_type":"article","og_title":"TRUUSK Hundvagn - F\u00e4llbar - Pop Up - Solstolsdyna - St\u00e5lram - Gr\u00e5\/Svart - TRUUSK - Hem, Tr\u00e4dg\u00e5rd &amp; Fritid","og_description":"F\u00f6lj \u00e4ventyrets uppmaning tillsammans med din fyrbenta v\u00e4n med denna hundvagn! Designad speciellt f\u00f6r aktiva djur\u00e4lskare, denna rymliga husdjursvagn f\u00e4lls...","og_url":"https:\/\/truusk.store\/sv\/produkt\/truusk-hundvagn-fallbar-pop-up-solstolsdyna-stalram-gra-svart\/","og_site_name":"TRUUSK - Hem, Tr\u00e4dg\u00e5rd &amp; Fritid","article_modified_time":"2026-03-12T08:40:30+00:00","og_image":[{"width":800,"height":800,"url":"https:\/\/i0.wp.com\/truusk.se\/wp-content\/uploads\/2024\/05\/hundvagn-fallbar-pop-up-solstolsdyna-stalram-gra-svart.webp?fit=800%2C800&ssl=1","type":"image\/webp"}],"twitter_card":"summary_large_image","twitter_misc":{"Ber\u00e4knad l\u00e4stid":"1 minut"},"schema":{"@context":"https:\/\/schema.org","@graph":[{"@type":"WebPage","@id":"https:\/\/truusk.store\/sv\/produkt\/truusk-hundvagn-fallbar-pop-up-solstolsdyna-stalram-gra-svart\/","url":"https:\/\/truusk.store\/sv\/produkt\/truusk-hundvagn-fallbar-pop-up-solstolsdyna-stalram-gra-svart\/","name":"TRUUSK Hundvagn - F\u00e4llbar - Pop Up - Solstolsdyna - St\u00e5lram - Gr\u00e5\/Svart - TRUUSK - Hem, Tr\u00e4dg\u00e5rd &amp; Fritid","isPartOf":{"@id":"https:\/\/truusk.store\/sv\/#website"},"primaryImageOfPage":{"@id":"https:\/\/truusk.store\/sv\/produkt\/truusk-hundvagn-fallbar-pop-up-solstolsdyna-stalram-gra-svart\/#primaryimage"},"image":{"@id":"https:\/\/truusk.store\/sv\/produkt\/truusk-hundvagn-fallbar-pop-up-solstolsdyna-stalram-gra-svart\/#primaryimage"},"thumbnailUrl":"https:\/\/i0.wp.com\/truusk.store\/wp-content\/uploads\/2024\/05\/hundvagn-fallbar-pop-up-solstolsdyna-stalram-gra-svart.webp?fit=800%2C800&ssl=1","datePublished":"2024-05-06T03:10:08+00:00","dateModified":"2026-03-12T08:40:30+00:00","breadcrumb":{"@id":"https:\/\/truusk.store\/sv\/produkt\/truusk-hundvagn-fallbar-pop-up-solstolsdyna-stalram-gra-svart\/#breadcrumb"},"inLanguage":"sv-SE","potentialAction":[{"@type":"ReadAction","target":["https:\/\/truusk.store\/sv\/produkt\/truusk-hundvagn-fallbar-pop-up-solstolsdyna-stalram-gra-svart\/"]}]},{"@type":"ImageObject","inLanguage":"sv-SE","@id":"https:\/\/truusk.store\/sv\/produkt\/truusk-hundvagn-fallbar-pop-up-solstolsdyna-stalram-gra-svart\/#primaryimage","url":"https:\/\/i0.wp.com\/truusk.store\/wp-content\/uploads\/2024\/05\/hundvagn-fallbar-pop-up-solstolsdyna-stalram-gra-svart.webp?fit=800%2C800&ssl=1","contentUrl":"https:\/\/i0.wp.com\/truusk.store\/wp-content\/uploads\/2024\/05\/hundvagn-fallbar-pop-up-solstolsdyna-stalram-gra-svart.webp?fit=800%2C800&ssl=1","width":800,"height":800,"caption":"Hundvagn F\u00e4llbar Pop Up Solstolsdyna St\u00e5lram Gr\u00e5\/Svart 1"},{"@type":"BreadcrumbList","@id":"https:\/\/truusk.store\/sv\/produkt\/truusk-hundvagn-fallbar-pop-up-solstolsdyna-stalram-gra-svart\/#breadcrumb","itemListElement":[{"@type":"ListItem","position":1,"name":"Home","item":"https:\/\/truusk.store\/sv\/"},{"@type":"ListItem","position":2,"name":"Shop","item":"https:\/\/truusk.store\/shop\/"},{"@type":"ListItem","position":3,"name":"TRUUSK Hundvagn &#8211; F\u00e4llbar &#8211; Pop Up &#8211; Solstolsdyna &#8211; St\u00e5lram &#8211; Gr\u00e5\/Svart"}]},{"@type":"WebSite","@id":"https:\/\/truusk.store\/sv\/#website","url":"https:\/\/truusk.store\/sv\/","name":"TRUUSK - Hem, Tr\u00e4dg\u00e5rd & Fritid","description":"","publisher":{"@id":"https:\/\/truusk.store\/sv\/#organization"},"potentialAction":[{"@type":"SearchAction","target":{"@type":"EntryPoint","urlTemplate":"https:\/\/truusk.store\/sv\/?s={search_term_string}"},"query-input":{"@type":"PropertyValueSpecification","valueRequired":true,"valueName":"search_term_string"}}],"inLanguage":"sv-SE"},{"@type":"Organization","@id":"https:\/\/truusk.store\/sv\/#organization","name":"TRUUSK - Hem, Tr\u00e4dg\u00e5rd & Fritid","url":"https:\/\/truusk.store\/sv\/","logo":{"@type":"ImageObject","inLanguage":"sv-SE","@id":"https:\/\/truusk.store\/sv\/#\/schema\/logo\/image\/","url":"https:\/\/i0.wp.com\/truusk.store\/wp-content\/uploads\/2026\/03\/cropped-TRUUSK.png?fit=2032%2C917&ssl=1","contentUrl":"https:\/\/i0.wp.com\/truusk.store\/wp-content\/uploads\/2026\/03\/cropped-TRUUSK.png?fit=2032%2C917&ssl=1","width":2032,"height":917,"caption":"TRUUSK - Hem, Tr\u00e4dg\u00e5rd & Fritid"},"image":{"@id":"https:\/\/truusk.store\/sv\/#\/schema\/logo\/image\/"}}]}},"jetpack_sharing_enabled":true,"_links":{"self":[{"href":"https:\/\/truusk.store\/sv\/wp-json\/wp\/v2\/product\/54503","targetHints":{"allow":["GET"]}}],"collection":[{"href":"https:\/\/truusk.store\/sv\/wp-json\/wp\/v2\/product"}],"about":[{"href":"https:\/\/truusk.store\/sv\/wp-json\/wp\/v2\/types\/product"}],"wp:featuredmedia":[{"embeddable":true,"href":"https:\/\/truusk.store\/sv\/wp-json\/wp\/v2\/media\/54504"}],"wp:attachment":[{"href":"https:\/\/truusk.store\/sv\/wp-json\/wp\/v2\/media?parent=54503"}],"wp:term":[{"taxonomy":"product_brand","embeddable":true,"href":"https:\/\/truusk.store\/sv\/wp-json\/wp\/v2\/product_brand?post=54503"},{"taxonomy":"product_cat","embeddable":true,"href":"https:\/\/truusk.store\/sv\/wp-json\/wp\/v2\/product_cat?post=54503"},{"taxonomy":"product_tag","embeddable":true,"href":"https:\/\/truusk.store\/sv\/wp-json\/wp\/v2\/product_tag?post=54503"}],"curies":[{"name":"wp","href":"https:\/\/api.w.org\/{rel}","templated":true}]}}