{"id":54565,"date":"2024-05-06T05:30:10","date_gmt":"2024-05-06T04:30:10","guid":{"rendered":"https:\/\/truusk.store\/product\/rottingfatolj-utomhusfatolj-tradgardsfatolj-pe-rotting-89-cm-x-75-cm-x-143-cm-natur-svart\/"},"modified":"2026-03-12T09:34:15","modified_gmt":"2026-03-12T08:34:15","slug":"truusk-rottingfatolj-for-tradgarden-pe-rotting-89x75x143-cm-natur-svart","status":"publish","type":"product","link":"https:\/\/truusk.store\/sv\/produkt\/truusk-rottingfatolj-for-tradgarden-pe-rotting-89x75x143-cm-natur-svart\/","title":{"rendered":"TRUUSK Rottingf\u00e5t\u00f6lj f\u00f6r Tr\u00e4dg\u00e5rden &#8211; PE-rotting &#8211; 89x75x143 cm &#8211; Natur + Svart"},"content":{"rendered":"<p>Uppt\u00e4ck charmen med tr\u00e4dg\u00e5rdsf\u00e5t\u00f6ljen i rotting, som kombinerar elegansen hos rottingv\u00e4ven med o\u00f6vertr\u00e4ffad komfort. Denna tr\u00e4dg\u00e5rdsstol \u00e4r utrustad med en 14 cm tjock sittdyna och ett bekv\u00e4mt 8 cm tjockt nackst\u00f6d som tar din avkoppling till en ny niv\u00e5. Med sin robusta st\u00e5lram inlindad i PE-rotting och justerbara fotst\u00f6d passar denna fl\u00e4tad stol perfekt till vilken tr\u00e4dg\u00e5rdssoffa eller solstol som helst.<\/p>\n<h3>Beskrivning:<\/h3>\n<ul>\n<li>Rottingeffekten ger tr\u00e4dg\u00e5rden ett charmigt utseende<\/li>\n<li>Den 14 cm tjocka sittdynan p\u00e5 korgstolen erbjuder extra komfort<\/li>\n<li>Det 8 cm mjuka nackst\u00f6det st\u00f6djer avslappnad lounge<\/li>\n<li>PE-rotting p\u00e5 st\u00e5lram \u00f6kar h\u00e5llbarheten<\/li>\n<li>Justerbara f\u00f6tter p\u00e5 tr\u00e4dg\u00e5rdsstolen s\u00e4kerst\u00e4ller stabilitet p\u00e5 oj\u00e4mna ytor<\/li>\n<li>St\u00f6der upp till 120 kg f\u00f6r ett brett spektrum av anv\u00e4ndare<\/li>\n<li>Montering kr\u00e4vs<\/li>\n<\/ul>\n<h3>Teknisk data:<\/h3>\n<ul>\n<li>F\u00e4rg: Sand+svart<\/li>\n<li>Material: st\u00e5l, PE-rotting, polyester, skum<\/li>\n<li>\u00d6vergripande m\u00e5tt: 89W x 75D x 143H cm<\/li>\n<li>Sitsstorlek: 50W x 52D cm<\/li>\n<li>Sitth\u00f6jd (utan dyna): 33 cm<\/li>\n<li>Kuddens tjocklek: sits: 14 cm, nackst\u00f6d: 8 cm<\/li>\n<li>Viktkapacitet: 120 kg<\/li>\n<\/ul>\n<h3>Leveransens omfattning:<\/h3>\n<ul>\n<li>1 x Rotting Fritidsstol<\/li>\n<li>2 x sittdynor<\/li>\n<li>1 x Nackst\u00f6d<\/li>\n<li>1 x manuell<\/li>\n<\/ul>\n","protected":false},"excerpt":{"rendered":"<p>Uppt\u00e4ck charmen med tr\u00e4dg\u00e5rdsf\u00e5t\u00f6ljen i rotting, som kombinerar elegansen hos rottingv\u00e4ven med o\u00f6vertr\u00e4ffad komfort. Denna tr\u00e4dg\u00e5rdsstol \u00e4r utrustad med en&#8230;<\/p>\n","protected":false},"featured_media":54566,"template":"","meta":[],"product_brand":[],"product_cat":[435,450,455],"product_tag":[],"class_list":{"0":"post-54565","1":"product","2":"type-product","3":"status-publish","4":"has-post-thumbnail","6":"product_cat-tradgard-och-terrass","7":"product_cat-tradgardsmobler","8":"product_cat-tradgardsmobler-i-polyrattan","10":"first","11":"instock","12":"sale","13":"taxable","14":"shipping-taxable","15":"purchasable","16":"product-type-simple"},"yoast_head":"<!-- This site is optimized with the Yoast SEO plugin v25.4 - https:\/\/yoast.com\/wordpress\/plugins\/seo\/ -->\n<title>TRUUSK Rottingf\u00e5t\u00f6lj f\u00f6r Tr\u00e4dg\u00e5rden - PE-rotting - 89x75x143 cm - Natur + Svart - TRUUSK - Hem, Tr\u00e4dg\u00e5rd &amp; Fritid<\/title>\n<meta name=\"robots\" content=\"index, follow, max-snippet:-1, max-image-preview:large, max-video-preview:-1\" \/>\n<link rel=\"canonical\" href=\"https:\/\/truusk.store\/sv\/produkt\/truusk-rottingfatolj-for-tradgarden-pe-rotting-89x75x143-cm-natur-svart\/\" \/>\n<meta property=\"og:locale\" content=\"sv_SE\" \/>\n<meta property=\"og:type\" content=\"article\" \/>\n<meta property=\"og:title\" content=\"TRUUSK Rottingf\u00e5t\u00f6lj f\u00f6r Tr\u00e4dg\u00e5rden - PE-rotting - 89x75x143 cm - Natur + Svart - TRUUSK - Hem, Tr\u00e4dg\u00e5rd &amp; Fritid\" \/>\n<meta property=\"og:description\" content=\"Uppt\u00e4ck charmen med tr\u00e4dg\u00e5rdsf\u00e5t\u00f6ljen i rotting, som kombinerar elegansen hos rottingv\u00e4ven med o\u00f6vertr\u00e4ffad komfort. Denna tr\u00e4dg\u00e5rdsstol \u00e4r utrustad med en...\" \/>\n<meta property=\"og:url\" content=\"https:\/\/truusk.store\/sv\/produkt\/truusk-rottingfatolj-for-tradgarden-pe-rotting-89x75x143-cm-natur-svart\/\" \/>\n<meta property=\"og:site_name\" content=\"TRUUSK - Hem, Tr\u00e4dg\u00e5rd &amp; Fritid\" \/>\n<meta property=\"article:modified_time\" content=\"2026-03-12T08:34:15+00:00\" \/>\n<meta property=\"og:image\" content=\"https:\/\/i0.wp.com\/truusk.se\/wp-content\/uploads\/2024\/05\/rottingfatolj-utomhusfatolj-tradgardsfatolj-pe-rotting-89-cm-x-75-cm-x-143-cm-natur-svart.webp?fit=800%2C800&ssl=1\" \/>\n\t<meta property=\"og:image:width\" content=\"800\" \/>\n\t<meta property=\"og:image:height\" content=\"800\" \/>\n\t<meta property=\"og:image:type\" content=\"image\/webp\" \/>\n<meta name=\"twitter:card\" content=\"summary_large_image\" \/>\n<meta name=\"twitter:label1\" content=\"Ber\u00e4knad l\u00e4stid\" \/>\n\t<meta name=\"twitter:data1\" content=\"1 minut\" \/>\n<!-- \/ Yoast SEO plugin. -->","yoast_head_json":{"title":"TRUUSK Rottingf\u00e5t\u00f6lj f\u00f6r Tr\u00e4dg\u00e5rden - PE-rotting - 89x75x143 cm - Natur + Svart - TRUUSK - Hem, Tr\u00e4dg\u00e5rd &amp; Fritid","robots":{"index":"index","follow":"follow","max-snippet":"max-snippet:-1","max-image-preview":"max-image-preview:large","max-video-preview":"max-video-preview:-1"},"canonical":"https:\/\/truusk.store\/sv\/produkt\/truusk-rottingfatolj-for-tradgarden-pe-rotting-89x75x143-cm-natur-svart\/","og_locale":"sv_SE","og_type":"article","og_title":"TRUUSK Rottingf\u00e5t\u00f6lj f\u00f6r Tr\u00e4dg\u00e5rden - PE-rotting - 89x75x143 cm - Natur + Svart - TRUUSK - Hem, Tr\u00e4dg\u00e5rd &amp; Fritid","og_description":"Uppt\u00e4ck charmen med tr\u00e4dg\u00e5rdsf\u00e5t\u00f6ljen i rotting, som kombinerar elegansen hos rottingv\u00e4ven med o\u00f6vertr\u00e4ffad komfort. Denna tr\u00e4dg\u00e5rdsstol \u00e4r utrustad med en...","og_url":"https:\/\/truusk.store\/sv\/produkt\/truusk-rottingfatolj-for-tradgarden-pe-rotting-89x75x143-cm-natur-svart\/","og_site_name":"TRUUSK - Hem, Tr\u00e4dg\u00e5rd &amp; Fritid","article_modified_time":"2026-03-12T08:34:15+00:00","og_image":[{"width":800,"height":800,"url":"https:\/\/i0.wp.com\/truusk.se\/wp-content\/uploads\/2024\/05\/rottingfatolj-utomhusfatolj-tradgardsfatolj-pe-rotting-89-cm-x-75-cm-x-143-cm-natur-svart.webp?fit=800%2C800&ssl=1","type":"image\/webp"}],"twitter_card":"summary_large_image","twitter_misc":{"Ber\u00e4knad l\u00e4stid":"1 minut"},"schema":{"@context":"https:\/\/schema.org","@graph":[{"@type":"WebPage","@id":"https:\/\/truusk.store\/sv\/produkt\/truusk-rottingfatolj-for-tradgarden-pe-rotting-89x75x143-cm-natur-svart\/","url":"https:\/\/truusk.store\/sv\/produkt\/truusk-rottingfatolj-for-tradgarden-pe-rotting-89x75x143-cm-natur-svart\/","name":"TRUUSK Rottingf\u00e5t\u00f6lj f\u00f6r Tr\u00e4dg\u00e5rden - PE-rotting - 89x75x143 cm - Natur + Svart - TRUUSK - Hem, Tr\u00e4dg\u00e5rd &amp; Fritid","isPartOf":{"@id":"https:\/\/truusk.store\/sv\/#website"},"primaryImageOfPage":{"@id":"https:\/\/truusk.store\/sv\/produkt\/truusk-rottingfatolj-for-tradgarden-pe-rotting-89x75x143-cm-natur-svart\/#primaryimage"},"image":{"@id":"https:\/\/truusk.store\/sv\/produkt\/truusk-rottingfatolj-for-tradgarden-pe-rotting-89x75x143-cm-natur-svart\/#primaryimage"},"thumbnailUrl":"https:\/\/i0.wp.com\/truusk.store\/wp-content\/uploads\/2024\/05\/rottingfatolj-utomhusfatolj-tradgardsfatolj-pe-rotting-89-cm-x-75-cm-x-143-cm-natur-svart.webp?fit=800%2C800&ssl=1","datePublished":"2024-05-06T04:30:10+00:00","dateModified":"2026-03-12T08:34:15+00:00","breadcrumb":{"@id":"https:\/\/truusk.store\/sv\/produkt\/truusk-rottingfatolj-for-tradgarden-pe-rotting-89x75x143-cm-natur-svart\/#breadcrumb"},"inLanguage":"sv-SE","potentialAction":[{"@type":"ReadAction","target":["https:\/\/truusk.store\/sv\/produkt\/truusk-rottingfatolj-for-tradgarden-pe-rotting-89x75x143-cm-natur-svart\/"]}]},{"@type":"ImageObject","inLanguage":"sv-SE","@id":"https:\/\/truusk.store\/sv\/produkt\/truusk-rottingfatolj-for-tradgarden-pe-rotting-89x75x143-cm-natur-svart\/#primaryimage","url":"https:\/\/i0.wp.com\/truusk.store\/wp-content\/uploads\/2024\/05\/rottingfatolj-utomhusfatolj-tradgardsfatolj-pe-rotting-89-cm-x-75-cm-x-143-cm-natur-svart.webp?fit=800%2C800&ssl=1","contentUrl":"https:\/\/i0.wp.com\/truusk.store\/wp-content\/uploads\/2024\/05\/rottingfatolj-utomhusfatolj-tradgardsfatolj-pe-rotting-89-cm-x-75-cm-x-143-cm-natur-svart.webp?fit=800%2C800&ssl=1","width":800,"height":800,"caption":"Rottingf\u00e5t\u00f6lj, Utomhusf\u00e5t\u00f6lj, Tr\u00e4dg\u00e5rdsf\u00e5t\u00f6lj, PE-rotting, 89 Cm X 75 Cm X 143 Cm, Natur + Svart 1"},{"@type":"BreadcrumbList","@id":"https:\/\/truusk.store\/sv\/produkt\/truusk-rottingfatolj-for-tradgarden-pe-rotting-89x75x143-cm-natur-svart\/#breadcrumb","itemListElement":[{"@type":"ListItem","position":1,"name":"Home","item":"https:\/\/truusk.store\/sv\/"},{"@type":"ListItem","position":2,"name":"Shop","item":"https:\/\/truusk.store\/shop\/"},{"@type":"ListItem","position":3,"name":"TRUUSK Rottingf\u00e5t\u00f6lj f\u00f6r Tr\u00e4dg\u00e5rden &#8211; PE-rotting &#8211; 89x75x143 cm &#8211; Natur + Svart"}]},{"@type":"WebSite","@id":"https:\/\/truusk.store\/sv\/#website","url":"https:\/\/truusk.store\/sv\/","name":"TRUUSK - Hem, Tr\u00e4dg\u00e5rd & Fritid","description":"","publisher":{"@id":"https:\/\/truusk.store\/sv\/#organization"},"potentialAction":[{"@type":"SearchAction","target":{"@type":"EntryPoint","urlTemplate":"https:\/\/truusk.store\/sv\/?s={search_term_string}"},"query-input":{"@type":"PropertyValueSpecification","valueRequired":true,"valueName":"search_term_string"}}],"inLanguage":"sv-SE"},{"@type":"Organization","@id":"https:\/\/truusk.store\/sv\/#organization","name":"TRUUSK - Hem, Tr\u00e4dg\u00e5rd & Fritid","url":"https:\/\/truusk.store\/sv\/","logo":{"@type":"ImageObject","inLanguage":"sv-SE","@id":"https:\/\/truusk.store\/sv\/#\/schema\/logo\/image\/","url":"https:\/\/i0.wp.com\/truusk.store\/wp-content\/uploads\/2026\/03\/cropped-TRUUSK.png?fit=2032%2C917&ssl=1","contentUrl":"https:\/\/i0.wp.com\/truusk.store\/wp-content\/uploads\/2026\/03\/cropped-TRUUSK.png?fit=2032%2C917&ssl=1","width":2032,"height":917,"caption":"TRUUSK - Hem, Tr\u00e4dg\u00e5rd & Fritid"},"image":{"@id":"https:\/\/truusk.store\/sv\/#\/schema\/logo\/image\/"}}]}},"jetpack_sharing_enabled":true,"_links":{"self":[{"href":"https:\/\/truusk.store\/sv\/wp-json\/wp\/v2\/product\/54565","targetHints":{"allow":["GET"]}}],"collection":[{"href":"https:\/\/truusk.store\/sv\/wp-json\/wp\/v2\/product"}],"about":[{"href":"https:\/\/truusk.store\/sv\/wp-json\/wp\/v2\/types\/product"}],"wp:featuredmedia":[{"embeddable":true,"href":"https:\/\/truusk.store\/sv\/wp-json\/wp\/v2\/media\/54566"}],"wp:attachment":[{"href":"https:\/\/truusk.store\/sv\/wp-json\/wp\/v2\/media?parent=54565"}],"wp:term":[{"taxonomy":"product_brand","embeddable":true,"href":"https:\/\/truusk.store\/sv\/wp-json\/wp\/v2\/product_brand?post=54565"},{"taxonomy":"product_cat","embeddable":true,"href":"https:\/\/truusk.store\/sv\/wp-json\/wp\/v2\/product_cat?post=54565"},{"taxonomy":"product_tag","embeddable":true,"href":"https:\/\/truusk.store\/sv\/wp-json\/wp\/v2\/product_tag?post=54565"}],"curies":[{"name":"wp","href":"https:\/\/api.w.org\/{rel}","templated":true}]}}