{"id":54599,"date":"2024-05-06T06:00:09","date_gmt":"2024-05-06T05:00:09","guid":{"rendered":"https:\/\/truusk.store\/product\/matbord-koksbord-runt-bord-scandi-design-75-cm-x-75-cm-x-76-cm-vit-natur\/"},"modified":"2026-03-12T09:38:25","modified_gmt":"2026-03-12T08:38:25","slug":"truusk-matbord-koksbord-i-skandinavisk-design-75x75x76-cm-vit-natur","status":"publish","type":"product","link":"https:\/\/truusk.store\/sv\/produkt\/truusk-matbord-koksbord-i-skandinavisk-design-75x75x76-cm-vit-natur\/","title":{"rendered":"TRUUSK Matbord &#8211; K\u00f6ksbord i Skandinavisk Design &#8211; 75x75x76 cm &#8211; Vit + Natur"},"content":{"rendered":"<p>Med detta matbord kan du \u00e4ta s\u00e5 avslappnat och stilrent du vill. Dess smala, runda form och sl\u00e4ta yta ger den ett klassiskt utseende. Stommen \u00e4r gjord av massivt furu och ger en stabil bas med halkfri bas. Ta plats och njut av s\u00e4llskapet \u2013 var det \u00e4n \u00e4r.<\/p>\n<h3>Beskrivning:<\/h3>\n<ul>\n<li>Matbord i lantlig stil, passar de flesta inredningsstilar<\/li>\n<li>Tv\u00e5sits, idealisk f\u00f6r mindre k\u00f6k och matsalar<\/li>\n<li>Med en rymlig, rund bordsskiva f\u00f6r att placera mat och dryck<\/li>\n<li>Massiv fururam med lackerad yta f\u00f6r stabilitet och skonsamt skydd<\/li>\n<li>Halkskydd p\u00e5 k\u00f6ksbordet skyddar golvet fr\u00e5n repor<\/li>\n<li>Montering kr\u00e4vs<\/li>\n<\/ul>\n<h3>Teknisk data:<\/h3>\n<ul>\n<li>F\u00e4rg vit<\/li>\n<li>Material: furu<\/li>\n<li>Totalm\u00e5tt: 75 x 76 Hcm<\/li>\n<li>Minsta l\u00e4mplig yta: 2,56m<\/li>\n<li>Viktkapacitet: 30 kg<\/li>\n<\/ul>\n<h3>Leveransens omfattning:<\/h3>\n<ul>\n<li>1 x matbord<\/li>\n<li>1 x manuell<\/li>\n<\/ul>\n","protected":false},"excerpt":{"rendered":"<p>Med detta matbord kan du \u00e4ta s\u00e5 avslappnat och stilrent du vill. Dess smala, runda form och sl\u00e4ta yta ger&#8230;<\/p>\n","protected":false},"featured_media":54600,"template":"","meta":[],"product_brand":[],"product_cat":[485,509,501],"product_tag":[],"class_list":{"0":"post-54599","1":"product","2":"type-product","3":"status-publish","4":"has-post-thumbnail","6":"product_cat-hus-bo","7":"product_cat-matbord","8":"product_cat-tabeller","10":"first","11":"instock","12":"sale","13":"taxable","14":"shipping-taxable","15":"purchasable","16":"product-type-simple"},"yoast_head":"<!-- This site is optimized with the Yoast SEO plugin v25.4 - https:\/\/yoast.com\/wordpress\/plugins\/seo\/ -->\n<title>TRUUSK Matbord - K\u00f6ksbord i Skandinavisk Design - 75x75x76 cm - Vit + Natur - TRUUSK - Hem, Tr\u00e4dg\u00e5rd &amp; Fritid<\/title>\n<meta name=\"robots\" content=\"index, follow, max-snippet:-1, max-image-preview:large, max-video-preview:-1\" \/>\n<link rel=\"canonical\" href=\"https:\/\/truusk.store\/sv\/produkt\/truusk-matbord-koksbord-i-skandinavisk-design-75x75x76-cm-vit-natur\/\" \/>\n<meta property=\"og:locale\" content=\"sv_SE\" \/>\n<meta property=\"og:type\" content=\"article\" \/>\n<meta property=\"og:title\" content=\"TRUUSK Matbord - K\u00f6ksbord i Skandinavisk Design - 75x75x76 cm - Vit + Natur - TRUUSK - Hem, Tr\u00e4dg\u00e5rd &amp; Fritid\" \/>\n<meta property=\"og:description\" content=\"Med detta matbord kan du \u00e4ta s\u00e5 avslappnat och stilrent du vill. Dess smala, runda form och sl\u00e4ta yta ger...\" \/>\n<meta property=\"og:url\" content=\"https:\/\/truusk.store\/sv\/produkt\/truusk-matbord-koksbord-i-skandinavisk-design-75x75x76-cm-vit-natur\/\" \/>\n<meta property=\"og:site_name\" content=\"TRUUSK - Hem, Tr\u00e4dg\u00e5rd &amp; Fritid\" \/>\n<meta property=\"article:modified_time\" content=\"2026-03-12T08:38:25+00:00\" \/>\n<meta property=\"og:image\" content=\"https:\/\/i0.wp.com\/truusk.se\/wp-content\/uploads\/2024\/05\/matbord-koksbord-runt-bord-scandi-design-75-cm-x-75-cm-x-76-cm-vit-natur.webp?fit=800%2C800&ssl=1\" \/>\n\t<meta property=\"og:image:width\" content=\"800\" \/>\n\t<meta property=\"og:image:height\" content=\"800\" \/>\n\t<meta property=\"og:image:type\" content=\"image\/webp\" \/>\n<meta name=\"twitter:card\" content=\"summary_large_image\" \/>\n<meta name=\"twitter:label1\" content=\"Ber\u00e4knad l\u00e4stid\" \/>\n\t<meta name=\"twitter:data1\" content=\"1 minut\" \/>\n<!-- \/ Yoast SEO plugin. -->","yoast_head_json":{"title":"TRUUSK Matbord - K\u00f6ksbord i Skandinavisk Design - 75x75x76 cm - Vit + Natur - TRUUSK - Hem, Tr\u00e4dg\u00e5rd &amp; Fritid","robots":{"index":"index","follow":"follow","max-snippet":"max-snippet:-1","max-image-preview":"max-image-preview:large","max-video-preview":"max-video-preview:-1"},"canonical":"https:\/\/truusk.store\/sv\/produkt\/truusk-matbord-koksbord-i-skandinavisk-design-75x75x76-cm-vit-natur\/","og_locale":"sv_SE","og_type":"article","og_title":"TRUUSK Matbord - K\u00f6ksbord i Skandinavisk Design - 75x75x76 cm - Vit + Natur - TRUUSK - Hem, Tr\u00e4dg\u00e5rd &amp; Fritid","og_description":"Med detta matbord kan du \u00e4ta s\u00e5 avslappnat och stilrent du vill. Dess smala, runda form och sl\u00e4ta yta ger...","og_url":"https:\/\/truusk.store\/sv\/produkt\/truusk-matbord-koksbord-i-skandinavisk-design-75x75x76-cm-vit-natur\/","og_site_name":"TRUUSK - Hem, Tr\u00e4dg\u00e5rd &amp; Fritid","article_modified_time":"2026-03-12T08:38:25+00:00","og_image":[{"width":800,"height":800,"url":"https:\/\/i0.wp.com\/truusk.se\/wp-content\/uploads\/2024\/05\/matbord-koksbord-runt-bord-scandi-design-75-cm-x-75-cm-x-76-cm-vit-natur.webp?fit=800%2C800&ssl=1","type":"image\/webp"}],"twitter_card":"summary_large_image","twitter_misc":{"Ber\u00e4knad l\u00e4stid":"1 minut"},"schema":{"@context":"https:\/\/schema.org","@graph":[{"@type":"WebPage","@id":"https:\/\/truusk.store\/sv\/produkt\/truusk-matbord-koksbord-i-skandinavisk-design-75x75x76-cm-vit-natur\/","url":"https:\/\/truusk.store\/sv\/produkt\/truusk-matbord-koksbord-i-skandinavisk-design-75x75x76-cm-vit-natur\/","name":"TRUUSK Matbord - K\u00f6ksbord i Skandinavisk Design - 75x75x76 cm - Vit + Natur - TRUUSK - Hem, Tr\u00e4dg\u00e5rd &amp; Fritid","isPartOf":{"@id":"https:\/\/truusk.store\/sv\/#website"},"primaryImageOfPage":{"@id":"https:\/\/truusk.store\/sv\/produkt\/truusk-matbord-koksbord-i-skandinavisk-design-75x75x76-cm-vit-natur\/#primaryimage"},"image":{"@id":"https:\/\/truusk.store\/sv\/produkt\/truusk-matbord-koksbord-i-skandinavisk-design-75x75x76-cm-vit-natur\/#primaryimage"},"thumbnailUrl":"https:\/\/i0.wp.com\/truusk.store\/wp-content\/uploads\/2024\/05\/matbord-koksbord-runt-bord-scandi-design-75-cm-x-75-cm-x-76-cm-vit-natur.webp?fit=800%2C800&ssl=1","datePublished":"2024-05-06T05:00:09+00:00","dateModified":"2026-03-12T08:38:25+00:00","breadcrumb":{"@id":"https:\/\/truusk.store\/sv\/produkt\/truusk-matbord-koksbord-i-skandinavisk-design-75x75x76-cm-vit-natur\/#breadcrumb"},"inLanguage":"sv-SE","potentialAction":[{"@type":"ReadAction","target":["https:\/\/truusk.store\/sv\/produkt\/truusk-matbord-koksbord-i-skandinavisk-design-75x75x76-cm-vit-natur\/"]}]},{"@type":"ImageObject","inLanguage":"sv-SE","@id":"https:\/\/truusk.store\/sv\/produkt\/truusk-matbord-koksbord-i-skandinavisk-design-75x75x76-cm-vit-natur\/#primaryimage","url":"https:\/\/i0.wp.com\/truusk.store\/wp-content\/uploads\/2024\/05\/matbord-koksbord-runt-bord-scandi-design-75-cm-x-75-cm-x-76-cm-vit-natur.webp?fit=800%2C800&ssl=1","contentUrl":"https:\/\/i0.wp.com\/truusk.store\/wp-content\/uploads\/2024\/05\/matbord-koksbord-runt-bord-scandi-design-75-cm-x-75-cm-x-76-cm-vit-natur.webp?fit=800%2C800&ssl=1","width":800,"height":800,"caption":"Matbord K\u00f6ksbord Runt Bord, Scandi Design, 75 Cm X 75 Cm X 76 Cm, Vit + Natur 1"},{"@type":"BreadcrumbList","@id":"https:\/\/truusk.store\/sv\/produkt\/truusk-matbord-koksbord-i-skandinavisk-design-75x75x76-cm-vit-natur\/#breadcrumb","itemListElement":[{"@type":"ListItem","position":1,"name":"Home","item":"https:\/\/truusk.store\/sv\/"},{"@type":"ListItem","position":2,"name":"Shop","item":"https:\/\/truusk.store\/shop\/"},{"@type":"ListItem","position":3,"name":"TRUUSK Matbord &#8211; K\u00f6ksbord i Skandinavisk Design &#8211; 75x75x76 cm &#8211; Vit + Natur"}]},{"@type":"WebSite","@id":"https:\/\/truusk.store\/sv\/#website","url":"https:\/\/truusk.store\/sv\/","name":"TRUUSK - Hem, Tr\u00e4dg\u00e5rd & Fritid","description":"","publisher":{"@id":"https:\/\/truusk.store\/sv\/#organization"},"potentialAction":[{"@type":"SearchAction","target":{"@type":"EntryPoint","urlTemplate":"https:\/\/truusk.store\/sv\/?s={search_term_string}"},"query-input":{"@type":"PropertyValueSpecification","valueRequired":true,"valueName":"search_term_string"}}],"inLanguage":"sv-SE"},{"@type":"Organization","@id":"https:\/\/truusk.store\/sv\/#organization","name":"TRUUSK - Hem, Tr\u00e4dg\u00e5rd & Fritid","url":"https:\/\/truusk.store\/sv\/","logo":{"@type":"ImageObject","inLanguage":"sv-SE","@id":"https:\/\/truusk.store\/sv\/#\/schema\/logo\/image\/","url":"https:\/\/i0.wp.com\/truusk.store\/wp-content\/uploads\/2026\/03\/cropped-TRUUSK.png?fit=2032%2C917&ssl=1","contentUrl":"https:\/\/i0.wp.com\/truusk.store\/wp-content\/uploads\/2026\/03\/cropped-TRUUSK.png?fit=2032%2C917&ssl=1","width":2032,"height":917,"caption":"TRUUSK - Hem, Tr\u00e4dg\u00e5rd & Fritid"},"image":{"@id":"https:\/\/truusk.store\/sv\/#\/schema\/logo\/image\/"}}]}},"jetpack_sharing_enabled":true,"_links":{"self":[{"href":"https:\/\/truusk.store\/sv\/wp-json\/wp\/v2\/product\/54599","targetHints":{"allow":["GET"]}}],"collection":[{"href":"https:\/\/truusk.store\/sv\/wp-json\/wp\/v2\/product"}],"about":[{"href":"https:\/\/truusk.store\/sv\/wp-json\/wp\/v2\/types\/product"}],"wp:featuredmedia":[{"embeddable":true,"href":"https:\/\/truusk.store\/sv\/wp-json\/wp\/v2\/media\/54600"}],"wp:attachment":[{"href":"https:\/\/truusk.store\/sv\/wp-json\/wp\/v2\/media?parent=54599"}],"wp:term":[{"taxonomy":"product_brand","embeddable":true,"href":"https:\/\/truusk.store\/sv\/wp-json\/wp\/v2\/product_brand?post=54599"},{"taxonomy":"product_cat","embeddable":true,"href":"https:\/\/truusk.store\/sv\/wp-json\/wp\/v2\/product_cat?post=54599"},{"taxonomy":"product_tag","embeddable":true,"href":"https:\/\/truusk.store\/sv\/wp-json\/wp\/v2\/product_tag?post=54599"}],"curies":[{"name":"wp","href":"https:\/\/api.w.org\/{rel}","templated":true}]}}