{"id":54610,"date":"2024-05-06T06:10:09","date_gmt":"2024-05-06T05:10:09","guid":{"rendered":"https:\/\/truusk.store\/product\/5-delat-matbord-med-stolar-massivt-tra-118-cm-x-73-cm-x-75-cm-natur\/"},"modified":"2026-03-12T09:38:25","modified_gmt":"2026-03-12T08:38:25","slug":"truusk-matbord-och-stolar-i-massivt-tra-5-delat-set-118x73x75-cm-naturlig-finish","status":"publish","type":"product","link":"https:\/\/truusk.store\/sv\/produkt\/truusk-matbord-och-stolar-i-massivt-tra-5-delat-set-118x73x75-cm-naturlig-finish\/","title":{"rendered":"TRUUSK Matbord och Stolar i Massivt Tr\u00e4 &#8211; 5-delat Set &#8211; 118x73x75 cm &#8211; Naturlig Finish"},"content":{"rendered":"<p>Matbordssetet ger en stilfull touch till din matsal och fungerar som en elegant mittpunkt f\u00f6r familjemiddagar och sammankomster med v\u00e4nner. Det rymliga rektangul\u00e4ra bordet ger plats f\u00f6r dina diskar, medan s\u00e4tet med ryggst\u00f6d garanterar komfort n\u00e4r du \u00e4ter och chattar. Ramen av naturligt furu ger upps\u00e4ttningen stabilitet och kvalitet. F\u00f6rdjupa dig i den fantastiska blandningen av stil, kvalitet och bekv\u00e4mlighet i v\u00e5rt matst\u00e4ll.<\/p>\n<h3>Beskrivning:<\/h3>\n<ul>\n<li>Set best\u00e5ende av 1 k\u00f6ksbord och 4 matchande stolar<\/li>\n<li>Kompakt design av matgruppen, stolar kan skjutas in under bordet f\u00f6r att spara utrymme<\/li>\n<li>Stomme i furu av h\u00f6g kvalitet med oljef\u00e4rg f\u00f6r dagligt bruk<\/li>\n<li>Halkskyddsmatta i matbordssetet skyddar golvet och minskar ljudniv\u00e5n<\/li>\n<li>Naturligt tr\u00e4 \u00e5dring f\u00f6r rustik charm<\/li>\n<li>Montering kr\u00e4vs<\/li>\n<li>att best\u00e4lla<\/li>\n<\/ul>\n<h3>Teknisk data:<\/h3>\n<ul>\n<li>F\u00e4rg: naturligt tr\u00e4<\/li>\n<li>Material: Furu<\/li>\n<li>Bordsm\u00e5tt: 118L x 73W x 75H cm<\/li>\n<li>Stolens m\u00e5tt: 41,5L x 46D x 90H cm<\/li>\n<li>Sitsstorlek: 41,5L x 41,5W x 45H cm<\/li>\n<li>Ryggst\u00f6dsstorlek: 34,5W x 46H cm<\/li>\n<li>Viktkapacitet: 120 kg (stol), 50 kg (bord)<\/li>\n<\/ul>\n<h3>Leveransens omfattning:<\/h3>\n<ul>\n<li>1 x matbord<\/li>\n<li>4 x stol<\/li>\n<li>1 x manuell<\/li>\n<\/ul>\n","protected":false},"excerpt":{"rendered":"<p>Matbordssetet ger en stilfull touch till din matsal och fungerar som en elegant mittpunkt f\u00f6r familjemiddagar och sammankomster med v\u00e4nner&#8230;.<\/p>\n","protected":false},"featured_media":54611,"template":"","meta":[],"product_brand":[],"product_cat":[485,512,501],"product_tag":[],"class_list":{"0":"post-54610","1":"product","2":"type-product","3":"status-publish","4":"has-post-thumbnail","6":"product_cat-hus-bo","7":"product_cat-matgrupper","8":"product_cat-tabeller","10":"first","11":"instock","12":"sale","13":"taxable","14":"shipping-taxable","15":"purchasable","16":"product-type-simple"},"yoast_head":"<!-- This site is optimized with the Yoast SEO plugin v25.4 - https:\/\/yoast.com\/wordpress\/plugins\/seo\/ -->\n<title>TRUUSK Matbord och Stolar i Massivt Tr\u00e4 - 5-delat Set - 118x73x75 cm - Naturlig Finish - TRUUSK - Hem, Tr\u00e4dg\u00e5rd &amp; Fritid<\/title>\n<meta name=\"robots\" content=\"index, follow, max-snippet:-1, max-image-preview:large, max-video-preview:-1\" \/>\n<link rel=\"canonical\" href=\"https:\/\/truusk.store\/sv\/produkt\/truusk-matbord-och-stolar-i-massivt-tra-5-delat-set-118x73x75-cm-naturlig-finish\/\" \/>\n<meta property=\"og:locale\" content=\"sv_SE\" \/>\n<meta property=\"og:type\" content=\"article\" \/>\n<meta property=\"og:title\" content=\"TRUUSK Matbord och Stolar i Massivt Tr\u00e4 - 5-delat Set - 118x73x75 cm - Naturlig Finish - TRUUSK - Hem, Tr\u00e4dg\u00e5rd &amp; Fritid\" \/>\n<meta property=\"og:description\" content=\"Matbordssetet ger en stilfull touch till din matsal och fungerar som en elegant mittpunkt f\u00f6r familjemiddagar och sammankomster med v\u00e4nner....\" \/>\n<meta property=\"og:url\" content=\"https:\/\/truusk.store\/sv\/produkt\/truusk-matbord-och-stolar-i-massivt-tra-5-delat-set-118x73x75-cm-naturlig-finish\/\" \/>\n<meta property=\"og:site_name\" content=\"TRUUSK - Hem, Tr\u00e4dg\u00e5rd &amp; Fritid\" \/>\n<meta property=\"article:modified_time\" content=\"2026-03-12T08:38:25+00:00\" \/>\n<meta property=\"og:image\" content=\"https:\/\/i0.wp.com\/truusk.se\/wp-content\/uploads\/2024\/05\/5-delat-matbord-med-stolar-massivt-tra-118-cm-x-73-cm-x-75-cm-natur.webp?fit=800%2C800&ssl=1\" \/>\n\t<meta property=\"og:image:width\" content=\"800\" \/>\n\t<meta property=\"og:image:height\" content=\"800\" \/>\n\t<meta property=\"og:image:type\" content=\"image\/webp\" \/>\n<meta name=\"twitter:card\" content=\"summary_large_image\" \/>\n<meta name=\"twitter:label1\" content=\"Ber\u00e4knad l\u00e4stid\" \/>\n\t<meta name=\"twitter:data1\" content=\"1 minut\" \/>\n<!-- \/ Yoast SEO plugin. -->","yoast_head_json":{"title":"TRUUSK Matbord och Stolar i Massivt Tr\u00e4 - 5-delat Set - 118x73x75 cm - Naturlig Finish - TRUUSK - Hem, Tr\u00e4dg\u00e5rd &amp; Fritid","robots":{"index":"index","follow":"follow","max-snippet":"max-snippet:-1","max-image-preview":"max-image-preview:large","max-video-preview":"max-video-preview:-1"},"canonical":"https:\/\/truusk.store\/sv\/produkt\/truusk-matbord-och-stolar-i-massivt-tra-5-delat-set-118x73x75-cm-naturlig-finish\/","og_locale":"sv_SE","og_type":"article","og_title":"TRUUSK Matbord och Stolar i Massivt Tr\u00e4 - 5-delat Set - 118x73x75 cm - Naturlig Finish - TRUUSK - Hem, Tr\u00e4dg\u00e5rd &amp; Fritid","og_description":"Matbordssetet ger en stilfull touch till din matsal och fungerar som en elegant mittpunkt f\u00f6r familjemiddagar och sammankomster med v\u00e4nner....","og_url":"https:\/\/truusk.store\/sv\/produkt\/truusk-matbord-och-stolar-i-massivt-tra-5-delat-set-118x73x75-cm-naturlig-finish\/","og_site_name":"TRUUSK - Hem, Tr\u00e4dg\u00e5rd &amp; Fritid","article_modified_time":"2026-03-12T08:38:25+00:00","og_image":[{"width":800,"height":800,"url":"https:\/\/i0.wp.com\/truusk.se\/wp-content\/uploads\/2024\/05\/5-delat-matbord-med-stolar-massivt-tra-118-cm-x-73-cm-x-75-cm-natur.webp?fit=800%2C800&ssl=1","type":"image\/webp"}],"twitter_card":"summary_large_image","twitter_misc":{"Ber\u00e4knad l\u00e4stid":"1 minut"},"schema":{"@context":"https:\/\/schema.org","@graph":[{"@type":"WebPage","@id":"https:\/\/truusk.store\/sv\/produkt\/truusk-matbord-och-stolar-i-massivt-tra-5-delat-set-118x73x75-cm-naturlig-finish\/","url":"https:\/\/truusk.store\/sv\/produkt\/truusk-matbord-och-stolar-i-massivt-tra-5-delat-set-118x73x75-cm-naturlig-finish\/","name":"TRUUSK Matbord och Stolar i Massivt Tr\u00e4 - 5-delat Set - 118x73x75 cm - Naturlig Finish - TRUUSK - Hem, Tr\u00e4dg\u00e5rd &amp; Fritid","isPartOf":{"@id":"https:\/\/truusk.store\/sv\/#website"},"primaryImageOfPage":{"@id":"https:\/\/truusk.store\/sv\/produkt\/truusk-matbord-och-stolar-i-massivt-tra-5-delat-set-118x73x75-cm-naturlig-finish\/#primaryimage"},"image":{"@id":"https:\/\/truusk.store\/sv\/produkt\/truusk-matbord-och-stolar-i-massivt-tra-5-delat-set-118x73x75-cm-naturlig-finish\/#primaryimage"},"thumbnailUrl":"https:\/\/i0.wp.com\/truusk.store\/wp-content\/uploads\/2024\/05\/5-delat-matbord-med-stolar-massivt-tra-118-cm-x-73-cm-x-75-cm-natur.webp?fit=800%2C800&ssl=1","datePublished":"2024-05-06T05:10:09+00:00","dateModified":"2026-03-12T08:38:25+00:00","breadcrumb":{"@id":"https:\/\/truusk.store\/sv\/produkt\/truusk-matbord-och-stolar-i-massivt-tra-5-delat-set-118x73x75-cm-naturlig-finish\/#breadcrumb"},"inLanguage":"sv-SE","potentialAction":[{"@type":"ReadAction","target":["https:\/\/truusk.store\/sv\/produkt\/truusk-matbord-och-stolar-i-massivt-tra-5-delat-set-118x73x75-cm-naturlig-finish\/"]}]},{"@type":"ImageObject","inLanguage":"sv-SE","@id":"https:\/\/truusk.store\/sv\/produkt\/truusk-matbord-och-stolar-i-massivt-tra-5-delat-set-118x73x75-cm-naturlig-finish\/#primaryimage","url":"https:\/\/i0.wp.com\/truusk.store\/wp-content\/uploads\/2024\/05\/5-delat-matbord-med-stolar-massivt-tra-118-cm-x-73-cm-x-75-cm-natur.webp?fit=800%2C800&ssl=1","contentUrl":"https:\/\/i0.wp.com\/truusk.store\/wp-content\/uploads\/2024\/05\/5-delat-matbord-med-stolar-massivt-tra-118-cm-x-73-cm-x-75-cm-natur.webp?fit=800%2C800&ssl=1","width":800,"height":800,"caption":"5-delat Matbord Med Stolar, Massivt Tr\u00e4, 118 Cm X 73 Cm X 75 Cm, Natur 1"},{"@type":"BreadcrumbList","@id":"https:\/\/truusk.store\/sv\/produkt\/truusk-matbord-och-stolar-i-massivt-tra-5-delat-set-118x73x75-cm-naturlig-finish\/#breadcrumb","itemListElement":[{"@type":"ListItem","position":1,"name":"Home","item":"https:\/\/truusk.store\/sv\/"},{"@type":"ListItem","position":2,"name":"Shop","item":"https:\/\/truusk.store\/shop\/"},{"@type":"ListItem","position":3,"name":"TRUUSK Matbord och Stolar i Massivt Tr\u00e4 &#8211; 5-delat Set &#8211; 118x73x75 cm &#8211; Naturlig Finish"}]},{"@type":"WebSite","@id":"https:\/\/truusk.store\/sv\/#website","url":"https:\/\/truusk.store\/sv\/","name":"TRUUSK - Hem, Tr\u00e4dg\u00e5rd & Fritid","description":"","publisher":{"@id":"https:\/\/truusk.store\/sv\/#organization"},"potentialAction":[{"@type":"SearchAction","target":{"@type":"EntryPoint","urlTemplate":"https:\/\/truusk.store\/sv\/?s={search_term_string}"},"query-input":{"@type":"PropertyValueSpecification","valueRequired":true,"valueName":"search_term_string"}}],"inLanguage":"sv-SE"},{"@type":"Organization","@id":"https:\/\/truusk.store\/sv\/#organization","name":"TRUUSK - Hem, Tr\u00e4dg\u00e5rd & Fritid","url":"https:\/\/truusk.store\/sv\/","logo":{"@type":"ImageObject","inLanguage":"sv-SE","@id":"https:\/\/truusk.store\/sv\/#\/schema\/logo\/image\/","url":"https:\/\/i0.wp.com\/truusk.store\/wp-content\/uploads\/2026\/03\/cropped-TRUUSK.png?fit=2032%2C917&ssl=1","contentUrl":"https:\/\/i0.wp.com\/truusk.store\/wp-content\/uploads\/2026\/03\/cropped-TRUUSK.png?fit=2032%2C917&ssl=1","width":2032,"height":917,"caption":"TRUUSK - Hem, Tr\u00e4dg\u00e5rd & Fritid"},"image":{"@id":"https:\/\/truusk.store\/sv\/#\/schema\/logo\/image\/"}}]}},"jetpack_sharing_enabled":true,"_links":{"self":[{"href":"https:\/\/truusk.store\/sv\/wp-json\/wp\/v2\/product\/54610","targetHints":{"allow":["GET"]}}],"collection":[{"href":"https:\/\/truusk.store\/sv\/wp-json\/wp\/v2\/product"}],"about":[{"href":"https:\/\/truusk.store\/sv\/wp-json\/wp\/v2\/types\/product"}],"wp:featuredmedia":[{"embeddable":true,"href":"https:\/\/truusk.store\/sv\/wp-json\/wp\/v2\/media\/54611"}],"wp:attachment":[{"href":"https:\/\/truusk.store\/sv\/wp-json\/wp\/v2\/media?parent=54610"}],"wp:term":[{"taxonomy":"product_brand","embeddable":true,"href":"https:\/\/truusk.store\/sv\/wp-json\/wp\/v2\/product_brand?post=54610"},{"taxonomy":"product_cat","embeddable":true,"href":"https:\/\/truusk.store\/sv\/wp-json\/wp\/v2\/product_cat?post=54610"},{"taxonomy":"product_tag","embeddable":true,"href":"https:\/\/truusk.store\/sv\/wp-json\/wp\/v2\/product_tag?post=54610"}],"curies":[{"name":"wp","href":"https:\/\/api.w.org\/{rel}","templated":true}]}}