{"id":54709,"date":"2024-05-06T07:40:07","date_gmt":"2024-05-06T06:40:07","guid":{"rendered":"https:\/\/truusk.store\/product\/matbord-hopfallbart-koksbord-2-fallbara-ytor-110-x-86-x-75-cm-vit\/"},"modified":"2026-03-12T09:38:26","modified_gmt":"2026-03-12T08:38:26","slug":"truusk-hopfallbart-matbord-2-fallbara-ytor-110-x-86-x-75-cm-vit","status":"publish","type":"product","link":"https:\/\/truusk.store\/sv\/produkt\/truusk-hopfallbart-matbord-2-fallbara-ytor-110-x-86-x-75-cm-vit\/","title":{"rendered":"TRUUSK Hopf\u00e4llbart Matbord &#8211; 2 F\u00e4llbara Ytor &#8211; 110 X 86 X 75 Cm &#8211; Vit"},"content":{"rendered":"<p>Uppt\u00e4ck charmen och m\u00e5ngsidigheten hos det hopf\u00e4llbara matbordet som passar perfekt in i alla hem. Med sin innovativa hopf\u00e4llbara design f\u00f6rvandlas detta f\u00e4llbara tr\u00e4bord utan anstr\u00e4ngning fr\u00e5n en mysig plats f\u00f6r tv\u00e5 till ett rymligt matbord f\u00f6r fyra. Tillverkad av naturlig furu och m\u00e5lad med oljef\u00e4rg utlovar den b\u00e5de stabilitet och stil, samtidigt som den vikbara designen g\u00f6r den l\u00e4mplig f\u00f6r kompakta utrymmen.<\/p>\n<h3>Beskrivning:<\/h3>\n<ul>\n<li>Det f\u00e4llbara bordet med tv\u00e5 hopf\u00e4llbara sidor ger plats f\u00f6r 2 eller 4 personer<\/li>\n<li>Lackat furu och fasade ben s\u00e4kerst\u00e4ller h\u00e5llbarhet och sk\u00f6nhet<\/li>\n<li>N\u00e4r den \u00e4r ihopf\u00e4lld passar den in i sm\u00e5 rum<\/li>\n<li>Kan anv\u00e4ndas f\u00f6r l\u00e4xor, rita eller br\u00e4dspel<\/li>\n<li>Skyddsf\u00f6tter skyddar golvet fr\u00e5n repor<\/li>\n<li>Montering kr\u00e4vs<\/li>\n<\/ul>\n<h3>Teknisk data:<\/h3>\n<ul>\n<li>F\u00e4rg vit<\/li>\n<li>Material: furu<\/li>\n<li>M\u00e5tt: 86D x 110W x 75H cm (helt utf\u00e4lld)<\/li>\n<li>M\u00e5tt: 86D x 85W x 75H cm (delvis utf\u00e4lld)<\/li>\n<li>Helvikt: 86D x 60W x 75H cm<\/li>\n<li>Viktkapacitet: 30 kg (totalt), 5 kg (vikbar del)<\/li>\n<li>Minsta l\u00e4mplig yta: 3.2<\/li>\n<\/ul>\n<h3>Leveransens omfattning:<\/h3>\n<ul>\n<li>1 x hopf\u00e4llbart matbord<\/li>\n<li>1 x manuell<\/li>\n<\/ul>\n","protected":false},"excerpt":{"rendered":"<p>Uppt\u00e4ck charmen och m\u00e5ngsidigheten hos det hopf\u00e4llbara matbordet som passar perfekt in i alla hem. Med sin innovativa hopf\u00e4llbara design&#8230;<\/p>\n","protected":false},"featured_media":54710,"template":"","meta":[],"product_brand":[],"product_cat":[485,509,501],"product_tag":[],"class_list":{"0":"post-54709","1":"product","2":"type-product","3":"status-publish","4":"has-post-thumbnail","6":"product_cat-hus-bo","7":"product_cat-matbord","8":"product_cat-tabeller","10":"first","11":"instock","12":"sale","13":"taxable","14":"shipping-taxable","15":"purchasable","16":"product-type-simple"},"yoast_head":"<!-- This site is optimized with the Yoast SEO plugin v25.4 - https:\/\/yoast.com\/wordpress\/plugins\/seo\/ -->\n<title>TRUUSK Hopf\u00e4llbart Matbord - 2 F\u00e4llbara Ytor - 110 X 86 X 75 Cm - Vit - TRUUSK - Hem, Tr\u00e4dg\u00e5rd &amp; Fritid<\/title>\n<meta name=\"robots\" content=\"index, follow, max-snippet:-1, max-image-preview:large, max-video-preview:-1\" \/>\n<link rel=\"canonical\" href=\"https:\/\/truusk.store\/sv\/produkt\/truusk-hopfallbart-matbord-2-fallbara-ytor-110-x-86-x-75-cm-vit\/\" \/>\n<meta property=\"og:locale\" content=\"sv_SE\" \/>\n<meta property=\"og:type\" content=\"article\" \/>\n<meta property=\"og:title\" content=\"TRUUSK Hopf\u00e4llbart Matbord - 2 F\u00e4llbara Ytor - 110 X 86 X 75 Cm - Vit - TRUUSK - Hem, Tr\u00e4dg\u00e5rd &amp; Fritid\" \/>\n<meta property=\"og:description\" content=\"Uppt\u00e4ck charmen och m\u00e5ngsidigheten hos det hopf\u00e4llbara matbordet som passar perfekt in i alla hem. Med sin innovativa hopf\u00e4llbara design...\" \/>\n<meta property=\"og:url\" content=\"https:\/\/truusk.store\/sv\/produkt\/truusk-hopfallbart-matbord-2-fallbara-ytor-110-x-86-x-75-cm-vit\/\" \/>\n<meta property=\"og:site_name\" content=\"TRUUSK - Hem, Tr\u00e4dg\u00e5rd &amp; Fritid\" \/>\n<meta property=\"article:modified_time\" content=\"2026-03-12T08:38:26+00:00\" \/>\n<meta property=\"og:image\" content=\"https:\/\/i0.wp.com\/truusk.se\/wp-content\/uploads\/2024\/05\/matbord-hopfallbart-koksbord-2-fallbara-ytor-110-x-86-x-75-cm-vit.webp?fit=800%2C800&ssl=1\" \/>\n\t<meta property=\"og:image:width\" content=\"800\" \/>\n\t<meta property=\"og:image:height\" content=\"800\" \/>\n\t<meta property=\"og:image:type\" content=\"image\/webp\" \/>\n<meta name=\"twitter:card\" content=\"summary_large_image\" \/>\n<meta name=\"twitter:label1\" content=\"Ber\u00e4knad l\u00e4stid\" \/>\n\t<meta name=\"twitter:data1\" content=\"1 minut\" \/>\n<!-- \/ Yoast SEO plugin. -->","yoast_head_json":{"title":"TRUUSK Hopf\u00e4llbart Matbord - 2 F\u00e4llbara Ytor - 110 X 86 X 75 Cm - Vit - TRUUSK - Hem, Tr\u00e4dg\u00e5rd &amp; Fritid","robots":{"index":"index","follow":"follow","max-snippet":"max-snippet:-1","max-image-preview":"max-image-preview:large","max-video-preview":"max-video-preview:-1"},"canonical":"https:\/\/truusk.store\/sv\/produkt\/truusk-hopfallbart-matbord-2-fallbara-ytor-110-x-86-x-75-cm-vit\/","og_locale":"sv_SE","og_type":"article","og_title":"TRUUSK Hopf\u00e4llbart Matbord - 2 F\u00e4llbara Ytor - 110 X 86 X 75 Cm - Vit - TRUUSK - Hem, Tr\u00e4dg\u00e5rd &amp; Fritid","og_description":"Uppt\u00e4ck charmen och m\u00e5ngsidigheten hos det hopf\u00e4llbara matbordet som passar perfekt in i alla hem. Med sin innovativa hopf\u00e4llbara design...","og_url":"https:\/\/truusk.store\/sv\/produkt\/truusk-hopfallbart-matbord-2-fallbara-ytor-110-x-86-x-75-cm-vit\/","og_site_name":"TRUUSK - Hem, Tr\u00e4dg\u00e5rd &amp; Fritid","article_modified_time":"2026-03-12T08:38:26+00:00","og_image":[{"width":800,"height":800,"url":"https:\/\/i0.wp.com\/truusk.se\/wp-content\/uploads\/2024\/05\/matbord-hopfallbart-koksbord-2-fallbara-ytor-110-x-86-x-75-cm-vit.webp?fit=800%2C800&ssl=1","type":"image\/webp"}],"twitter_card":"summary_large_image","twitter_misc":{"Ber\u00e4knad l\u00e4stid":"1 minut"},"schema":{"@context":"https:\/\/schema.org","@graph":[{"@type":"WebPage","@id":"https:\/\/truusk.store\/sv\/produkt\/truusk-hopfallbart-matbord-2-fallbara-ytor-110-x-86-x-75-cm-vit\/","url":"https:\/\/truusk.store\/sv\/produkt\/truusk-hopfallbart-matbord-2-fallbara-ytor-110-x-86-x-75-cm-vit\/","name":"TRUUSK Hopf\u00e4llbart Matbord - 2 F\u00e4llbara Ytor - 110 X 86 X 75 Cm - Vit - TRUUSK - Hem, Tr\u00e4dg\u00e5rd &amp; Fritid","isPartOf":{"@id":"https:\/\/truusk.store\/sv\/#website"},"primaryImageOfPage":{"@id":"https:\/\/truusk.store\/sv\/produkt\/truusk-hopfallbart-matbord-2-fallbara-ytor-110-x-86-x-75-cm-vit\/#primaryimage"},"image":{"@id":"https:\/\/truusk.store\/sv\/produkt\/truusk-hopfallbart-matbord-2-fallbara-ytor-110-x-86-x-75-cm-vit\/#primaryimage"},"thumbnailUrl":"https:\/\/i0.wp.com\/truusk.store\/wp-content\/uploads\/2024\/05\/matbord-hopfallbart-koksbord-2-fallbara-ytor-110-x-86-x-75-cm-vit.webp?fit=800%2C800&ssl=1","datePublished":"2024-05-06T06:40:07+00:00","dateModified":"2026-03-12T08:38:26+00:00","breadcrumb":{"@id":"https:\/\/truusk.store\/sv\/produkt\/truusk-hopfallbart-matbord-2-fallbara-ytor-110-x-86-x-75-cm-vit\/#breadcrumb"},"inLanguage":"sv-SE","potentialAction":[{"@type":"ReadAction","target":["https:\/\/truusk.store\/sv\/produkt\/truusk-hopfallbart-matbord-2-fallbara-ytor-110-x-86-x-75-cm-vit\/"]}]},{"@type":"ImageObject","inLanguage":"sv-SE","@id":"https:\/\/truusk.store\/sv\/produkt\/truusk-hopfallbart-matbord-2-fallbara-ytor-110-x-86-x-75-cm-vit\/#primaryimage","url":"https:\/\/i0.wp.com\/truusk.store\/wp-content\/uploads\/2024\/05\/matbord-hopfallbart-koksbord-2-fallbara-ytor-110-x-86-x-75-cm-vit.webp?fit=800%2C800&ssl=1","contentUrl":"https:\/\/i0.wp.com\/truusk.store\/wp-content\/uploads\/2024\/05\/matbord-hopfallbart-koksbord-2-fallbara-ytor-110-x-86-x-75-cm-vit.webp?fit=800%2C800&ssl=1","width":800,"height":800,"caption":"Matbord Hopf\u00e4llbart K\u00f6ksbord, 2 F\u00e4llbara Ytor, 110 X 86 X 75 Cm, Vit 1"},{"@type":"BreadcrumbList","@id":"https:\/\/truusk.store\/sv\/produkt\/truusk-hopfallbart-matbord-2-fallbara-ytor-110-x-86-x-75-cm-vit\/#breadcrumb","itemListElement":[{"@type":"ListItem","position":1,"name":"Home","item":"https:\/\/truusk.store\/sv\/"},{"@type":"ListItem","position":2,"name":"Shop","item":"https:\/\/truusk.store\/shop\/"},{"@type":"ListItem","position":3,"name":"TRUUSK Hopf\u00e4llbart Matbord &#8211; 2 F\u00e4llbara Ytor &#8211; 110 X 86 X 75 Cm &#8211; Vit"}]},{"@type":"WebSite","@id":"https:\/\/truusk.store\/sv\/#website","url":"https:\/\/truusk.store\/sv\/","name":"TRUUSK - Hem, Tr\u00e4dg\u00e5rd & Fritid","description":"","publisher":{"@id":"https:\/\/truusk.store\/sv\/#organization"},"potentialAction":[{"@type":"SearchAction","target":{"@type":"EntryPoint","urlTemplate":"https:\/\/truusk.store\/sv\/?s={search_term_string}"},"query-input":{"@type":"PropertyValueSpecification","valueRequired":true,"valueName":"search_term_string"}}],"inLanguage":"sv-SE"},{"@type":"Organization","@id":"https:\/\/truusk.store\/sv\/#organization","name":"TRUUSK - Hem, Tr\u00e4dg\u00e5rd & Fritid","url":"https:\/\/truusk.store\/sv\/","logo":{"@type":"ImageObject","inLanguage":"sv-SE","@id":"https:\/\/truusk.store\/sv\/#\/schema\/logo\/image\/","url":"https:\/\/i0.wp.com\/truusk.store\/wp-content\/uploads\/2026\/03\/cropped-TRUUSK.png?fit=2032%2C917&ssl=1","contentUrl":"https:\/\/i0.wp.com\/truusk.store\/wp-content\/uploads\/2026\/03\/cropped-TRUUSK.png?fit=2032%2C917&ssl=1","width":2032,"height":917,"caption":"TRUUSK - Hem, Tr\u00e4dg\u00e5rd & Fritid"},"image":{"@id":"https:\/\/truusk.store\/sv\/#\/schema\/logo\/image\/"}}]}},"jetpack_sharing_enabled":true,"_links":{"self":[{"href":"https:\/\/truusk.store\/sv\/wp-json\/wp\/v2\/product\/54709","targetHints":{"allow":["GET"]}}],"collection":[{"href":"https:\/\/truusk.store\/sv\/wp-json\/wp\/v2\/product"}],"about":[{"href":"https:\/\/truusk.store\/sv\/wp-json\/wp\/v2\/types\/product"}],"wp:featuredmedia":[{"embeddable":true,"href":"https:\/\/truusk.store\/sv\/wp-json\/wp\/v2\/media\/54710"}],"wp:attachment":[{"href":"https:\/\/truusk.store\/sv\/wp-json\/wp\/v2\/media?parent=54709"}],"wp:term":[{"taxonomy":"product_brand","embeddable":true,"href":"https:\/\/truusk.store\/sv\/wp-json\/wp\/v2\/product_brand?post=54709"},{"taxonomy":"product_cat","embeddable":true,"href":"https:\/\/truusk.store\/sv\/wp-json\/wp\/v2\/product_cat?post=54709"},{"taxonomy":"product_tag","embeddable":true,"href":"https:\/\/truusk.store\/sv\/wp-json\/wp\/v2\/product_tag?post=54709"}],"curies":[{"name":"wp","href":"https:\/\/api.w.org\/{rel}","templated":true}]}}