{"id":54892,"date":"2024-05-23T03:00:09","date_gmt":"2024-05-23T02:00:09","guid":{"rendered":"https:\/\/truusk.store\/product\/avslappningsstol-liggfunktion-laderlook-fotstod-upp-till-150-kg-78-x-80-x-109-cm-svart\/"},"modified":"2026-03-12T09:32:19","modified_gmt":"2026-03-12T08:32:19","slug":"truusk-avslappningsstol-liggfunktion-laderlook-fotstod-upp-till-150-kg-78-x-80-x-109-cm-svart","status":"publish","type":"product","link":"https:\/\/truusk.store\/sv\/produkt\/truusk-avslappningsstol-liggfunktion-laderlook-fotstod-upp-till-150-kg-78-x-80-x-109-cm-svart\/","title":{"rendered":"TRUUSK Avslappningsstol &#8211; Liggfunktion &#8211; L\u00e4derlook &#8211; Fotst\u00f6d &#8211; Upp Till 150 Kg &#8211; 78 X 80 X 109 Cm &#8211; Svart"},"content":{"rendered":"<p>Uppt\u00e4ck din nya komfort-hotspot med denna vilstol! Efter en l\u00e5ng dag erbjuder denna snygga f\u00e5t\u00f6lj dig den ultimata komforten med sitt upp till 130 justerbara ryggst\u00f6d, 360 vridbara s\u00e4te och justerbara fotst\u00f6d. L\u00e4mna vardagens stress bakom dig och njut av den djupaste avkopplingen. Det sl\u00e4ta, l\u00e4ttsk\u00f6tta konstl\u00e4derfodralet ser inte bara extremt elegant ut, utan imponerar ocks\u00e5 med en mild, sofistikerad touch.<\/p>\n<h3>Beskrivning:<\/h3>\n<ul>\n<li>Lutbart ryggst\u00f6d upp till 130 ger individuell justering f\u00f6r optimal komfort<\/li>\n<li>H\u00f6gkvalitativ kl\u00e4dsel, 360 vridbart s\u00e4te och vadderade armst\u00f6d garanterar maximal avkoppling<\/li>\n<li>Liggdelens integrerade, l\u00e4ttanv\u00e4nda fotst\u00f6d st\u00f6der \u00e4ven benen och fr\u00e4mjar v\u00e4lbefinnandet<\/li>\n<li>Elegant fodral i konstl\u00e4der med djupa s\u00f6mmar ger f\u00e5t\u00f6ljen ett modernt utseende<\/li>\n<li>Slitstarkt och l\u00e4ttsk\u00f6tt konstl\u00e4der, perfekt f\u00f6r ofta anv\u00e4nda omr\u00e5den<\/li>\n<li>Tv-stolens robusta st\u00e5lram och galvaniserade bas s\u00e4kerst\u00e4ller utm\u00e4rkt b\u00e4rf\u00f6rm\u00e5ga<\/li>\n<li>Montering av liggdelen kr\u00e4vs<\/li>\n<\/ul>\n<h3>Teknisk data:<\/h3>\n<ul>\n<li>Svart f\u00e4rg<\/li>\n<li>Material: konstl\u00e4der, skum, st\u00e5l, flerskiktsskiva<\/li>\n<li>St\u00e5m\u00e5tt: 78L x 80W x 109H cm<\/li>\n<li>Liggytans m\u00e5tt: 78L x 134W x 100H cm<\/li>\n<li>Sitsstorlek: 53L x 48W x 45H cm<\/li>\n<li>Sitstjocklek: 12 cm<\/li>\n<li>Ryggst\u00f6dsstorlek: 64L x 82H cm<\/li>\n<li>Ryggst\u00f6dets tjocklek: 15 cm<\/li>\n<li>Minsta avst\u00e5nd till v\u00e4gg: 19 cm<\/li>\n<li>Lastkapacitet: 150 kg<\/li>\n<\/ul>\n<h3>Leveransens omfattning:<\/h3>\n<ul>\n<li>1 x Liggstol<\/li>\n<li>1 x manuell<\/li>\n<\/ul>\n","protected":false},"excerpt":{"rendered":"<p>Uppt\u00e4ck din nya komfort-hotspot med denna vilstol! Efter en l\u00e5ng dag erbjuder denna snygga f\u00e5t\u00f6lj dig den ultimata komforten med&#8230;<\/p>\n","protected":false},"featured_media":54893,"template":"","meta":[],"product_brand":[],"product_cat":[521,485,522],"product_tag":[],"class_list":{"0":"post-54892","1":"product","2":"type-product","3":"status-publish","4":"has-post-thumbnail","6":"product_cat-fatolj","7":"product_cat-hus-bo","8":"product_cat-massage-stol","10":"first","11":"instock","12":"sale","13":"taxable","14":"shipping-taxable","15":"purchasable","16":"product-type-simple"},"yoast_head":"<!-- This site is optimized with the Yoast SEO plugin v25.4 - https:\/\/yoast.com\/wordpress\/plugins\/seo\/ -->\n<title>TRUUSK Avslappningsstol - Liggfunktion - L\u00e4derlook - Fotst\u00f6d - Upp Till 150 Kg - 78 X 80 X 109 Cm - Svart - TRUUSK - Hem, Tr\u00e4dg\u00e5rd &amp; Fritid<\/title>\n<meta name=\"robots\" content=\"index, follow, max-snippet:-1, max-image-preview:large, max-video-preview:-1\" \/>\n<link rel=\"canonical\" href=\"https:\/\/truusk.store\/sv\/produkt\/truusk-avslappningsstol-liggfunktion-laderlook-fotstod-upp-till-150-kg-78-x-80-x-109-cm-svart\/\" \/>\n<meta property=\"og:locale\" content=\"sv_SE\" \/>\n<meta property=\"og:type\" content=\"article\" \/>\n<meta property=\"og:title\" content=\"TRUUSK Avslappningsstol - Liggfunktion - L\u00e4derlook - Fotst\u00f6d - Upp Till 150 Kg - 78 X 80 X 109 Cm - Svart - TRUUSK - Hem, Tr\u00e4dg\u00e5rd &amp; Fritid\" \/>\n<meta property=\"og:description\" content=\"Uppt\u00e4ck din nya komfort-hotspot med denna vilstol! Efter en l\u00e5ng dag erbjuder denna snygga f\u00e5t\u00f6lj dig den ultimata komforten med...\" \/>\n<meta property=\"og:url\" content=\"https:\/\/truusk.store\/sv\/produkt\/truusk-avslappningsstol-liggfunktion-laderlook-fotstod-upp-till-150-kg-78-x-80-x-109-cm-svart\/\" \/>\n<meta property=\"og:site_name\" content=\"TRUUSK - Hem, Tr\u00e4dg\u00e5rd &amp; Fritid\" \/>\n<meta property=\"article:modified_time\" content=\"2026-03-12T08:32:19+00:00\" \/>\n<meta property=\"og:image\" content=\"https:\/\/i0.wp.com\/truusk.se\/wp-content\/uploads\/2024\/05\/avslappningsstol-liggfunktion-laderlook-fotstod-upp-till-150-kg-78-x-80-x-109-cm-svart.webp?fit=800%2C800&ssl=1\" \/>\n\t<meta property=\"og:image:width\" content=\"800\" \/>\n\t<meta property=\"og:image:height\" content=\"800\" \/>\n\t<meta property=\"og:image:type\" content=\"image\/webp\" \/>\n<meta name=\"twitter:card\" content=\"summary_large_image\" \/>\n<meta name=\"twitter:label1\" content=\"Ber\u00e4knad l\u00e4stid\" \/>\n\t<meta name=\"twitter:data1\" content=\"1 minut\" \/>\n<!-- \/ Yoast SEO plugin. -->","yoast_head_json":{"title":"TRUUSK Avslappningsstol - Liggfunktion - L\u00e4derlook - Fotst\u00f6d - Upp Till 150 Kg - 78 X 80 X 109 Cm - Svart - TRUUSK - Hem, Tr\u00e4dg\u00e5rd &amp; Fritid","robots":{"index":"index","follow":"follow","max-snippet":"max-snippet:-1","max-image-preview":"max-image-preview:large","max-video-preview":"max-video-preview:-1"},"canonical":"https:\/\/truusk.store\/sv\/produkt\/truusk-avslappningsstol-liggfunktion-laderlook-fotstod-upp-till-150-kg-78-x-80-x-109-cm-svart\/","og_locale":"sv_SE","og_type":"article","og_title":"TRUUSK Avslappningsstol - Liggfunktion - L\u00e4derlook - Fotst\u00f6d - Upp Till 150 Kg - 78 X 80 X 109 Cm - Svart - TRUUSK - Hem, Tr\u00e4dg\u00e5rd &amp; Fritid","og_description":"Uppt\u00e4ck din nya komfort-hotspot med denna vilstol! Efter en l\u00e5ng dag erbjuder denna snygga f\u00e5t\u00f6lj dig den ultimata komforten med...","og_url":"https:\/\/truusk.store\/sv\/produkt\/truusk-avslappningsstol-liggfunktion-laderlook-fotstod-upp-till-150-kg-78-x-80-x-109-cm-svart\/","og_site_name":"TRUUSK - Hem, Tr\u00e4dg\u00e5rd &amp; Fritid","article_modified_time":"2026-03-12T08:32:19+00:00","og_image":[{"width":800,"height":800,"url":"https:\/\/i0.wp.com\/truusk.se\/wp-content\/uploads\/2024\/05\/avslappningsstol-liggfunktion-laderlook-fotstod-upp-till-150-kg-78-x-80-x-109-cm-svart.webp?fit=800%2C800&ssl=1","type":"image\/webp"}],"twitter_card":"summary_large_image","twitter_misc":{"Ber\u00e4knad l\u00e4stid":"1 minut"},"schema":{"@context":"https:\/\/schema.org","@graph":[{"@type":"WebPage","@id":"https:\/\/truusk.store\/sv\/produkt\/truusk-avslappningsstol-liggfunktion-laderlook-fotstod-upp-till-150-kg-78-x-80-x-109-cm-svart\/","url":"https:\/\/truusk.store\/sv\/produkt\/truusk-avslappningsstol-liggfunktion-laderlook-fotstod-upp-till-150-kg-78-x-80-x-109-cm-svart\/","name":"TRUUSK Avslappningsstol - Liggfunktion - L\u00e4derlook - Fotst\u00f6d - Upp Till 150 Kg - 78 X 80 X 109 Cm - Svart - TRUUSK - Hem, Tr\u00e4dg\u00e5rd &amp; Fritid","isPartOf":{"@id":"https:\/\/truusk.store\/sv\/#website"},"primaryImageOfPage":{"@id":"https:\/\/truusk.store\/sv\/produkt\/truusk-avslappningsstol-liggfunktion-laderlook-fotstod-upp-till-150-kg-78-x-80-x-109-cm-svart\/#primaryimage"},"image":{"@id":"https:\/\/truusk.store\/sv\/produkt\/truusk-avslappningsstol-liggfunktion-laderlook-fotstod-upp-till-150-kg-78-x-80-x-109-cm-svart\/#primaryimage"},"thumbnailUrl":"https:\/\/i0.wp.com\/truusk.store\/wp-content\/uploads\/2024\/05\/avslappningsstol-liggfunktion-laderlook-fotstod-upp-till-150-kg-78-x-80-x-109-cm-svart.webp?fit=800%2C800&ssl=1","datePublished":"2024-05-23T02:00:09+00:00","dateModified":"2026-03-12T08:32:19+00:00","breadcrumb":{"@id":"https:\/\/truusk.store\/sv\/produkt\/truusk-avslappningsstol-liggfunktion-laderlook-fotstod-upp-till-150-kg-78-x-80-x-109-cm-svart\/#breadcrumb"},"inLanguage":"sv-SE","potentialAction":[{"@type":"ReadAction","target":["https:\/\/truusk.store\/sv\/produkt\/truusk-avslappningsstol-liggfunktion-laderlook-fotstod-upp-till-150-kg-78-x-80-x-109-cm-svart\/"]}]},{"@type":"ImageObject","inLanguage":"sv-SE","@id":"https:\/\/truusk.store\/sv\/produkt\/truusk-avslappningsstol-liggfunktion-laderlook-fotstod-upp-till-150-kg-78-x-80-x-109-cm-svart\/#primaryimage","url":"https:\/\/i0.wp.com\/truusk.store\/wp-content\/uploads\/2024\/05\/avslappningsstol-liggfunktion-laderlook-fotstod-upp-till-150-kg-78-x-80-x-109-cm-svart.webp?fit=800%2C800&ssl=1","contentUrl":"https:\/\/i0.wp.com\/truusk.store\/wp-content\/uploads\/2024\/05\/avslappningsstol-liggfunktion-laderlook-fotstod-upp-till-150-kg-78-x-80-x-109-cm-svart.webp?fit=800%2C800&ssl=1","width":800,"height":800,"caption":"Avslappningsstol, Liggfunktion, L\u00e4derlook, Fotst\u00f6d, Upp Till 150 Kg, 78 X 80 X 109 Cm, Svart 1"},{"@type":"BreadcrumbList","@id":"https:\/\/truusk.store\/sv\/produkt\/truusk-avslappningsstol-liggfunktion-laderlook-fotstod-upp-till-150-kg-78-x-80-x-109-cm-svart\/#breadcrumb","itemListElement":[{"@type":"ListItem","position":1,"name":"Home","item":"https:\/\/truusk.store\/sv\/"},{"@type":"ListItem","position":2,"name":"Shop","item":"https:\/\/truusk.store\/shop\/"},{"@type":"ListItem","position":3,"name":"TRUUSK Avslappningsstol &#8211; Liggfunktion &#8211; L\u00e4derlook &#8211; Fotst\u00f6d &#8211; Upp Till 150 Kg &#8211; 78 X 80 X 109 Cm &#8211; Svart"}]},{"@type":"WebSite","@id":"https:\/\/truusk.store\/sv\/#website","url":"https:\/\/truusk.store\/sv\/","name":"TRUUSK - Hem, Tr\u00e4dg\u00e5rd & Fritid","description":"","publisher":{"@id":"https:\/\/truusk.store\/sv\/#organization"},"potentialAction":[{"@type":"SearchAction","target":{"@type":"EntryPoint","urlTemplate":"https:\/\/truusk.store\/sv\/?s={search_term_string}"},"query-input":{"@type":"PropertyValueSpecification","valueRequired":true,"valueName":"search_term_string"}}],"inLanguage":"sv-SE"},{"@type":"Organization","@id":"https:\/\/truusk.store\/sv\/#organization","name":"TRUUSK - Hem, Tr\u00e4dg\u00e5rd & Fritid","url":"https:\/\/truusk.store\/sv\/","logo":{"@type":"ImageObject","inLanguage":"sv-SE","@id":"https:\/\/truusk.store\/sv\/#\/schema\/logo\/image\/","url":"https:\/\/i0.wp.com\/truusk.store\/wp-content\/uploads\/2026\/03\/cropped-TRUUSK.png?fit=2032%2C917&ssl=1","contentUrl":"https:\/\/i0.wp.com\/truusk.store\/wp-content\/uploads\/2026\/03\/cropped-TRUUSK.png?fit=2032%2C917&ssl=1","width":2032,"height":917,"caption":"TRUUSK - Hem, Tr\u00e4dg\u00e5rd & Fritid"},"image":{"@id":"https:\/\/truusk.store\/sv\/#\/schema\/logo\/image\/"}}]}},"jetpack_sharing_enabled":true,"_links":{"self":[{"href":"https:\/\/truusk.store\/sv\/wp-json\/wp\/v2\/product\/54892","targetHints":{"allow":["GET"]}}],"collection":[{"href":"https:\/\/truusk.store\/sv\/wp-json\/wp\/v2\/product"}],"about":[{"href":"https:\/\/truusk.store\/sv\/wp-json\/wp\/v2\/types\/product"}],"wp:featuredmedia":[{"embeddable":true,"href":"https:\/\/truusk.store\/sv\/wp-json\/wp\/v2\/media\/54893"}],"wp:attachment":[{"href":"https:\/\/truusk.store\/sv\/wp-json\/wp\/v2\/media?parent=54892"}],"wp:term":[{"taxonomy":"product_brand","embeddable":true,"href":"https:\/\/truusk.store\/sv\/wp-json\/wp\/v2\/product_brand?post=54892"},{"taxonomy":"product_cat","embeddable":true,"href":"https:\/\/truusk.store\/sv\/wp-json\/wp\/v2\/product_cat?post=54892"},{"taxonomy":"product_tag","embeddable":true,"href":"https:\/\/truusk.store\/sv\/wp-json\/wp\/v2\/product_tag?post=54892"}],"curies":[{"name":"wp","href":"https:\/\/api.w.org\/{rel}","templated":true}]}}