{"id":54899,"date":"2024-05-23T03:10:07","date_gmt":"2024-05-23T02:10:07","guid":{"rendered":"https:\/\/truusk.store\/product\/staende-spegel-helkroppsspegel-stor-spegel-modern-design-50-cm-x-15-cm-x-1615-cm-svart\/"},"modified":"2026-03-12T09:39:26","modified_gmt":"2026-03-12T08:39:26","slug":"truusk-staende-helkroppsspegel-modern-design-storlek-50-cm-x-15-cm-x-1615-cm-svart","status":"publish","type":"product","link":"https:\/\/truusk.store\/sv\/produkt\/truusk-staende-helkroppsspegel-modern-design-storlek-50-cm-x-15-cm-x-1615-cm-svart\/","title":{"rendered":"TRUUSK St\u00e5ende Helkroppsspegel &#8211; Modern Design &#8211; Storlek 50 cm x 1,5 cm x 161,5 cm &#8211; Svart"},"content":{"rendered":"<p>Uppt\u00e4ck charmen med helkroppsspegeln, en blandning av funktionalitet och elegans. Med sin rostfria och vattent\u00e4ta ram i aluminium kommer denna spegel att f\u00f6rvandla alla rum. Denna m\u00e5ngsidiga st\u00e5ende spegel kan v\u00e4ggmonteras eller frist\u00e5ende, oavsett om du vill ha en helkroppsbild eller en accentdel. Dess b\u00e5gform tillf\u00f6r en touch av sofistikering till ditt sovrum, vilket g\u00f6r det till ett idealiskt val f\u00f6r ett elegant hem.<\/p>\n<h3>Beskrivning:<\/h3>\n<ul>\n<li>Helkroppsspegeln erbjuder en komplett reflektion fr\u00e5n topp till t\u00e5<\/li>\n<li>HD, splittringss\u00e4ker f\u00f6r mer s\u00e4kerhet och en tydlig reflektion<\/li>\n<li>Ramen i aluminiumlegering \u00e4r rost- och vattenbest\u00e4ndig<\/li>\n<li>V\u00e4ggmonterad, lutad mot v\u00e4ggen eller frist\u00e5ende f\u00f6r en m\u00e4ngd olika anv\u00e4ndningsomr\u00e5den<\/li>\n<li>Ingen montering kr\u00e4vs, bekv\u00e4mt och anv\u00e4ndarv\u00e4nligt<\/li>\n<li>Omkl\u00e4dningsspegelns rundade design ger en fin estetisk touch, l\u00e4mplig f\u00f6r sovrum, omkl\u00e4dningsrum eller hallar<\/li>\n<\/ul>\n<h3>Teknisk data:<\/h3>\n<ul>\n<li>Svart f\u00e4rg<\/li>\n<li>Material: aluminiumlegering, h\u00e4rdat glas<\/li>\n<li>Totala m\u00e5tt: 50L x 1,5W x 161,5H cm (vik f\u00e4stet)<\/li>\n<li>Totala m\u00e5tt: 50L x 35W x 157H cm (med f\u00e4ste utf\u00e4llt)<\/li>\n<li>Spegelstorlek: 49L x 160,5H cm<\/li>\n<\/ul>\n<h3>Leveransens omfattning:<\/h3>\n<ul>\n<li>1 x helkroppsspegel;<\/li>\n<\/ul>\n","protected":false},"excerpt":{"rendered":"<p>Uppt\u00e4ck charmen med helkroppsspegeln, en blandning av funktionalitet och elegans. Med sin rostfria och vattent\u00e4ta ram i aluminium kommer denna&#8230;<\/p>\n","protected":false},"featured_media":54900,"template":"","meta":[],"product_brand":[],"product_cat":[485,504,721,501],"product_tag":[],"class_list":{"0":"post-54899","1":"product","2":"type-product","3":"status-publish","4":"has-post-thumbnail","6":"product_cat-hus-bo","7":"product_cat-sminkbord-speglar","8":"product_cat-spegel","9":"product_cat-tabeller","11":"first","12":"instock","13":"sale","14":"taxable","15":"shipping-taxable","16":"purchasable","17":"product-type-simple"},"yoast_head":"<!-- This site is optimized with the Yoast SEO plugin v25.4 - https:\/\/yoast.com\/wordpress\/plugins\/seo\/ -->\n<title>TRUUSK St\u00e5ende Helkroppsspegel - Modern Design - Storlek 50 cm x 1,5 cm x 161,5 cm - Svart - TRUUSK - Hem, Tr\u00e4dg\u00e5rd &amp; Fritid<\/title>\n<meta name=\"robots\" content=\"index, follow, max-snippet:-1, max-image-preview:large, max-video-preview:-1\" \/>\n<link rel=\"canonical\" href=\"https:\/\/truusk.store\/sv\/produkt\/truusk-staende-helkroppsspegel-modern-design-storlek-50-cm-x-15-cm-x-1615-cm-svart\/\" \/>\n<meta property=\"og:locale\" content=\"sv_SE\" \/>\n<meta property=\"og:type\" content=\"article\" \/>\n<meta property=\"og:title\" content=\"TRUUSK St\u00e5ende Helkroppsspegel - Modern Design - Storlek 50 cm x 1,5 cm x 161,5 cm - Svart - TRUUSK - Hem, Tr\u00e4dg\u00e5rd &amp; Fritid\" \/>\n<meta property=\"og:description\" content=\"Uppt\u00e4ck charmen med helkroppsspegeln, en blandning av funktionalitet och elegans. Med sin rostfria och vattent\u00e4ta ram i aluminium kommer denna...\" \/>\n<meta property=\"og:url\" content=\"https:\/\/truusk.store\/sv\/produkt\/truusk-staende-helkroppsspegel-modern-design-storlek-50-cm-x-15-cm-x-1615-cm-svart\/\" \/>\n<meta property=\"og:site_name\" content=\"TRUUSK - Hem, Tr\u00e4dg\u00e5rd &amp; Fritid\" \/>\n<meta property=\"article:modified_time\" content=\"2026-03-12T08:39:26+00:00\" \/>\n<meta property=\"og:image\" content=\"https:\/\/i0.wp.com\/truusk.se\/wp-content\/uploads\/2024\/05\/staende-spegel-helkroppsspegel-stor-spegel-modern-design-50-cm-x-15-cm-x-1615-cm-svart.webp?fit=800%2C800&ssl=1\" \/>\n\t<meta property=\"og:image:width\" content=\"800\" \/>\n\t<meta property=\"og:image:height\" content=\"800\" \/>\n\t<meta property=\"og:image:type\" content=\"image\/webp\" \/>\n<meta name=\"twitter:card\" content=\"summary_large_image\" \/>\n<meta name=\"twitter:label1\" content=\"Ber\u00e4knad l\u00e4stid\" \/>\n\t<meta name=\"twitter:data1\" content=\"1 minut\" \/>\n<!-- \/ Yoast SEO plugin. -->","yoast_head_json":{"title":"TRUUSK St\u00e5ende Helkroppsspegel - Modern Design - Storlek 50 cm x 1,5 cm x 161,5 cm - Svart - TRUUSK - Hem, Tr\u00e4dg\u00e5rd &amp; Fritid","robots":{"index":"index","follow":"follow","max-snippet":"max-snippet:-1","max-image-preview":"max-image-preview:large","max-video-preview":"max-video-preview:-1"},"canonical":"https:\/\/truusk.store\/sv\/produkt\/truusk-staende-helkroppsspegel-modern-design-storlek-50-cm-x-15-cm-x-1615-cm-svart\/","og_locale":"sv_SE","og_type":"article","og_title":"TRUUSK St\u00e5ende Helkroppsspegel - Modern Design - Storlek 50 cm x 1,5 cm x 161,5 cm - Svart - TRUUSK - Hem, Tr\u00e4dg\u00e5rd &amp; Fritid","og_description":"Uppt\u00e4ck charmen med helkroppsspegeln, en blandning av funktionalitet och elegans. Med sin rostfria och vattent\u00e4ta ram i aluminium kommer denna...","og_url":"https:\/\/truusk.store\/sv\/produkt\/truusk-staende-helkroppsspegel-modern-design-storlek-50-cm-x-15-cm-x-1615-cm-svart\/","og_site_name":"TRUUSK - Hem, Tr\u00e4dg\u00e5rd &amp; Fritid","article_modified_time":"2026-03-12T08:39:26+00:00","og_image":[{"width":800,"height":800,"url":"https:\/\/i0.wp.com\/truusk.se\/wp-content\/uploads\/2024\/05\/staende-spegel-helkroppsspegel-stor-spegel-modern-design-50-cm-x-15-cm-x-1615-cm-svart.webp?fit=800%2C800&ssl=1","type":"image\/webp"}],"twitter_card":"summary_large_image","twitter_misc":{"Ber\u00e4knad l\u00e4stid":"1 minut"},"schema":{"@context":"https:\/\/schema.org","@graph":[{"@type":"WebPage","@id":"https:\/\/truusk.store\/sv\/produkt\/truusk-staende-helkroppsspegel-modern-design-storlek-50-cm-x-15-cm-x-1615-cm-svart\/","url":"https:\/\/truusk.store\/sv\/produkt\/truusk-staende-helkroppsspegel-modern-design-storlek-50-cm-x-15-cm-x-1615-cm-svart\/","name":"TRUUSK St\u00e5ende Helkroppsspegel - Modern Design - Storlek 50 cm x 1,5 cm x 161,5 cm - Svart - TRUUSK - Hem, Tr\u00e4dg\u00e5rd &amp; Fritid","isPartOf":{"@id":"https:\/\/truusk.store\/sv\/#website"},"primaryImageOfPage":{"@id":"https:\/\/truusk.store\/sv\/produkt\/truusk-staende-helkroppsspegel-modern-design-storlek-50-cm-x-15-cm-x-1615-cm-svart\/#primaryimage"},"image":{"@id":"https:\/\/truusk.store\/sv\/produkt\/truusk-staende-helkroppsspegel-modern-design-storlek-50-cm-x-15-cm-x-1615-cm-svart\/#primaryimage"},"thumbnailUrl":"https:\/\/i0.wp.com\/truusk.store\/wp-content\/uploads\/2024\/05\/staende-spegel-helkroppsspegel-stor-spegel-modern-design-50-cm-x-15-cm-x-1615-cm-svart.webp?fit=800%2C800&ssl=1","datePublished":"2024-05-23T02:10:07+00:00","dateModified":"2026-03-12T08:39:26+00:00","breadcrumb":{"@id":"https:\/\/truusk.store\/sv\/produkt\/truusk-staende-helkroppsspegel-modern-design-storlek-50-cm-x-15-cm-x-1615-cm-svart\/#breadcrumb"},"inLanguage":"sv-SE","potentialAction":[{"@type":"ReadAction","target":["https:\/\/truusk.store\/sv\/produkt\/truusk-staende-helkroppsspegel-modern-design-storlek-50-cm-x-15-cm-x-1615-cm-svart\/"]}]},{"@type":"ImageObject","inLanguage":"sv-SE","@id":"https:\/\/truusk.store\/sv\/produkt\/truusk-staende-helkroppsspegel-modern-design-storlek-50-cm-x-15-cm-x-1615-cm-svart\/#primaryimage","url":"https:\/\/i0.wp.com\/truusk.store\/wp-content\/uploads\/2024\/05\/staende-spegel-helkroppsspegel-stor-spegel-modern-design-50-cm-x-15-cm-x-1615-cm-svart.webp?fit=800%2C800&ssl=1","contentUrl":"https:\/\/i0.wp.com\/truusk.store\/wp-content\/uploads\/2024\/05\/staende-spegel-helkroppsspegel-stor-spegel-modern-design-50-cm-x-15-cm-x-1615-cm-svart.webp?fit=800%2C800&ssl=1","width":800,"height":800,"caption":"St\u00e5ende Spegel Helkroppsspegel Stor Spegel, Modern Design, 50 Cm X 1,5 Cm X 161,5 Cm, Svart 1"},{"@type":"BreadcrumbList","@id":"https:\/\/truusk.store\/sv\/produkt\/truusk-staende-helkroppsspegel-modern-design-storlek-50-cm-x-15-cm-x-1615-cm-svart\/#breadcrumb","itemListElement":[{"@type":"ListItem","position":1,"name":"Home","item":"https:\/\/truusk.store\/sv\/"},{"@type":"ListItem","position":2,"name":"Shop","item":"https:\/\/truusk.store\/shop\/"},{"@type":"ListItem","position":3,"name":"TRUUSK St\u00e5ende Helkroppsspegel &#8211; Modern Design &#8211; Storlek 50 cm x 1,5 cm x 161,5 cm &#8211; Svart"}]},{"@type":"WebSite","@id":"https:\/\/truusk.store\/sv\/#website","url":"https:\/\/truusk.store\/sv\/","name":"TRUUSK - Hem, Tr\u00e4dg\u00e5rd & Fritid","description":"","publisher":{"@id":"https:\/\/truusk.store\/sv\/#organization"},"potentialAction":[{"@type":"SearchAction","target":{"@type":"EntryPoint","urlTemplate":"https:\/\/truusk.store\/sv\/?s={search_term_string}"},"query-input":{"@type":"PropertyValueSpecification","valueRequired":true,"valueName":"search_term_string"}}],"inLanguage":"sv-SE"},{"@type":"Organization","@id":"https:\/\/truusk.store\/sv\/#organization","name":"TRUUSK - Hem, Tr\u00e4dg\u00e5rd & Fritid","url":"https:\/\/truusk.store\/sv\/","logo":{"@type":"ImageObject","inLanguage":"sv-SE","@id":"https:\/\/truusk.store\/sv\/#\/schema\/logo\/image\/","url":"https:\/\/i0.wp.com\/truusk.store\/wp-content\/uploads\/2026\/03\/cropped-TRUUSK.png?fit=2032%2C917&ssl=1","contentUrl":"https:\/\/i0.wp.com\/truusk.store\/wp-content\/uploads\/2026\/03\/cropped-TRUUSK.png?fit=2032%2C917&ssl=1","width":2032,"height":917,"caption":"TRUUSK - Hem, Tr\u00e4dg\u00e5rd & Fritid"},"image":{"@id":"https:\/\/truusk.store\/sv\/#\/schema\/logo\/image\/"}}]}},"jetpack_sharing_enabled":true,"_links":{"self":[{"href":"https:\/\/truusk.store\/sv\/wp-json\/wp\/v2\/product\/54899","targetHints":{"allow":["GET"]}}],"collection":[{"href":"https:\/\/truusk.store\/sv\/wp-json\/wp\/v2\/product"}],"about":[{"href":"https:\/\/truusk.store\/sv\/wp-json\/wp\/v2\/types\/product"}],"wp:featuredmedia":[{"embeddable":true,"href":"https:\/\/truusk.store\/sv\/wp-json\/wp\/v2\/media\/54900"}],"wp:attachment":[{"href":"https:\/\/truusk.store\/sv\/wp-json\/wp\/v2\/media?parent=54899"}],"wp:term":[{"taxonomy":"product_brand","embeddable":true,"href":"https:\/\/truusk.store\/sv\/wp-json\/wp\/v2\/product_brand?post=54899"},{"taxonomy":"product_cat","embeddable":true,"href":"https:\/\/truusk.store\/sv\/wp-json\/wp\/v2\/product_cat?post=54899"},{"taxonomy":"product_tag","embeddable":true,"href":"https:\/\/truusk.store\/sv\/wp-json\/wp\/v2\/product_tag?post=54899"}],"curies":[{"name":"wp","href":"https:\/\/api.w.org\/{rel}","templated":true}]}}