{"id":54906,"date":"2024-05-23T03:50:09","date_gmt":"2024-05-23T02:50:09","guid":{"rendered":"https:\/\/truusk.store\/product\/2-sits-soffa-tygoverdrag-i-linnelook-kompakt-upp-till-200-kg-traram-123l-x-69w-x-74h-cm-beige\/"},"modified":"2026-03-12T09:17:32","modified_gmt":"2026-03-12T08:17:32","slug":"truusk-2-sits-soffa-med-tygoverdrag-i-linnelook-kompakt-och-stabil-upp-till-200-kg-traram-123l-x-69b-x-74h-cm-beige","status":"publish","type":"product","link":"https:\/\/truusk.store\/sv\/produkt\/truusk-2-sits-soffa-med-tygoverdrag-i-linnelook-kompakt-och-stabil-upp-till-200-kg-traram-123l-x-69b-x-74h-cm-beige\/","title":{"rendered":"TRUUSK 2-sits Soffa med Tyg\u00f6verdrag i Linnelook &#8211; Kompakt och Stabil &#8211; Upp till 200 kg &#8211; Tr\u00e4ram &#8211; 123L x 69B x 74H cm &#8211; Beige"},"content":{"rendered":"<p>Njut av f\u00f6rstklassig komfort i ett kompakt format! Denna eleganta tv\u00e5sitsiga soffa \u00e4r perfekt f\u00f6r mindre vardagsrum och ger mysighet till alla rum. Utrustad med ett hudv\u00e4nligt tyg\u00f6verdrag i linnelook, samt frodiga sitt- och ryggkuddar, utlovar denna soffa en lyxig avkopplingsupplevelse f\u00f6r upp till tv\u00e5 personer. G\u00f6r ditt hus till ett hem med .<\/p>\n<h3>Beskrivning:<\/h3>\n<ul>\n<li>Denna tv\u00e5sitsiga soffa \u00e4r idealisk designad f\u00f6r mindre rum, men erbjuder tillr\u00e4ckligt med utrymme f\u00f6r mysiga l\u00e4sstunder<\/li>\n<li>Perfekt f\u00f6r vardagsrum, studenthem, hemmakontor eller sovrum<\/li>\n<li>K\u00f6kssoffans stomme av naturligt tr\u00e4 i kombination med ett tyg\u00f6verdrag i linnelook ger varje rum en tidl\u00f6s charm<\/li>\n<li>Utrustad med tv\u00e5 extra kuddar, inklusive en vadderad ryggkudde och en sittdyna med S-upph\u00e4ngning, garanterar denna soffa optimal sittkomfort<\/li>\n<li>Ramen av gummitr\u00e4 lovar h\u00f6g stabilitet och robusthet<\/li>\n<li>Kuddfodralen p\u00e5 soffan \u00e4r l\u00e4tta att ta bort tack vare dragkedjan och kan tv\u00e4ttas i maskin<\/li>\n<li>Enkel montering kr\u00e4vs<\/li>\n<\/ul>\n<h3>Teknisk data:<\/h3>\n<ul>\n<li>F\u00e4rg beige<\/li>\n<li>Material: polyester, skum, gummitr\u00e4<\/li>\n<li>Totala m\u00e5tt: 123L x 69W x 74H cm<\/li>\n<li>Sitsstorlek: 117L x 50W x 39H cm<\/li>\n<li>M\u00e5tt bak: 42L x 117B x 15H cm<\/li>\n<li>Kuddstorlek: 40L x 34W x 16H cm<\/li>\n<li>Benh\u00f6jd: 27 cm<\/li>\n<li>Lastkapacitet: 200 kg<\/li>\n<\/ul>\n<h3>Leveransens omfattning:<\/h3>\n<ul>\n<li>1 x 2-sits soffa<\/li>\n<li>1 x manuell<\/li>\n<\/ul>\n","protected":false},"excerpt":{"rendered":"<p>Njut av f\u00f6rstklassig komfort i ett kompakt format! Denna eleganta tv\u00e5sitsiga soffa \u00e4r perfekt f\u00f6r mindre vardagsrum och ger mysighet&#8230;<\/p>\n","protected":false},"featured_media":54907,"template":"","meta":[],"product_brand":[],"product_cat":[485,554],"product_tag":[],"class_list":{"0":"post-54906","1":"product","2":"type-product","3":"status-publish","4":"has-post-thumbnail","6":"product_cat-hus-bo","7":"product_cat-soffor-soffor","9":"first","10":"instock","11":"sale","12":"taxable","13":"shipping-taxable","14":"purchasable","15":"product-type-simple"},"yoast_head":"<!-- This site is optimized with the Yoast SEO plugin v25.4 - https:\/\/yoast.com\/wordpress\/plugins\/seo\/ -->\n<title>TRUUSK 2-sits Soffa med Tyg\u00f6verdrag i Linnelook - Kompakt och Stabil - Upp till 200 kg - Tr\u00e4ram - 123L x 69B x 74H cm - Beige - TRUUSK - Hem, Tr\u00e4dg\u00e5rd &amp; Fritid<\/title>\n<meta name=\"robots\" content=\"index, follow, max-snippet:-1, max-image-preview:large, max-video-preview:-1\" \/>\n<link rel=\"canonical\" href=\"https:\/\/truusk.store\/sv\/produkt\/truusk-2-sits-soffa-med-tygoverdrag-i-linnelook-kompakt-och-stabil-upp-till-200-kg-traram-123l-x-69b-x-74h-cm-beige\/\" \/>\n<meta property=\"og:locale\" content=\"sv_SE\" \/>\n<meta property=\"og:type\" content=\"article\" \/>\n<meta property=\"og:title\" content=\"TRUUSK 2-sits Soffa med Tyg\u00f6verdrag i Linnelook - Kompakt och Stabil - Upp till 200 kg - Tr\u00e4ram - 123L x 69B x 74H cm - Beige - TRUUSK - Hem, Tr\u00e4dg\u00e5rd &amp; Fritid\" \/>\n<meta property=\"og:description\" content=\"Njut av f\u00f6rstklassig komfort i ett kompakt format! Denna eleganta tv\u00e5sitsiga soffa \u00e4r perfekt f\u00f6r mindre vardagsrum och ger mysighet...\" \/>\n<meta property=\"og:url\" content=\"https:\/\/truusk.store\/sv\/produkt\/truusk-2-sits-soffa-med-tygoverdrag-i-linnelook-kompakt-och-stabil-upp-till-200-kg-traram-123l-x-69b-x-74h-cm-beige\/\" \/>\n<meta property=\"og:site_name\" content=\"TRUUSK - Hem, Tr\u00e4dg\u00e5rd &amp; Fritid\" \/>\n<meta property=\"article:modified_time\" content=\"2026-03-12T08:17:32+00:00\" \/>\n<meta property=\"og:image\" content=\"https:\/\/i0.wp.com\/truusk.se\/wp-content\/uploads\/2024\/05\/2-sits-soffa-tygoverdrag-i-linnelook-kompakt-upp-till-200-kg-traram-123l-x-69w-x-74h-cm-beige.webp?fit=800%2C800&ssl=1\" \/>\n\t<meta property=\"og:image:width\" content=\"800\" \/>\n\t<meta property=\"og:image:height\" content=\"800\" \/>\n\t<meta property=\"og:image:type\" content=\"image\/webp\" \/>\n<meta name=\"twitter:card\" content=\"summary_large_image\" \/>\n<meta name=\"twitter:label1\" content=\"Ber\u00e4knad l\u00e4stid\" \/>\n\t<meta name=\"twitter:data1\" content=\"1 minut\" \/>\n<!-- \/ Yoast SEO plugin. -->","yoast_head_json":{"title":"TRUUSK 2-sits Soffa med Tyg\u00f6verdrag i Linnelook - Kompakt och Stabil - Upp till 200 kg - Tr\u00e4ram - 123L x 69B x 74H cm - Beige - TRUUSK - Hem, Tr\u00e4dg\u00e5rd &amp; Fritid","robots":{"index":"index","follow":"follow","max-snippet":"max-snippet:-1","max-image-preview":"max-image-preview:large","max-video-preview":"max-video-preview:-1"},"canonical":"https:\/\/truusk.store\/sv\/produkt\/truusk-2-sits-soffa-med-tygoverdrag-i-linnelook-kompakt-och-stabil-upp-till-200-kg-traram-123l-x-69b-x-74h-cm-beige\/","og_locale":"sv_SE","og_type":"article","og_title":"TRUUSK 2-sits Soffa med Tyg\u00f6verdrag i Linnelook - Kompakt och Stabil - Upp till 200 kg - Tr\u00e4ram - 123L x 69B x 74H cm - Beige - TRUUSK - Hem, Tr\u00e4dg\u00e5rd &amp; Fritid","og_description":"Njut av f\u00f6rstklassig komfort i ett kompakt format! Denna eleganta tv\u00e5sitsiga soffa \u00e4r perfekt f\u00f6r mindre vardagsrum och ger mysighet...","og_url":"https:\/\/truusk.store\/sv\/produkt\/truusk-2-sits-soffa-med-tygoverdrag-i-linnelook-kompakt-och-stabil-upp-till-200-kg-traram-123l-x-69b-x-74h-cm-beige\/","og_site_name":"TRUUSK - Hem, Tr\u00e4dg\u00e5rd &amp; Fritid","article_modified_time":"2026-03-12T08:17:32+00:00","og_image":[{"width":800,"height":800,"url":"https:\/\/i0.wp.com\/truusk.se\/wp-content\/uploads\/2024\/05\/2-sits-soffa-tygoverdrag-i-linnelook-kompakt-upp-till-200-kg-traram-123l-x-69w-x-74h-cm-beige.webp?fit=800%2C800&ssl=1","type":"image\/webp"}],"twitter_card":"summary_large_image","twitter_misc":{"Ber\u00e4knad l\u00e4stid":"1 minut"},"schema":{"@context":"https:\/\/schema.org","@graph":[{"@type":"WebPage","@id":"https:\/\/truusk.store\/sv\/produkt\/truusk-2-sits-soffa-med-tygoverdrag-i-linnelook-kompakt-och-stabil-upp-till-200-kg-traram-123l-x-69b-x-74h-cm-beige\/","url":"https:\/\/truusk.store\/sv\/produkt\/truusk-2-sits-soffa-med-tygoverdrag-i-linnelook-kompakt-och-stabil-upp-till-200-kg-traram-123l-x-69b-x-74h-cm-beige\/","name":"TRUUSK 2-sits Soffa med Tyg\u00f6verdrag i Linnelook - Kompakt och Stabil - Upp till 200 kg - Tr\u00e4ram - 123L x 69B x 74H cm - Beige - TRUUSK - Hem, Tr\u00e4dg\u00e5rd &amp; Fritid","isPartOf":{"@id":"https:\/\/truusk.store\/sv\/#website"},"primaryImageOfPage":{"@id":"https:\/\/truusk.store\/sv\/produkt\/truusk-2-sits-soffa-med-tygoverdrag-i-linnelook-kompakt-och-stabil-upp-till-200-kg-traram-123l-x-69b-x-74h-cm-beige\/#primaryimage"},"image":{"@id":"https:\/\/truusk.store\/sv\/produkt\/truusk-2-sits-soffa-med-tygoverdrag-i-linnelook-kompakt-och-stabil-upp-till-200-kg-traram-123l-x-69b-x-74h-cm-beige\/#primaryimage"},"thumbnailUrl":"https:\/\/i0.wp.com\/truusk.store\/wp-content\/uploads\/2024\/05\/2-sits-soffa-tygoverdrag-i-linnelook-kompakt-upp-till-200-kg-traram-123l-x-69w-x-74h-cm-beige.webp?fit=800%2C800&ssl=1","datePublished":"2024-05-23T02:50:09+00:00","dateModified":"2026-03-12T08:17:32+00:00","breadcrumb":{"@id":"https:\/\/truusk.store\/sv\/produkt\/truusk-2-sits-soffa-med-tygoverdrag-i-linnelook-kompakt-och-stabil-upp-till-200-kg-traram-123l-x-69b-x-74h-cm-beige\/#breadcrumb"},"inLanguage":"sv-SE","potentialAction":[{"@type":"ReadAction","target":["https:\/\/truusk.store\/sv\/produkt\/truusk-2-sits-soffa-med-tygoverdrag-i-linnelook-kompakt-och-stabil-upp-till-200-kg-traram-123l-x-69b-x-74h-cm-beige\/"]}]},{"@type":"ImageObject","inLanguage":"sv-SE","@id":"https:\/\/truusk.store\/sv\/produkt\/truusk-2-sits-soffa-med-tygoverdrag-i-linnelook-kompakt-och-stabil-upp-till-200-kg-traram-123l-x-69b-x-74h-cm-beige\/#primaryimage","url":"https:\/\/i0.wp.com\/truusk.store\/wp-content\/uploads\/2024\/05\/2-sits-soffa-tygoverdrag-i-linnelook-kompakt-upp-till-200-kg-traram-123l-x-69w-x-74h-cm-beige.webp?fit=800%2C800&ssl=1","contentUrl":"https:\/\/i0.wp.com\/truusk.store\/wp-content\/uploads\/2024\/05\/2-sits-soffa-tygoverdrag-i-linnelook-kompakt-upp-till-200-kg-traram-123l-x-69w-x-74h-cm-beige.webp?fit=800%2C800&ssl=1","width":800,"height":800,"caption":"2-sits Soffa, Tyg\u00f6verdrag I Linnelook, Kompakt, Upp Till 200 Kg, Tr\u00e4ram, 123L X 69W X 74H Cm, Beige 1"},{"@type":"BreadcrumbList","@id":"https:\/\/truusk.store\/sv\/produkt\/truusk-2-sits-soffa-med-tygoverdrag-i-linnelook-kompakt-och-stabil-upp-till-200-kg-traram-123l-x-69b-x-74h-cm-beige\/#breadcrumb","itemListElement":[{"@type":"ListItem","position":1,"name":"Home","item":"https:\/\/truusk.store\/sv\/"},{"@type":"ListItem","position":2,"name":"Shop","item":"https:\/\/truusk.store\/shop\/"},{"@type":"ListItem","position":3,"name":"TRUUSK 2-sits Soffa med Tyg\u00f6verdrag i Linnelook &#8211; Kompakt och Stabil &#8211; Upp till 200 kg &#8211; Tr\u00e4ram &#8211; 123L x 69B x 74H cm &#8211; Beige"}]},{"@type":"WebSite","@id":"https:\/\/truusk.store\/sv\/#website","url":"https:\/\/truusk.store\/sv\/","name":"TRUUSK - Hem, Tr\u00e4dg\u00e5rd & Fritid","description":"","publisher":{"@id":"https:\/\/truusk.store\/sv\/#organization"},"potentialAction":[{"@type":"SearchAction","target":{"@type":"EntryPoint","urlTemplate":"https:\/\/truusk.store\/sv\/?s={search_term_string}"},"query-input":{"@type":"PropertyValueSpecification","valueRequired":true,"valueName":"search_term_string"}}],"inLanguage":"sv-SE"},{"@type":"Organization","@id":"https:\/\/truusk.store\/sv\/#organization","name":"TRUUSK - Hem, Tr\u00e4dg\u00e5rd & Fritid","url":"https:\/\/truusk.store\/sv\/","logo":{"@type":"ImageObject","inLanguage":"sv-SE","@id":"https:\/\/truusk.store\/sv\/#\/schema\/logo\/image\/","url":"https:\/\/i0.wp.com\/truusk.store\/wp-content\/uploads\/2026\/03\/cropped-TRUUSK.png?fit=2032%2C917&ssl=1","contentUrl":"https:\/\/i0.wp.com\/truusk.store\/wp-content\/uploads\/2026\/03\/cropped-TRUUSK.png?fit=2032%2C917&ssl=1","width":2032,"height":917,"caption":"TRUUSK - Hem, Tr\u00e4dg\u00e5rd & Fritid"},"image":{"@id":"https:\/\/truusk.store\/sv\/#\/schema\/logo\/image\/"}}]}},"jetpack_sharing_enabled":true,"_links":{"self":[{"href":"https:\/\/truusk.store\/sv\/wp-json\/wp\/v2\/product\/54906","targetHints":{"allow":["GET"]}}],"collection":[{"href":"https:\/\/truusk.store\/sv\/wp-json\/wp\/v2\/product"}],"about":[{"href":"https:\/\/truusk.store\/sv\/wp-json\/wp\/v2\/types\/product"}],"wp:featuredmedia":[{"embeddable":true,"href":"https:\/\/truusk.store\/sv\/wp-json\/wp\/v2\/media\/54907"}],"wp:attachment":[{"href":"https:\/\/truusk.store\/sv\/wp-json\/wp\/v2\/media?parent=54906"}],"wp:term":[{"taxonomy":"product_brand","embeddable":true,"href":"https:\/\/truusk.store\/sv\/wp-json\/wp\/v2\/product_brand?post=54906"},{"taxonomy":"product_cat","embeddable":true,"href":"https:\/\/truusk.store\/sv\/wp-json\/wp\/v2\/product_cat?post=54906"},{"taxonomy":"product_tag","embeddable":true,"href":"https:\/\/truusk.store\/sv\/wp-json\/wp\/v2\/product_tag?post=54906"}],"curies":[{"name":"wp","href":"https:\/\/api.w.org\/{rel}","templated":true}]}}