{"id":54968,"date":"2024-05-23T04:50:09","date_gmt":"2024-05-23T03:50:09","guid":{"rendered":"https:\/\/truusk.store\/product\/barset-2-barstolar-1-barbord-flackbestandig-robust-stalstomme-svart-ek\/"},"modified":"2026-03-12T09:39:35","modified_gmt":"2026-03-12T08:39:35","slug":"truusk-barset-2-barstolar-1-barbord-flackbestandig-robust-stalstomme-svart-ek","status":"publish","type":"product","link":"https:\/\/truusk.store\/sv\/produkt\/truusk-barset-2-barstolar-1-barbord-flackbestandig-robust-stalstomme-svart-ek\/","title":{"rendered":"TRUUSK Barset &#8211; 2 Barstolar &amp; 1 Barbord &#8211; Fl\u00e4ckbest\u00e4ndig &#8211; Robust &#8211; St\u00e5lstomme &#8211; Svart\/ek"},"content":{"rendered":"<p>F\u00f6rvandla din matplats med det eleganta 3-delade barbordssetet, best\u00e5ende av ett elegant bord och tv\u00e5 mysiga pallar. Pallarna kan skjutas in under bordet f\u00f6r att spara utrymme. En mellanhylla och en nedre n\u00e4thylla ger extra f\u00f6rvaringsutrymme. Tillverkad av m\u00e5lat st\u00e5l och melaminbelagd sp\u00e5nskiva ger detta barbord och barstolsset alla rum en modern stil. Perfekt f\u00f6r alla barinteri\u00f6rer!<\/p>\n<h3>Beskrivning:<\/h3>\n<ul>\n<li>3-delat barset best\u00e5ende av ett bord och tv\u00e5 pallar, perfekt f\u00f6r matplatser<\/li>\n<li>Barstolar glider under bordet f\u00f6r att maximera utrymmeseffektiviteten<\/li>\n<li>Extra f\u00f6rvaringsutrymme i matgruppen tack vare en mitthylla och ett nedre gallerfack<\/li>\n<li>Fotst\u00f6d p\u00e5 pallarna ger \u00f6kad sittkomfort<\/li>\n<li>L\u00e5ng livsl\u00e4ngd tack vare en ram av m\u00e5lat st\u00e5l<\/li>\n<li>Melaminbelagd sp\u00e5nskiva \u00e4r rep- och fl\u00e4ckbest\u00e4ndig<\/li>\n<li>Justerbara f\u00f6tter s\u00e4kerst\u00e4ller stabilitet p\u00e5 oj\u00e4mna golv<\/li>\n<li>Montering kr\u00e4vs<\/li>\n<\/ul>\n<h3>Teknisk data:<\/h3>\n<ul>\n<li>F\u00e4rg: Ek+svart<\/li>\n<li>Material: MDF, st\u00e5l<\/li>\n<li>\u00d6vergripande m\u00e5tt: 100W x 60D x 95H cm (bord), 32W x 32D x 68H cm (barstol)<\/li>\n<li>Hyllstorlek: 94,5W x 29D x 33,5\/39,5H cm<\/li>\n<li>Golvavst\u00e5nd p\u00e5 f\u00f6tterna: 43 cm, 14,5 cm<\/li>\n<li>Minsta l\u00e4mplig yta: 1,5L x 1,5W m<\/li>\n<li>Lastkapacitet: 170 kg (bord), 130 kg (bordsskiva), 20 kg (hylla), 140 kg (barstol)<\/li>\n<\/ul>\n<h3>Leveransens omfattning:<\/h3>\n<ul>\n<li>1 x bord<\/li>\n<li>2 x pallar<\/li>\n<li>1 x Instruktioner<\/li>\n<\/ul>\n","protected":false},"excerpt":{"rendered":"<p>F\u00f6rvandla din matplats med det eleganta 3-delade barbordssetet, best\u00e5ende av ett elegant bord och tv\u00e5 mysiga pallar. Pallarna kan skjutas&#8230;<\/p>\n","protected":false},"featured_media":54969,"template":"","meta":[],"product_brand":[],"product_cat":[485,512,501],"product_tag":[],"class_list":{"0":"post-54968","1":"product","2":"type-product","3":"status-publish","4":"has-post-thumbnail","6":"product_cat-hus-bo","7":"product_cat-matgrupper","8":"product_cat-tabeller","10":"first","11":"instock","12":"sale","13":"taxable","14":"shipping-taxable","15":"purchasable","16":"product-type-simple"},"yoast_head":"<!-- This site is optimized with the Yoast SEO plugin v25.4 - https:\/\/yoast.com\/wordpress\/plugins\/seo\/ -->\n<title>TRUUSK Barset - 2 Barstolar &amp; 1 Barbord - Fl\u00e4ckbest\u00e4ndig - Robust - St\u00e5lstomme - Svart\/ek - TRUUSK - Hem, Tr\u00e4dg\u00e5rd &amp; Fritid<\/title>\n<meta name=\"robots\" content=\"index, follow, max-snippet:-1, max-image-preview:large, max-video-preview:-1\" \/>\n<link rel=\"canonical\" href=\"https:\/\/truusk.store\/sv\/produkt\/truusk-barset-2-barstolar-1-barbord-flackbestandig-robust-stalstomme-svart-ek\/\" \/>\n<meta property=\"og:locale\" content=\"sv_SE\" \/>\n<meta property=\"og:type\" content=\"article\" \/>\n<meta property=\"og:title\" content=\"TRUUSK Barset - 2 Barstolar &amp; 1 Barbord - Fl\u00e4ckbest\u00e4ndig - Robust - St\u00e5lstomme - Svart\/ek - TRUUSK - Hem, Tr\u00e4dg\u00e5rd &amp; Fritid\" \/>\n<meta property=\"og:description\" content=\"F\u00f6rvandla din matplats med det eleganta 3-delade barbordssetet, best\u00e5ende av ett elegant bord och tv\u00e5 mysiga pallar. Pallarna kan skjutas...\" \/>\n<meta property=\"og:url\" content=\"https:\/\/truusk.store\/sv\/produkt\/truusk-barset-2-barstolar-1-barbord-flackbestandig-robust-stalstomme-svart-ek\/\" \/>\n<meta property=\"og:site_name\" content=\"TRUUSK - Hem, Tr\u00e4dg\u00e5rd &amp; Fritid\" \/>\n<meta property=\"article:modified_time\" content=\"2026-03-12T08:39:35+00:00\" \/>\n<meta property=\"og:image\" content=\"https:\/\/i0.wp.com\/truusk.se\/wp-content\/uploads\/2024\/05\/barset-2-barstolar-1-barbord-flackbestandig-robust-stalstomme-svart-ek.webp?fit=800%2C800&ssl=1\" \/>\n\t<meta property=\"og:image:width\" content=\"800\" \/>\n\t<meta property=\"og:image:height\" content=\"800\" \/>\n\t<meta property=\"og:image:type\" content=\"image\/webp\" \/>\n<meta name=\"twitter:card\" content=\"summary_large_image\" \/>\n<meta name=\"twitter:label1\" content=\"Ber\u00e4knad l\u00e4stid\" \/>\n\t<meta name=\"twitter:data1\" content=\"1 minut\" \/>\n<!-- \/ Yoast SEO plugin. -->","yoast_head_json":{"title":"TRUUSK Barset - 2 Barstolar &amp; 1 Barbord - Fl\u00e4ckbest\u00e4ndig - Robust - St\u00e5lstomme - Svart\/ek - TRUUSK - Hem, Tr\u00e4dg\u00e5rd &amp; Fritid","robots":{"index":"index","follow":"follow","max-snippet":"max-snippet:-1","max-image-preview":"max-image-preview:large","max-video-preview":"max-video-preview:-1"},"canonical":"https:\/\/truusk.store\/sv\/produkt\/truusk-barset-2-barstolar-1-barbord-flackbestandig-robust-stalstomme-svart-ek\/","og_locale":"sv_SE","og_type":"article","og_title":"TRUUSK Barset - 2 Barstolar &amp; 1 Barbord - Fl\u00e4ckbest\u00e4ndig - Robust - St\u00e5lstomme - Svart\/ek - TRUUSK - Hem, Tr\u00e4dg\u00e5rd &amp; Fritid","og_description":"F\u00f6rvandla din matplats med det eleganta 3-delade barbordssetet, best\u00e5ende av ett elegant bord och tv\u00e5 mysiga pallar. Pallarna kan skjutas...","og_url":"https:\/\/truusk.store\/sv\/produkt\/truusk-barset-2-barstolar-1-barbord-flackbestandig-robust-stalstomme-svart-ek\/","og_site_name":"TRUUSK - Hem, Tr\u00e4dg\u00e5rd &amp; Fritid","article_modified_time":"2026-03-12T08:39:35+00:00","og_image":[{"width":800,"height":800,"url":"https:\/\/i0.wp.com\/truusk.se\/wp-content\/uploads\/2024\/05\/barset-2-barstolar-1-barbord-flackbestandig-robust-stalstomme-svart-ek.webp?fit=800%2C800&ssl=1","type":"image\/webp"}],"twitter_card":"summary_large_image","twitter_misc":{"Ber\u00e4knad l\u00e4stid":"1 minut"},"schema":{"@context":"https:\/\/schema.org","@graph":[{"@type":"WebPage","@id":"https:\/\/truusk.store\/sv\/produkt\/truusk-barset-2-barstolar-1-barbord-flackbestandig-robust-stalstomme-svart-ek\/","url":"https:\/\/truusk.store\/sv\/produkt\/truusk-barset-2-barstolar-1-barbord-flackbestandig-robust-stalstomme-svart-ek\/","name":"TRUUSK Barset - 2 Barstolar &amp; 1 Barbord - Fl\u00e4ckbest\u00e4ndig - Robust - St\u00e5lstomme - Svart\/ek - TRUUSK - Hem, Tr\u00e4dg\u00e5rd &amp; Fritid","isPartOf":{"@id":"https:\/\/truusk.store\/sv\/#website"},"primaryImageOfPage":{"@id":"https:\/\/truusk.store\/sv\/produkt\/truusk-barset-2-barstolar-1-barbord-flackbestandig-robust-stalstomme-svart-ek\/#primaryimage"},"image":{"@id":"https:\/\/truusk.store\/sv\/produkt\/truusk-barset-2-barstolar-1-barbord-flackbestandig-robust-stalstomme-svart-ek\/#primaryimage"},"thumbnailUrl":"https:\/\/i0.wp.com\/truusk.store\/wp-content\/uploads\/2024\/05\/barset-2-barstolar-1-barbord-flackbestandig-robust-stalstomme-svart-ek.webp?fit=800%2C800&ssl=1","datePublished":"2024-05-23T03:50:09+00:00","dateModified":"2026-03-12T08:39:35+00:00","breadcrumb":{"@id":"https:\/\/truusk.store\/sv\/produkt\/truusk-barset-2-barstolar-1-barbord-flackbestandig-robust-stalstomme-svart-ek\/#breadcrumb"},"inLanguage":"sv-SE","potentialAction":[{"@type":"ReadAction","target":["https:\/\/truusk.store\/sv\/produkt\/truusk-barset-2-barstolar-1-barbord-flackbestandig-robust-stalstomme-svart-ek\/"]}]},{"@type":"ImageObject","inLanguage":"sv-SE","@id":"https:\/\/truusk.store\/sv\/produkt\/truusk-barset-2-barstolar-1-barbord-flackbestandig-robust-stalstomme-svart-ek\/#primaryimage","url":"https:\/\/i0.wp.com\/truusk.store\/wp-content\/uploads\/2024\/05\/barset-2-barstolar-1-barbord-flackbestandig-robust-stalstomme-svart-ek.webp?fit=800%2C800&ssl=1","contentUrl":"https:\/\/i0.wp.com\/truusk.store\/wp-content\/uploads\/2024\/05\/barset-2-barstolar-1-barbord-flackbestandig-robust-stalstomme-svart-ek.webp?fit=800%2C800&ssl=1","width":800,"height":800,"caption":"Barset, 2 Barstolar &amp; 1 Barbord, Fl\u00e4ckbest\u00e4ndig, Robust, St\u00e5lstomme, Svart\/ek 1"},{"@type":"BreadcrumbList","@id":"https:\/\/truusk.store\/sv\/produkt\/truusk-barset-2-barstolar-1-barbord-flackbestandig-robust-stalstomme-svart-ek\/#breadcrumb","itemListElement":[{"@type":"ListItem","position":1,"name":"Home","item":"https:\/\/truusk.store\/sv\/"},{"@type":"ListItem","position":2,"name":"Shop","item":"https:\/\/truusk.store\/shop\/"},{"@type":"ListItem","position":3,"name":"TRUUSK Barset &#8211; 2 Barstolar &amp; 1 Barbord &#8211; Fl\u00e4ckbest\u00e4ndig &#8211; Robust &#8211; St\u00e5lstomme &#8211; Svart\/ek"}]},{"@type":"WebSite","@id":"https:\/\/truusk.store\/sv\/#website","url":"https:\/\/truusk.store\/sv\/","name":"TRUUSK - Hem, Tr\u00e4dg\u00e5rd & Fritid","description":"","publisher":{"@id":"https:\/\/truusk.store\/sv\/#organization"},"potentialAction":[{"@type":"SearchAction","target":{"@type":"EntryPoint","urlTemplate":"https:\/\/truusk.store\/sv\/?s={search_term_string}"},"query-input":{"@type":"PropertyValueSpecification","valueRequired":true,"valueName":"search_term_string"}}],"inLanguage":"sv-SE"},{"@type":"Organization","@id":"https:\/\/truusk.store\/sv\/#organization","name":"TRUUSK - Hem, Tr\u00e4dg\u00e5rd & Fritid","url":"https:\/\/truusk.store\/sv\/","logo":{"@type":"ImageObject","inLanguage":"sv-SE","@id":"https:\/\/truusk.store\/sv\/#\/schema\/logo\/image\/","url":"https:\/\/i0.wp.com\/truusk.store\/wp-content\/uploads\/2026\/03\/cropped-TRUUSK.png?fit=2032%2C917&ssl=1","contentUrl":"https:\/\/i0.wp.com\/truusk.store\/wp-content\/uploads\/2026\/03\/cropped-TRUUSK.png?fit=2032%2C917&ssl=1","width":2032,"height":917,"caption":"TRUUSK - Hem, Tr\u00e4dg\u00e5rd & Fritid"},"image":{"@id":"https:\/\/truusk.store\/sv\/#\/schema\/logo\/image\/"}}]}},"jetpack_sharing_enabled":true,"_links":{"self":[{"href":"https:\/\/truusk.store\/sv\/wp-json\/wp\/v2\/product\/54968","targetHints":{"allow":["GET"]}}],"collection":[{"href":"https:\/\/truusk.store\/sv\/wp-json\/wp\/v2\/product"}],"about":[{"href":"https:\/\/truusk.store\/sv\/wp-json\/wp\/v2\/types\/product"}],"wp:featuredmedia":[{"embeddable":true,"href":"https:\/\/truusk.store\/sv\/wp-json\/wp\/v2\/media\/54969"}],"wp:attachment":[{"href":"https:\/\/truusk.store\/sv\/wp-json\/wp\/v2\/media?parent=54968"}],"wp:term":[{"taxonomy":"product_brand","embeddable":true,"href":"https:\/\/truusk.store\/sv\/wp-json\/wp\/v2\/product_brand?post=54968"},{"taxonomy":"product_cat","embeddable":true,"href":"https:\/\/truusk.store\/sv\/wp-json\/wp\/v2\/product_cat?post=54968"},{"taxonomy":"product_tag","embeddable":true,"href":"https:\/\/truusk.store\/sv\/wp-json\/wp\/v2\/product_tag?post=54968"}],"curies":[{"name":"wp","href":"https:\/\/api.w.org\/{rel}","templated":true}]}}