{"id":54990,"date":"2024-05-23T05:10:08","date_gmt":"2024-05-23T04:10:08","guid":{"rendered":"https:\/\/truusk.store\/product\/hundbox-med-liggkudde-upp-till-20kg-50cm-kroppslangd-metall-80x56x63cm-gra-tradekor\/"},"modified":"2026-03-12T09:39:33","modified_gmt":"2026-03-12T08:39:33","slug":"truusk-hundbox-med-liggkudde-upp-till-20-kg-metallkonstruktion-matt-80x56x63-cm-gra-med-tradekoration","status":"publish","type":"product","link":"https:\/\/truusk.store\/sv\/produkt\/truusk-hundbox-med-liggkudde-upp-till-20-kg-metallkonstruktion-matt-80x56x63-cm-gra-med-tradekoration\/","title":{"rendered":"TRUUSK Hundbox med Liggkudde, Upp till 20 kg &#8211; Metallkonstruktion &#8211; M\u00e5tt 80x56x63 cm &#8211; Gr\u00e5 med Tr\u00e4dekoration"},"content":{"rendered":"<p>Uppt\u00e4ck denna hundl\u00e5da &#8211; den perfekta kombinationen av stil och funktionalitet. Denna l\u00e5da fungerar som ett s\u00e4kert och s\u00e4kert tillflyktsort f\u00f6r din hund, medan den stora \u00f6versta hyllan \u00e4r idealisk f\u00f6r hundmat, leksaker och mycket mer. m. \u00e4r l\u00e4mplig. Hundburen har en tv\u00e4ttbar, mjuk liggkudde som garanterar maximal komfort f\u00f6r ditt husdjur. Den fr\u00e4mre l\u00e5sd\u00f6rren garanterar s\u00e4kerhet, medan gallret p\u00e5 tre sidor fr\u00e4mjar utm\u00e4rkt ventilation.<\/p>\n<h3>Beskrivning:<\/h3>\n<ul>\n<li>Inkluderar en tv\u00e4ttbar, mjuk hunds\u00e4ng f\u00f6r maximal komfort<\/li>\n<li>Utrustad med l\u00e5sbar d\u00f6rr och n\u00e4tv\u00e4ggar<\/li>\n<li>Monteras p\u00e5 justerbara f\u00f6tter f\u00f6r att anpassas till alla golv<\/li>\n<li>L\u00e4mplig f\u00f6r medelstora hundar upp till 20 kg och en kroppsl\u00e4ngd p\u00e5 upp till 50 cm<\/li>\n<li>Observera: Din hund f\u00e5r endast f\u00f6rvaras i hundl\u00e5dan f\u00f6r specifikt korttidsboende (t.ex. f\u00f6r att ge medicin), annars f\u00e5r djuret inte l\u00e5sas in<\/li>\n<li>Montering kr\u00e4vs<\/li>\n<\/ul>\n<h3>Teknisk data:<\/h3>\n<ul>\n<li>F\u00e4rg gr\u00e5<\/li>\n<li>Material: sp\u00e5nskiva, st\u00e5l, polyester<\/li>\n<li>Totala m\u00e5tt: 80L x 56W x 63H cm<\/li>\n<li>Inredning: 75L x 50,5W x 55,3H cm<\/li>\n<li>Tr: 37W x 54,5H cm<\/li>\n<li>Kudde: 75L x 50W x 5H cm<\/li>\n<li>St\u00e5ngavst\u00e5nd: 3,5B cm<\/li>\n<li>Markfrig\u00e5ng: 4,7 cm<\/li>\n<li>Toppens maximala lastkapacitet: 20 kg<\/li>\n<\/ul>\n<h3>Leveransens omfattning:<\/h3>\n<ul>\n<li>1 x hundl\u00e5da<\/li>\n<li>1 x manuell<\/li>\n<\/ul>\n","protected":false},"excerpt":{"rendered":"<p>Uppt\u00e4ck denna hundl\u00e5da &#8211; den perfekta kombinationen av stil och funktionalitet. Denna l\u00e5da fungerar som ett s\u00e4kert och s\u00e4kert tillflyktsort&#8230;<\/p>\n","protected":false},"featured_media":54991,"template":"","meta":[],"product_brand":[],"product_cat":[583,574,573],"product_tag":[],"class_list":{"0":"post-54990","1":"product","2":"type-product","3":"status-publish","4":"has-post-thumbnail","6":"product_cat-hundburar","7":"product_cat-hundtillbehor","8":"product_cat-husdjursmaterial","10":"first","11":"instock","12":"sale","13":"taxable","14":"shipping-taxable","15":"purchasable","16":"product-type-simple"},"yoast_head":"<!-- This site is optimized with the Yoast SEO plugin v25.4 - https:\/\/yoast.com\/wordpress\/plugins\/seo\/ -->\n<title>TRUUSK Hundbox med Liggkudde, Upp till 20 kg - Metallkonstruktion - M\u00e5tt 80x56x63 cm - Gr\u00e5 med Tr\u00e4dekoration - TRUUSK - Hem, Tr\u00e4dg\u00e5rd &amp; Fritid<\/title>\n<meta name=\"robots\" content=\"index, follow, max-snippet:-1, max-image-preview:large, max-video-preview:-1\" \/>\n<link rel=\"canonical\" href=\"https:\/\/truusk.store\/sv\/produkt\/truusk-hundbox-med-liggkudde-upp-till-20-kg-metallkonstruktion-matt-80x56x63-cm-gra-med-tradekoration\/\" \/>\n<meta property=\"og:locale\" content=\"sv_SE\" \/>\n<meta property=\"og:type\" content=\"article\" \/>\n<meta property=\"og:title\" content=\"TRUUSK Hundbox med Liggkudde, Upp till 20 kg - Metallkonstruktion - M\u00e5tt 80x56x63 cm - Gr\u00e5 med Tr\u00e4dekoration - TRUUSK - Hem, Tr\u00e4dg\u00e5rd &amp; Fritid\" \/>\n<meta property=\"og:description\" content=\"Uppt\u00e4ck denna hundl\u00e5da &#8211; den perfekta kombinationen av stil och funktionalitet. Denna l\u00e5da fungerar som ett s\u00e4kert och s\u00e4kert tillflyktsort...\" \/>\n<meta property=\"og:url\" content=\"https:\/\/truusk.store\/sv\/produkt\/truusk-hundbox-med-liggkudde-upp-till-20-kg-metallkonstruktion-matt-80x56x63-cm-gra-med-tradekoration\/\" \/>\n<meta property=\"og:site_name\" content=\"TRUUSK - Hem, Tr\u00e4dg\u00e5rd &amp; Fritid\" \/>\n<meta property=\"article:modified_time\" content=\"2026-03-12T08:39:33+00:00\" \/>\n<meta property=\"og:image\" content=\"https:\/\/i0.wp.com\/truusk.se\/wp-content\/uploads\/2024\/05\/hundbox-med-liggkudde-upp-till-20kg-50cm-kroppslangd-metall-80x56x63cm-gra-tradekor.webp?fit=800%2C800&ssl=1\" \/>\n\t<meta property=\"og:image:width\" content=\"800\" \/>\n\t<meta property=\"og:image:height\" content=\"800\" \/>\n\t<meta property=\"og:image:type\" content=\"image\/webp\" \/>\n<meta name=\"twitter:card\" content=\"summary_large_image\" \/>\n<meta name=\"twitter:label1\" content=\"Ber\u00e4knad l\u00e4stid\" \/>\n\t<meta name=\"twitter:data1\" content=\"1 minut\" \/>\n<!-- \/ Yoast SEO plugin. -->","yoast_head_json":{"title":"TRUUSK Hundbox med Liggkudde, Upp till 20 kg - Metallkonstruktion - M\u00e5tt 80x56x63 cm - Gr\u00e5 med Tr\u00e4dekoration - TRUUSK - Hem, Tr\u00e4dg\u00e5rd &amp; Fritid","robots":{"index":"index","follow":"follow","max-snippet":"max-snippet:-1","max-image-preview":"max-image-preview:large","max-video-preview":"max-video-preview:-1"},"canonical":"https:\/\/truusk.store\/sv\/produkt\/truusk-hundbox-med-liggkudde-upp-till-20-kg-metallkonstruktion-matt-80x56x63-cm-gra-med-tradekoration\/","og_locale":"sv_SE","og_type":"article","og_title":"TRUUSK Hundbox med Liggkudde, Upp till 20 kg - Metallkonstruktion - M\u00e5tt 80x56x63 cm - Gr\u00e5 med Tr\u00e4dekoration - TRUUSK - Hem, Tr\u00e4dg\u00e5rd &amp; Fritid","og_description":"Uppt\u00e4ck denna hundl\u00e5da &#8211; den perfekta kombinationen av stil och funktionalitet. Denna l\u00e5da fungerar som ett s\u00e4kert och s\u00e4kert tillflyktsort...","og_url":"https:\/\/truusk.store\/sv\/produkt\/truusk-hundbox-med-liggkudde-upp-till-20-kg-metallkonstruktion-matt-80x56x63-cm-gra-med-tradekoration\/","og_site_name":"TRUUSK - Hem, Tr\u00e4dg\u00e5rd &amp; Fritid","article_modified_time":"2026-03-12T08:39:33+00:00","og_image":[{"width":800,"height":800,"url":"https:\/\/i0.wp.com\/truusk.se\/wp-content\/uploads\/2024\/05\/hundbox-med-liggkudde-upp-till-20kg-50cm-kroppslangd-metall-80x56x63cm-gra-tradekor.webp?fit=800%2C800&ssl=1","type":"image\/webp"}],"twitter_card":"summary_large_image","twitter_misc":{"Ber\u00e4knad l\u00e4stid":"1 minut"},"schema":{"@context":"https:\/\/schema.org","@graph":[{"@type":"WebPage","@id":"https:\/\/truusk.store\/sv\/produkt\/truusk-hundbox-med-liggkudde-upp-till-20-kg-metallkonstruktion-matt-80x56x63-cm-gra-med-tradekoration\/","url":"https:\/\/truusk.store\/sv\/produkt\/truusk-hundbox-med-liggkudde-upp-till-20-kg-metallkonstruktion-matt-80x56x63-cm-gra-med-tradekoration\/","name":"TRUUSK Hundbox med Liggkudde, Upp till 20 kg - Metallkonstruktion - M\u00e5tt 80x56x63 cm - Gr\u00e5 med Tr\u00e4dekoration - TRUUSK - Hem, Tr\u00e4dg\u00e5rd &amp; Fritid","isPartOf":{"@id":"https:\/\/truusk.store\/sv\/#website"},"primaryImageOfPage":{"@id":"https:\/\/truusk.store\/sv\/produkt\/truusk-hundbox-med-liggkudde-upp-till-20-kg-metallkonstruktion-matt-80x56x63-cm-gra-med-tradekoration\/#primaryimage"},"image":{"@id":"https:\/\/truusk.store\/sv\/produkt\/truusk-hundbox-med-liggkudde-upp-till-20-kg-metallkonstruktion-matt-80x56x63-cm-gra-med-tradekoration\/#primaryimage"},"thumbnailUrl":"https:\/\/i0.wp.com\/truusk.store\/wp-content\/uploads\/2024\/05\/hundbox-med-liggkudde-upp-till-20kg-50cm-kroppslangd-metall-80x56x63cm-gra-tradekor.webp?fit=800%2C800&ssl=1","datePublished":"2024-05-23T04:10:08+00:00","dateModified":"2026-03-12T08:39:33+00:00","breadcrumb":{"@id":"https:\/\/truusk.store\/sv\/produkt\/truusk-hundbox-med-liggkudde-upp-till-20-kg-metallkonstruktion-matt-80x56x63-cm-gra-med-tradekoration\/#breadcrumb"},"inLanguage":"sv-SE","potentialAction":[{"@type":"ReadAction","target":["https:\/\/truusk.store\/sv\/produkt\/truusk-hundbox-med-liggkudde-upp-till-20-kg-metallkonstruktion-matt-80x56x63-cm-gra-med-tradekoration\/"]}]},{"@type":"ImageObject","inLanguage":"sv-SE","@id":"https:\/\/truusk.store\/sv\/produkt\/truusk-hundbox-med-liggkudde-upp-till-20-kg-metallkonstruktion-matt-80x56x63-cm-gra-med-tradekoration\/#primaryimage","url":"https:\/\/i0.wp.com\/truusk.store\/wp-content\/uploads\/2024\/05\/hundbox-med-liggkudde-upp-till-20kg-50cm-kroppslangd-metall-80x56x63cm-gra-tradekor.webp?fit=800%2C800&ssl=1","contentUrl":"https:\/\/i0.wp.com\/truusk.store\/wp-content\/uploads\/2024\/05\/hundbox-med-liggkudde-upp-till-20kg-50cm-kroppslangd-metall-80x56x63cm-gra-tradekor.webp?fit=800%2C800&ssl=1","width":800,"height":800,"caption":"Hundbox Med Liggkudde, Upp Till 20kg\/50cm Kroppsl\u00e4ngd, Metall, 80x56x63cm, Gr\u00e5\/tr\u00e4dekor 1"},{"@type":"BreadcrumbList","@id":"https:\/\/truusk.store\/sv\/produkt\/truusk-hundbox-med-liggkudde-upp-till-20-kg-metallkonstruktion-matt-80x56x63-cm-gra-med-tradekoration\/#breadcrumb","itemListElement":[{"@type":"ListItem","position":1,"name":"Home","item":"https:\/\/truusk.store\/sv\/"},{"@type":"ListItem","position":2,"name":"Shop","item":"https:\/\/truusk.store\/shop\/"},{"@type":"ListItem","position":3,"name":"TRUUSK Hundbox med Liggkudde, Upp till 20 kg &#8211; Metallkonstruktion &#8211; M\u00e5tt 80x56x63 cm &#8211; Gr\u00e5 med Tr\u00e4dekoration"}]},{"@type":"WebSite","@id":"https:\/\/truusk.store\/sv\/#website","url":"https:\/\/truusk.store\/sv\/","name":"TRUUSK - Hem, Tr\u00e4dg\u00e5rd & Fritid","description":"","publisher":{"@id":"https:\/\/truusk.store\/sv\/#organization"},"potentialAction":[{"@type":"SearchAction","target":{"@type":"EntryPoint","urlTemplate":"https:\/\/truusk.store\/sv\/?s={search_term_string}"},"query-input":{"@type":"PropertyValueSpecification","valueRequired":true,"valueName":"search_term_string"}}],"inLanguage":"sv-SE"},{"@type":"Organization","@id":"https:\/\/truusk.store\/sv\/#organization","name":"TRUUSK - Hem, Tr\u00e4dg\u00e5rd & Fritid","url":"https:\/\/truusk.store\/sv\/","logo":{"@type":"ImageObject","inLanguage":"sv-SE","@id":"https:\/\/truusk.store\/sv\/#\/schema\/logo\/image\/","url":"https:\/\/i0.wp.com\/truusk.store\/wp-content\/uploads\/2026\/03\/cropped-TRUUSK.png?fit=2032%2C917&ssl=1","contentUrl":"https:\/\/i0.wp.com\/truusk.store\/wp-content\/uploads\/2026\/03\/cropped-TRUUSK.png?fit=2032%2C917&ssl=1","width":2032,"height":917,"caption":"TRUUSK - Hem, Tr\u00e4dg\u00e5rd & Fritid"},"image":{"@id":"https:\/\/truusk.store\/sv\/#\/schema\/logo\/image\/"}}]}},"jetpack_sharing_enabled":true,"_links":{"self":[{"href":"https:\/\/truusk.store\/sv\/wp-json\/wp\/v2\/product\/54990","targetHints":{"allow":["GET"]}}],"collection":[{"href":"https:\/\/truusk.store\/sv\/wp-json\/wp\/v2\/product"}],"about":[{"href":"https:\/\/truusk.store\/sv\/wp-json\/wp\/v2\/types\/product"}],"wp:featuredmedia":[{"embeddable":true,"href":"https:\/\/truusk.store\/sv\/wp-json\/wp\/v2\/media\/54991"}],"wp:attachment":[{"href":"https:\/\/truusk.store\/sv\/wp-json\/wp\/v2\/media?parent=54990"}],"wp:term":[{"taxonomy":"product_brand","embeddable":true,"href":"https:\/\/truusk.store\/sv\/wp-json\/wp\/v2\/product_brand?post=54990"},{"taxonomy":"product_cat","embeddable":true,"href":"https:\/\/truusk.store\/sv\/wp-json\/wp\/v2\/product_cat?post=54990"},{"taxonomy":"product_tag","embeddable":true,"href":"https:\/\/truusk.store\/sv\/wp-json\/wp\/v2\/product_tag?post=54990"}],"curies":[{"name":"wp","href":"https:\/\/api.w.org\/{rel}","templated":true}]}}