{"id":55012,"date":"2024-05-23T05:50:07","date_gmt":"2024-05-23T04:50:07","guid":{"rendered":"https:\/\/truusk.store\/product\/varmelampsstativ-for-terrarier-hojdjusterbar-40x15x95cm-svart\/"},"modified":"2026-03-12T09:40:20","modified_gmt":"2026-03-12T08:40:20","slug":"truusk-varmelampsstativ-for-terrarier-hojdjusterbar-40x15x95cm-svart","status":"publish","type":"product","link":"https:\/\/truusk.store\/sv\/produkt\/truusk-varmelampsstativ-for-terrarier-hojdjusterbar-40x15x95cm-svart\/","title":{"rendered":"TRUUSK V\u00e4rmelampsstativ f\u00f6r Terrarier &#8211; H\u00f6jdjusterbar &#8211; 40x15x95cm &#8211; Svart"},"content":{"rendered":"<p>Uppt\u00e4ck v\u00e4rmelampsstativet, det perfekta tillbeh\u00f6ret f\u00f6r dina kallblodiga v\u00e4nner som \u00f6dlor och ormar. Tack vare den justerbara h\u00f6jden (39-92 cm) och bredden (22-37 cm) anpassar den sig till olika livsrum. Reptillampstativets robusta st\u00e5lfot och praktiska st\u00e5lkrok g\u00f6r det enkelt att h\u00e4nga upp en v\u00e4rmelampa, s\u00e5 att ditt husdjur alltid h\u00e5ller sig varm och bekv\u00e4m. Ett m\u00e5ste f\u00f6r alla amfibie- och reptil\u00e4lskare!<\/p>\n<h3>Beskrivning:<\/h3>\n<ul>\n<li>Idealisk f\u00f6r amfibier och reptiler, f\u00f6rb\u00e4ttrar v\u00e4rmen i livsmilj\u00f6n<\/li>\n<li>H\u00f6jd och bredd justerbar, anpassar sig till olika terrariumstorlekar<\/li>\n<li>Stabil st\u00e5lfot p\u00e5 v\u00e4rmelamph\u00e5llaren f\u00f6rhindrar att den v\u00e4lter<\/li>\n<li>Inkluderar st\u00e5lkrokar f\u00f6r s\u00e4kert h\u00e4ngande lampor<\/li>\n<li>Fyra kabelh\u00e5l p\u00e5 reptillampsstativet s\u00e4kerst\u00e4ller snygg kabeldragning<\/li>\n<li>L\u00e4tt att montera med minimal anstr\u00e4ngning<\/li>\n<\/ul>\n<h3>Teknisk data:<\/h3>\n<ul>\n<li>Svart f\u00e4rg<\/li>\n<li>Material: st\u00e5l<\/li>\n<li>Totala m\u00e5tt (max.): 40L x 15W x 95H cm<\/li>\n<li>Justeringsomr\u00e5de: vertikal st\u00e5ng: 39-92 cm, horisontell st\u00e5ng: 22-37 cm<\/li>\n<li>Basm\u00e5tt: 30L x 15W cm<\/li>\n<\/ul>\n<h3>Leveransens omfattning:<\/h3>\n<ul>\n<li>1 x V\u00e4rmelampsstativ<\/li>\n<li>1 x Anv\u00e4ndarmanual<\/li>\n<\/ul>\n","protected":false},"excerpt":{"rendered":"<p>Uppt\u00e4ck v\u00e4rmelampsstativet, det perfekta tillbeh\u00f6ret f\u00f6r dina kallblodiga v\u00e4nner som \u00f6dlor och ormar. Tack vare den justerbara h\u00f6jden (39-92 cm)&#8230;<\/p>\n","protected":false},"featured_media":55013,"template":"","meta":[],"product_brand":[],"product_cat":[573,597],"product_tag":[],"class_list":{"0":"post-55012","1":"product","2":"type-product","3":"status-publish","4":"has-post-thumbnail","6":"product_cat-husdjursmaterial","7":"product_cat-sma-djurtillbehor","9":"first","10":"instock","11":"sale","12":"taxable","13":"shipping-taxable","14":"purchasable","15":"product-type-simple"},"yoast_head":"<!-- This site is optimized with the Yoast SEO plugin v25.4 - https:\/\/yoast.com\/wordpress\/plugins\/seo\/ -->\n<title>TRUUSK V\u00e4rmelampsstativ f\u00f6r Terrarier - H\u00f6jdjusterbar - 40x15x95cm - Svart - TRUUSK - Hem, Tr\u00e4dg\u00e5rd &amp; Fritid<\/title>\n<meta name=\"robots\" content=\"index, follow, max-snippet:-1, max-image-preview:large, max-video-preview:-1\" \/>\n<link rel=\"canonical\" href=\"https:\/\/truusk.store\/sv\/produkt\/truusk-varmelampsstativ-for-terrarier-hojdjusterbar-40x15x95cm-svart\/\" \/>\n<meta property=\"og:locale\" content=\"sv_SE\" \/>\n<meta property=\"og:type\" content=\"article\" \/>\n<meta property=\"og:title\" content=\"TRUUSK V\u00e4rmelampsstativ f\u00f6r Terrarier - H\u00f6jdjusterbar - 40x15x95cm - Svart - TRUUSK - Hem, Tr\u00e4dg\u00e5rd &amp; Fritid\" \/>\n<meta property=\"og:description\" content=\"Uppt\u00e4ck v\u00e4rmelampsstativet, det perfekta tillbeh\u00f6ret f\u00f6r dina kallblodiga v\u00e4nner som \u00f6dlor och ormar. Tack vare den justerbara h\u00f6jden (39-92 cm)...\" \/>\n<meta property=\"og:url\" content=\"https:\/\/truusk.store\/sv\/produkt\/truusk-varmelampsstativ-for-terrarier-hojdjusterbar-40x15x95cm-svart\/\" \/>\n<meta property=\"og:site_name\" content=\"TRUUSK - Hem, Tr\u00e4dg\u00e5rd &amp; Fritid\" \/>\n<meta property=\"article:modified_time\" content=\"2026-03-12T08:40:20+00:00\" \/>\n<meta property=\"og:image\" content=\"https:\/\/i0.wp.com\/truusk.se\/wp-content\/uploads\/2024\/05\/varmelampsstativ-for-terrarier-hojdjusterbar-40x15x95cm-svart.webp?fit=800%2C800&ssl=1\" \/>\n\t<meta property=\"og:image:width\" content=\"800\" \/>\n\t<meta property=\"og:image:height\" content=\"800\" \/>\n\t<meta property=\"og:image:type\" content=\"image\/webp\" \/>\n<meta name=\"twitter:card\" content=\"summary_large_image\" \/>\n<meta name=\"twitter:label1\" content=\"Ber\u00e4knad l\u00e4stid\" \/>\n\t<meta name=\"twitter:data1\" content=\"1 minut\" \/>\n<!-- \/ Yoast SEO plugin. -->","yoast_head_json":{"title":"TRUUSK V\u00e4rmelampsstativ f\u00f6r Terrarier - H\u00f6jdjusterbar - 40x15x95cm - Svart - TRUUSK - Hem, Tr\u00e4dg\u00e5rd &amp; Fritid","robots":{"index":"index","follow":"follow","max-snippet":"max-snippet:-1","max-image-preview":"max-image-preview:large","max-video-preview":"max-video-preview:-1"},"canonical":"https:\/\/truusk.store\/sv\/produkt\/truusk-varmelampsstativ-for-terrarier-hojdjusterbar-40x15x95cm-svart\/","og_locale":"sv_SE","og_type":"article","og_title":"TRUUSK V\u00e4rmelampsstativ f\u00f6r Terrarier - H\u00f6jdjusterbar - 40x15x95cm - Svart - TRUUSK - Hem, Tr\u00e4dg\u00e5rd &amp; Fritid","og_description":"Uppt\u00e4ck v\u00e4rmelampsstativet, det perfekta tillbeh\u00f6ret f\u00f6r dina kallblodiga v\u00e4nner som \u00f6dlor och ormar. Tack vare den justerbara h\u00f6jden (39-92 cm)...","og_url":"https:\/\/truusk.store\/sv\/produkt\/truusk-varmelampsstativ-for-terrarier-hojdjusterbar-40x15x95cm-svart\/","og_site_name":"TRUUSK - Hem, Tr\u00e4dg\u00e5rd &amp; Fritid","article_modified_time":"2026-03-12T08:40:20+00:00","og_image":[{"width":800,"height":800,"url":"https:\/\/i0.wp.com\/truusk.se\/wp-content\/uploads\/2024\/05\/varmelampsstativ-for-terrarier-hojdjusterbar-40x15x95cm-svart.webp?fit=800%2C800&ssl=1","type":"image\/webp"}],"twitter_card":"summary_large_image","twitter_misc":{"Ber\u00e4knad l\u00e4stid":"1 minut"},"schema":{"@context":"https:\/\/schema.org","@graph":[{"@type":"WebPage","@id":"https:\/\/truusk.store\/sv\/produkt\/truusk-varmelampsstativ-for-terrarier-hojdjusterbar-40x15x95cm-svart\/","url":"https:\/\/truusk.store\/sv\/produkt\/truusk-varmelampsstativ-for-terrarier-hojdjusterbar-40x15x95cm-svart\/","name":"TRUUSK V\u00e4rmelampsstativ f\u00f6r Terrarier - H\u00f6jdjusterbar - 40x15x95cm - Svart - TRUUSK - Hem, Tr\u00e4dg\u00e5rd &amp; Fritid","isPartOf":{"@id":"https:\/\/truusk.store\/sv\/#website"},"primaryImageOfPage":{"@id":"https:\/\/truusk.store\/sv\/produkt\/truusk-varmelampsstativ-for-terrarier-hojdjusterbar-40x15x95cm-svart\/#primaryimage"},"image":{"@id":"https:\/\/truusk.store\/sv\/produkt\/truusk-varmelampsstativ-for-terrarier-hojdjusterbar-40x15x95cm-svart\/#primaryimage"},"thumbnailUrl":"https:\/\/i0.wp.com\/truusk.store\/wp-content\/uploads\/2024\/05\/varmelampsstativ-for-terrarier-hojdjusterbar-40x15x95cm-svart.webp?fit=800%2C800&ssl=1","datePublished":"2024-05-23T04:50:07+00:00","dateModified":"2026-03-12T08:40:20+00:00","breadcrumb":{"@id":"https:\/\/truusk.store\/sv\/produkt\/truusk-varmelampsstativ-for-terrarier-hojdjusterbar-40x15x95cm-svart\/#breadcrumb"},"inLanguage":"sv-SE","potentialAction":[{"@type":"ReadAction","target":["https:\/\/truusk.store\/sv\/produkt\/truusk-varmelampsstativ-for-terrarier-hojdjusterbar-40x15x95cm-svart\/"]}]},{"@type":"ImageObject","inLanguage":"sv-SE","@id":"https:\/\/truusk.store\/sv\/produkt\/truusk-varmelampsstativ-for-terrarier-hojdjusterbar-40x15x95cm-svart\/#primaryimage","url":"https:\/\/i0.wp.com\/truusk.store\/wp-content\/uploads\/2024\/05\/varmelampsstativ-for-terrarier-hojdjusterbar-40x15x95cm-svart.webp?fit=800%2C800&ssl=1","contentUrl":"https:\/\/i0.wp.com\/truusk.store\/wp-content\/uploads\/2024\/05\/varmelampsstativ-for-terrarier-hojdjusterbar-40x15x95cm-svart.webp?fit=800%2C800&ssl=1","width":800,"height":800,"caption":"V\u00e4rmelampsstativ F\u00f6r Terrarier, H\u00f6jdjusterbar, 40x15x95cm, Svart 1"},{"@type":"BreadcrumbList","@id":"https:\/\/truusk.store\/sv\/produkt\/truusk-varmelampsstativ-for-terrarier-hojdjusterbar-40x15x95cm-svart\/#breadcrumb","itemListElement":[{"@type":"ListItem","position":1,"name":"Home","item":"https:\/\/truusk.store\/sv\/"},{"@type":"ListItem","position":2,"name":"Shop","item":"https:\/\/truusk.store\/shop\/"},{"@type":"ListItem","position":3,"name":"TRUUSK V\u00e4rmelampsstativ f\u00f6r Terrarier &#8211; H\u00f6jdjusterbar &#8211; 40x15x95cm &#8211; Svart"}]},{"@type":"WebSite","@id":"https:\/\/truusk.store\/sv\/#website","url":"https:\/\/truusk.store\/sv\/","name":"TRUUSK - Hem, Tr\u00e4dg\u00e5rd & Fritid","description":"","publisher":{"@id":"https:\/\/truusk.store\/sv\/#organization"},"potentialAction":[{"@type":"SearchAction","target":{"@type":"EntryPoint","urlTemplate":"https:\/\/truusk.store\/sv\/?s={search_term_string}"},"query-input":{"@type":"PropertyValueSpecification","valueRequired":true,"valueName":"search_term_string"}}],"inLanguage":"sv-SE"},{"@type":"Organization","@id":"https:\/\/truusk.store\/sv\/#organization","name":"TRUUSK - Hem, Tr\u00e4dg\u00e5rd & Fritid","url":"https:\/\/truusk.store\/sv\/","logo":{"@type":"ImageObject","inLanguage":"sv-SE","@id":"https:\/\/truusk.store\/sv\/#\/schema\/logo\/image\/","url":"https:\/\/i0.wp.com\/truusk.store\/wp-content\/uploads\/2026\/03\/cropped-TRUUSK.png?fit=2032%2C917&ssl=1","contentUrl":"https:\/\/i0.wp.com\/truusk.store\/wp-content\/uploads\/2026\/03\/cropped-TRUUSK.png?fit=2032%2C917&ssl=1","width":2032,"height":917,"caption":"TRUUSK - Hem, Tr\u00e4dg\u00e5rd & Fritid"},"image":{"@id":"https:\/\/truusk.store\/sv\/#\/schema\/logo\/image\/"}}]}},"jetpack_sharing_enabled":true,"_links":{"self":[{"href":"https:\/\/truusk.store\/sv\/wp-json\/wp\/v2\/product\/55012","targetHints":{"allow":["GET"]}}],"collection":[{"href":"https:\/\/truusk.store\/sv\/wp-json\/wp\/v2\/product"}],"about":[{"href":"https:\/\/truusk.store\/sv\/wp-json\/wp\/v2\/types\/product"}],"wp:featuredmedia":[{"embeddable":true,"href":"https:\/\/truusk.store\/sv\/wp-json\/wp\/v2\/media\/55013"}],"wp:attachment":[{"href":"https:\/\/truusk.store\/sv\/wp-json\/wp\/v2\/media?parent=55012"}],"wp:term":[{"taxonomy":"product_brand","embeddable":true,"href":"https:\/\/truusk.store\/sv\/wp-json\/wp\/v2\/product_brand?post=55012"},{"taxonomy":"product_cat","embeddable":true,"href":"https:\/\/truusk.store\/sv\/wp-json\/wp\/v2\/product_cat?post=55012"},{"taxonomy":"product_tag","embeddable":true,"href":"https:\/\/truusk.store\/sv\/wp-json\/wp\/v2\/product_tag?post=55012"}],"curies":[{"name":"wp","href":"https:\/\/api.w.org\/{rel}","templated":true}]}}