{"id":55029,"date":"2024-05-23T06:10:09","date_gmt":"2024-05-23T05:10:09","guid":{"rendered":"https:\/\/truusk.store\/product\/bankkladd-bank-med-forvaringsutrymme-stal-795-cm-x-375-cm-x-43-cm-morkgra\/"},"modified":"2026-03-12T09:36:23","modified_gmt":"2026-03-12T08:36:23","slug":"truusk-bankkladd-bank-med-forvaringsutrymme-stal-morkgra-795-cm-x-375-cm-x-43-cm","status":"publish","type":"product","link":"https:\/\/truusk.store\/sv\/produkt\/truusk-bankkladd-bank-med-forvaringsutrymme-stal-morkgra-795-cm-x-375-cm-x-43-cm\/","title":{"rendered":"TRUUSK B\u00e4nkkl\u00e4dd B\u00e4nk &#8211; Med F\u00f6rvaringsutrymme &#8211; St\u00e5l &#8211; M\u00f6rkgr\u00e5 &#8211; 79,5 cm x 37,5 cm x 43 cm"},"content":{"rendered":"<p>Om du beh\u00f6ver ytterligare f\u00f6rvaringsutrymme men ocks\u00e5 vill l\u00e4gga till en accent till ditt hem \u00e4r denna b\u00e4nk med f\u00f6rvaringsutrymme perfekt f\u00f6r dig. Den eleganta designen passar din stil och erbjuder dig eller dina g\u00e4ster ytterligare sittplatser. F\u00f6rvaringsutrymmet under sitsen hj\u00e4lper dig att lagra saker som kanske redan har en plats i ditt rum, till exempel extra filtar eller handdukar. Med en stoppad b\u00e4nk kommer du att k\u00e4nna dig som hemma.<\/p>\n<h3>Beskrivning:<\/h3>\n<ul>\n<li>Modern kl\u00e4dd b\u00e4nk i Scandi design<\/li>\n<li>F\u00f6rvaringsutrymme under sitsen f\u00f6r f\u00f6rvaring av saker som det inte finns plats f\u00f6r<\/li>\n<li>Den tjocka skumstoppningen med en sammetslen yta s\u00e4kerst\u00e4ller en bekv\u00e4m sittupplevelse<\/li>\n<li>Elegant b\u00e4nk med guldf\u00e4rgade ben<\/li>\n<li>Solida ben i galvaniserat st\u00e5l f\u00f6r h\u00f6g stabilitet<\/li>\n<li>Halkskyddsmattor skyddar golvet fr\u00e5n repor<\/li>\n<li>Montering kr\u00e4vs<\/li>\n<\/ul>\n<h3>Teknisk data:<\/h3>\n<ul>\n<li>F\u00e4rg: M\u00f6rkgr\u00e5<\/li>\n<li>Material: polyester, st\u00e5l<\/li>\n<li>\u00d6vergripande m\u00e5tt: 79,5W x 37,5D x 43H cm<\/li>\n<li>F\u00f6rvaringsyta: 73W x 31D x 13H cm<\/li>\n<li>Benh\u00f6jd: 24 cm<\/li>\n<li>Viktkapacitet: 120 kg<\/li>\n<\/ul>\n<h3>Leveransens omfattning:<\/h3>\n<ul>\n<li>1 x b\u00e4nk<\/li>\n<li>1 x Instruktioner<\/li>\n<\/ul>\n","protected":false},"excerpt":{"rendered":"<p>Om du beh\u00f6ver ytterligare f\u00f6rvaringsutrymme men ocks\u00e5 vill l\u00e4gga till en accent till ditt hem \u00e4r denna b\u00e4nk med f\u00f6rvaringsutrymme&#8230;<\/p>\n","protected":false},"featured_media":55030,"template":"","meta":[],"product_brand":[],"product_cat":[485,537,540],"product_tag":[],"class_list":{"0":"post-55029","1":"product","2":"type-product","3":"status-publish","4":"has-post-thumbnail","6":"product_cat-hus-bo","7":"product_cat-sittplatser-bankar","8":"product_cat-stoppade-bankar","10":"first","11":"instock","12":"sale","13":"taxable","14":"shipping-taxable","15":"purchasable","16":"product-type-simple"},"yoast_head":"<!-- This site is optimized with the Yoast SEO plugin v25.4 - https:\/\/yoast.com\/wordpress\/plugins\/seo\/ -->\n<title>TRUUSK B\u00e4nkkl\u00e4dd B\u00e4nk - Med F\u00f6rvaringsutrymme - St\u00e5l - M\u00f6rkgr\u00e5 - 79,5 cm x 37,5 cm x 43 cm - TRUUSK - Hem, Tr\u00e4dg\u00e5rd &amp; Fritid<\/title>\n<meta name=\"robots\" content=\"index, follow, max-snippet:-1, max-image-preview:large, max-video-preview:-1\" \/>\n<link rel=\"canonical\" href=\"https:\/\/truusk.store\/sv\/produkt\/truusk-bankkladd-bank-med-forvaringsutrymme-stal-morkgra-795-cm-x-375-cm-x-43-cm\/\" \/>\n<meta property=\"og:locale\" content=\"sv_SE\" \/>\n<meta property=\"og:type\" content=\"article\" \/>\n<meta property=\"og:title\" content=\"TRUUSK B\u00e4nkkl\u00e4dd B\u00e4nk - Med F\u00f6rvaringsutrymme - St\u00e5l - M\u00f6rkgr\u00e5 - 79,5 cm x 37,5 cm x 43 cm - TRUUSK - Hem, Tr\u00e4dg\u00e5rd &amp; Fritid\" \/>\n<meta property=\"og:description\" content=\"Om du beh\u00f6ver ytterligare f\u00f6rvaringsutrymme men ocks\u00e5 vill l\u00e4gga till en accent till ditt hem \u00e4r denna b\u00e4nk med f\u00f6rvaringsutrymme...\" \/>\n<meta property=\"og:url\" content=\"https:\/\/truusk.store\/sv\/produkt\/truusk-bankkladd-bank-med-forvaringsutrymme-stal-morkgra-795-cm-x-375-cm-x-43-cm\/\" \/>\n<meta property=\"og:site_name\" content=\"TRUUSK - Hem, Tr\u00e4dg\u00e5rd &amp; Fritid\" \/>\n<meta property=\"article:modified_time\" content=\"2026-03-12T08:36:23+00:00\" \/>\n<meta property=\"og:image\" content=\"https:\/\/i0.wp.com\/truusk.se\/wp-content\/uploads\/2024\/05\/bankkladd-bank-med-forvaringsutrymme-stal-795-cm-x-375-cm-x-43-cm-morkgra.webp?fit=800%2C800&ssl=1\" \/>\n\t<meta property=\"og:image:width\" content=\"800\" \/>\n\t<meta property=\"og:image:height\" content=\"800\" \/>\n\t<meta property=\"og:image:type\" content=\"image\/webp\" \/>\n<meta name=\"twitter:card\" content=\"summary_large_image\" \/>\n<meta name=\"twitter:label1\" content=\"Ber\u00e4knad l\u00e4stid\" \/>\n\t<meta name=\"twitter:data1\" content=\"1 minut\" \/>\n<!-- \/ Yoast SEO plugin. -->","yoast_head_json":{"title":"TRUUSK B\u00e4nkkl\u00e4dd B\u00e4nk - Med F\u00f6rvaringsutrymme - St\u00e5l - M\u00f6rkgr\u00e5 - 79,5 cm x 37,5 cm x 43 cm - TRUUSK - Hem, Tr\u00e4dg\u00e5rd &amp; Fritid","robots":{"index":"index","follow":"follow","max-snippet":"max-snippet:-1","max-image-preview":"max-image-preview:large","max-video-preview":"max-video-preview:-1"},"canonical":"https:\/\/truusk.store\/sv\/produkt\/truusk-bankkladd-bank-med-forvaringsutrymme-stal-morkgra-795-cm-x-375-cm-x-43-cm\/","og_locale":"sv_SE","og_type":"article","og_title":"TRUUSK B\u00e4nkkl\u00e4dd B\u00e4nk - Med F\u00f6rvaringsutrymme - St\u00e5l - M\u00f6rkgr\u00e5 - 79,5 cm x 37,5 cm x 43 cm - TRUUSK - Hem, Tr\u00e4dg\u00e5rd &amp; Fritid","og_description":"Om du beh\u00f6ver ytterligare f\u00f6rvaringsutrymme men ocks\u00e5 vill l\u00e4gga till en accent till ditt hem \u00e4r denna b\u00e4nk med f\u00f6rvaringsutrymme...","og_url":"https:\/\/truusk.store\/sv\/produkt\/truusk-bankkladd-bank-med-forvaringsutrymme-stal-morkgra-795-cm-x-375-cm-x-43-cm\/","og_site_name":"TRUUSK - Hem, Tr\u00e4dg\u00e5rd &amp; Fritid","article_modified_time":"2026-03-12T08:36:23+00:00","og_image":[{"width":800,"height":800,"url":"https:\/\/i0.wp.com\/truusk.se\/wp-content\/uploads\/2024\/05\/bankkladd-bank-med-forvaringsutrymme-stal-795-cm-x-375-cm-x-43-cm-morkgra.webp?fit=800%2C800&ssl=1","type":"image\/webp"}],"twitter_card":"summary_large_image","twitter_misc":{"Ber\u00e4knad l\u00e4stid":"1 minut"},"schema":{"@context":"https:\/\/schema.org","@graph":[{"@type":"WebPage","@id":"https:\/\/truusk.store\/sv\/produkt\/truusk-bankkladd-bank-med-forvaringsutrymme-stal-morkgra-795-cm-x-375-cm-x-43-cm\/","url":"https:\/\/truusk.store\/sv\/produkt\/truusk-bankkladd-bank-med-forvaringsutrymme-stal-morkgra-795-cm-x-375-cm-x-43-cm\/","name":"TRUUSK B\u00e4nkkl\u00e4dd B\u00e4nk - Med F\u00f6rvaringsutrymme - St\u00e5l - M\u00f6rkgr\u00e5 - 79,5 cm x 37,5 cm x 43 cm - TRUUSK - Hem, Tr\u00e4dg\u00e5rd &amp; Fritid","isPartOf":{"@id":"https:\/\/truusk.store\/sv\/#website"},"primaryImageOfPage":{"@id":"https:\/\/truusk.store\/sv\/produkt\/truusk-bankkladd-bank-med-forvaringsutrymme-stal-morkgra-795-cm-x-375-cm-x-43-cm\/#primaryimage"},"image":{"@id":"https:\/\/truusk.store\/sv\/produkt\/truusk-bankkladd-bank-med-forvaringsutrymme-stal-morkgra-795-cm-x-375-cm-x-43-cm\/#primaryimage"},"thumbnailUrl":"https:\/\/i0.wp.com\/truusk.store\/wp-content\/uploads\/2024\/05\/bankkladd-bank-med-forvaringsutrymme-stal-795-cm-x-375-cm-x-43-cm-morkgra.webp?fit=800%2C800&ssl=1","datePublished":"2024-05-23T05:10:09+00:00","dateModified":"2026-03-12T08:36:23+00:00","breadcrumb":{"@id":"https:\/\/truusk.store\/sv\/produkt\/truusk-bankkladd-bank-med-forvaringsutrymme-stal-morkgra-795-cm-x-375-cm-x-43-cm\/#breadcrumb"},"inLanguage":"sv-SE","potentialAction":[{"@type":"ReadAction","target":["https:\/\/truusk.store\/sv\/produkt\/truusk-bankkladd-bank-med-forvaringsutrymme-stal-morkgra-795-cm-x-375-cm-x-43-cm\/"]}]},{"@type":"ImageObject","inLanguage":"sv-SE","@id":"https:\/\/truusk.store\/sv\/produkt\/truusk-bankkladd-bank-med-forvaringsutrymme-stal-morkgra-795-cm-x-375-cm-x-43-cm\/#primaryimage","url":"https:\/\/i0.wp.com\/truusk.store\/wp-content\/uploads\/2024\/05\/bankkladd-bank-med-forvaringsutrymme-stal-795-cm-x-375-cm-x-43-cm-morkgra.webp?fit=800%2C800&ssl=1","contentUrl":"https:\/\/i0.wp.com\/truusk.store\/wp-content\/uploads\/2024\/05\/bankkladd-bank-med-forvaringsutrymme-stal-795-cm-x-375-cm-x-43-cm-morkgra.webp?fit=800%2C800&ssl=1","width":800,"height":800,"caption":"B\u00e4nkkl\u00e4dd B\u00e4nk, Med F\u00f6rvaringsutrymme, St\u00e5l, 79,5 Cm X 37,5 Cm X 43 Cm, M\u00f6rkgr\u00e5 1"},{"@type":"BreadcrumbList","@id":"https:\/\/truusk.store\/sv\/produkt\/truusk-bankkladd-bank-med-forvaringsutrymme-stal-morkgra-795-cm-x-375-cm-x-43-cm\/#breadcrumb","itemListElement":[{"@type":"ListItem","position":1,"name":"Home","item":"https:\/\/truusk.store\/sv\/"},{"@type":"ListItem","position":2,"name":"Shop","item":"https:\/\/truusk.store\/shop\/"},{"@type":"ListItem","position":3,"name":"TRUUSK B\u00e4nkkl\u00e4dd B\u00e4nk &#8211; Med F\u00f6rvaringsutrymme &#8211; St\u00e5l &#8211; M\u00f6rkgr\u00e5 &#8211; 79,5 cm x 37,5 cm x 43 cm"}]},{"@type":"WebSite","@id":"https:\/\/truusk.store\/sv\/#website","url":"https:\/\/truusk.store\/sv\/","name":"TRUUSK - Hem, Tr\u00e4dg\u00e5rd & Fritid","description":"","publisher":{"@id":"https:\/\/truusk.store\/sv\/#organization"},"potentialAction":[{"@type":"SearchAction","target":{"@type":"EntryPoint","urlTemplate":"https:\/\/truusk.store\/sv\/?s={search_term_string}"},"query-input":{"@type":"PropertyValueSpecification","valueRequired":true,"valueName":"search_term_string"}}],"inLanguage":"sv-SE"},{"@type":"Organization","@id":"https:\/\/truusk.store\/sv\/#organization","name":"TRUUSK - Hem, Tr\u00e4dg\u00e5rd & Fritid","url":"https:\/\/truusk.store\/sv\/","logo":{"@type":"ImageObject","inLanguage":"sv-SE","@id":"https:\/\/truusk.store\/sv\/#\/schema\/logo\/image\/","url":"https:\/\/i0.wp.com\/truusk.store\/wp-content\/uploads\/2026\/03\/cropped-TRUUSK.png?fit=2032%2C917&ssl=1","contentUrl":"https:\/\/i0.wp.com\/truusk.store\/wp-content\/uploads\/2026\/03\/cropped-TRUUSK.png?fit=2032%2C917&ssl=1","width":2032,"height":917,"caption":"TRUUSK - Hem, Tr\u00e4dg\u00e5rd & Fritid"},"image":{"@id":"https:\/\/truusk.store\/sv\/#\/schema\/logo\/image\/"}}]}},"jetpack_sharing_enabled":true,"_links":{"self":[{"href":"https:\/\/truusk.store\/sv\/wp-json\/wp\/v2\/product\/55029","targetHints":{"allow":["GET"]}}],"collection":[{"href":"https:\/\/truusk.store\/sv\/wp-json\/wp\/v2\/product"}],"about":[{"href":"https:\/\/truusk.store\/sv\/wp-json\/wp\/v2\/types\/product"}],"wp:featuredmedia":[{"embeddable":true,"href":"https:\/\/truusk.store\/sv\/wp-json\/wp\/v2\/media\/55030"}],"wp:attachment":[{"href":"https:\/\/truusk.store\/sv\/wp-json\/wp\/v2\/media?parent=55029"}],"wp:term":[{"taxonomy":"product_brand","embeddable":true,"href":"https:\/\/truusk.store\/sv\/wp-json\/wp\/v2\/product_brand?post=55029"},{"taxonomy":"product_cat","embeddable":true,"href":"https:\/\/truusk.store\/sv\/wp-json\/wp\/v2\/product_cat?post=55029"},{"taxonomy":"product_tag","embeddable":true,"href":"https:\/\/truusk.store\/sv\/wp-json\/wp\/v2\/product_tag?post=55029"}],"curies":[{"name":"wp","href":"https:\/\/api.w.org\/{rel}","templated":true}]}}