{"id":55040,"date":"2024-05-23T06:20:08","date_gmt":"2024-05-23T05:20:08","guid":{"rendered":"https:\/\/truusk.store\/product\/parasoll-med-fransdekoration-265-cm-lutande-tvadelad-metallstang-vindhuva-khaki-svart\/"},"modified":"2026-03-12T09:38:35","modified_gmt":"2026-03-12T08:38:35","slug":"truusk-parasoll-med-fransdekoration-265-cm-lutande-design-vindhuva-khaki-svart","status":"publish","type":"product","link":"https:\/\/truusk.store\/sv\/produkt\/truusk-parasoll-med-fransdekoration-265-cm-lutande-design-vindhuva-khaki-svart\/","title":{"rendered":"TRUUSK Parasoll med Fransdekoration, 265 cm &#8211; Lutande design &#8211; Vindhuva &#8211; Khaki\/svart"},"content":{"rendered":"<p>F\u00f6rvandla din uteplats till en uppfriskande, skuggig oas och fly fr\u00e5n vardagen medan du njuter av en uppfriskande drink. Detta dekorativa tr\u00e4dg\u00e5rdsparaply ger gott om skugga f\u00f6r att skapa en cool tillflyktsort precis utanf\u00f6r din ytterd\u00f6rr. \u00d6ppna balkongparaplyet utan anstr\u00e4ngning med handveven och justera enkelt lutningen. Den robusta bekl\u00e4dnaden, st\u00e5lmasten och de 8 fasta str\u00e4vorna s\u00e4kerst\u00e4ller kompromissl\u00f6s stabilitet.<\/p>\n<h3>Beskrivning:<\/h3>\n<ul>\n<li>Parasoll som ger behaglig skugga och skydd mot solen<\/li>\n<li>Dekorativ kant dekorerad med snygga fransar<\/li>\n<li>Lutar 45 grader f\u00f6r att skydda mot den nedg\u00e5ende solen<\/li>\n<li>Tillverkad av slitstarkt 180g\/m polyestertyg och robust st\u00e5lram<\/li>\n<li>Praktisk vindhuva och \u00e5tta stag p\u00e5 balkongparasollet f\u00f6r maximal stabilitet i bl\u00e5sigt v\u00e4der<\/li>\n<li>Vev f\u00f6r snabb \u00f6ppning och st\u00e4ngning av paraplyet<\/li>\n<li>Tv\u00e5delad paraplyst\u00e5ng f\u00f6r bekv\u00e4m transport och f\u00f6rvaring<\/li>\n<li>Enkel montering kr\u00e4vs<\/li>\n<\/ul>\n<h3>Teknisk data:<\/h3>\n<ul>\n<li>F\u00e4rg: Kaki+svart<\/li>\n<li>Material: polyester, st\u00e5l<\/li>\n<li>Totala m\u00e5tt: 265 x 238H cm<\/li>\n<li>H\u00f6jd fr\u00e5n golv till kant av paraply: 183 cm<\/li>\n<li>Fransl\u00e4ngd: 6 cm<\/li>\n<li>OBS 1: Erforderlig vikt p\u00e5 15 kg ing\u00e5r inte i leveransen<\/li>\n<li>OBS 2: Anv\u00e4nd inte paraplyet i extremt v\u00e4der (stark vind eller nederb\u00f6rd)<\/li>\n<\/ul>\n<h3>Leveransens omfattning:<\/h3>\n<ul>\n<li>1 x Parasoll<\/li>\n<li>1 x Instruktioner<\/li>\n<\/ul>\n","protected":false},"excerpt":{"rendered":"<p>F\u00f6rvandla din uteplats till en uppfriskande, skuggig oas och fly fr\u00e5n vardagen medan du njuter av en uppfriskande drink. Detta&#8230;<\/p>\n","protected":false},"featured_media":55041,"template":"","meta":[],"product_brand":[],"product_cat":[472,471,435],"product_tag":[],"class_list":{"0":"post-55040","1":"product","2":"type-product","3":"status-publish","4":"has-post-thumbnail","6":"product_cat-parasoller","7":"product_cat-solskydd-integritetsskydd","8":"product_cat-tradgard-och-terrass","10":"first","11":"instock","12":"sale","13":"taxable","14":"shipping-taxable","15":"purchasable","16":"product-type-simple"},"yoast_head":"<!-- This site is optimized with the Yoast SEO plugin v25.4 - https:\/\/yoast.com\/wordpress\/plugins\/seo\/ -->\n<title>TRUUSK Parasoll med Fransdekoration, 265 cm - Lutande design - Vindhuva - Khaki\/svart - TRUUSK - Hem, Tr\u00e4dg\u00e5rd &amp; Fritid<\/title>\n<meta name=\"robots\" content=\"index, follow, max-snippet:-1, max-image-preview:large, max-video-preview:-1\" \/>\n<link rel=\"canonical\" href=\"https:\/\/truusk.store\/sv\/produkt\/truusk-parasoll-med-fransdekoration-265-cm-lutande-design-vindhuva-khaki-svart\/\" \/>\n<meta property=\"og:locale\" content=\"sv_SE\" \/>\n<meta property=\"og:type\" content=\"article\" \/>\n<meta property=\"og:title\" content=\"TRUUSK Parasoll med Fransdekoration, 265 cm - Lutande design - Vindhuva - Khaki\/svart - TRUUSK - Hem, Tr\u00e4dg\u00e5rd &amp; Fritid\" \/>\n<meta property=\"og:description\" content=\"F\u00f6rvandla din uteplats till en uppfriskande, skuggig oas och fly fr\u00e5n vardagen medan du njuter av en uppfriskande drink. Detta...\" \/>\n<meta property=\"og:url\" content=\"https:\/\/truusk.store\/sv\/produkt\/truusk-parasoll-med-fransdekoration-265-cm-lutande-design-vindhuva-khaki-svart\/\" \/>\n<meta property=\"og:site_name\" content=\"TRUUSK - Hem, Tr\u00e4dg\u00e5rd &amp; Fritid\" \/>\n<meta property=\"article:modified_time\" content=\"2026-03-12T08:38:35+00:00\" \/>\n<meta property=\"og:image\" content=\"https:\/\/i0.wp.com\/truusk.se\/wp-content\/uploads\/2024\/05\/parasoll-med-fransdekoration-265-cm-lutande-tvadelad-metallstang-vindhuva-khaki-svart.webp?fit=800%2C800&ssl=1\" \/>\n\t<meta property=\"og:image:width\" content=\"800\" \/>\n\t<meta property=\"og:image:height\" content=\"800\" \/>\n\t<meta property=\"og:image:type\" content=\"image\/webp\" \/>\n<meta name=\"twitter:card\" content=\"summary_large_image\" \/>\n<meta name=\"twitter:label1\" content=\"Ber\u00e4knad l\u00e4stid\" \/>\n\t<meta name=\"twitter:data1\" content=\"1 minut\" \/>\n<!-- \/ Yoast SEO plugin. -->","yoast_head_json":{"title":"TRUUSK Parasoll med Fransdekoration, 265 cm - Lutande design - Vindhuva - Khaki\/svart - TRUUSK - Hem, Tr\u00e4dg\u00e5rd &amp; Fritid","robots":{"index":"index","follow":"follow","max-snippet":"max-snippet:-1","max-image-preview":"max-image-preview:large","max-video-preview":"max-video-preview:-1"},"canonical":"https:\/\/truusk.store\/sv\/produkt\/truusk-parasoll-med-fransdekoration-265-cm-lutande-design-vindhuva-khaki-svart\/","og_locale":"sv_SE","og_type":"article","og_title":"TRUUSK Parasoll med Fransdekoration, 265 cm - Lutande design - Vindhuva - Khaki\/svart - TRUUSK - Hem, Tr\u00e4dg\u00e5rd &amp; Fritid","og_description":"F\u00f6rvandla din uteplats till en uppfriskande, skuggig oas och fly fr\u00e5n vardagen medan du njuter av en uppfriskande drink. Detta...","og_url":"https:\/\/truusk.store\/sv\/produkt\/truusk-parasoll-med-fransdekoration-265-cm-lutande-design-vindhuva-khaki-svart\/","og_site_name":"TRUUSK - Hem, Tr\u00e4dg\u00e5rd &amp; Fritid","article_modified_time":"2026-03-12T08:38:35+00:00","og_image":[{"width":800,"height":800,"url":"https:\/\/i0.wp.com\/truusk.se\/wp-content\/uploads\/2024\/05\/parasoll-med-fransdekoration-265-cm-lutande-tvadelad-metallstang-vindhuva-khaki-svart.webp?fit=800%2C800&ssl=1","type":"image\/webp"}],"twitter_card":"summary_large_image","twitter_misc":{"Ber\u00e4knad l\u00e4stid":"1 minut"},"schema":{"@context":"https:\/\/schema.org","@graph":[{"@type":"WebPage","@id":"https:\/\/truusk.store\/sv\/produkt\/truusk-parasoll-med-fransdekoration-265-cm-lutande-design-vindhuva-khaki-svart\/","url":"https:\/\/truusk.store\/sv\/produkt\/truusk-parasoll-med-fransdekoration-265-cm-lutande-design-vindhuva-khaki-svart\/","name":"TRUUSK Parasoll med Fransdekoration, 265 cm - Lutande design - Vindhuva - Khaki\/svart - TRUUSK - Hem, Tr\u00e4dg\u00e5rd &amp; Fritid","isPartOf":{"@id":"https:\/\/truusk.store\/sv\/#website"},"primaryImageOfPage":{"@id":"https:\/\/truusk.store\/sv\/produkt\/truusk-parasoll-med-fransdekoration-265-cm-lutande-design-vindhuva-khaki-svart\/#primaryimage"},"image":{"@id":"https:\/\/truusk.store\/sv\/produkt\/truusk-parasoll-med-fransdekoration-265-cm-lutande-design-vindhuva-khaki-svart\/#primaryimage"},"thumbnailUrl":"https:\/\/i0.wp.com\/truusk.store\/wp-content\/uploads\/2024\/05\/parasoll-med-fransdekoration-265-cm-lutande-tvadelad-metallstang-vindhuva-khaki-svart.webp?fit=800%2C800&ssl=1","datePublished":"2024-05-23T05:20:08+00:00","dateModified":"2026-03-12T08:38:35+00:00","breadcrumb":{"@id":"https:\/\/truusk.store\/sv\/produkt\/truusk-parasoll-med-fransdekoration-265-cm-lutande-design-vindhuva-khaki-svart\/#breadcrumb"},"inLanguage":"sv-SE","potentialAction":[{"@type":"ReadAction","target":["https:\/\/truusk.store\/sv\/produkt\/truusk-parasoll-med-fransdekoration-265-cm-lutande-design-vindhuva-khaki-svart\/"]}]},{"@type":"ImageObject","inLanguage":"sv-SE","@id":"https:\/\/truusk.store\/sv\/produkt\/truusk-parasoll-med-fransdekoration-265-cm-lutande-design-vindhuva-khaki-svart\/#primaryimage","url":"https:\/\/i0.wp.com\/truusk.store\/wp-content\/uploads\/2024\/05\/parasoll-med-fransdekoration-265-cm-lutande-tvadelad-metallstang-vindhuva-khaki-svart.webp?fit=800%2C800&ssl=1","contentUrl":"https:\/\/i0.wp.com\/truusk.store\/wp-content\/uploads\/2024\/05\/parasoll-med-fransdekoration-265-cm-lutande-tvadelad-metallstang-vindhuva-khaki-svart.webp?fit=800%2C800&ssl=1","width":800,"height":800,"caption":"Parasoll Med Fransdekoration, 265 Cm, Lutande, Tv\u00e5delad Metallst\u00e5ng, Vindhuva, Khaki\/svart 1"},{"@type":"BreadcrumbList","@id":"https:\/\/truusk.store\/sv\/produkt\/truusk-parasoll-med-fransdekoration-265-cm-lutande-design-vindhuva-khaki-svart\/#breadcrumb","itemListElement":[{"@type":"ListItem","position":1,"name":"Home","item":"https:\/\/truusk.store\/sv\/"},{"@type":"ListItem","position":2,"name":"Shop","item":"https:\/\/truusk.store\/shop\/"},{"@type":"ListItem","position":3,"name":"TRUUSK Parasoll med Fransdekoration, 265 cm &#8211; Lutande design &#8211; Vindhuva &#8211; Khaki\/svart"}]},{"@type":"WebSite","@id":"https:\/\/truusk.store\/sv\/#website","url":"https:\/\/truusk.store\/sv\/","name":"TRUUSK - Hem, Tr\u00e4dg\u00e5rd & Fritid","description":"","publisher":{"@id":"https:\/\/truusk.store\/sv\/#organization"},"potentialAction":[{"@type":"SearchAction","target":{"@type":"EntryPoint","urlTemplate":"https:\/\/truusk.store\/sv\/?s={search_term_string}"},"query-input":{"@type":"PropertyValueSpecification","valueRequired":true,"valueName":"search_term_string"}}],"inLanguage":"sv-SE"},{"@type":"Organization","@id":"https:\/\/truusk.store\/sv\/#organization","name":"TRUUSK - Hem, Tr\u00e4dg\u00e5rd & Fritid","url":"https:\/\/truusk.store\/sv\/","logo":{"@type":"ImageObject","inLanguage":"sv-SE","@id":"https:\/\/truusk.store\/sv\/#\/schema\/logo\/image\/","url":"https:\/\/i0.wp.com\/truusk.store\/wp-content\/uploads\/2026\/03\/cropped-TRUUSK.png?fit=2032%2C917&ssl=1","contentUrl":"https:\/\/i0.wp.com\/truusk.store\/wp-content\/uploads\/2026\/03\/cropped-TRUUSK.png?fit=2032%2C917&ssl=1","width":2032,"height":917,"caption":"TRUUSK - Hem, Tr\u00e4dg\u00e5rd & Fritid"},"image":{"@id":"https:\/\/truusk.store\/sv\/#\/schema\/logo\/image\/"}}]}},"jetpack_sharing_enabled":true,"_links":{"self":[{"href":"https:\/\/truusk.store\/sv\/wp-json\/wp\/v2\/product\/55040","targetHints":{"allow":["GET"]}}],"collection":[{"href":"https:\/\/truusk.store\/sv\/wp-json\/wp\/v2\/product"}],"about":[{"href":"https:\/\/truusk.store\/sv\/wp-json\/wp\/v2\/types\/product"}],"wp:featuredmedia":[{"embeddable":true,"href":"https:\/\/truusk.store\/sv\/wp-json\/wp\/v2\/media\/55041"}],"wp:attachment":[{"href":"https:\/\/truusk.store\/sv\/wp-json\/wp\/v2\/media?parent=55040"}],"wp:term":[{"taxonomy":"product_brand","embeddable":true,"href":"https:\/\/truusk.store\/sv\/wp-json\/wp\/v2\/product_brand?post=55040"},{"taxonomy":"product_cat","embeddable":true,"href":"https:\/\/truusk.store\/sv\/wp-json\/wp\/v2\/product_cat?post=55040"},{"taxonomy":"product_tag","embeddable":true,"href":"https:\/\/truusk.store\/sv\/wp-json\/wp\/v2\/product_tag?post=55040"}],"curies":[{"name":"wp","href":"https:\/\/api.w.org\/{rel}","templated":true}]}}