{"id":55142,"date":"2024-05-23T08:10:09","date_gmt":"2024-05-23T07:10:09","guid":{"rendered":"https:\/\/truusk.store\/product\/kontorsstol-justerbar-i-hojdled-fallbart-ryggstod-justerbart-nackstod-upp-till-120-kg-60x59x114-122-cm-gra\/"},"modified":"2026-03-12T09:31:40","modified_gmt":"2026-03-12T08:31:40","slug":"truusk-kontorsstol-justerbar-i-hojdled-fallbart-ryggstod-justerbart-nackstod-upp-till-120-kg-gra-60x59x114-122-cm","status":"publish","type":"product","link":"https:\/\/truusk.store\/sv\/produkt\/truusk-kontorsstol-justerbar-i-hojdled-fallbart-ryggstod-justerbart-nackstod-upp-till-120-kg-gra-60x59x114-122-cm\/","title":{"rendered":"TRUUSK Kontorsstol &#8211; Justerbar I H\u00f6jdled &#8211; F\u00e4llbart Ryggst\u00f6d &#8211; Justerbart Nackst\u00f6d &#8211; Upp Till 120 Kg &#8211; Gr\u00e5 &#8211; 60x59x114-122 Cm"},"content":{"rendered":"<p>Tillbringar du ofta timmar vid ditt skrivbord? D\u00e5 har vi den perfekta f\u00f6ljeslagaren f\u00f6r dig: kontorsstol! Denna kontorsstol \u00e4r inte bara bekv\u00e4m, utan ocks\u00e5 robust nog att klara den hektiska vardagen p\u00e5 kontoret. Med gener\u00f6s stoppning och en tiltfunktion erbjuder den den perfekta blandningen av komfort och funktionalitet. Nackst\u00f6det och svankkudden avlastar nacken och nedre delen av ryggen, s\u00e5 att du k\u00e4nner dig fr\u00e4sch och utvilad \u00e4ven efter l\u00e5nga arbetstimmar.<\/p>\n<h3>Beskrivning:<\/h3>\n<ul>\n<li>Njut av ren avkoppling med det lutande ryggst\u00f6det p\u00e5 denna kontorsstol<\/li>\n<li>Den ergonomiska kontorsstolen \u00e4r justerbar i h\u00f6jdled och anpassar sig perfekt till din sittstil<\/li>\n<li>Lumbalstoppningen avlastar din rygg och ger extra komfort<\/li>\n<li>Det avtagbara och roterande nackst\u00f6det kan flyttas upp eller ner<\/li>\n<li>Det andningsbara, mjuka \u00f6verdraget p\u00e5 skrivbordsstolen s\u00e4kerst\u00e4ller en behaglig sittkomfort, \u00e4ven n\u00e4r du sitter under l\u00e4ngre perioder<\/li>\n<li>Med 5 sv\u00e4ngbara hjul f\u00f6r fri r\u00f6rlighet p\u00e5 kontoret eller hemma<\/li>\n<li>Montering kr\u00e4vs<\/li>\n<\/ul>\n<h3>Teknisk data:<\/h3>\n<ul>\n<li>F\u00e4rg gr\u00e5<\/li>\n<li>Material: Mesh (polyester), plast, skum, MDF<\/li>\n<li>\u00d6vergripande m\u00e5tt: 60L x 59W x 114-122H cm<\/li>\n<li>Sitsm\u00e5tt: 48L x 45W cm<\/li>\n<li>Sitth\u00f6jd: 45-53 cm<\/li>\n<li>Armst\u00f6dets h\u00f6jd (till sittplats): 20 cm<\/li>\n<li>Ryggst\u00f6dsm\u00e5tt: 50L x 80W cm<\/li>\n<li>Lastkapacitet: 120 kg<\/li>\n<\/ul>\n<h3>Leveransens omfattning:<\/h3>\n<ul>\n<li>1 x Kontorsstol<\/li>\n<li>1 x bruksanvisning<\/li>\n<\/ul>\n","protected":false},"excerpt":{"rendered":"<p>Tillbringar du ofta timmar vid ditt skrivbord? D\u00e5 har vi den perfekta f\u00f6ljeslagaren f\u00f6r dig: kontorsstol! Denna kontorsstol \u00e4r inte&#8230;<\/p>\n","protected":false},"featured_media":55143,"template":"","meta":[],"product_brand":[],"product_cat":[485,516,515],"product_tag":[],"class_list":{"0":"post-55142","1":"product","2":"type-product","3":"status-publish","4":"has-post-thumbnail","6":"product_cat-hus-bo","7":"product_cat-kontorsstolar","8":"product_cat-stolar","10":"first","11":"instock","12":"sale","13":"taxable","14":"shipping-taxable","15":"purchasable","16":"product-type-simple"},"yoast_head":"<!-- This site is optimized with the Yoast SEO plugin v25.4 - https:\/\/yoast.com\/wordpress\/plugins\/seo\/ -->\n<title>TRUUSK Kontorsstol - Justerbar I H\u00f6jdled - F\u00e4llbart Ryggst\u00f6d - Justerbart Nackst\u00f6d - Upp Till 120 Kg - Gr\u00e5 - 60x59x114-122 Cm - TRUUSK - Hem, Tr\u00e4dg\u00e5rd &amp; Fritid<\/title>\n<meta name=\"robots\" content=\"index, follow, max-snippet:-1, max-image-preview:large, max-video-preview:-1\" \/>\n<link rel=\"canonical\" href=\"https:\/\/truusk.store\/sv\/produkt\/truusk-kontorsstol-justerbar-i-hojdled-fallbart-ryggstod-justerbart-nackstod-upp-till-120-kg-gra-60x59x114-122-cm\/\" \/>\n<meta property=\"og:locale\" content=\"sv_SE\" \/>\n<meta property=\"og:type\" content=\"article\" \/>\n<meta property=\"og:title\" content=\"TRUUSK Kontorsstol - Justerbar I H\u00f6jdled - F\u00e4llbart Ryggst\u00f6d - Justerbart Nackst\u00f6d - Upp Till 120 Kg - Gr\u00e5 - 60x59x114-122 Cm - TRUUSK - Hem, Tr\u00e4dg\u00e5rd &amp; Fritid\" \/>\n<meta property=\"og:description\" content=\"Tillbringar du ofta timmar vid ditt skrivbord? D\u00e5 har vi den perfekta f\u00f6ljeslagaren f\u00f6r dig: kontorsstol! Denna kontorsstol \u00e4r inte...\" \/>\n<meta property=\"og:url\" content=\"https:\/\/truusk.store\/sv\/produkt\/truusk-kontorsstol-justerbar-i-hojdled-fallbart-ryggstod-justerbart-nackstod-upp-till-120-kg-gra-60x59x114-122-cm\/\" \/>\n<meta property=\"og:site_name\" content=\"TRUUSK - Hem, Tr\u00e4dg\u00e5rd &amp; Fritid\" \/>\n<meta property=\"article:modified_time\" content=\"2026-03-12T08:31:40+00:00\" \/>\n<meta property=\"og:image\" content=\"https:\/\/i0.wp.com\/truusk.se\/wp-content\/uploads\/2024\/05\/kontorsstol-justerbar-i-hojdled-fallbart-ryggstod-justerbart-nackstod-upp-till-120-kg-60x59x114-122-cm-gra.webp?fit=800%2C800&ssl=1\" \/>\n\t<meta property=\"og:image:width\" content=\"800\" \/>\n\t<meta property=\"og:image:height\" content=\"800\" \/>\n\t<meta property=\"og:image:type\" content=\"image\/webp\" \/>\n<meta name=\"twitter:card\" content=\"summary_large_image\" \/>\n<meta name=\"twitter:label1\" content=\"Ber\u00e4knad l\u00e4stid\" \/>\n\t<meta name=\"twitter:data1\" content=\"1 minut\" \/>\n<!-- \/ Yoast SEO plugin. -->","yoast_head_json":{"title":"TRUUSK Kontorsstol - Justerbar I H\u00f6jdled - F\u00e4llbart Ryggst\u00f6d - Justerbart Nackst\u00f6d - Upp Till 120 Kg - Gr\u00e5 - 60x59x114-122 Cm - TRUUSK - Hem, Tr\u00e4dg\u00e5rd &amp; Fritid","robots":{"index":"index","follow":"follow","max-snippet":"max-snippet:-1","max-image-preview":"max-image-preview:large","max-video-preview":"max-video-preview:-1"},"canonical":"https:\/\/truusk.store\/sv\/produkt\/truusk-kontorsstol-justerbar-i-hojdled-fallbart-ryggstod-justerbart-nackstod-upp-till-120-kg-gra-60x59x114-122-cm\/","og_locale":"sv_SE","og_type":"article","og_title":"TRUUSK Kontorsstol - Justerbar I H\u00f6jdled - F\u00e4llbart Ryggst\u00f6d - Justerbart Nackst\u00f6d - Upp Till 120 Kg - Gr\u00e5 - 60x59x114-122 Cm - TRUUSK - Hem, Tr\u00e4dg\u00e5rd &amp; Fritid","og_description":"Tillbringar du ofta timmar vid ditt skrivbord? D\u00e5 har vi den perfekta f\u00f6ljeslagaren f\u00f6r dig: kontorsstol! Denna kontorsstol \u00e4r inte...","og_url":"https:\/\/truusk.store\/sv\/produkt\/truusk-kontorsstol-justerbar-i-hojdled-fallbart-ryggstod-justerbart-nackstod-upp-till-120-kg-gra-60x59x114-122-cm\/","og_site_name":"TRUUSK - Hem, Tr\u00e4dg\u00e5rd &amp; Fritid","article_modified_time":"2026-03-12T08:31:40+00:00","og_image":[{"width":800,"height":800,"url":"https:\/\/i0.wp.com\/truusk.se\/wp-content\/uploads\/2024\/05\/kontorsstol-justerbar-i-hojdled-fallbart-ryggstod-justerbart-nackstod-upp-till-120-kg-60x59x114-122-cm-gra.webp?fit=800%2C800&ssl=1","type":"image\/webp"}],"twitter_card":"summary_large_image","twitter_misc":{"Ber\u00e4knad l\u00e4stid":"1 minut"},"schema":{"@context":"https:\/\/schema.org","@graph":[{"@type":"WebPage","@id":"https:\/\/truusk.store\/sv\/produkt\/truusk-kontorsstol-justerbar-i-hojdled-fallbart-ryggstod-justerbart-nackstod-upp-till-120-kg-gra-60x59x114-122-cm\/","url":"https:\/\/truusk.store\/sv\/produkt\/truusk-kontorsstol-justerbar-i-hojdled-fallbart-ryggstod-justerbart-nackstod-upp-till-120-kg-gra-60x59x114-122-cm\/","name":"TRUUSK Kontorsstol - Justerbar I H\u00f6jdled - F\u00e4llbart Ryggst\u00f6d - Justerbart Nackst\u00f6d - Upp Till 120 Kg - Gr\u00e5 - 60x59x114-122 Cm - TRUUSK - Hem, Tr\u00e4dg\u00e5rd &amp; Fritid","isPartOf":{"@id":"https:\/\/truusk.store\/sv\/#website"},"primaryImageOfPage":{"@id":"https:\/\/truusk.store\/sv\/produkt\/truusk-kontorsstol-justerbar-i-hojdled-fallbart-ryggstod-justerbart-nackstod-upp-till-120-kg-gra-60x59x114-122-cm\/#primaryimage"},"image":{"@id":"https:\/\/truusk.store\/sv\/produkt\/truusk-kontorsstol-justerbar-i-hojdled-fallbart-ryggstod-justerbart-nackstod-upp-till-120-kg-gra-60x59x114-122-cm\/#primaryimage"},"thumbnailUrl":"https:\/\/i0.wp.com\/truusk.store\/wp-content\/uploads\/2024\/05\/kontorsstol-justerbar-i-hojdled-fallbart-ryggstod-justerbart-nackstod-upp-till-120-kg-60x59x114-122-cm-gra.webp?fit=800%2C800&ssl=1","datePublished":"2024-05-23T07:10:09+00:00","dateModified":"2026-03-12T08:31:40+00:00","breadcrumb":{"@id":"https:\/\/truusk.store\/sv\/produkt\/truusk-kontorsstol-justerbar-i-hojdled-fallbart-ryggstod-justerbart-nackstod-upp-till-120-kg-gra-60x59x114-122-cm\/#breadcrumb"},"inLanguage":"sv-SE","potentialAction":[{"@type":"ReadAction","target":["https:\/\/truusk.store\/sv\/produkt\/truusk-kontorsstol-justerbar-i-hojdled-fallbart-ryggstod-justerbart-nackstod-upp-till-120-kg-gra-60x59x114-122-cm\/"]}]},{"@type":"ImageObject","inLanguage":"sv-SE","@id":"https:\/\/truusk.store\/sv\/produkt\/truusk-kontorsstol-justerbar-i-hojdled-fallbart-ryggstod-justerbart-nackstod-upp-till-120-kg-gra-60x59x114-122-cm\/#primaryimage","url":"https:\/\/i0.wp.com\/truusk.store\/wp-content\/uploads\/2024\/05\/kontorsstol-justerbar-i-hojdled-fallbart-ryggstod-justerbart-nackstod-upp-till-120-kg-60x59x114-122-cm-gra.webp?fit=800%2C800&ssl=1","contentUrl":"https:\/\/i0.wp.com\/truusk.store\/wp-content\/uploads\/2024\/05\/kontorsstol-justerbar-i-hojdled-fallbart-ryggstod-justerbart-nackstod-upp-till-120-kg-60x59x114-122-cm-gra.webp?fit=800%2C800&ssl=1","width":800,"height":800,"caption":"Kontorsstol, Justerbar I H\u00f6jdled, F\u00e4llbart Ryggst\u00f6d, Justerbart Nackst\u00f6d, Upp Till 120 Kg, 60x59x114-122 Cm, Gr\u00e5 1"},{"@type":"BreadcrumbList","@id":"https:\/\/truusk.store\/sv\/produkt\/truusk-kontorsstol-justerbar-i-hojdled-fallbart-ryggstod-justerbart-nackstod-upp-till-120-kg-gra-60x59x114-122-cm\/#breadcrumb","itemListElement":[{"@type":"ListItem","position":1,"name":"Home","item":"https:\/\/truusk.store\/sv\/"},{"@type":"ListItem","position":2,"name":"Shop","item":"https:\/\/truusk.store\/shop\/"},{"@type":"ListItem","position":3,"name":"TRUUSK Kontorsstol &#8211; Justerbar I H\u00f6jdled &#8211; F\u00e4llbart Ryggst\u00f6d &#8211; Justerbart Nackst\u00f6d &#8211; Upp Till 120 Kg &#8211; Gr\u00e5 &#8211; 60x59x114-122 Cm"}]},{"@type":"WebSite","@id":"https:\/\/truusk.store\/sv\/#website","url":"https:\/\/truusk.store\/sv\/","name":"TRUUSK - Hem, Tr\u00e4dg\u00e5rd & Fritid","description":"","publisher":{"@id":"https:\/\/truusk.store\/sv\/#organization"},"potentialAction":[{"@type":"SearchAction","target":{"@type":"EntryPoint","urlTemplate":"https:\/\/truusk.store\/sv\/?s={search_term_string}"},"query-input":{"@type":"PropertyValueSpecification","valueRequired":true,"valueName":"search_term_string"}}],"inLanguage":"sv-SE"},{"@type":"Organization","@id":"https:\/\/truusk.store\/sv\/#organization","name":"TRUUSK - Hem, Tr\u00e4dg\u00e5rd & Fritid","url":"https:\/\/truusk.store\/sv\/","logo":{"@type":"ImageObject","inLanguage":"sv-SE","@id":"https:\/\/truusk.store\/sv\/#\/schema\/logo\/image\/","url":"https:\/\/i0.wp.com\/truusk.store\/wp-content\/uploads\/2026\/03\/cropped-TRUUSK.png?fit=2032%2C917&ssl=1","contentUrl":"https:\/\/i0.wp.com\/truusk.store\/wp-content\/uploads\/2026\/03\/cropped-TRUUSK.png?fit=2032%2C917&ssl=1","width":2032,"height":917,"caption":"TRUUSK - Hem, Tr\u00e4dg\u00e5rd & Fritid"},"image":{"@id":"https:\/\/truusk.store\/sv\/#\/schema\/logo\/image\/"}}]}},"jetpack_sharing_enabled":true,"_links":{"self":[{"href":"https:\/\/truusk.store\/sv\/wp-json\/wp\/v2\/product\/55142","targetHints":{"allow":["GET"]}}],"collection":[{"href":"https:\/\/truusk.store\/sv\/wp-json\/wp\/v2\/product"}],"about":[{"href":"https:\/\/truusk.store\/sv\/wp-json\/wp\/v2\/types\/product"}],"wp:featuredmedia":[{"embeddable":true,"href":"https:\/\/truusk.store\/sv\/wp-json\/wp\/v2\/media\/55143"}],"wp:attachment":[{"href":"https:\/\/truusk.store\/sv\/wp-json\/wp\/v2\/media?parent=55142"}],"wp:term":[{"taxonomy":"product_brand","embeddable":true,"href":"https:\/\/truusk.store\/sv\/wp-json\/wp\/v2\/product_brand?post=55142"},{"taxonomy":"product_cat","embeddable":true,"href":"https:\/\/truusk.store\/sv\/wp-json\/wp\/v2\/product_cat?post=55142"},{"taxonomy":"product_tag","embeddable":true,"href":"https:\/\/truusk.store\/sv\/wp-json\/wp\/v2\/product_tag?post=55142"}],"curies":[{"name":"wp","href":"https:\/\/api.w.org\/{rel}","templated":true}]}}