{"id":55153,"date":"2024-05-23T08:20:09","date_gmt":"2024-05-23T07:20:09","guid":{"rendered":"https:\/\/truusk.store\/product\/kontorsstol-skrivbordsstol-kontorsstol-hoj-och-sankbar-1-nackstod-58-x-61-x-119-cm-svart\/"},"modified":"2026-03-12T09:31:39","modified_gmt":"2026-03-12T08:31:39","slug":"truusk-kontorsstol-skrivbordsstol-hoj-och-sankbar-med-1-nackstod-matt-58-x-61-x-119-cm-svart","status":"publish","type":"product","link":"https:\/\/truusk.store\/sv\/produkt\/truusk-kontorsstol-skrivbordsstol-hoj-och-sankbar-med-1-nackstod-matt-58-x-61-x-119-cm-svart\/","title":{"rendered":"TRUUSK Kontorsstol &#8211; Skrivbordsstol &#8211; H\u00f6j- och s\u00e4nkbar &#8211; Med 1 nackst\u00f6d &#8211; M\u00e5tt 58 x 61 x 119 cm &#8211; Svart"},"content":{"rendered":"<p>Om du arbetar hemifr\u00e5n eller tillbringar mycket tid p\u00e5 kontoret beh\u00f6ver du en kontorsstol som st\u00f6d n\u00e4r du pluggar inf\u00f6r ett viktigt prov eller slutf\u00f6r ett viktigt arbetsprojekt. Den h\u00e4r datorstolen h\u00e4nger inte bara med utan g\u00e5r ett steg l\u00e4ngre med sin bekv\u00e4ma, tjocka stoppning och liggfunktion. Komfort och funktionalitet \u00e4r det b\u00e4sta av en kontorsstol, och vi vet hur man g\u00f6r det.<\/p>\n<h3>Beskrivning:<\/h3>\n<ul>\n<li>Ta en paus och str\u00e4ck ut dig eftersom den h\u00e4r kontorsstolen har en tiltfunktion<\/li>\n<li>Justerbar sitth\u00f6jd f\u00f6r att passa din sittstil<\/li>\n<li>Svankst\u00f6det avlastar nedre delen av ryggen<\/li>\n<li>Nackst\u00f6det kan flyttas upp eller ner, \u00e4r sv\u00e4ngbart och avtagbart<\/li>\n<li>Meshtyget p\u00e5 denna skrivbordsstol andas och \u00e4r mjukt<\/li>\n<li>De vridbara hjulen och s\u00e4tet p\u00e5 denna skrivbordsstol s\u00e4kerst\u00e4ller enkel och snabb r\u00f6rlighet<\/li>\n<li>Montering kr\u00e4vs<\/li>\n<\/ul>\n<h3>Teknisk data:<\/h3>\n<ul>\n<li>F\u00e4rg gr\u00e5<\/li>\n<li>Material: Mesh (100% polyester), plast, skum, flerskiktsskiva<\/li>\n<li>\u00d6vergripande m\u00e5tt: 58L x 61W x 102-119H cm<\/li>\n<li>Sitsstorlek: 48L x 45W cm<\/li>\n<li>Sitth\u00f6jd: 42-50 cm<\/li>\n<li>Armst\u00f6dsh\u00f6jd: 19 cm (till sitsen)<\/li>\n<li>Ryggst\u00f6dsstorlek: 46W x 65H cm<\/li>\n<li>Max belastning: 120 kg<\/li>\n<\/ul>\n<h3>Leveransens omfattning:<\/h3>\n<ul>\n<li>1 x Kontorsstol<\/li>\n<li>1 x bruksanvisning<\/li>\n<\/ul>\n","protected":false},"excerpt":{"rendered":"<p>Om du arbetar hemifr\u00e5n eller tillbringar mycket tid p\u00e5 kontoret beh\u00f6ver du en kontorsstol som st\u00f6d n\u00e4r du pluggar inf\u00f6r&#8230;<\/p>\n","protected":false},"featured_media":55154,"template":"","meta":[],"product_brand":[],"product_cat":[485,516,515],"product_tag":[],"class_list":{"0":"post-55153","1":"product","2":"type-product","3":"status-publish","4":"has-post-thumbnail","6":"product_cat-hus-bo","7":"product_cat-kontorsstolar","8":"product_cat-stolar","10":"first","11":"instock","12":"sale","13":"taxable","14":"shipping-taxable","15":"purchasable","16":"product-type-simple"},"yoast_head":"<!-- This site is optimized with the Yoast SEO plugin v25.4 - https:\/\/yoast.com\/wordpress\/plugins\/seo\/ -->\n<title>TRUUSK Kontorsstol - Skrivbordsstol - H\u00f6j- och s\u00e4nkbar - Med 1 nackst\u00f6d - M\u00e5tt 58 x 61 x 119 cm - Svart - TRUUSK - Hem, Tr\u00e4dg\u00e5rd &amp; Fritid<\/title>\n<meta name=\"robots\" content=\"index, follow, max-snippet:-1, max-image-preview:large, max-video-preview:-1\" \/>\n<link rel=\"canonical\" href=\"https:\/\/truusk.store\/sv\/produkt\/truusk-kontorsstol-skrivbordsstol-hoj-och-sankbar-med-1-nackstod-matt-58-x-61-x-119-cm-svart\/\" \/>\n<meta property=\"og:locale\" content=\"sv_SE\" \/>\n<meta property=\"og:type\" content=\"article\" \/>\n<meta property=\"og:title\" content=\"TRUUSK Kontorsstol - Skrivbordsstol - H\u00f6j- och s\u00e4nkbar - Med 1 nackst\u00f6d - M\u00e5tt 58 x 61 x 119 cm - Svart - TRUUSK - Hem, Tr\u00e4dg\u00e5rd &amp; Fritid\" \/>\n<meta property=\"og:description\" content=\"Om du arbetar hemifr\u00e5n eller tillbringar mycket tid p\u00e5 kontoret beh\u00f6ver du en kontorsstol som st\u00f6d n\u00e4r du pluggar inf\u00f6r...\" \/>\n<meta property=\"og:url\" content=\"https:\/\/truusk.store\/sv\/produkt\/truusk-kontorsstol-skrivbordsstol-hoj-och-sankbar-med-1-nackstod-matt-58-x-61-x-119-cm-svart\/\" \/>\n<meta property=\"og:site_name\" content=\"TRUUSK - Hem, Tr\u00e4dg\u00e5rd &amp; Fritid\" \/>\n<meta property=\"article:modified_time\" content=\"2026-03-12T08:31:39+00:00\" \/>\n<meta property=\"og:image\" content=\"https:\/\/i0.wp.com\/truusk.se\/wp-content\/uploads\/2024\/05\/kontorsstol-skrivbordsstol-kontorsstol-hoj-och-sankbar-1-nackstod-58-x-61-x-119-cm-svart.webp?fit=800%2C800&ssl=1\" \/>\n\t<meta property=\"og:image:width\" content=\"800\" \/>\n\t<meta property=\"og:image:height\" content=\"800\" \/>\n\t<meta property=\"og:image:type\" content=\"image\/webp\" \/>\n<meta name=\"twitter:card\" content=\"summary_large_image\" \/>\n<meta name=\"twitter:label1\" content=\"Ber\u00e4knad l\u00e4stid\" \/>\n\t<meta name=\"twitter:data1\" content=\"1 minut\" \/>\n<!-- \/ Yoast SEO plugin. -->","yoast_head_json":{"title":"TRUUSK Kontorsstol - Skrivbordsstol - H\u00f6j- och s\u00e4nkbar - Med 1 nackst\u00f6d - M\u00e5tt 58 x 61 x 119 cm - Svart - TRUUSK - Hem, Tr\u00e4dg\u00e5rd &amp; Fritid","robots":{"index":"index","follow":"follow","max-snippet":"max-snippet:-1","max-image-preview":"max-image-preview:large","max-video-preview":"max-video-preview:-1"},"canonical":"https:\/\/truusk.store\/sv\/produkt\/truusk-kontorsstol-skrivbordsstol-hoj-och-sankbar-med-1-nackstod-matt-58-x-61-x-119-cm-svart\/","og_locale":"sv_SE","og_type":"article","og_title":"TRUUSK Kontorsstol - Skrivbordsstol - H\u00f6j- och s\u00e4nkbar - Med 1 nackst\u00f6d - M\u00e5tt 58 x 61 x 119 cm - Svart - TRUUSK - Hem, Tr\u00e4dg\u00e5rd &amp; Fritid","og_description":"Om du arbetar hemifr\u00e5n eller tillbringar mycket tid p\u00e5 kontoret beh\u00f6ver du en kontorsstol som st\u00f6d n\u00e4r du pluggar inf\u00f6r...","og_url":"https:\/\/truusk.store\/sv\/produkt\/truusk-kontorsstol-skrivbordsstol-hoj-och-sankbar-med-1-nackstod-matt-58-x-61-x-119-cm-svart\/","og_site_name":"TRUUSK - Hem, Tr\u00e4dg\u00e5rd &amp; Fritid","article_modified_time":"2026-03-12T08:31:39+00:00","og_image":[{"width":800,"height":800,"url":"https:\/\/i0.wp.com\/truusk.se\/wp-content\/uploads\/2024\/05\/kontorsstol-skrivbordsstol-kontorsstol-hoj-och-sankbar-1-nackstod-58-x-61-x-119-cm-svart.webp?fit=800%2C800&ssl=1","type":"image\/webp"}],"twitter_card":"summary_large_image","twitter_misc":{"Ber\u00e4knad l\u00e4stid":"1 minut"},"schema":{"@context":"https:\/\/schema.org","@graph":[{"@type":"WebPage","@id":"https:\/\/truusk.store\/sv\/produkt\/truusk-kontorsstol-skrivbordsstol-hoj-och-sankbar-med-1-nackstod-matt-58-x-61-x-119-cm-svart\/","url":"https:\/\/truusk.store\/sv\/produkt\/truusk-kontorsstol-skrivbordsstol-hoj-och-sankbar-med-1-nackstod-matt-58-x-61-x-119-cm-svart\/","name":"TRUUSK Kontorsstol - Skrivbordsstol - H\u00f6j- och s\u00e4nkbar - Med 1 nackst\u00f6d - M\u00e5tt 58 x 61 x 119 cm - Svart - TRUUSK - Hem, Tr\u00e4dg\u00e5rd &amp; Fritid","isPartOf":{"@id":"https:\/\/truusk.store\/sv\/#website"},"primaryImageOfPage":{"@id":"https:\/\/truusk.store\/sv\/produkt\/truusk-kontorsstol-skrivbordsstol-hoj-och-sankbar-med-1-nackstod-matt-58-x-61-x-119-cm-svart\/#primaryimage"},"image":{"@id":"https:\/\/truusk.store\/sv\/produkt\/truusk-kontorsstol-skrivbordsstol-hoj-och-sankbar-med-1-nackstod-matt-58-x-61-x-119-cm-svart\/#primaryimage"},"thumbnailUrl":"https:\/\/i0.wp.com\/truusk.store\/wp-content\/uploads\/2024\/05\/kontorsstol-skrivbordsstol-kontorsstol-hoj-och-sankbar-1-nackstod-58-x-61-x-119-cm-svart.webp?fit=800%2C800&ssl=1","datePublished":"2024-05-23T07:20:09+00:00","dateModified":"2026-03-12T08:31:39+00:00","breadcrumb":{"@id":"https:\/\/truusk.store\/sv\/produkt\/truusk-kontorsstol-skrivbordsstol-hoj-och-sankbar-med-1-nackstod-matt-58-x-61-x-119-cm-svart\/#breadcrumb"},"inLanguage":"sv-SE","potentialAction":[{"@type":"ReadAction","target":["https:\/\/truusk.store\/sv\/produkt\/truusk-kontorsstol-skrivbordsstol-hoj-och-sankbar-med-1-nackstod-matt-58-x-61-x-119-cm-svart\/"]}]},{"@type":"ImageObject","inLanguage":"sv-SE","@id":"https:\/\/truusk.store\/sv\/produkt\/truusk-kontorsstol-skrivbordsstol-hoj-och-sankbar-med-1-nackstod-matt-58-x-61-x-119-cm-svart\/#primaryimage","url":"https:\/\/i0.wp.com\/truusk.store\/wp-content\/uploads\/2024\/05\/kontorsstol-skrivbordsstol-kontorsstol-hoj-och-sankbar-1-nackstod-58-x-61-x-119-cm-svart.webp?fit=800%2C800&ssl=1","contentUrl":"https:\/\/i0.wp.com\/truusk.store\/wp-content\/uploads\/2024\/05\/kontorsstol-skrivbordsstol-kontorsstol-hoj-och-sankbar-1-nackstod-58-x-61-x-119-cm-svart.webp?fit=800%2C800&ssl=1","width":800,"height":800,"caption":"Kontorsstol, Skrivbordsstol, Kontorsstol, H\u00f6j- Och S\u00e4nkbar, 1 Nackst\u00f6d, 58 X 61 X 119 Cm. Svart 1"},{"@type":"BreadcrumbList","@id":"https:\/\/truusk.store\/sv\/produkt\/truusk-kontorsstol-skrivbordsstol-hoj-och-sankbar-med-1-nackstod-matt-58-x-61-x-119-cm-svart\/#breadcrumb","itemListElement":[{"@type":"ListItem","position":1,"name":"Home","item":"https:\/\/truusk.store\/sv\/"},{"@type":"ListItem","position":2,"name":"Shop","item":"https:\/\/truusk.store\/shop\/"},{"@type":"ListItem","position":3,"name":"TRUUSK Kontorsstol &#8211; Skrivbordsstol &#8211; H\u00f6j- och s\u00e4nkbar &#8211; Med 1 nackst\u00f6d &#8211; M\u00e5tt 58 x 61 x 119 cm &#8211; Svart"}]},{"@type":"WebSite","@id":"https:\/\/truusk.store\/sv\/#website","url":"https:\/\/truusk.store\/sv\/","name":"TRUUSK - Hem, Tr\u00e4dg\u00e5rd & Fritid","description":"","publisher":{"@id":"https:\/\/truusk.store\/sv\/#organization"},"potentialAction":[{"@type":"SearchAction","target":{"@type":"EntryPoint","urlTemplate":"https:\/\/truusk.store\/sv\/?s={search_term_string}"},"query-input":{"@type":"PropertyValueSpecification","valueRequired":true,"valueName":"search_term_string"}}],"inLanguage":"sv-SE"},{"@type":"Organization","@id":"https:\/\/truusk.store\/sv\/#organization","name":"TRUUSK - Hem, Tr\u00e4dg\u00e5rd & Fritid","url":"https:\/\/truusk.store\/sv\/","logo":{"@type":"ImageObject","inLanguage":"sv-SE","@id":"https:\/\/truusk.store\/sv\/#\/schema\/logo\/image\/","url":"https:\/\/i0.wp.com\/truusk.store\/wp-content\/uploads\/2026\/03\/cropped-TRUUSK.png?fit=2032%2C917&ssl=1","contentUrl":"https:\/\/i0.wp.com\/truusk.store\/wp-content\/uploads\/2026\/03\/cropped-TRUUSK.png?fit=2032%2C917&ssl=1","width":2032,"height":917,"caption":"TRUUSK - Hem, Tr\u00e4dg\u00e5rd & Fritid"},"image":{"@id":"https:\/\/truusk.store\/sv\/#\/schema\/logo\/image\/"}}]}},"jetpack_sharing_enabled":true,"_links":{"self":[{"href":"https:\/\/truusk.store\/sv\/wp-json\/wp\/v2\/product\/55153","targetHints":{"allow":["GET"]}}],"collection":[{"href":"https:\/\/truusk.store\/sv\/wp-json\/wp\/v2\/product"}],"about":[{"href":"https:\/\/truusk.store\/sv\/wp-json\/wp\/v2\/types\/product"}],"wp:featuredmedia":[{"embeddable":true,"href":"https:\/\/truusk.store\/sv\/wp-json\/wp\/v2\/media\/55154"}],"wp:attachment":[{"href":"https:\/\/truusk.store\/sv\/wp-json\/wp\/v2\/media?parent=55153"}],"wp:term":[{"taxonomy":"product_brand","embeddable":true,"href":"https:\/\/truusk.store\/sv\/wp-json\/wp\/v2\/product_brand?post=55153"},{"taxonomy":"product_cat","embeddable":true,"href":"https:\/\/truusk.store\/sv\/wp-json\/wp\/v2\/product_cat?post=55153"},{"taxonomy":"product_tag","embeddable":true,"href":"https:\/\/truusk.store\/sv\/wp-json\/wp\/v2\/product_tag?post=55153"}],"curies":[{"name":"wp","href":"https:\/\/api.w.org\/{rel}","templated":true}]}}