{"id":55219,"date":"2024-05-23T09:20:09","date_gmt":"2024-05-23T08:20:09","guid":{"rendered":"https:\/\/truusk.store\/product\/kattlada-med-lock-skrapskopa-smutsfangningsmatta-plast-rosa-svart\/"},"modified":"2026-03-12T09:40:38","modified_gmt":"2026-03-12T08:40:38","slug":"truusk-kattlada-med-lock-skrapskopa-smutsfangningsmatta-plast-rosa-svart","status":"publish","type":"product","link":"https:\/\/truusk.store\/sv\/produkt\/truusk-kattlada-med-lock-skrapskopa-smutsfangningsmatta-plast-rosa-svart\/","title":{"rendered":"TRUUSK Kattl\u00e5da med Lock &#8211; Skr\u00e4pskopa &#8211; Smutsf\u00e5ngningsmatta &#8211; Plast &#8211; Rosa\/Svart"},"content":{"rendered":"<p>Denna kattl\u00e5da erbjuder din katt bekv\u00e4m avskildhet och s\u00e4kerst\u00e4ller att han k\u00e4nner sig bekv\u00e4m n\u00e4r han g\u00f6r sina aff\u00e4rer. En l\u00e4ttanv\u00e4nd lucka och det medf\u00f6ljande luftfiltret f\u00f6rhindrar att obehagliga lukter sprids. Tack vare det utdragbara spridarfacket och den medf\u00f6ljande spridarskopan \u00e4r reng\u00f6ringen extra enkel. Dessutom passar de behagliga pastellf\u00e4rgerna och den sofistikerade formen p\u00e5 huset n\u00e4stan alla inredningsstilar.<\/p>\n<h3>Beskrivning:<\/h3>\n<ul>\n<li>Avtagbart str\u00f6fack f\u00f6r snabb och enkel reng\u00f6ring<\/li>\n<li>Rymlig interi\u00f6r erbjuder din katt avskildhet n\u00e4r du anv\u00e4nder den<\/li>\n<li>H\u00f6ga sidor f\u00f6rhindrar att skr\u00e4p faller ut<\/li>\n<li>Med en spade f\u00e4st vid sidan<\/li>\n<li>Inkluderar smutsf\u00e5ngande matta f\u00f6r att f\u00e5nga upp skr\u00e4p<\/li>\n<li>Plasthuset \u00e4r stabilt och h\u00e5llbart<\/li>\n<li>Montering kr\u00e4vs<\/li>\n<\/ul>\n<h3>Teknisk data:<\/h3>\n<ul>\n<li>F\u00e4rg: Rosa<\/li>\n<li>Material: Plast<\/li>\n<li>Totala m\u00e5tt: 43L x 44W x 47H cm<\/li>\n<li>Innerm\u00e5tt: 38L x 34W x 8,5H cm<\/li>\n<li>M\u00e5tt: 18L x 22,5W cm<\/li>\n<li>Spadestorlek: 20L x 9,5W x 4H cm<\/li>\n<li>M\u00e5tt p\u00e5 str\u00f6mattan: 45,5L x 17W cm<\/li>\n<\/ul>\n<h3>Leveransens omfattning:<\/h3>\n<ul>\n<li>1 x kattsandl\u00e5da<\/li>\n<li>1 x Scatter Mat<\/li>\n<li>1 x str\u00f6skopa<\/li>\n<li>1 x Filterpaket<\/li>\n<li>1 x Instruktioner<\/li>\n<\/ul>\n","protected":false},"excerpt":{"rendered":"<p>Denna kattl\u00e5da erbjuder din katt bekv\u00e4m avskildhet och s\u00e4kerst\u00e4ller att han k\u00e4nner sig bekv\u00e4m n\u00e4r han g\u00f6r sina aff\u00e4rer. En&#8230;<\/p>\n","protected":false},"featured_media":55220,"template":"","meta":[],"product_brand":[],"product_cat":[573,594,588],"product_tag":[],"class_list":{"0":"post-55219","1":"product","2":"type-product","3":"status-publish","4":"has-post-thumbnail","6":"product_cat-husdjursmaterial","7":"product_cat-kattlador","8":"product_cat-katttillbehor","10":"first","11":"instock","12":"sale","13":"taxable","14":"shipping-taxable","15":"purchasable","16":"product-type-simple"},"yoast_head":"<!-- This site is optimized with the Yoast SEO plugin v25.4 - https:\/\/yoast.com\/wordpress\/plugins\/seo\/ -->\n<title>TRUUSK Kattl\u00e5da med Lock - Skr\u00e4pskopa - Smutsf\u00e5ngningsmatta - Plast - Rosa\/Svart - TRUUSK - Hem, Tr\u00e4dg\u00e5rd &amp; Fritid<\/title>\n<meta name=\"robots\" content=\"index, follow, max-snippet:-1, max-image-preview:large, max-video-preview:-1\" \/>\n<link rel=\"canonical\" href=\"https:\/\/truusk.store\/sv\/produkt\/truusk-kattlada-med-lock-skrapskopa-smutsfangningsmatta-plast-rosa-svart\/\" \/>\n<meta property=\"og:locale\" content=\"sv_SE\" \/>\n<meta property=\"og:type\" content=\"article\" \/>\n<meta property=\"og:title\" content=\"TRUUSK Kattl\u00e5da med Lock - Skr\u00e4pskopa - Smutsf\u00e5ngningsmatta - Plast - Rosa\/Svart - TRUUSK - Hem, Tr\u00e4dg\u00e5rd &amp; Fritid\" \/>\n<meta property=\"og:description\" content=\"Denna kattl\u00e5da erbjuder din katt bekv\u00e4m avskildhet och s\u00e4kerst\u00e4ller att han k\u00e4nner sig bekv\u00e4m n\u00e4r han g\u00f6r sina aff\u00e4rer. En...\" \/>\n<meta property=\"og:url\" content=\"https:\/\/truusk.store\/sv\/produkt\/truusk-kattlada-med-lock-skrapskopa-smutsfangningsmatta-plast-rosa-svart\/\" \/>\n<meta property=\"og:site_name\" content=\"TRUUSK - Hem, Tr\u00e4dg\u00e5rd &amp; Fritid\" \/>\n<meta property=\"article:modified_time\" content=\"2026-03-12T08:40:38+00:00\" \/>\n<meta property=\"og:image\" content=\"https:\/\/i0.wp.com\/truusk.se\/wp-content\/uploads\/2024\/05\/kattlada-med-lock-skrapskopa-smutsfangningsmatta-plast-rosa-svart.webp?fit=800%2C800&ssl=1\" \/>\n\t<meta property=\"og:image:width\" content=\"800\" \/>\n\t<meta property=\"og:image:height\" content=\"800\" \/>\n\t<meta property=\"og:image:type\" content=\"image\/webp\" \/>\n<meta name=\"twitter:card\" content=\"summary_large_image\" \/>\n<meta name=\"twitter:label1\" content=\"Ber\u00e4knad l\u00e4stid\" \/>\n\t<meta name=\"twitter:data1\" content=\"1 minut\" \/>\n<!-- \/ Yoast SEO plugin. -->","yoast_head_json":{"title":"TRUUSK Kattl\u00e5da med Lock - Skr\u00e4pskopa - Smutsf\u00e5ngningsmatta - Plast - Rosa\/Svart - TRUUSK - Hem, Tr\u00e4dg\u00e5rd &amp; Fritid","robots":{"index":"index","follow":"follow","max-snippet":"max-snippet:-1","max-image-preview":"max-image-preview:large","max-video-preview":"max-video-preview:-1"},"canonical":"https:\/\/truusk.store\/sv\/produkt\/truusk-kattlada-med-lock-skrapskopa-smutsfangningsmatta-plast-rosa-svart\/","og_locale":"sv_SE","og_type":"article","og_title":"TRUUSK Kattl\u00e5da med Lock - Skr\u00e4pskopa - Smutsf\u00e5ngningsmatta - Plast - Rosa\/Svart - TRUUSK - Hem, Tr\u00e4dg\u00e5rd &amp; Fritid","og_description":"Denna kattl\u00e5da erbjuder din katt bekv\u00e4m avskildhet och s\u00e4kerst\u00e4ller att han k\u00e4nner sig bekv\u00e4m n\u00e4r han g\u00f6r sina aff\u00e4rer. En...","og_url":"https:\/\/truusk.store\/sv\/produkt\/truusk-kattlada-med-lock-skrapskopa-smutsfangningsmatta-plast-rosa-svart\/","og_site_name":"TRUUSK - Hem, Tr\u00e4dg\u00e5rd &amp; Fritid","article_modified_time":"2026-03-12T08:40:38+00:00","og_image":[{"width":800,"height":800,"url":"https:\/\/i0.wp.com\/truusk.se\/wp-content\/uploads\/2024\/05\/kattlada-med-lock-skrapskopa-smutsfangningsmatta-plast-rosa-svart.webp?fit=800%2C800&ssl=1","type":"image\/webp"}],"twitter_card":"summary_large_image","twitter_misc":{"Ber\u00e4knad l\u00e4stid":"1 minut"},"schema":{"@context":"https:\/\/schema.org","@graph":[{"@type":"WebPage","@id":"https:\/\/truusk.store\/sv\/produkt\/truusk-kattlada-med-lock-skrapskopa-smutsfangningsmatta-plast-rosa-svart\/","url":"https:\/\/truusk.store\/sv\/produkt\/truusk-kattlada-med-lock-skrapskopa-smutsfangningsmatta-plast-rosa-svart\/","name":"TRUUSK Kattl\u00e5da med Lock - Skr\u00e4pskopa - Smutsf\u00e5ngningsmatta - Plast - Rosa\/Svart - TRUUSK - Hem, Tr\u00e4dg\u00e5rd &amp; Fritid","isPartOf":{"@id":"https:\/\/truusk.store\/sv\/#website"},"primaryImageOfPage":{"@id":"https:\/\/truusk.store\/sv\/produkt\/truusk-kattlada-med-lock-skrapskopa-smutsfangningsmatta-plast-rosa-svart\/#primaryimage"},"image":{"@id":"https:\/\/truusk.store\/sv\/produkt\/truusk-kattlada-med-lock-skrapskopa-smutsfangningsmatta-plast-rosa-svart\/#primaryimage"},"thumbnailUrl":"https:\/\/i0.wp.com\/truusk.store\/wp-content\/uploads\/2024\/05\/kattlada-med-lock-skrapskopa-smutsfangningsmatta-plast-rosa-svart.webp?fit=800%2C800&ssl=1","datePublished":"2024-05-23T08:20:09+00:00","dateModified":"2026-03-12T08:40:38+00:00","breadcrumb":{"@id":"https:\/\/truusk.store\/sv\/produkt\/truusk-kattlada-med-lock-skrapskopa-smutsfangningsmatta-plast-rosa-svart\/#breadcrumb"},"inLanguage":"sv-SE","potentialAction":[{"@type":"ReadAction","target":["https:\/\/truusk.store\/sv\/produkt\/truusk-kattlada-med-lock-skrapskopa-smutsfangningsmatta-plast-rosa-svart\/"]}]},{"@type":"ImageObject","inLanguage":"sv-SE","@id":"https:\/\/truusk.store\/sv\/produkt\/truusk-kattlada-med-lock-skrapskopa-smutsfangningsmatta-plast-rosa-svart\/#primaryimage","url":"https:\/\/i0.wp.com\/truusk.store\/wp-content\/uploads\/2024\/05\/kattlada-med-lock-skrapskopa-smutsfangningsmatta-plast-rosa-svart.webp?fit=800%2C800&ssl=1","contentUrl":"https:\/\/i0.wp.com\/truusk.store\/wp-content\/uploads\/2024\/05\/kattlada-med-lock-skrapskopa-smutsfangningsmatta-plast-rosa-svart.webp?fit=800%2C800&ssl=1","width":800,"height":800,"caption":"Kattl\u00e5da Med Lock, Skr\u00e4pskopa, Smutsf\u00e5ngningsmatta, Plast, Rosa\/svart 1"},{"@type":"BreadcrumbList","@id":"https:\/\/truusk.store\/sv\/produkt\/truusk-kattlada-med-lock-skrapskopa-smutsfangningsmatta-plast-rosa-svart\/#breadcrumb","itemListElement":[{"@type":"ListItem","position":1,"name":"Home","item":"https:\/\/truusk.store\/sv\/"},{"@type":"ListItem","position":2,"name":"Shop","item":"https:\/\/truusk.store\/shop\/"},{"@type":"ListItem","position":3,"name":"TRUUSK Kattl\u00e5da med Lock &#8211; Skr\u00e4pskopa &#8211; Smutsf\u00e5ngningsmatta &#8211; Plast &#8211; Rosa\/Svart"}]},{"@type":"WebSite","@id":"https:\/\/truusk.store\/sv\/#website","url":"https:\/\/truusk.store\/sv\/","name":"TRUUSK - Hem, Tr\u00e4dg\u00e5rd & Fritid","description":"","publisher":{"@id":"https:\/\/truusk.store\/sv\/#organization"},"potentialAction":[{"@type":"SearchAction","target":{"@type":"EntryPoint","urlTemplate":"https:\/\/truusk.store\/sv\/?s={search_term_string}"},"query-input":{"@type":"PropertyValueSpecification","valueRequired":true,"valueName":"search_term_string"}}],"inLanguage":"sv-SE"},{"@type":"Organization","@id":"https:\/\/truusk.store\/sv\/#organization","name":"TRUUSK - Hem, Tr\u00e4dg\u00e5rd & Fritid","url":"https:\/\/truusk.store\/sv\/","logo":{"@type":"ImageObject","inLanguage":"sv-SE","@id":"https:\/\/truusk.store\/sv\/#\/schema\/logo\/image\/","url":"https:\/\/i0.wp.com\/truusk.store\/wp-content\/uploads\/2026\/03\/cropped-TRUUSK.png?fit=2032%2C917&ssl=1","contentUrl":"https:\/\/i0.wp.com\/truusk.store\/wp-content\/uploads\/2026\/03\/cropped-TRUUSK.png?fit=2032%2C917&ssl=1","width":2032,"height":917,"caption":"TRUUSK - Hem, Tr\u00e4dg\u00e5rd & Fritid"},"image":{"@id":"https:\/\/truusk.store\/sv\/#\/schema\/logo\/image\/"}}]}},"jetpack_sharing_enabled":true,"_links":{"self":[{"href":"https:\/\/truusk.store\/sv\/wp-json\/wp\/v2\/product\/55219","targetHints":{"allow":["GET"]}}],"collection":[{"href":"https:\/\/truusk.store\/sv\/wp-json\/wp\/v2\/product"}],"about":[{"href":"https:\/\/truusk.store\/sv\/wp-json\/wp\/v2\/types\/product"}],"wp:featuredmedia":[{"embeddable":true,"href":"https:\/\/truusk.store\/sv\/wp-json\/wp\/v2\/media\/55220"}],"wp:attachment":[{"href":"https:\/\/truusk.store\/sv\/wp-json\/wp\/v2\/media?parent=55219"}],"wp:term":[{"taxonomy":"product_brand","embeddable":true,"href":"https:\/\/truusk.store\/sv\/wp-json\/wp\/v2\/product_brand?post=55219"},{"taxonomy":"product_cat","embeddable":true,"href":"https:\/\/truusk.store\/sv\/wp-json\/wp\/v2\/product_cat?post=55219"},{"taxonomy":"product_tag","embeddable":true,"href":"https:\/\/truusk.store\/sv\/wp-json\/wp\/v2\/product_tag?post=55219"}],"curies":[{"name":"wp","href":"https:\/\/api.w.org\/{rel}","templated":true}]}}