{"id":55265,"date":"2024-05-23T10:00:08","date_gmt":"2024-05-23T09:00:08","guid":{"rendered":"https:\/\/truusk.store\/product\/hundbarriar-hopfallbar-justerbar-form-for-hundar-upp-till-20-kg-154-x-80-x-30-cm-vit\/"},"modified":"2026-03-12T09:17:22","modified_gmt":"2026-03-12T08:17:22","slug":"truusk-hundbarriar-hopfallbar-justerbar-form-for-hundar-upp-till-20-kg-vit","status":"publish","type":"product","link":"https:\/\/truusk.store\/sv\/produkt\/truusk-hundbarriar-hopfallbar-justerbar-form-for-hundar-upp-till-20-kg-vit\/","title":{"rendered":"TRUUSK Hundbarri\u00e4r &#8211; Hopf\u00e4llbar &#8211; Justerbar Form &#8211; F\u00f6r Hundar Upp Till 20 Kg &#8211; Vit"},"content":{"rendered":"<p>Beh\u00f6ver du h\u00e5lla dina hundar borta fr\u00e5n vissa omr\u00e5den? Denna praktiska b\u00e4rgrind \u00e4r l\u00f6sningen! Med sina tre gallerelement och starka g\u00e5ngj\u00e4rn kan den formas till olika former &#8211; perfekt f\u00f6r d\u00f6rrar, hallar, trappor och mycket mer. m. Barri\u00e4rens robusta ram s\u00e4kerst\u00e4ller stabilitet, medan breda st\u00f6df\u00f6tter ger maximal stabilitet. Denna snabbmonterade hundgrind hj\u00e4lper dig att g\u00f6ra ditt hem husdjursv\u00e4nligt och b\u00e4ttre skydda dina fyrbenta v\u00e4nner.<\/p>\n<h3>Beskrivning:<\/h3>\n<ul>\n<li>Tillverkad av robust MDF f\u00f6r h\u00e5llbarhet och stabilitet<\/li>\n<li>Best\u00e5r av tre gallerelement och tv\u00e5 st\u00f6dben f\u00f6r enkel och flexibel anv\u00e4ndning<\/li>\n<li>Varje gallerelement i hundb\u00e4rargrinden kan roteras 360 grader f\u00f6r att skapa olika former och anpassa sig till olika utrymmen<\/li>\n<li>L\u00e4mplig f\u00f6r d\u00f6rr\u00f6ppningar, entr\u00e9er, hallar, sovrum och trapphus f\u00f6r att anpassa din hunds \u00e5tkomstomr\u00e5de efter \u00f6nskem\u00e5l<\/li>\n<li>Helt hopf\u00e4llbar f\u00f6r bekv\u00e4m f\u00f6rvaring och transport<\/li>\n<li>Tv\u00e5 st\u00f6d f\u00f6r skyddsgrinden ger extra stabilitet och s\u00e4kerhet f\u00f6r ditt husdjur<\/li>\n<li>L\u00e4tt vikt f\u00f6r enkel att b\u00e4ra och flexibel placering i hemmet<\/li>\n<li>L\u00e4mplig f\u00f6r medelstora hundar som v\u00e4ger upp till 20 kg och en axelh\u00f6jd p\u00e5 50 cm<\/li>\n<li>Enkel montering kr\u00e4vs<\/li>\n<\/ul>\n<h3>Teknisk data:<\/h3>\n<ul>\n<li>F\u00e4rg vit<\/li>\n<li>Material: MDF, st\u00e5l<\/li>\n<li>M\u00e5tt: Maxm\u00e5tt inklusive st\u00f6d: 154L x 30W x 80H cm. Enkelt rutelement: 51L x 80H cm. Vikstorlek: 51W x 6,5D x 80H cm. St\u00f6d: 30W x 1,5D x 10H cm<\/li>\n<li>Obs: Ej l\u00e4mplig f\u00f6r aggressiva hundar<\/li>\n<\/ul>\n<h3>Leveransens omfattning:<\/h3>\n<ul>\n<li>1 x bomgrind<\/li>\n<li>1 x manuell<\/li>\n<\/ul>\n","protected":false},"excerpt":{"rendered":"<p>Beh\u00f6ver du h\u00e5lla dina hundar borta fr\u00e5n vissa omr\u00e5den? Denna praktiska b\u00e4rgrind \u00e4r l\u00f6sningen! Med sina tre gallerelement och starka&#8230;<\/p>\n","protected":false},"featured_media":55266,"template":"","meta":[],"product_brand":[],"product_cat":[577,574,573],"product_tag":[],"class_list":{"0":"post-55265","1":"product","2":"type-product","3":"status-publish","4":"has-post-thumbnail","6":"product_cat-hundgrindar-avdelare","7":"product_cat-hundtillbehor","8":"product_cat-husdjursmaterial","10":"first","11":"instock","12":"sale","13":"taxable","14":"shipping-taxable","15":"purchasable","16":"product-type-simple"},"yoast_head":"<!-- This site is optimized with the Yoast SEO plugin v25.4 - https:\/\/yoast.com\/wordpress\/plugins\/seo\/ -->\n<title>TRUUSK Hundbarri\u00e4r - Hopf\u00e4llbar - Justerbar Form - F\u00f6r Hundar Upp Till 20 Kg - Vit - TRUUSK - Hem, Tr\u00e4dg\u00e5rd &amp; Fritid<\/title>\n<meta name=\"robots\" content=\"index, follow, max-snippet:-1, max-image-preview:large, max-video-preview:-1\" \/>\n<link rel=\"canonical\" href=\"https:\/\/truusk.store\/sv\/produkt\/truusk-hundbarriar-hopfallbar-justerbar-form-for-hundar-upp-till-20-kg-vit\/\" \/>\n<meta property=\"og:locale\" content=\"sv_SE\" \/>\n<meta property=\"og:type\" content=\"article\" \/>\n<meta property=\"og:title\" content=\"TRUUSK Hundbarri\u00e4r - Hopf\u00e4llbar - Justerbar Form - F\u00f6r Hundar Upp Till 20 Kg - Vit - TRUUSK - Hem, Tr\u00e4dg\u00e5rd &amp; Fritid\" \/>\n<meta property=\"og:description\" content=\"Beh\u00f6ver du h\u00e5lla dina hundar borta fr\u00e5n vissa omr\u00e5den? Denna praktiska b\u00e4rgrind \u00e4r l\u00f6sningen! Med sina tre gallerelement och starka...\" \/>\n<meta property=\"og:url\" content=\"https:\/\/truusk.store\/sv\/produkt\/truusk-hundbarriar-hopfallbar-justerbar-form-for-hundar-upp-till-20-kg-vit\/\" \/>\n<meta property=\"og:site_name\" content=\"TRUUSK - Hem, Tr\u00e4dg\u00e5rd &amp; Fritid\" \/>\n<meta property=\"article:modified_time\" content=\"2026-03-12T08:17:22+00:00\" \/>\n<meta property=\"og:image\" content=\"https:\/\/i0.wp.com\/truusk.se\/wp-content\/uploads\/2024\/05\/hundbarriar-hopfallbar-justerbar-form-for-hundar-upp-till-20-kg-154-x-80-x-30-cm-vit.webp?fit=800%2C800&ssl=1\" \/>\n\t<meta property=\"og:image:width\" content=\"800\" \/>\n\t<meta property=\"og:image:height\" content=\"800\" \/>\n\t<meta property=\"og:image:type\" content=\"image\/webp\" \/>\n<meta name=\"twitter:card\" content=\"summary_large_image\" \/>\n<meta name=\"twitter:label1\" content=\"Ber\u00e4knad l\u00e4stid\" \/>\n\t<meta name=\"twitter:data1\" content=\"1 minut\" \/>\n<!-- \/ Yoast SEO plugin. -->","yoast_head_json":{"title":"TRUUSK Hundbarri\u00e4r - Hopf\u00e4llbar - Justerbar Form - F\u00f6r Hundar Upp Till 20 Kg - Vit - TRUUSK - Hem, Tr\u00e4dg\u00e5rd &amp; Fritid","robots":{"index":"index","follow":"follow","max-snippet":"max-snippet:-1","max-image-preview":"max-image-preview:large","max-video-preview":"max-video-preview:-1"},"canonical":"https:\/\/truusk.store\/sv\/produkt\/truusk-hundbarriar-hopfallbar-justerbar-form-for-hundar-upp-till-20-kg-vit\/","og_locale":"sv_SE","og_type":"article","og_title":"TRUUSK Hundbarri\u00e4r - Hopf\u00e4llbar - Justerbar Form - F\u00f6r Hundar Upp Till 20 Kg - Vit - TRUUSK - Hem, Tr\u00e4dg\u00e5rd &amp; Fritid","og_description":"Beh\u00f6ver du h\u00e5lla dina hundar borta fr\u00e5n vissa omr\u00e5den? Denna praktiska b\u00e4rgrind \u00e4r l\u00f6sningen! Med sina tre gallerelement och starka...","og_url":"https:\/\/truusk.store\/sv\/produkt\/truusk-hundbarriar-hopfallbar-justerbar-form-for-hundar-upp-till-20-kg-vit\/","og_site_name":"TRUUSK - Hem, Tr\u00e4dg\u00e5rd &amp; Fritid","article_modified_time":"2026-03-12T08:17:22+00:00","og_image":[{"width":800,"height":800,"url":"https:\/\/i0.wp.com\/truusk.se\/wp-content\/uploads\/2024\/05\/hundbarriar-hopfallbar-justerbar-form-for-hundar-upp-till-20-kg-154-x-80-x-30-cm-vit.webp?fit=800%2C800&ssl=1","type":"image\/webp"}],"twitter_card":"summary_large_image","twitter_misc":{"Ber\u00e4knad l\u00e4stid":"1 minut"},"schema":{"@context":"https:\/\/schema.org","@graph":[{"@type":"WebPage","@id":"https:\/\/truusk.store\/sv\/produkt\/truusk-hundbarriar-hopfallbar-justerbar-form-for-hundar-upp-till-20-kg-vit\/","url":"https:\/\/truusk.store\/sv\/produkt\/truusk-hundbarriar-hopfallbar-justerbar-form-for-hundar-upp-till-20-kg-vit\/","name":"TRUUSK Hundbarri\u00e4r - Hopf\u00e4llbar - Justerbar Form - F\u00f6r Hundar Upp Till 20 Kg - Vit - TRUUSK - Hem, Tr\u00e4dg\u00e5rd &amp; Fritid","isPartOf":{"@id":"https:\/\/truusk.store\/sv\/#website"},"primaryImageOfPage":{"@id":"https:\/\/truusk.store\/sv\/produkt\/truusk-hundbarriar-hopfallbar-justerbar-form-for-hundar-upp-till-20-kg-vit\/#primaryimage"},"image":{"@id":"https:\/\/truusk.store\/sv\/produkt\/truusk-hundbarriar-hopfallbar-justerbar-form-for-hundar-upp-till-20-kg-vit\/#primaryimage"},"thumbnailUrl":"https:\/\/i0.wp.com\/truusk.store\/wp-content\/uploads\/2024\/05\/hundbarriar-hopfallbar-justerbar-form-for-hundar-upp-till-20-kg-154-x-80-x-30-cm-vit.webp?fit=800%2C800&ssl=1","datePublished":"2024-05-23T09:00:08+00:00","dateModified":"2026-03-12T08:17:22+00:00","breadcrumb":{"@id":"https:\/\/truusk.store\/sv\/produkt\/truusk-hundbarriar-hopfallbar-justerbar-form-for-hundar-upp-till-20-kg-vit\/#breadcrumb"},"inLanguage":"sv-SE","potentialAction":[{"@type":"ReadAction","target":["https:\/\/truusk.store\/sv\/produkt\/truusk-hundbarriar-hopfallbar-justerbar-form-for-hundar-upp-till-20-kg-vit\/"]}]},{"@type":"ImageObject","inLanguage":"sv-SE","@id":"https:\/\/truusk.store\/sv\/produkt\/truusk-hundbarriar-hopfallbar-justerbar-form-for-hundar-upp-till-20-kg-vit\/#primaryimage","url":"https:\/\/i0.wp.com\/truusk.store\/wp-content\/uploads\/2024\/05\/hundbarriar-hopfallbar-justerbar-form-for-hundar-upp-till-20-kg-154-x-80-x-30-cm-vit.webp?fit=800%2C800&ssl=1","contentUrl":"https:\/\/i0.wp.com\/truusk.store\/wp-content\/uploads\/2024\/05\/hundbarriar-hopfallbar-justerbar-form-for-hundar-upp-till-20-kg-154-x-80-x-30-cm-vit.webp?fit=800%2C800&ssl=1","width":800,"height":800,"caption":"Hundbarri\u00e4r, Hopf\u00e4llbar, Justerbar Form, F\u00f6r Hundar Upp Till 20 Kg, 154 X 80 X 30 Cm, Vit 1"},{"@type":"BreadcrumbList","@id":"https:\/\/truusk.store\/sv\/produkt\/truusk-hundbarriar-hopfallbar-justerbar-form-for-hundar-upp-till-20-kg-vit\/#breadcrumb","itemListElement":[{"@type":"ListItem","position":1,"name":"Home","item":"https:\/\/truusk.store\/sv\/"},{"@type":"ListItem","position":2,"name":"Shop","item":"https:\/\/truusk.store\/shop\/"},{"@type":"ListItem","position":3,"name":"TRUUSK Hundbarri\u00e4r &#8211; Hopf\u00e4llbar &#8211; Justerbar Form &#8211; F\u00f6r Hundar Upp Till 20 Kg &#8211; Vit"}]},{"@type":"WebSite","@id":"https:\/\/truusk.store\/sv\/#website","url":"https:\/\/truusk.store\/sv\/","name":"TRUUSK - Hem, Tr\u00e4dg\u00e5rd & Fritid","description":"","publisher":{"@id":"https:\/\/truusk.store\/sv\/#organization"},"potentialAction":[{"@type":"SearchAction","target":{"@type":"EntryPoint","urlTemplate":"https:\/\/truusk.store\/sv\/?s={search_term_string}"},"query-input":{"@type":"PropertyValueSpecification","valueRequired":true,"valueName":"search_term_string"}}],"inLanguage":"sv-SE"},{"@type":"Organization","@id":"https:\/\/truusk.store\/sv\/#organization","name":"TRUUSK - Hem, Tr\u00e4dg\u00e5rd & Fritid","url":"https:\/\/truusk.store\/sv\/","logo":{"@type":"ImageObject","inLanguage":"sv-SE","@id":"https:\/\/truusk.store\/sv\/#\/schema\/logo\/image\/","url":"https:\/\/i0.wp.com\/truusk.store\/wp-content\/uploads\/2026\/03\/cropped-TRUUSK.png?fit=2032%2C917&ssl=1","contentUrl":"https:\/\/i0.wp.com\/truusk.store\/wp-content\/uploads\/2026\/03\/cropped-TRUUSK.png?fit=2032%2C917&ssl=1","width":2032,"height":917,"caption":"TRUUSK - Hem, Tr\u00e4dg\u00e5rd & Fritid"},"image":{"@id":"https:\/\/truusk.store\/sv\/#\/schema\/logo\/image\/"}}]}},"jetpack_sharing_enabled":true,"_links":{"self":[{"href":"https:\/\/truusk.store\/sv\/wp-json\/wp\/v2\/product\/55265","targetHints":{"allow":["GET"]}}],"collection":[{"href":"https:\/\/truusk.store\/sv\/wp-json\/wp\/v2\/product"}],"about":[{"href":"https:\/\/truusk.store\/sv\/wp-json\/wp\/v2\/types\/product"}],"wp:featuredmedia":[{"embeddable":true,"href":"https:\/\/truusk.store\/sv\/wp-json\/wp\/v2\/media\/55266"}],"wp:attachment":[{"href":"https:\/\/truusk.store\/sv\/wp-json\/wp\/v2\/media?parent=55265"}],"wp:term":[{"taxonomy":"product_brand","embeddable":true,"href":"https:\/\/truusk.store\/sv\/wp-json\/wp\/v2\/product_brand?post=55265"},{"taxonomy":"product_cat","embeddable":true,"href":"https:\/\/truusk.store\/sv\/wp-json\/wp\/v2\/product_cat?post=55265"},{"taxonomy":"product_tag","embeddable":true,"href":"https:\/\/truusk.store\/sv\/wp-json\/wp\/v2\/product_tag?post=55265"}],"curies":[{"name":"wp","href":"https:\/\/api.w.org\/{rel}","templated":true}]}}