{"id":55275,"date":"2024-05-23T10:10:09","date_gmt":"2024-05-23T09:10:09","guid":{"rendered":"https:\/\/truusk.store\/product\/hundsparr-utbyggbar-klamfaste-metall-136x76cm-vit\/"},"modified":"2026-03-12T09:14:20","modified_gmt":"2026-03-12T08:14:20","slug":"truusk-hundgrind-utbyggbar-klamfaste-metall-136x76cm-vit","status":"publish","type":"product","link":"https:\/\/truusk.store\/sv\/produkt\/truusk-hundgrind-utbyggbar-klamfaste-metall-136x76cm-vit\/","title":{"rendered":"TRUUSK Hundgrind &#8211; Utbyggbar &#8211; Kl\u00e4mf\u00e4ste &#8211; Metall &#8211; 136x76cm &#8211; Vit"},"content":{"rendered":"<p>Hundd\u00f6rrbarri\u00e4ren \u00e4r en idealisk l\u00f6sning f\u00f6r att skydda dina husdjur och h\u00e5lla dem borta fr\u00e5n farliga omr\u00e5den. Det fungerar ocks\u00e5 som en effektiv barri\u00e4r f\u00f6r att skilja husdjur och sm\u00e5 barn \u00e5t f\u00f6r \u00f6msesidigt skydd. Tillverkad av robust, behandlad metall, garanterar denna b\u00e4rgrind stabilitet och l\u00e5ng livsl\u00e4ngd. Den \u00e4r \u00e4ven utrustad med praktiska f\u00f6rl\u00e4ngningar och justerskruvar f\u00f6r att m\u00f6jligg\u00f6ra flexibel justering.<\/p>\n<h3>Beskrivning:<\/h3>\n<ul>\n<li>Enkel och snabb \u00f6ppning och st\u00e4ngning tack vare det praktiska skjut- och lyfthandtaget<\/li>\n<li>Robust konstruktion av d\u00f6rrskyddet av behandlad metall garanterar styrka och h\u00e5llbarhet<\/li>\n<li>Innovativ l\u00e5sdesign av trappgrinden f\u00f6r \u00f6kad anv\u00e4ndarv\u00e4nlighet<\/li>\n<li>Perfekt f\u00f6r hush\u00e5ll med husdjur<\/li>\n<li>F\u00f6rl\u00e4ngbar upp till en l\u00e4ngd p\u00e5 147,5 cm<\/li>\n<li>L\u00e4tt och platsbesparande, l\u00e4tt att f\u00f6rvara<\/li>\n<li>M\u00e5ngsidig f\u00f6r anv\u00e4ndning i d\u00f6rr\u00f6ppningar, hallar och trappor<\/li>\n<li>Installation av sp\u00e4rrgallret kr\u00e4vs<\/li>\n<\/ul>\n<h3>Teknisk data:<\/h3>\n<ul>\n<li>Material: metall, plast<\/li>\n<li>F\u00e4rg vit<\/li>\n<li>Totala m\u00e5tt: 136,3W x 76,2H cm (utan f\u00f6rl\u00e4ngning)<\/li>\n<li>M\u00e5tt p\u00e5 f\u00f6rl\u00e4ngningarna: 17,5W x 76,2H cm, 20,3W x 76,2H cm, 30,5W x 76,2H cm<\/li>\n<li>Trlementets bredd: 49 cm<\/li>\n<li>Avst\u00e5nd mellan st\u00e4ngerna: 5 cm<\/li>\n<li>Vikt: 6kg<\/li>\n<\/ul>\n<h3>Leveransens omfattning:<\/h3>\n<ul>\n<li>1 x skyddsd\u00f6rr<\/li>\n<li>4 x justeringsskruvar<\/li>\n<li>4 x runda dubbelh\u00e4ftande tejper<\/li>\n<li>4 x skruvar<\/li>\n<li>3 x f\u00f6rl\u00e4ngningar<\/li>\n<li>1 x Instruktioner<\/li>\n<\/ul>\n","protected":false},"excerpt":{"rendered":"<p>Hundd\u00f6rrbarri\u00e4ren \u00e4r en idealisk l\u00f6sning f\u00f6r att skydda dina husdjur och h\u00e5lla dem borta fr\u00e5n farliga omr\u00e5den. Det fungerar ocks\u00e5&#8230;<\/p>\n","protected":false},"featured_media":55276,"template":"","meta":[],"product_brand":[],"product_cat":[577,574,573],"product_tag":[],"class_list":{"0":"post-55275","1":"product","2":"type-product","3":"status-publish","4":"has-post-thumbnail","6":"product_cat-hundgrindar-avdelare","7":"product_cat-hundtillbehor","8":"product_cat-husdjursmaterial","10":"first","11":"instock","12":"sale","13":"taxable","14":"shipping-taxable","15":"purchasable","16":"product-type-simple"},"yoast_head":"<!-- This site is optimized with the Yoast SEO plugin v25.4 - https:\/\/yoast.com\/wordpress\/plugins\/seo\/ -->\n<title>TRUUSK Hundgrind - Utbyggbar - Kl\u00e4mf\u00e4ste - Metall - 136x76cm - Vit - TRUUSK - Hem, Tr\u00e4dg\u00e5rd &amp; Fritid<\/title>\n<meta name=\"robots\" content=\"index, follow, max-snippet:-1, max-image-preview:large, max-video-preview:-1\" \/>\n<link rel=\"canonical\" href=\"https:\/\/truusk.store\/sv\/produkt\/truusk-hundgrind-utbyggbar-klamfaste-metall-136x76cm-vit\/\" \/>\n<meta property=\"og:locale\" content=\"sv_SE\" \/>\n<meta property=\"og:type\" content=\"article\" \/>\n<meta property=\"og:title\" content=\"TRUUSK Hundgrind - Utbyggbar - Kl\u00e4mf\u00e4ste - Metall - 136x76cm - Vit - TRUUSK - Hem, Tr\u00e4dg\u00e5rd &amp; Fritid\" \/>\n<meta property=\"og:description\" content=\"Hundd\u00f6rrbarri\u00e4ren \u00e4r en idealisk l\u00f6sning f\u00f6r att skydda dina husdjur och h\u00e5lla dem borta fr\u00e5n farliga omr\u00e5den. Det fungerar ocks\u00e5...\" \/>\n<meta property=\"og:url\" content=\"https:\/\/truusk.store\/sv\/produkt\/truusk-hundgrind-utbyggbar-klamfaste-metall-136x76cm-vit\/\" \/>\n<meta property=\"og:site_name\" content=\"TRUUSK - Hem, Tr\u00e4dg\u00e5rd &amp; Fritid\" \/>\n<meta property=\"article:modified_time\" content=\"2026-03-12T08:14:20+00:00\" \/>\n<meta property=\"og:image\" content=\"https:\/\/i0.wp.com\/truusk.se\/wp-content\/uploads\/2024\/05\/hundsparr-utbyggbar-klamfaste-metall-136x76cm-vit.webp?fit=800%2C800&ssl=1\" \/>\n\t<meta property=\"og:image:width\" content=\"800\" \/>\n\t<meta property=\"og:image:height\" content=\"800\" \/>\n\t<meta property=\"og:image:type\" content=\"image\/webp\" \/>\n<meta name=\"twitter:card\" content=\"summary_large_image\" \/>\n<meta name=\"twitter:label1\" content=\"Ber\u00e4knad l\u00e4stid\" \/>\n\t<meta name=\"twitter:data1\" content=\"1 minut\" \/>\n<!-- \/ Yoast SEO plugin. -->","yoast_head_json":{"title":"TRUUSK Hundgrind - Utbyggbar - Kl\u00e4mf\u00e4ste - Metall - 136x76cm - Vit - TRUUSK - Hem, Tr\u00e4dg\u00e5rd &amp; Fritid","robots":{"index":"index","follow":"follow","max-snippet":"max-snippet:-1","max-image-preview":"max-image-preview:large","max-video-preview":"max-video-preview:-1"},"canonical":"https:\/\/truusk.store\/sv\/produkt\/truusk-hundgrind-utbyggbar-klamfaste-metall-136x76cm-vit\/","og_locale":"sv_SE","og_type":"article","og_title":"TRUUSK Hundgrind - Utbyggbar - Kl\u00e4mf\u00e4ste - Metall - 136x76cm - Vit - TRUUSK - Hem, Tr\u00e4dg\u00e5rd &amp; Fritid","og_description":"Hundd\u00f6rrbarri\u00e4ren \u00e4r en idealisk l\u00f6sning f\u00f6r att skydda dina husdjur och h\u00e5lla dem borta fr\u00e5n farliga omr\u00e5den. Det fungerar ocks\u00e5...","og_url":"https:\/\/truusk.store\/sv\/produkt\/truusk-hundgrind-utbyggbar-klamfaste-metall-136x76cm-vit\/","og_site_name":"TRUUSK - Hem, Tr\u00e4dg\u00e5rd &amp; Fritid","article_modified_time":"2026-03-12T08:14:20+00:00","og_image":[{"width":800,"height":800,"url":"https:\/\/i0.wp.com\/truusk.se\/wp-content\/uploads\/2024\/05\/hundsparr-utbyggbar-klamfaste-metall-136x76cm-vit.webp?fit=800%2C800&ssl=1","type":"image\/webp"}],"twitter_card":"summary_large_image","twitter_misc":{"Ber\u00e4knad l\u00e4stid":"1 minut"},"schema":{"@context":"https:\/\/schema.org","@graph":[{"@type":"WebPage","@id":"https:\/\/truusk.store\/sv\/produkt\/truusk-hundgrind-utbyggbar-klamfaste-metall-136x76cm-vit\/","url":"https:\/\/truusk.store\/sv\/produkt\/truusk-hundgrind-utbyggbar-klamfaste-metall-136x76cm-vit\/","name":"TRUUSK Hundgrind - Utbyggbar - Kl\u00e4mf\u00e4ste - Metall - 136x76cm - Vit - TRUUSK - Hem, Tr\u00e4dg\u00e5rd &amp; Fritid","isPartOf":{"@id":"https:\/\/truusk.store\/sv\/#website"},"primaryImageOfPage":{"@id":"https:\/\/truusk.store\/sv\/produkt\/truusk-hundgrind-utbyggbar-klamfaste-metall-136x76cm-vit\/#primaryimage"},"image":{"@id":"https:\/\/truusk.store\/sv\/produkt\/truusk-hundgrind-utbyggbar-klamfaste-metall-136x76cm-vit\/#primaryimage"},"thumbnailUrl":"https:\/\/i0.wp.com\/truusk.store\/wp-content\/uploads\/2024\/05\/hundsparr-utbyggbar-klamfaste-metall-136x76cm-vit.webp?fit=800%2C800&ssl=1","datePublished":"2024-05-23T09:10:09+00:00","dateModified":"2026-03-12T08:14:20+00:00","breadcrumb":{"@id":"https:\/\/truusk.store\/sv\/produkt\/truusk-hundgrind-utbyggbar-klamfaste-metall-136x76cm-vit\/#breadcrumb"},"inLanguage":"sv-SE","potentialAction":[{"@type":"ReadAction","target":["https:\/\/truusk.store\/sv\/produkt\/truusk-hundgrind-utbyggbar-klamfaste-metall-136x76cm-vit\/"]}]},{"@type":"ImageObject","inLanguage":"sv-SE","@id":"https:\/\/truusk.store\/sv\/produkt\/truusk-hundgrind-utbyggbar-klamfaste-metall-136x76cm-vit\/#primaryimage","url":"https:\/\/i0.wp.com\/truusk.store\/wp-content\/uploads\/2024\/05\/hundsparr-utbyggbar-klamfaste-metall-136x76cm-vit.webp?fit=800%2C800&ssl=1","contentUrl":"https:\/\/i0.wp.com\/truusk.store\/wp-content\/uploads\/2024\/05\/hundsparr-utbyggbar-klamfaste-metall-136x76cm-vit.webp?fit=800%2C800&ssl=1","width":800,"height":800,"caption":"Hundsp\u00e4rr, Utbyggbar, Kl\u00e4mf\u00e4ste, Metall, 136x76cm, Vit 1"},{"@type":"BreadcrumbList","@id":"https:\/\/truusk.store\/sv\/produkt\/truusk-hundgrind-utbyggbar-klamfaste-metall-136x76cm-vit\/#breadcrumb","itemListElement":[{"@type":"ListItem","position":1,"name":"Home","item":"https:\/\/truusk.store\/sv\/"},{"@type":"ListItem","position":2,"name":"Shop","item":"https:\/\/truusk.store\/shop\/"},{"@type":"ListItem","position":3,"name":"TRUUSK Hundgrind &#8211; Utbyggbar &#8211; Kl\u00e4mf\u00e4ste &#8211; Metall &#8211; 136x76cm &#8211; Vit"}]},{"@type":"WebSite","@id":"https:\/\/truusk.store\/sv\/#website","url":"https:\/\/truusk.store\/sv\/","name":"TRUUSK - Hem, Tr\u00e4dg\u00e5rd & Fritid","description":"","publisher":{"@id":"https:\/\/truusk.store\/sv\/#organization"},"potentialAction":[{"@type":"SearchAction","target":{"@type":"EntryPoint","urlTemplate":"https:\/\/truusk.store\/sv\/?s={search_term_string}"},"query-input":{"@type":"PropertyValueSpecification","valueRequired":true,"valueName":"search_term_string"}}],"inLanguage":"sv-SE"},{"@type":"Organization","@id":"https:\/\/truusk.store\/sv\/#organization","name":"TRUUSK - Hem, Tr\u00e4dg\u00e5rd & Fritid","url":"https:\/\/truusk.store\/sv\/","logo":{"@type":"ImageObject","inLanguage":"sv-SE","@id":"https:\/\/truusk.store\/sv\/#\/schema\/logo\/image\/","url":"https:\/\/i0.wp.com\/truusk.store\/wp-content\/uploads\/2026\/03\/cropped-TRUUSK.png?fit=2032%2C917&ssl=1","contentUrl":"https:\/\/i0.wp.com\/truusk.store\/wp-content\/uploads\/2026\/03\/cropped-TRUUSK.png?fit=2032%2C917&ssl=1","width":2032,"height":917,"caption":"TRUUSK - Hem, Tr\u00e4dg\u00e5rd & Fritid"},"image":{"@id":"https:\/\/truusk.store\/sv\/#\/schema\/logo\/image\/"}}]}},"jetpack_sharing_enabled":true,"_links":{"self":[{"href":"https:\/\/truusk.store\/sv\/wp-json\/wp\/v2\/product\/55275","targetHints":{"allow":["GET"]}}],"collection":[{"href":"https:\/\/truusk.store\/sv\/wp-json\/wp\/v2\/product"}],"about":[{"href":"https:\/\/truusk.store\/sv\/wp-json\/wp\/v2\/types\/product"}],"wp:featuredmedia":[{"embeddable":true,"href":"https:\/\/truusk.store\/sv\/wp-json\/wp\/v2\/media\/55276"}],"wp:attachment":[{"href":"https:\/\/truusk.store\/sv\/wp-json\/wp\/v2\/media?parent=55275"}],"wp:term":[{"taxonomy":"product_brand","embeddable":true,"href":"https:\/\/truusk.store\/sv\/wp-json\/wp\/v2\/product_brand?post=55275"},{"taxonomy":"product_cat","embeddable":true,"href":"https:\/\/truusk.store\/sv\/wp-json\/wp\/v2\/product_cat?post=55275"},{"taxonomy":"product_tag","embeddable":true,"href":"https:\/\/truusk.store\/sv\/wp-json\/wp\/v2\/product_tag?post=55275"}],"curies":[{"name":"wp","href":"https:\/\/api.w.org\/{rel}","templated":true}]}}