{"id":55286,"date":"2024-05-23T10:20:09","date_gmt":"2024-05-23T09:20:09","guid":{"rendered":"https:\/\/truusk.store\/product\/katthjul-91-cm-katthjul-91-cm-med-broms-skrapbrada-ek\/"},"modified":"2026-03-12T09:39:33","modified_gmt":"2026-03-12T08:39:33","slug":"truusk-kattvagn-2-i-1-hopfallbar-med-regnskydd-natoppningar-kudde-for-katter-upp-till-10-kg-ekonomisk-och-hallbar","status":"publish","type":"product","link":"https:\/\/truusk.store\/sv\/produkt\/truusk-kattvagn-2-i-1-hopfallbar-med-regnskydd-natoppningar-kudde-for-katter-upp-till-10-kg-ekonomisk-och-hallbar\/","title":{"rendered":"TRUUSK Kattvagn 2-i-1 &#8211; Hopf\u00e4llbar med Regnskydd &#8211; N\u00e4t\u00f6ppningar &#8211; Kudde &#8211; F\u00f6r Katter upp till 10 kg &#8211; Ekonomisk och H\u00e5llbar"},"content":{"rendered":"<p>V\u00e4ck din katts aktivitet och lekinstinkt till liv med kattens tr\u00e4ningshjul. Designad f\u00f6r smidig rullning, uppmuntrar den din katts instinkter, medan den l\u00e5sbara bromsen garanterar s\u00e4kerhet n\u00e4r du spelar. Den utbytbara kladdynan inuti tillfredsst\u00e4ller ocks\u00e5 lusten att klia &#8211; ett n\u00f6je f\u00f6r varje katt.<\/p>\n<h3>Beskrivning:<\/h3>\n<ul>\n<li>St\u00f6djande katthjulsdesign s\u00e4kerst\u00e4ller mjukare rotation f\u00f6r aktiva katter<\/li>\n<li>Broms l\u00e5ser kanten, g\u00f6r att du enkelt kan kontrollera din katts r\u00f6relsetid<\/li>\n<li>Skrapplattans inre lager \u00f6kar friktionen, tillfredsst\u00e4ller kattens instinkt<\/li>\n<li>L\u00e4tt utbytbar wellpapphandtagspanel p\u00e5 katttr\u00e4ningshjulet f\u00f6r bekv\u00e4m hantering<\/li>\n<li>L\u00e4mplig f\u00f6r katter under 5 kg<\/li>\n<li>Montering kr\u00e4vs<\/li>\n<\/ul>\n<h3>Teknisk data:<\/h3>\n<ul>\n<li>F\u00e4rg: ek<\/li>\n<li>Material: flerskiktskartong, wellpapp, st\u00e5l<\/li>\n<li>\u00d6vergripande m\u00e5tt: 91L x 33,5W x 94H cm<\/li>\n<li>Hjul: 91 x 28T cm (totalt), 79 cm (inre)<\/li>\n<li>Wellpapp: 55L x 25,5W x 3H cm<\/li>\n<li>Bas: 75,2B x 33,5D x 21,3H cm<\/li>\n<li>Vertikala hjul: 3,7 cm<\/li>\n<li>Horisontella hjul: 2,4 cm<\/li>\n<li>Hjulh\u00f6jd: 9,2H cm<\/li>\n<li>Solid block: 25,5L x 8\/10W cm<\/li>\n<li>Rekommenderad belastning: 5 kg<\/li>\n<\/ul>\n<h3>Leveransens omfattning:<\/h3>\n<ul>\n<li>1 x Cat Wheel<\/li>\n<li>1 x manuell<\/li>\n<\/ul>\n","protected":false},"excerpt":{"rendered":"<p>V\u00e4ck din katts aktivitet och lekinstinkt till liv med kattens tr\u00e4ningshjul. Designad f\u00f6r smidig rullning, uppmuntrar den din katts instinkter,&#8230;<\/p>\n","protected":false},"featured_media":55287,"template":"","meta":[],"product_brand":[],"product_cat":[573,588,589],"product_tag":[],"class_list":{"0":"post-55286","1":"product","2":"type-product","3":"status-publish","4":"has-post-thumbnail","6":"product_cat-husdjursmaterial","7":"product_cat-katttillbehor","8":"product_cat-skrapande-inlagg","10":"first","11":"instock","12":"sale","13":"taxable","14":"shipping-taxable","15":"purchasable","16":"product-type-simple"},"yoast_head":"<!-- This site is optimized with the Yoast SEO plugin v25.4 - https:\/\/yoast.com\/wordpress\/plugins\/seo\/ -->\n<title>TRUUSK Kattvagn 2-i-1 - Hopf\u00e4llbar med Regnskydd - N\u00e4t\u00f6ppningar - Kudde - F\u00f6r Katter upp till 10 kg - Ekonomisk och H\u00e5llbar - TRUUSK - Hem, Tr\u00e4dg\u00e5rd &amp; Fritid<\/title>\n<meta name=\"robots\" content=\"index, follow, max-snippet:-1, max-image-preview:large, max-video-preview:-1\" \/>\n<link rel=\"canonical\" href=\"https:\/\/truusk.store\/sv\/produkt\/truusk-kattvagn-2-i-1-hopfallbar-med-regnskydd-natoppningar-kudde-for-katter-upp-till-10-kg-ekonomisk-och-hallbar\/\" \/>\n<meta property=\"og:locale\" content=\"sv_SE\" \/>\n<meta property=\"og:type\" content=\"article\" \/>\n<meta property=\"og:title\" content=\"TRUUSK Kattvagn 2-i-1 - Hopf\u00e4llbar med Regnskydd - N\u00e4t\u00f6ppningar - Kudde - F\u00f6r Katter upp till 10 kg - Ekonomisk och H\u00e5llbar - TRUUSK - Hem, Tr\u00e4dg\u00e5rd &amp; Fritid\" \/>\n<meta property=\"og:description\" content=\"V\u00e4ck din katts aktivitet och lekinstinkt till liv med kattens tr\u00e4ningshjul. Designad f\u00f6r smidig rullning, uppmuntrar den din katts instinkter,...\" \/>\n<meta property=\"og:url\" content=\"https:\/\/truusk.store\/sv\/produkt\/truusk-kattvagn-2-i-1-hopfallbar-med-regnskydd-natoppningar-kudde-for-katter-upp-till-10-kg-ekonomisk-och-hallbar\/\" \/>\n<meta property=\"og:site_name\" content=\"TRUUSK - Hem, Tr\u00e4dg\u00e5rd &amp; Fritid\" \/>\n<meta property=\"article:modified_time\" content=\"2026-03-12T08:39:33+00:00\" \/>\n<meta property=\"og:image\" content=\"https:\/\/i0.wp.com\/truusk.se\/wp-content\/uploads\/2024\/05\/katthjul-91-cm-katthjul-91-cm-med-broms-skrapbrada-ek.webp?fit=800%2C800&ssl=1\" \/>\n\t<meta property=\"og:image:width\" content=\"800\" \/>\n\t<meta property=\"og:image:height\" content=\"800\" \/>\n\t<meta property=\"og:image:type\" content=\"image\/webp\" \/>\n<meta name=\"twitter:card\" content=\"summary_large_image\" \/>\n<meta name=\"twitter:label1\" content=\"Ber\u00e4knad l\u00e4stid\" \/>\n\t<meta name=\"twitter:data1\" content=\"1 minut\" \/>\n<!-- \/ Yoast SEO plugin. -->","yoast_head_json":{"title":"TRUUSK Kattvagn 2-i-1 - Hopf\u00e4llbar med Regnskydd - N\u00e4t\u00f6ppningar - Kudde - F\u00f6r Katter upp till 10 kg - Ekonomisk och H\u00e5llbar - TRUUSK - Hem, Tr\u00e4dg\u00e5rd &amp; Fritid","robots":{"index":"index","follow":"follow","max-snippet":"max-snippet:-1","max-image-preview":"max-image-preview:large","max-video-preview":"max-video-preview:-1"},"canonical":"https:\/\/truusk.store\/sv\/produkt\/truusk-kattvagn-2-i-1-hopfallbar-med-regnskydd-natoppningar-kudde-for-katter-upp-till-10-kg-ekonomisk-och-hallbar\/","og_locale":"sv_SE","og_type":"article","og_title":"TRUUSK Kattvagn 2-i-1 - Hopf\u00e4llbar med Regnskydd - N\u00e4t\u00f6ppningar - Kudde - F\u00f6r Katter upp till 10 kg - Ekonomisk och H\u00e5llbar - TRUUSK - Hem, Tr\u00e4dg\u00e5rd &amp; Fritid","og_description":"V\u00e4ck din katts aktivitet och lekinstinkt till liv med kattens tr\u00e4ningshjul. Designad f\u00f6r smidig rullning, uppmuntrar den din katts instinkter,...","og_url":"https:\/\/truusk.store\/sv\/produkt\/truusk-kattvagn-2-i-1-hopfallbar-med-regnskydd-natoppningar-kudde-for-katter-upp-till-10-kg-ekonomisk-och-hallbar\/","og_site_name":"TRUUSK - Hem, Tr\u00e4dg\u00e5rd &amp; Fritid","article_modified_time":"2026-03-12T08:39:33+00:00","og_image":[{"width":800,"height":800,"url":"https:\/\/i0.wp.com\/truusk.se\/wp-content\/uploads\/2024\/05\/katthjul-91-cm-katthjul-91-cm-med-broms-skrapbrada-ek.webp?fit=800%2C800&ssl=1","type":"image\/webp"}],"twitter_card":"summary_large_image","twitter_misc":{"Ber\u00e4knad l\u00e4stid":"1 minut"},"schema":{"@context":"https:\/\/schema.org","@graph":[{"@type":"WebPage","@id":"https:\/\/truusk.store\/sv\/produkt\/truusk-kattvagn-2-i-1-hopfallbar-med-regnskydd-natoppningar-kudde-for-katter-upp-till-10-kg-ekonomisk-och-hallbar\/","url":"https:\/\/truusk.store\/sv\/produkt\/truusk-kattvagn-2-i-1-hopfallbar-med-regnskydd-natoppningar-kudde-for-katter-upp-till-10-kg-ekonomisk-och-hallbar\/","name":"TRUUSK Kattvagn 2-i-1 - Hopf\u00e4llbar med Regnskydd - N\u00e4t\u00f6ppningar - Kudde - F\u00f6r Katter upp till 10 kg - Ekonomisk och H\u00e5llbar - TRUUSK - Hem, Tr\u00e4dg\u00e5rd &amp; Fritid","isPartOf":{"@id":"https:\/\/truusk.store\/sv\/#website"},"primaryImageOfPage":{"@id":"https:\/\/truusk.store\/sv\/produkt\/truusk-kattvagn-2-i-1-hopfallbar-med-regnskydd-natoppningar-kudde-for-katter-upp-till-10-kg-ekonomisk-och-hallbar\/#primaryimage"},"image":{"@id":"https:\/\/truusk.store\/sv\/produkt\/truusk-kattvagn-2-i-1-hopfallbar-med-regnskydd-natoppningar-kudde-for-katter-upp-till-10-kg-ekonomisk-och-hallbar\/#primaryimage"},"thumbnailUrl":"https:\/\/i0.wp.com\/truusk.store\/wp-content\/uploads\/2024\/05\/katthjul-91-cm-katthjul-91-cm-med-broms-skrapbrada-ek.webp?fit=800%2C800&ssl=1","datePublished":"2024-05-23T09:20:09+00:00","dateModified":"2026-03-12T08:39:33+00:00","breadcrumb":{"@id":"https:\/\/truusk.store\/sv\/produkt\/truusk-kattvagn-2-i-1-hopfallbar-med-regnskydd-natoppningar-kudde-for-katter-upp-till-10-kg-ekonomisk-och-hallbar\/#breadcrumb"},"inLanguage":"sv-SE","potentialAction":[{"@type":"ReadAction","target":["https:\/\/truusk.store\/sv\/produkt\/truusk-kattvagn-2-i-1-hopfallbar-med-regnskydd-natoppningar-kudde-for-katter-upp-till-10-kg-ekonomisk-och-hallbar\/"]}]},{"@type":"ImageObject","inLanguage":"sv-SE","@id":"https:\/\/truusk.store\/sv\/produkt\/truusk-kattvagn-2-i-1-hopfallbar-med-regnskydd-natoppningar-kudde-for-katter-upp-till-10-kg-ekonomisk-och-hallbar\/#primaryimage","url":"https:\/\/i0.wp.com\/truusk.store\/wp-content\/uploads\/2024\/05\/katthjul-91-cm-katthjul-91-cm-med-broms-skrapbrada-ek.webp?fit=800%2C800&ssl=1","contentUrl":"https:\/\/i0.wp.com\/truusk.store\/wp-content\/uploads\/2024\/05\/katthjul-91-cm-katthjul-91-cm-med-broms-skrapbrada-ek.webp?fit=800%2C800&ssl=1","width":800,"height":800,"caption":"Katthjul 91 Cm Katthjul 91 Cm Med Broms, Skrapbr\u00e4da, Ek 1"},{"@type":"BreadcrumbList","@id":"https:\/\/truusk.store\/sv\/produkt\/truusk-kattvagn-2-i-1-hopfallbar-med-regnskydd-natoppningar-kudde-for-katter-upp-till-10-kg-ekonomisk-och-hallbar\/#breadcrumb","itemListElement":[{"@type":"ListItem","position":1,"name":"Home","item":"https:\/\/truusk.store\/sv\/"},{"@type":"ListItem","position":2,"name":"Shop","item":"https:\/\/truusk.store\/shop\/"},{"@type":"ListItem","position":3,"name":"TRUUSK Kattvagn 2-i-1 &#8211; Hopf\u00e4llbar med Regnskydd &#8211; N\u00e4t\u00f6ppningar &#8211; Kudde &#8211; F\u00f6r Katter upp till 10 kg &#8211; Ekonomisk och H\u00e5llbar"}]},{"@type":"WebSite","@id":"https:\/\/truusk.store\/sv\/#website","url":"https:\/\/truusk.store\/sv\/","name":"TRUUSK - Hem, Tr\u00e4dg\u00e5rd & Fritid","description":"","publisher":{"@id":"https:\/\/truusk.store\/sv\/#organization"},"potentialAction":[{"@type":"SearchAction","target":{"@type":"EntryPoint","urlTemplate":"https:\/\/truusk.store\/sv\/?s={search_term_string}"},"query-input":{"@type":"PropertyValueSpecification","valueRequired":true,"valueName":"search_term_string"}}],"inLanguage":"sv-SE"},{"@type":"Organization","@id":"https:\/\/truusk.store\/sv\/#organization","name":"TRUUSK - Hem, Tr\u00e4dg\u00e5rd & Fritid","url":"https:\/\/truusk.store\/sv\/","logo":{"@type":"ImageObject","inLanguage":"sv-SE","@id":"https:\/\/truusk.store\/sv\/#\/schema\/logo\/image\/","url":"https:\/\/i0.wp.com\/truusk.store\/wp-content\/uploads\/2026\/03\/cropped-TRUUSK.png?fit=2032%2C917&ssl=1","contentUrl":"https:\/\/i0.wp.com\/truusk.store\/wp-content\/uploads\/2026\/03\/cropped-TRUUSK.png?fit=2032%2C917&ssl=1","width":2032,"height":917,"caption":"TRUUSK - Hem, Tr\u00e4dg\u00e5rd & Fritid"},"image":{"@id":"https:\/\/truusk.store\/sv\/#\/schema\/logo\/image\/"}}]}},"jetpack_sharing_enabled":true,"_links":{"self":[{"href":"https:\/\/truusk.store\/sv\/wp-json\/wp\/v2\/product\/55286","targetHints":{"allow":["GET"]}}],"collection":[{"href":"https:\/\/truusk.store\/sv\/wp-json\/wp\/v2\/product"}],"about":[{"href":"https:\/\/truusk.store\/sv\/wp-json\/wp\/v2\/types\/product"}],"wp:featuredmedia":[{"embeddable":true,"href":"https:\/\/truusk.store\/sv\/wp-json\/wp\/v2\/media\/55287"}],"wp:attachment":[{"href":"https:\/\/truusk.store\/sv\/wp-json\/wp\/v2\/media?parent=55286"}],"wp:term":[{"taxonomy":"product_brand","embeddable":true,"href":"https:\/\/truusk.store\/sv\/wp-json\/wp\/v2\/product_brand?post=55286"},{"taxonomy":"product_cat","embeddable":true,"href":"https:\/\/truusk.store\/sv\/wp-json\/wp\/v2\/product_cat?post=55286"},{"taxonomy":"product_tag","embeddable":true,"href":"https:\/\/truusk.store\/sv\/wp-json\/wp\/v2\/product_tag?post=55286"}],"curies":[{"name":"wp","href":"https:\/\/api.w.org\/{rel}","templated":true}]}}