{"id":55308,"date":"2024-05-23T10:50:09","date_gmt":"2024-05-23T09:50:09","guid":{"rendered":"https:\/\/truusk.store\/product\/verktygslada-lasbar-3-lador-stalhus-60x26x34cm-rodsvart\/"},"modified":"2026-03-12T09:40:18","modified_gmt":"2026-03-12T08:40:18","slug":"truusk-verktygslada-lasbar-3-lador-stalhus-60x26x34cm-rodsvart","status":"publish","type":"product","link":"https:\/\/truusk.store\/sv\/produkt\/truusk-verktygslada-lasbar-3-lador-stalhus-60x26x34cm-rodsvart\/","title":{"rendered":"TRUUSK Verktygsl\u00e5da &#8211; L\u00e5sbar &#8211; 3 L\u00e5dor &#8211; St\u00e5lhus &#8211; 60x26x34cm &#8211; R\u00f6d+svart"},"content":{"rendered":"<p>Uppt\u00e4ck den praktiska organisationen av dina verktyg med verktygsl\u00e5dan. Denna l\u00e5sbara l\u00e5da har sex l\u00e5dor med kullagerstyrningar f\u00f6r smidig glidning och en \u00f6vre hylla. Varje fack \u00e4r utrustat med EVA-mattor som effektivt skyddar dina verktyg och h\u00e5ller verktygsl\u00e5dan fr\u00e5n repor. Den pulverlackerade st\u00e5lramen ger denna viktiga verktygsl\u00e5da ett elegant utseende, kompletterat med sidohandtag f\u00f6r enkel r\u00f6rlighet.<\/p>\n<h3>Beskrivning:<\/h3>\n<ul>\n<li>Sex l\u00e5dor och ett toppfack s\u00e4kerst\u00e4ller effektiv organisation av dina verktyg<\/li>\n<li>Kullagrade l\u00e5dutdrag g\u00f6r att l\u00e5dorna kan \u00f6ppnas smidigt<\/li>\n<li>Pulverlackerad st\u00e5lram \u00f6kar h\u00e5llbarheten<\/li>\n<li>Alla f\u00f6rvaringsytor \u00e4r l\u00e5sbara f\u00f6r att h\u00e5lla verktyg s\u00e4kra, tv\u00e5 nycklar ing\u00e5r<\/li>\n<li>Inre EVA-mattor absorberar olja och h\u00e5ller verktygsl\u00e5dan p\u00e5 plats<\/li>\n<li>Sidohandtag g\u00f6r det enkelt att flytta verktygsl\u00e5dan<\/li>\n<li>Ingen montering kr\u00e4vs<\/li>\n<\/ul>\n<h3>Teknisk data:<\/h3>\n<ul>\n<li>F\u00e4rg: R\u00f6d+svart<\/li>\n<li>Material: st\u00e5l<\/li>\n<li>Totala m\u00e5tt: 60L x 26W x 34H cm<\/li>\n<li>L\u00e5dstorlek: 15W x 22D x 3H cm, 50,5W x 22D x 3H cm, 50,5W x 22D x 7,5H cm<\/li>\n<li>\u00d6versta f\u00f6rvaringsfackets storlek: 59,5W x 25,5D x 6H cm<\/li>\n<li>Lastkapacitet: 50 kg (totalt), 15 kg (stor\/medelstor l\u00e5da), 5 kg (liten l\u00e5da)<\/li>\n<\/ul>\n<h3>Leveransens omfattning:<\/h3>\n<ul>\n<li>1 x Verktygsl\u00e5da<\/li>\n<li>2 x nycklar<\/li>\n<\/ul>\n","protected":false},"excerpt":{"rendered":"<p>Uppt\u00e4ck den praktiska organisationen av dina verktyg med verktygsl\u00e5dan. Denna l\u00e5sbara l\u00e5da har sex l\u00e5dor med kullagerstyrningar f\u00f6r smidig glidning&#8230;<\/p>\n","protected":false},"featured_media":55309,"template":"","meta":[],"product_brand":[],"product_cat":[688,671,692],"product_tag":[],"class_list":{"0":"post-55308","1":"product","2":"type-product","3":"status-publish","4":"has-post-thumbnail","6":"product_cat-diy","7":"product_cat-jarnaffar","8":"product_cat-ordersystem","10":"first","11":"instock","12":"sale","13":"taxable","14":"shipping-taxable","15":"purchasable","16":"product-type-simple"},"yoast_head":"<!-- This site is optimized with the Yoast SEO plugin v25.4 - https:\/\/yoast.com\/wordpress\/plugins\/seo\/ -->\n<title>TRUUSK Verktygsl\u00e5da - L\u00e5sbar - 3 L\u00e5dor - St\u00e5lhus - 60x26x34cm - R\u00f6d+svart - TRUUSK - Hem, Tr\u00e4dg\u00e5rd &amp; Fritid<\/title>\n<meta name=\"robots\" content=\"index, follow, max-snippet:-1, max-image-preview:large, max-video-preview:-1\" \/>\n<link rel=\"canonical\" href=\"https:\/\/truusk.store\/sv\/produkt\/truusk-verktygslada-lasbar-3-lador-stalhus-60x26x34cm-rodsvart\/\" \/>\n<meta property=\"og:locale\" content=\"sv_SE\" \/>\n<meta property=\"og:type\" content=\"article\" \/>\n<meta property=\"og:title\" content=\"TRUUSK Verktygsl\u00e5da - L\u00e5sbar - 3 L\u00e5dor - St\u00e5lhus - 60x26x34cm - R\u00f6d+svart - TRUUSK - Hem, Tr\u00e4dg\u00e5rd &amp; Fritid\" \/>\n<meta property=\"og:description\" content=\"Uppt\u00e4ck den praktiska organisationen av dina verktyg med verktygsl\u00e5dan. Denna l\u00e5sbara l\u00e5da har sex l\u00e5dor med kullagerstyrningar f\u00f6r smidig glidning...\" \/>\n<meta property=\"og:url\" content=\"https:\/\/truusk.store\/sv\/produkt\/truusk-verktygslada-lasbar-3-lador-stalhus-60x26x34cm-rodsvart\/\" \/>\n<meta property=\"og:site_name\" content=\"TRUUSK - Hem, Tr\u00e4dg\u00e5rd &amp; Fritid\" \/>\n<meta property=\"article:modified_time\" content=\"2026-03-12T08:40:18+00:00\" \/>\n<meta property=\"og:image\" content=\"https:\/\/i0.wp.com\/truusk.se\/wp-content\/uploads\/2024\/05\/verktygslada-lasbar-3-lador-stalhus-60x26x34cm-rodsvart.webp?fit=800%2C800&ssl=1\" \/>\n\t<meta property=\"og:image:width\" content=\"800\" \/>\n\t<meta property=\"og:image:height\" content=\"800\" \/>\n\t<meta property=\"og:image:type\" content=\"image\/webp\" \/>\n<meta name=\"twitter:card\" content=\"summary_large_image\" \/>\n<meta name=\"twitter:label1\" content=\"Ber\u00e4knad l\u00e4stid\" \/>\n\t<meta name=\"twitter:data1\" content=\"1 minut\" \/>\n<!-- \/ Yoast SEO plugin. -->","yoast_head_json":{"title":"TRUUSK Verktygsl\u00e5da - L\u00e5sbar - 3 L\u00e5dor - St\u00e5lhus - 60x26x34cm - R\u00f6d+svart - TRUUSK - Hem, Tr\u00e4dg\u00e5rd &amp; Fritid","robots":{"index":"index","follow":"follow","max-snippet":"max-snippet:-1","max-image-preview":"max-image-preview:large","max-video-preview":"max-video-preview:-1"},"canonical":"https:\/\/truusk.store\/sv\/produkt\/truusk-verktygslada-lasbar-3-lador-stalhus-60x26x34cm-rodsvart\/","og_locale":"sv_SE","og_type":"article","og_title":"TRUUSK Verktygsl\u00e5da - L\u00e5sbar - 3 L\u00e5dor - St\u00e5lhus - 60x26x34cm - R\u00f6d+svart - TRUUSK - Hem, Tr\u00e4dg\u00e5rd &amp; Fritid","og_description":"Uppt\u00e4ck den praktiska organisationen av dina verktyg med verktygsl\u00e5dan. Denna l\u00e5sbara l\u00e5da har sex l\u00e5dor med kullagerstyrningar f\u00f6r smidig glidning...","og_url":"https:\/\/truusk.store\/sv\/produkt\/truusk-verktygslada-lasbar-3-lador-stalhus-60x26x34cm-rodsvart\/","og_site_name":"TRUUSK - Hem, Tr\u00e4dg\u00e5rd &amp; Fritid","article_modified_time":"2026-03-12T08:40:18+00:00","og_image":[{"width":800,"height":800,"url":"https:\/\/i0.wp.com\/truusk.se\/wp-content\/uploads\/2024\/05\/verktygslada-lasbar-3-lador-stalhus-60x26x34cm-rodsvart.webp?fit=800%2C800&ssl=1","type":"image\/webp"}],"twitter_card":"summary_large_image","twitter_misc":{"Ber\u00e4knad l\u00e4stid":"1 minut"},"schema":{"@context":"https:\/\/schema.org","@graph":[{"@type":"WebPage","@id":"https:\/\/truusk.store\/sv\/produkt\/truusk-verktygslada-lasbar-3-lador-stalhus-60x26x34cm-rodsvart\/","url":"https:\/\/truusk.store\/sv\/produkt\/truusk-verktygslada-lasbar-3-lador-stalhus-60x26x34cm-rodsvart\/","name":"TRUUSK Verktygsl\u00e5da - L\u00e5sbar - 3 L\u00e5dor - St\u00e5lhus - 60x26x34cm - R\u00f6d+svart - TRUUSK - Hem, Tr\u00e4dg\u00e5rd &amp; Fritid","isPartOf":{"@id":"https:\/\/truusk.store\/sv\/#website"},"primaryImageOfPage":{"@id":"https:\/\/truusk.store\/sv\/produkt\/truusk-verktygslada-lasbar-3-lador-stalhus-60x26x34cm-rodsvart\/#primaryimage"},"image":{"@id":"https:\/\/truusk.store\/sv\/produkt\/truusk-verktygslada-lasbar-3-lador-stalhus-60x26x34cm-rodsvart\/#primaryimage"},"thumbnailUrl":"https:\/\/i0.wp.com\/truusk.store\/wp-content\/uploads\/2024\/05\/verktygslada-lasbar-3-lador-stalhus-60x26x34cm-rodsvart.webp?fit=800%2C800&ssl=1","datePublished":"2024-05-23T09:50:09+00:00","dateModified":"2026-03-12T08:40:18+00:00","breadcrumb":{"@id":"https:\/\/truusk.store\/sv\/produkt\/truusk-verktygslada-lasbar-3-lador-stalhus-60x26x34cm-rodsvart\/#breadcrumb"},"inLanguage":"sv-SE","potentialAction":[{"@type":"ReadAction","target":["https:\/\/truusk.store\/sv\/produkt\/truusk-verktygslada-lasbar-3-lador-stalhus-60x26x34cm-rodsvart\/"]}]},{"@type":"ImageObject","inLanguage":"sv-SE","@id":"https:\/\/truusk.store\/sv\/produkt\/truusk-verktygslada-lasbar-3-lador-stalhus-60x26x34cm-rodsvart\/#primaryimage","url":"https:\/\/i0.wp.com\/truusk.store\/wp-content\/uploads\/2024\/05\/verktygslada-lasbar-3-lador-stalhus-60x26x34cm-rodsvart.webp?fit=800%2C800&ssl=1","contentUrl":"https:\/\/i0.wp.com\/truusk.store\/wp-content\/uploads\/2024\/05\/verktygslada-lasbar-3-lador-stalhus-60x26x34cm-rodsvart.webp?fit=800%2C800&ssl=1","width":800,"height":800,"caption":"Verktygsl\u00e5da, L\u00e5sbar, 3 L\u00e5dor, St\u00e5lhus, 60x26x34cm, R\u00f6d+svart 1"},{"@type":"BreadcrumbList","@id":"https:\/\/truusk.store\/sv\/produkt\/truusk-verktygslada-lasbar-3-lador-stalhus-60x26x34cm-rodsvart\/#breadcrumb","itemListElement":[{"@type":"ListItem","position":1,"name":"Home","item":"https:\/\/truusk.store\/sv\/"},{"@type":"ListItem","position":2,"name":"Shop","item":"https:\/\/truusk.store\/shop\/"},{"@type":"ListItem","position":3,"name":"TRUUSK Verktygsl\u00e5da &#8211; L\u00e5sbar &#8211; 3 L\u00e5dor &#8211; St\u00e5lhus &#8211; 60x26x34cm &#8211; R\u00f6d+svart"}]},{"@type":"WebSite","@id":"https:\/\/truusk.store\/sv\/#website","url":"https:\/\/truusk.store\/sv\/","name":"TRUUSK - Hem, Tr\u00e4dg\u00e5rd & Fritid","description":"","publisher":{"@id":"https:\/\/truusk.store\/sv\/#organization"},"potentialAction":[{"@type":"SearchAction","target":{"@type":"EntryPoint","urlTemplate":"https:\/\/truusk.store\/sv\/?s={search_term_string}"},"query-input":{"@type":"PropertyValueSpecification","valueRequired":true,"valueName":"search_term_string"}}],"inLanguage":"sv-SE"},{"@type":"Organization","@id":"https:\/\/truusk.store\/sv\/#organization","name":"TRUUSK - Hem, Tr\u00e4dg\u00e5rd & Fritid","url":"https:\/\/truusk.store\/sv\/","logo":{"@type":"ImageObject","inLanguage":"sv-SE","@id":"https:\/\/truusk.store\/sv\/#\/schema\/logo\/image\/","url":"https:\/\/i0.wp.com\/truusk.store\/wp-content\/uploads\/2026\/03\/cropped-TRUUSK.png?fit=2032%2C917&ssl=1","contentUrl":"https:\/\/i0.wp.com\/truusk.store\/wp-content\/uploads\/2026\/03\/cropped-TRUUSK.png?fit=2032%2C917&ssl=1","width":2032,"height":917,"caption":"TRUUSK - Hem, Tr\u00e4dg\u00e5rd & Fritid"},"image":{"@id":"https:\/\/truusk.store\/sv\/#\/schema\/logo\/image\/"}}]}},"jetpack_sharing_enabled":true,"_links":{"self":[{"href":"https:\/\/truusk.store\/sv\/wp-json\/wp\/v2\/product\/55308","targetHints":{"allow":["GET"]}}],"collection":[{"href":"https:\/\/truusk.store\/sv\/wp-json\/wp\/v2\/product"}],"about":[{"href":"https:\/\/truusk.store\/sv\/wp-json\/wp\/v2\/types\/product"}],"wp:featuredmedia":[{"embeddable":true,"href":"https:\/\/truusk.store\/sv\/wp-json\/wp\/v2\/media\/55309"}],"wp:attachment":[{"href":"https:\/\/truusk.store\/sv\/wp-json\/wp\/v2\/media?parent=55308"}],"wp:term":[{"taxonomy":"product_brand","embeddable":true,"href":"https:\/\/truusk.store\/sv\/wp-json\/wp\/v2\/product_brand?post=55308"},{"taxonomy":"product_cat","embeddable":true,"href":"https:\/\/truusk.store\/sv\/wp-json\/wp\/v2\/product_cat?post=55308"},{"taxonomy":"product_tag","embeddable":true,"href":"https:\/\/truusk.store\/sv\/wp-json\/wp\/v2\/product_tag?post=55308"}],"curies":[{"name":"wp","href":"https:\/\/api.w.org\/{rel}","templated":true}]}}