{"id":55400,"date":"2024-05-23T12:30:17","date_gmt":"2024-05-23T11:30:17","guid":{"rendered":"https:\/\/truusk.store\/product\/produkt-3\/"},"modified":"2026-03-12T09:28:14","modified_gmt":"2026-03-12T08:28:14","slug":"truusk-hundvagn-och-kattvagn-2-i-1-hopfallbar-med-regnskydd-natventiler-kudde-for-hundar-och-katter-upp-till-10-kg-khaki-7","status":"publish","type":"product","link":"https:\/\/truusk.store\/sv\/produkt\/truusk-hundvagn-och-kattvagn-2-i-1-hopfallbar-med-regnskydd-natventiler-kudde-for-hundar-och-katter-upp-till-10-kg-khaki-7\/","title":{"rendered":"TRUUSK Hundvagn och Kattvagn 2-i-1 &#8211; Hopf\u00e4llbar med Regnskydd &#8211; N\u00e4tventiler &#8211; Kudde &#8211; F\u00f6r Hundar och Katter upp till 10 kg &#8211; Khaki"},"content":{"rendered":"<\/p>\n<h3><\/h3>\n<ul>\n<li><\/li>\n<li><\/li>\n<li><\/li>\n<li><\/li>\n<li><\/li>\n<li><\/li>\n<li><\/li>\n<li><\/li>\n<\/ul>\n<h3><\/h3>\n<ul>\n<li><\/li>\n<li><\/li>\n<li><\/li>\n<li><\/li>\n<li><\/li>\n<li><\/li>\n<li><\/li>\n<\/ul>\n<h3><\/h3>\n<ul>\n<li><\/li>\n<li><\/li>\n<\/ul>\n","protected":false},"excerpt":{"rendered":"","protected":false},"featured_media":55401,"template":"","meta":[],"product_brand":[],"product_cat":[1117],"product_tag":[],"class_list":{"0":"post-55400","1":"product","2":"type-product","3":"status-publish","4":"has-post-thumbnail","6":"product_cat-okategoriserad","8":"first","9":"instock","10":"sale","11":"taxable","12":"shipping-taxable","13":"purchasable","14":"product-type-simple"},"yoast_head":"<!-- This site is optimized with the Yoast SEO plugin v25.4 - https:\/\/yoast.com\/wordpress\/plugins\/seo\/ -->\n<title>TRUUSK Hundvagn och Kattvagn 2-i-1 - Hopf\u00e4llbar med Regnskydd - N\u00e4tventiler - Kudde - F\u00f6r Hundar och Katter upp till 10 kg - Khaki - TRUUSK - Hem, Tr\u00e4dg\u00e5rd &amp; Fritid<\/title>\n<meta name=\"robots\" content=\"index, follow, max-snippet:-1, max-image-preview:large, max-video-preview:-1\" \/>\n<link rel=\"canonical\" href=\"https:\/\/truusk.store\/sv\/produkt\/truusk-hundvagn-och-kattvagn-2-i-1-hopfallbar-med-regnskydd-natventiler-kudde-for-hundar-och-katter-upp-till-10-kg-khaki-7\/\" \/>\n<meta property=\"og:locale\" content=\"sv_SE\" \/>\n<meta property=\"og:type\" content=\"article\" \/>\n<meta property=\"og:title\" content=\"TRUUSK Hundvagn och Kattvagn 2-i-1 - Hopf\u00e4llbar med Regnskydd - N\u00e4tventiler - Kudde - F\u00f6r Hundar och Katter upp till 10 kg - Khaki - TRUUSK - Hem, Tr\u00e4dg\u00e5rd &amp; Fritid\" \/>\n<meta property=\"og:url\" content=\"https:\/\/truusk.store\/sv\/produkt\/truusk-hundvagn-och-kattvagn-2-i-1-hopfallbar-med-regnskydd-natventiler-kudde-for-hundar-och-katter-upp-till-10-kg-khaki-7\/\" \/>\n<meta property=\"og:site_name\" content=\"TRUUSK - Hem, Tr\u00e4dg\u00e5rd &amp; Fritid\" \/>\n<meta property=\"article:modified_time\" content=\"2026-03-12T08:28:14+00:00\" \/>\n<meta property=\"og:image\" content=\"https:\/\/i0.wp.com\/truusk.se\/wp-content\/uploads\/2024\/05\/unnamed-file-20.webp?fit=800%2C800&ssl=1\" \/>\n\t<meta property=\"og:image:width\" content=\"800\" \/>\n\t<meta property=\"og:image:height\" content=\"800\" \/>\n\t<meta property=\"og:image:type\" content=\"image\/webp\" \/>\n<meta name=\"twitter:card\" content=\"summary_large_image\" \/>\n<!-- \/ Yoast SEO plugin. -->","yoast_head_json":{"title":"TRUUSK Hundvagn och Kattvagn 2-i-1 - Hopf\u00e4llbar med Regnskydd - N\u00e4tventiler - Kudde - F\u00f6r Hundar och Katter upp till 10 kg - Khaki - TRUUSK - Hem, Tr\u00e4dg\u00e5rd &amp; Fritid","robots":{"index":"index","follow":"follow","max-snippet":"max-snippet:-1","max-image-preview":"max-image-preview:large","max-video-preview":"max-video-preview:-1"},"canonical":"https:\/\/truusk.store\/sv\/produkt\/truusk-hundvagn-och-kattvagn-2-i-1-hopfallbar-med-regnskydd-natventiler-kudde-for-hundar-och-katter-upp-till-10-kg-khaki-7\/","og_locale":"sv_SE","og_type":"article","og_title":"TRUUSK Hundvagn och Kattvagn 2-i-1 - Hopf\u00e4llbar med Regnskydd - N\u00e4tventiler - Kudde - F\u00f6r Hundar och Katter upp till 10 kg - Khaki - TRUUSK - Hem, Tr\u00e4dg\u00e5rd &amp; Fritid","og_url":"https:\/\/truusk.store\/sv\/produkt\/truusk-hundvagn-och-kattvagn-2-i-1-hopfallbar-med-regnskydd-natventiler-kudde-for-hundar-och-katter-upp-till-10-kg-khaki-7\/","og_site_name":"TRUUSK - Hem, Tr\u00e4dg\u00e5rd &amp; Fritid","article_modified_time":"2026-03-12T08:28:14+00:00","og_image":[{"width":800,"height":800,"url":"https:\/\/i0.wp.com\/truusk.se\/wp-content\/uploads\/2024\/05\/unnamed-file-20.webp?fit=800%2C800&ssl=1","type":"image\/webp"}],"twitter_card":"summary_large_image","schema":{"@context":"https:\/\/schema.org","@graph":[{"@type":"WebPage","@id":"https:\/\/truusk.store\/sv\/produkt\/truusk-hundvagn-och-kattvagn-2-i-1-hopfallbar-med-regnskydd-natventiler-kudde-for-hundar-och-katter-upp-till-10-kg-khaki-7\/","url":"https:\/\/truusk.store\/sv\/produkt\/truusk-hundvagn-och-kattvagn-2-i-1-hopfallbar-med-regnskydd-natventiler-kudde-for-hundar-och-katter-upp-till-10-kg-khaki-7\/","name":"TRUUSK Hundvagn och Kattvagn 2-i-1 - Hopf\u00e4llbar med Regnskydd - N\u00e4tventiler - Kudde - F\u00f6r Hundar och Katter upp till 10 kg - Khaki - TRUUSK - Hem, Tr\u00e4dg\u00e5rd &amp; Fritid","isPartOf":{"@id":"https:\/\/truusk.store\/sv\/#website"},"primaryImageOfPage":{"@id":"https:\/\/truusk.store\/sv\/produkt\/truusk-hundvagn-och-kattvagn-2-i-1-hopfallbar-med-regnskydd-natventiler-kudde-for-hundar-och-katter-upp-till-10-kg-khaki-7\/#primaryimage"},"image":{"@id":"https:\/\/truusk.store\/sv\/produkt\/truusk-hundvagn-och-kattvagn-2-i-1-hopfallbar-med-regnskydd-natventiler-kudde-for-hundar-och-katter-upp-till-10-kg-khaki-7\/#primaryimage"},"thumbnailUrl":"https:\/\/i0.wp.com\/truusk.store\/wp-content\/uploads\/2024\/05\/unnamed-file-20.webp?fit=800%2C800&ssl=1","datePublished":"2024-05-23T11:30:17+00:00","dateModified":"2026-03-12T08:28:14+00:00","breadcrumb":{"@id":"https:\/\/truusk.store\/sv\/produkt\/truusk-hundvagn-och-kattvagn-2-i-1-hopfallbar-med-regnskydd-natventiler-kudde-for-hundar-och-katter-upp-till-10-kg-khaki-7\/#breadcrumb"},"inLanguage":"sv-SE","potentialAction":[{"@type":"ReadAction","target":["https:\/\/truusk.store\/sv\/produkt\/truusk-hundvagn-och-kattvagn-2-i-1-hopfallbar-med-regnskydd-natventiler-kudde-for-hundar-och-katter-upp-till-10-kg-khaki-7\/"]}]},{"@type":"ImageObject","inLanguage":"sv-SE","@id":"https:\/\/truusk.store\/sv\/produkt\/truusk-hundvagn-och-kattvagn-2-i-1-hopfallbar-med-regnskydd-natventiler-kudde-for-hundar-och-katter-upp-till-10-kg-khaki-7\/#primaryimage","url":"https:\/\/i0.wp.com\/truusk.store\/wp-content\/uploads\/2024\/05\/unnamed-file-20.webp?fit=800%2C800&ssl=1","contentUrl":"https:\/\/i0.wp.com\/truusk.store\/wp-content\/uploads\/2024\/05\/unnamed-file-20.webp?fit=800%2C800&ssl=1","width":800,"height":800,"caption":"1"},{"@type":"BreadcrumbList","@id":"https:\/\/truusk.store\/sv\/produkt\/truusk-hundvagn-och-kattvagn-2-i-1-hopfallbar-med-regnskydd-natventiler-kudde-for-hundar-och-katter-upp-till-10-kg-khaki-7\/#breadcrumb","itemListElement":[{"@type":"ListItem","position":1,"name":"Home","item":"https:\/\/truusk.store\/sv\/"},{"@type":"ListItem","position":2,"name":"Shop","item":"https:\/\/truusk.store\/shop\/"},{"@type":"ListItem","position":3,"name":"TRUUSK Hundvagn och Kattvagn 2-i-1 &#8211; Hopf\u00e4llbar med Regnskydd &#8211; N\u00e4tventiler &#8211; Kudde &#8211; F\u00f6r Hundar och Katter upp till 10 kg &#8211; Khaki"}]},{"@type":"WebSite","@id":"https:\/\/truusk.store\/sv\/#website","url":"https:\/\/truusk.store\/sv\/","name":"TRUUSK - Hem, Tr\u00e4dg\u00e5rd & Fritid","description":"","publisher":{"@id":"https:\/\/truusk.store\/sv\/#organization"},"potentialAction":[{"@type":"SearchAction","target":{"@type":"EntryPoint","urlTemplate":"https:\/\/truusk.store\/sv\/?s={search_term_string}"},"query-input":{"@type":"PropertyValueSpecification","valueRequired":true,"valueName":"search_term_string"}}],"inLanguage":"sv-SE"},{"@type":"Organization","@id":"https:\/\/truusk.store\/sv\/#organization","name":"TRUUSK - Hem, Tr\u00e4dg\u00e5rd & Fritid","url":"https:\/\/truusk.store\/sv\/","logo":{"@type":"ImageObject","inLanguage":"sv-SE","@id":"https:\/\/truusk.store\/sv\/#\/schema\/logo\/image\/","url":"https:\/\/i0.wp.com\/truusk.store\/wp-content\/uploads\/2026\/03\/cropped-TRUUSK.png?fit=2032%2C917&ssl=1","contentUrl":"https:\/\/i0.wp.com\/truusk.store\/wp-content\/uploads\/2026\/03\/cropped-TRUUSK.png?fit=2032%2C917&ssl=1","width":2032,"height":917,"caption":"TRUUSK - Hem, Tr\u00e4dg\u00e5rd & Fritid"},"image":{"@id":"https:\/\/truusk.store\/sv\/#\/schema\/logo\/image\/"}}]}},"jetpack_sharing_enabled":true,"_links":{"self":[{"href":"https:\/\/truusk.store\/sv\/wp-json\/wp\/v2\/product\/55400","targetHints":{"allow":["GET"]}}],"collection":[{"href":"https:\/\/truusk.store\/sv\/wp-json\/wp\/v2\/product"}],"about":[{"href":"https:\/\/truusk.store\/sv\/wp-json\/wp\/v2\/types\/product"}],"wp:featuredmedia":[{"embeddable":true,"href":"https:\/\/truusk.store\/sv\/wp-json\/wp\/v2\/media\/55401"}],"wp:attachment":[{"href":"https:\/\/truusk.store\/sv\/wp-json\/wp\/v2\/media?parent=55400"}],"wp:term":[{"taxonomy":"product_brand","embeddable":true,"href":"https:\/\/truusk.store\/sv\/wp-json\/wp\/v2\/product_brand?post=55400"},{"taxonomy":"product_cat","embeddable":true,"href":"https:\/\/truusk.store\/sv\/wp-json\/wp\/v2\/product_cat?post=55400"},{"taxonomy":"product_tag","embeddable":true,"href":"https:\/\/truusk.store\/sv\/wp-json\/wp\/v2\/product_tag?post=55400"}],"curies":[{"name":"wp","href":"https:\/\/api.w.org\/{rel}","templated":true}]}}