{"id":55422,"date":"2024-05-23T13:10:08","date_gmt":"2024-05-23T12:10:08","guid":{"rendered":"https:\/\/truusk.store\/product\/skrapstolpe-kattsang-kattkorg-inklusive-lekboll-40-cm-x-40-cm-x-49-cm-natur-kramvit\/"},"modified":"2026-03-12T09:06:06","modified_gmt":"2026-03-12T08:06:06","slug":"truusk-kattklosmobel-inklusive-kattleksak-40-cm-x-40-cm-x-49-cm-natur-kramvit","status":"publish","type":"product","link":"https:\/\/truusk.store\/sv\/produkt\/truusk-kattklosmobel-inklusive-kattleksak-40-cm-x-40-cm-x-49-cm-natur-kramvit\/","title":{"rendered":"TRUUSK Kattkl\u00f6sm\u00f6bel &#8211; Inklusive Kattleksak &#8211; 40 cm x 40 cm x 49 cm &#8211; Natur + Kr\u00e4mvit"},"content":{"rendered":"<p>F\u00f6r katter som gillar att slappa \u00e4r denna moderna skrapstolpe ett bra val. Den enkla designen i en v\u00e5ning har ett stort rum omgivet av en h\u00f6g v\u00e4gg f\u00f6r s\u00e4kerhet. S\u00e4ngen och basen p\u00e5 katttr\u00e4det \u00e4r vadderade med mjuk plysch f\u00f6r att h\u00e5lla ditt husdjur bekv\u00e4mt. Mitten av skrapstolpen \u00e4r inlindad med en jutesn\u00f6re s\u00e5 att katten kan v\u00e4ssa klorna.<\/p>\n<h3>Beskrivning:<\/h3>\n<ul>\n<li>Liten h\u00e4ngboll f\u00f6r n\u00e4r din katt\/kattunge vill leka<\/li>\n<li>Mjuk plysch p\u00e5 insidan av s\u00e4ngen och p\u00e5 botten f\u00f6r skonsam komfort<\/li>\n<li>H\u00f6g sidov\u00e4gg s\u00e5 att din katt inte kan falla ut av misstag<\/li>\n<li>Ramen p\u00e5 kattm\u00f6beln av sp\u00e5nskiva \u00e4r stabil och h\u00e5llbar och \u00e4r inlindad i jute rep i mitten s\u00e5 att klorna kan repa sig sj\u00e4lva<\/li>\n<li>Rekommenderas f\u00f6r katter under 4 kg<\/li>\n<\/ul>\n<h3>Teknisk data:<\/h3>\n<ul>\n<li>F\u00e4rg beige<\/li>\n<li>Material: sp\u00e5nskiva, plysch, jute rep<\/li>\n<li>M\u00e5tt: 40L x 40W x 49H cm. \u00d6vre abborre: 35 cm. Nedre platta: 40 cm. Skrapstolpe: 8,3 cm<\/li>\n<li>L\u00e4mplig f\u00f6r katter under: 4 kg<\/li>\n<\/ul>\n<h3>Leveransens omfattning:<\/h3>\n<ul>\n<li>1 x skrapstolpe<\/li>\n<li>1 x manuell<\/li>\n<\/ul>\n","protected":false},"excerpt":{"rendered":"<p>F\u00f6r katter som gillar att slappa \u00e4r denna moderna skrapstolpe ett bra val. Den enkla designen i en v\u00e5ning har&#8230;<\/p>\n","protected":false},"featured_media":55423,"template":"","meta":[],"product_brand":[],"product_cat":[573,588,589],"product_tag":[],"class_list":{"0":"post-55422","1":"product","2":"type-product","3":"status-publish","4":"has-post-thumbnail","6":"product_cat-husdjursmaterial","7":"product_cat-katttillbehor","8":"product_cat-skrapande-inlagg","10":"first","11":"instock","12":"sale","13":"taxable","14":"shipping-taxable","15":"purchasable","16":"product-type-simple"},"yoast_head":"<!-- This site is optimized with the Yoast SEO plugin v25.4 - https:\/\/yoast.com\/wordpress\/plugins\/seo\/ -->\n<title>TRUUSK Kattkl\u00f6sm\u00f6bel - Inklusive Kattleksak - 40 cm x 40 cm x 49 cm - Natur + Kr\u00e4mvit - TRUUSK - Hem, Tr\u00e4dg\u00e5rd &amp; Fritid<\/title>\n<meta name=\"robots\" content=\"index, follow, max-snippet:-1, max-image-preview:large, max-video-preview:-1\" \/>\n<link rel=\"canonical\" href=\"https:\/\/truusk.store\/sv\/produkt\/truusk-kattklosmobel-inklusive-kattleksak-40-cm-x-40-cm-x-49-cm-natur-kramvit\/\" \/>\n<meta property=\"og:locale\" content=\"sv_SE\" \/>\n<meta property=\"og:type\" content=\"article\" \/>\n<meta property=\"og:title\" content=\"TRUUSK Kattkl\u00f6sm\u00f6bel - Inklusive Kattleksak - 40 cm x 40 cm x 49 cm - Natur + Kr\u00e4mvit - TRUUSK - Hem, Tr\u00e4dg\u00e5rd &amp; Fritid\" \/>\n<meta property=\"og:description\" content=\"F\u00f6r katter som gillar att slappa \u00e4r denna moderna skrapstolpe ett bra val. Den enkla designen i en v\u00e5ning har...\" \/>\n<meta property=\"og:url\" content=\"https:\/\/truusk.store\/sv\/produkt\/truusk-kattklosmobel-inklusive-kattleksak-40-cm-x-40-cm-x-49-cm-natur-kramvit\/\" \/>\n<meta property=\"og:site_name\" content=\"TRUUSK - Hem, Tr\u00e4dg\u00e5rd &amp; Fritid\" \/>\n<meta property=\"article:modified_time\" content=\"2026-03-12T08:06:06+00:00\" \/>\n<meta property=\"og:image\" content=\"https:\/\/i0.wp.com\/truusk.se\/wp-content\/uploads\/2024\/05\/skrapstolpe-kattsang-kattkorg-inklusive-lekboll-40-cm-x-40-cm-x-49-cm-natur-kramvit.webp?fit=800%2C800&ssl=1\" \/>\n\t<meta property=\"og:image:width\" content=\"800\" \/>\n\t<meta property=\"og:image:height\" content=\"800\" \/>\n\t<meta property=\"og:image:type\" content=\"image\/webp\" \/>\n<meta name=\"twitter:card\" content=\"summary_large_image\" \/>\n<meta name=\"twitter:label1\" content=\"Ber\u00e4knad l\u00e4stid\" \/>\n\t<meta name=\"twitter:data1\" content=\"1 minut\" \/>\n<!-- \/ Yoast SEO plugin. -->","yoast_head_json":{"title":"TRUUSK Kattkl\u00f6sm\u00f6bel - Inklusive Kattleksak - 40 cm x 40 cm x 49 cm - Natur + Kr\u00e4mvit - TRUUSK - Hem, Tr\u00e4dg\u00e5rd &amp; Fritid","robots":{"index":"index","follow":"follow","max-snippet":"max-snippet:-1","max-image-preview":"max-image-preview:large","max-video-preview":"max-video-preview:-1"},"canonical":"https:\/\/truusk.store\/sv\/produkt\/truusk-kattklosmobel-inklusive-kattleksak-40-cm-x-40-cm-x-49-cm-natur-kramvit\/","og_locale":"sv_SE","og_type":"article","og_title":"TRUUSK Kattkl\u00f6sm\u00f6bel - Inklusive Kattleksak - 40 cm x 40 cm x 49 cm - Natur + Kr\u00e4mvit - TRUUSK - Hem, Tr\u00e4dg\u00e5rd &amp; Fritid","og_description":"F\u00f6r katter som gillar att slappa \u00e4r denna moderna skrapstolpe ett bra val. Den enkla designen i en v\u00e5ning har...","og_url":"https:\/\/truusk.store\/sv\/produkt\/truusk-kattklosmobel-inklusive-kattleksak-40-cm-x-40-cm-x-49-cm-natur-kramvit\/","og_site_name":"TRUUSK - Hem, Tr\u00e4dg\u00e5rd &amp; Fritid","article_modified_time":"2026-03-12T08:06:06+00:00","og_image":[{"width":800,"height":800,"url":"https:\/\/i0.wp.com\/truusk.se\/wp-content\/uploads\/2024\/05\/skrapstolpe-kattsang-kattkorg-inklusive-lekboll-40-cm-x-40-cm-x-49-cm-natur-kramvit.webp?fit=800%2C800&ssl=1","type":"image\/webp"}],"twitter_card":"summary_large_image","twitter_misc":{"Ber\u00e4knad l\u00e4stid":"1 minut"},"schema":{"@context":"https:\/\/schema.org","@graph":[{"@type":"WebPage","@id":"https:\/\/truusk.store\/sv\/produkt\/truusk-kattklosmobel-inklusive-kattleksak-40-cm-x-40-cm-x-49-cm-natur-kramvit\/","url":"https:\/\/truusk.store\/sv\/produkt\/truusk-kattklosmobel-inklusive-kattleksak-40-cm-x-40-cm-x-49-cm-natur-kramvit\/","name":"TRUUSK Kattkl\u00f6sm\u00f6bel - Inklusive Kattleksak - 40 cm x 40 cm x 49 cm - Natur + Kr\u00e4mvit - TRUUSK - Hem, Tr\u00e4dg\u00e5rd &amp; Fritid","isPartOf":{"@id":"https:\/\/truusk.store\/sv\/#website"},"primaryImageOfPage":{"@id":"https:\/\/truusk.store\/sv\/produkt\/truusk-kattklosmobel-inklusive-kattleksak-40-cm-x-40-cm-x-49-cm-natur-kramvit\/#primaryimage"},"image":{"@id":"https:\/\/truusk.store\/sv\/produkt\/truusk-kattklosmobel-inklusive-kattleksak-40-cm-x-40-cm-x-49-cm-natur-kramvit\/#primaryimage"},"thumbnailUrl":"https:\/\/i0.wp.com\/truusk.store\/wp-content\/uploads\/2024\/05\/skrapstolpe-kattsang-kattkorg-inklusive-lekboll-40-cm-x-40-cm-x-49-cm-natur-kramvit.webp?fit=800%2C800&ssl=1","datePublished":"2024-05-23T12:10:08+00:00","dateModified":"2026-03-12T08:06:06+00:00","breadcrumb":{"@id":"https:\/\/truusk.store\/sv\/produkt\/truusk-kattklosmobel-inklusive-kattleksak-40-cm-x-40-cm-x-49-cm-natur-kramvit\/#breadcrumb"},"inLanguage":"sv-SE","potentialAction":[{"@type":"ReadAction","target":["https:\/\/truusk.store\/sv\/produkt\/truusk-kattklosmobel-inklusive-kattleksak-40-cm-x-40-cm-x-49-cm-natur-kramvit\/"]}]},{"@type":"ImageObject","inLanguage":"sv-SE","@id":"https:\/\/truusk.store\/sv\/produkt\/truusk-kattklosmobel-inklusive-kattleksak-40-cm-x-40-cm-x-49-cm-natur-kramvit\/#primaryimage","url":"https:\/\/i0.wp.com\/truusk.store\/wp-content\/uploads\/2024\/05\/skrapstolpe-kattsang-kattkorg-inklusive-lekboll-40-cm-x-40-cm-x-49-cm-natur-kramvit.webp?fit=800%2C800&ssl=1","contentUrl":"https:\/\/i0.wp.com\/truusk.store\/wp-content\/uploads\/2024\/05\/skrapstolpe-kattsang-kattkorg-inklusive-lekboll-40-cm-x-40-cm-x-49-cm-natur-kramvit.webp?fit=800%2C800&ssl=1","width":800,"height":800,"caption":"Skrapstolpe Katts\u00e4ng Kattkorg, Inklusive Lekboll, 40 Cm X 40 Cm X 49 Cm, Natur + Kr\u00e4mvit 1"},{"@type":"BreadcrumbList","@id":"https:\/\/truusk.store\/sv\/produkt\/truusk-kattklosmobel-inklusive-kattleksak-40-cm-x-40-cm-x-49-cm-natur-kramvit\/#breadcrumb","itemListElement":[{"@type":"ListItem","position":1,"name":"Home","item":"https:\/\/truusk.store\/sv\/"},{"@type":"ListItem","position":2,"name":"Shop","item":"https:\/\/truusk.store\/shop\/"},{"@type":"ListItem","position":3,"name":"TRUUSK Kattkl\u00f6sm\u00f6bel &#8211; Inklusive Kattleksak &#8211; 40 cm x 40 cm x 49 cm &#8211; Natur + Kr\u00e4mvit"}]},{"@type":"WebSite","@id":"https:\/\/truusk.store\/sv\/#website","url":"https:\/\/truusk.store\/sv\/","name":"TRUUSK - Hem, Tr\u00e4dg\u00e5rd & Fritid","description":"","publisher":{"@id":"https:\/\/truusk.store\/sv\/#organization"},"potentialAction":[{"@type":"SearchAction","target":{"@type":"EntryPoint","urlTemplate":"https:\/\/truusk.store\/sv\/?s={search_term_string}"},"query-input":{"@type":"PropertyValueSpecification","valueRequired":true,"valueName":"search_term_string"}}],"inLanguage":"sv-SE"},{"@type":"Organization","@id":"https:\/\/truusk.store\/sv\/#organization","name":"TRUUSK - Hem, Tr\u00e4dg\u00e5rd & Fritid","url":"https:\/\/truusk.store\/sv\/","logo":{"@type":"ImageObject","inLanguage":"sv-SE","@id":"https:\/\/truusk.store\/sv\/#\/schema\/logo\/image\/","url":"https:\/\/i0.wp.com\/truusk.store\/wp-content\/uploads\/2026\/03\/cropped-TRUUSK.png?fit=2032%2C917&ssl=1","contentUrl":"https:\/\/i0.wp.com\/truusk.store\/wp-content\/uploads\/2026\/03\/cropped-TRUUSK.png?fit=2032%2C917&ssl=1","width":2032,"height":917,"caption":"TRUUSK - Hem, Tr\u00e4dg\u00e5rd & Fritid"},"image":{"@id":"https:\/\/truusk.store\/sv\/#\/schema\/logo\/image\/"}}]}},"jetpack_sharing_enabled":true,"_links":{"self":[{"href":"https:\/\/truusk.store\/sv\/wp-json\/wp\/v2\/product\/55422","targetHints":{"allow":["GET"]}}],"collection":[{"href":"https:\/\/truusk.store\/sv\/wp-json\/wp\/v2\/product"}],"about":[{"href":"https:\/\/truusk.store\/sv\/wp-json\/wp\/v2\/types\/product"}],"wp:featuredmedia":[{"embeddable":true,"href":"https:\/\/truusk.store\/sv\/wp-json\/wp\/v2\/media\/55423"}],"wp:attachment":[{"href":"https:\/\/truusk.store\/sv\/wp-json\/wp\/v2\/media?parent=55422"}],"wp:term":[{"taxonomy":"product_brand","embeddable":true,"href":"https:\/\/truusk.store\/sv\/wp-json\/wp\/v2\/product_brand?post=55422"},{"taxonomy":"product_cat","embeddable":true,"href":"https:\/\/truusk.store\/sv\/wp-json\/wp\/v2\/product_cat?post=55422"},{"taxonomy":"product_tag","embeddable":true,"href":"https:\/\/truusk.store\/sv\/wp-json\/wp\/v2\/product_tag?post=55422"}],"curies":[{"name":"wp","href":"https:\/\/api.w.org\/{rel}","templated":true}]}}