{"id":55444,"date":"2024-05-23T13:30:10","date_gmt":"2024-05-23T12:30:10","guid":{"rendered":"https:\/\/truusk.store\/product\/6-i-1-trehjuling-for-barn-med-push-bar-tak-rem-forvaringskorg-18-manader-rosa\/"},"modified":"2026-03-12T09:40:25","modified_gmt":"2026-03-12T08:40:25","slug":"truusk-6-i-1-barnvagn-med-push-bar-tak-rem-forvaringskorg-fran-18-manader-rosa","status":"publish","type":"product","link":"https:\/\/truusk.store\/sv\/produkt\/truusk-6-i-1-barnvagn-med-push-bar-tak-rem-forvaringskorg-fran-18-manader-rosa\/","title":{"rendered":"TRUUSK 6-i-1 Barnvagn med Push Bar &#8211; Tak &#8211; Rem &#8211; F\u00f6rvaringskorg &#8211; Fr\u00e5n 18 m\u00e5nader &#8211; Rosa"},"content":{"rendered":"<p>Uppt\u00e4ck denna sofistikerade trehjuling f\u00f6r barn! Med fyra olika designs \u00e4r den perfekt f\u00f6r barn fr\u00e5n 18 m\u00e5nader och upp\u00e5t att l\u00e4ra sig att k\u00f6ra bil och g\u00e5. Oavsett om det \u00e4r en balanscykel eller en cykel med padel, var och en med eller utan k\u00f6rhandtag. Den robusta metallramen och det s\u00e4kra tv\u00e5punktsb\u00e4ltet ger extra s\u00e4kerhet. Trehjulingen \u00e4r en p\u00e5litlig f\u00f6ljeslagare som v\u00e4xer med ditt barn och st\u00f6ttar det f\u00f6rsiktigt under sina f\u00f6rsta f\u00f6rs\u00f6k att cykla.<\/p>\n<h3>Beskrivning:<\/h3>\n<ul>\n<li>Reflexremsor p\u00e5 trehjulingen s\u00e4kerst\u00e4ller s\u00e4kerhet vid d\u00e5liga siktf\u00f6rh\u00e5llanden<\/li>\n<li>Avtagbart solskydd f\u00f6r barnens trehjuling f\u00f6r UV-skydd och toppn\u00e4t f\u00f6r ventilation<\/li>\n<li>Tysta hjul, bekv\u00e4mt styre och halkfritt styre med ringklocka<\/li>\n<li>Utrustad med st\u00e4nksk\u00e4rm p\u00e5 framhjulet f\u00f6r att skydda mot st\u00e4nkvatten<\/li>\n<li>Ett f\u00e4llbart fotst\u00f6d p\u00e5 framhjulet f\u00f6r att s\u00e4tta ner f\u00f6tterna<\/li>\n<li>Praktisk flaskh\u00e5llare f\u00f6r vattenflaskor<\/li>\n<li>Montering kr\u00e4vs<\/li>\n<\/ul>\n<h3>Teknisk data:<\/h3>\n<ul>\n<li>Material: aluminiumlegering, metall, plast<\/li>\n<li>F\u00e4rg: Rosa<\/li>\n<li>\u00d6vergripande m\u00e5tt: 112L x 50W x 104H cm<\/li>\n<li>M\u00e5tt sits: 25W x 36H cm<\/li>\n<li>M\u00e5tt p\u00e5 soltak: 45L x 35W cm (ovikt), 15L x 35W cm (hopf\u00e4llt)<\/li>\n<li>K\u00f6rst\u00e5ngens l\u00e4ngd: 90 &#8211; 104 cm<\/li>\n<li>Ryggst\u00f6dsm\u00e5tt: 34,5L x 28W x 10H cm<\/li>\n<li>Fr\u00e4mre korgm\u00e5tt: 18L x 16W x 12H cm<\/li>\n<li>Framhjulsm\u00e5tt: 25,4 cm<\/li>\n<li>Bakhjulsm\u00e5tt: 20,3 cm<\/li>\n<li>Lastkapacitet: 25 kg<\/li>\n<li>Rekommenderad \u00e5lder: 1-5 \u00e5r<\/li>\n<\/ul>\n<h3>Leveransens omfattning:<\/h3>\n<ul>\n<li>1 x trehjuling f\u00f6r barn<\/li>\n<li>1 x Anv\u00e4ndarmanual<\/li>\n<\/ul>\n","protected":false},"excerpt":{"rendered":"<p>Uppt\u00e4ck denna sofistikerade trehjuling f\u00f6r barn! Med fyra olika designs \u00e4r den perfekt f\u00f6r barn fr\u00e5n 18 m\u00e5nader och upp\u00e5t&#8230;<\/p>\n","protected":false},"featured_media":55445,"template":"","meta":[],"product_brand":[],"product_cat":[609,639,640],"product_tag":[],"class_list":{"0":"post-55444","1":"product","2":"type-product","3":"status-publish","4":"has-post-thumbnail","6":"product_cat-baby-barn","7":"product_cat-babyvarld","8":"product_cat-barnvagnar-och-barnvagnar","10":"first","11":"instock","12":"sale","13":"taxable","14":"shipping-taxable","15":"purchasable","16":"product-type-simple"},"yoast_head":"<!-- This site is optimized with the Yoast SEO plugin v25.4 - https:\/\/yoast.com\/wordpress\/plugins\/seo\/ -->\n<title>TRUUSK 6-i-1 Barnvagn med Push Bar - Tak - Rem - F\u00f6rvaringskorg - Fr\u00e5n 18 m\u00e5nader - Rosa - TRUUSK - Hem, Tr\u00e4dg\u00e5rd &amp; Fritid<\/title>\n<meta name=\"robots\" content=\"index, follow, max-snippet:-1, max-image-preview:large, max-video-preview:-1\" \/>\n<link rel=\"canonical\" href=\"https:\/\/truusk.store\/sv\/produkt\/truusk-6-i-1-barnvagn-med-push-bar-tak-rem-forvaringskorg-fran-18-manader-rosa\/\" \/>\n<meta property=\"og:locale\" content=\"sv_SE\" \/>\n<meta property=\"og:type\" content=\"article\" \/>\n<meta property=\"og:title\" content=\"TRUUSK 6-i-1 Barnvagn med Push Bar - Tak - Rem - F\u00f6rvaringskorg - Fr\u00e5n 18 m\u00e5nader - Rosa - TRUUSK - Hem, Tr\u00e4dg\u00e5rd &amp; Fritid\" \/>\n<meta property=\"og:description\" content=\"Uppt\u00e4ck denna sofistikerade trehjuling f\u00f6r barn! Med fyra olika designs \u00e4r den perfekt f\u00f6r barn fr\u00e5n 18 m\u00e5nader och upp\u00e5t...\" \/>\n<meta property=\"og:url\" content=\"https:\/\/truusk.store\/sv\/produkt\/truusk-6-i-1-barnvagn-med-push-bar-tak-rem-forvaringskorg-fran-18-manader-rosa\/\" \/>\n<meta property=\"og:site_name\" content=\"TRUUSK - Hem, Tr\u00e4dg\u00e5rd &amp; Fritid\" \/>\n<meta property=\"article:modified_time\" content=\"2026-03-12T08:40:25+00:00\" \/>\n<meta property=\"og:image\" content=\"https:\/\/i0.wp.com\/truusk.se\/wp-content\/uploads\/2024\/05\/6-i-1-trehjuling-for-barn-med-push-bar-tak-rem-forvaringskorg-18-manader-rosa.webp?fit=800%2C800&ssl=1\" \/>\n\t<meta property=\"og:image:width\" content=\"800\" \/>\n\t<meta property=\"og:image:height\" content=\"800\" \/>\n\t<meta property=\"og:image:type\" content=\"image\/webp\" \/>\n<meta name=\"twitter:card\" content=\"summary_large_image\" \/>\n<meta name=\"twitter:label1\" content=\"Ber\u00e4knad l\u00e4stid\" \/>\n\t<meta name=\"twitter:data1\" content=\"1 minut\" \/>\n<!-- \/ Yoast SEO plugin. -->","yoast_head_json":{"title":"TRUUSK 6-i-1 Barnvagn med Push Bar - Tak - Rem - F\u00f6rvaringskorg - Fr\u00e5n 18 m\u00e5nader - Rosa - TRUUSK - Hem, Tr\u00e4dg\u00e5rd &amp; Fritid","robots":{"index":"index","follow":"follow","max-snippet":"max-snippet:-1","max-image-preview":"max-image-preview:large","max-video-preview":"max-video-preview:-1"},"canonical":"https:\/\/truusk.store\/sv\/produkt\/truusk-6-i-1-barnvagn-med-push-bar-tak-rem-forvaringskorg-fran-18-manader-rosa\/","og_locale":"sv_SE","og_type":"article","og_title":"TRUUSK 6-i-1 Barnvagn med Push Bar - Tak - Rem - F\u00f6rvaringskorg - Fr\u00e5n 18 m\u00e5nader - Rosa - TRUUSK - Hem, Tr\u00e4dg\u00e5rd &amp; Fritid","og_description":"Uppt\u00e4ck denna sofistikerade trehjuling f\u00f6r barn! Med fyra olika designs \u00e4r den perfekt f\u00f6r barn fr\u00e5n 18 m\u00e5nader och upp\u00e5t...","og_url":"https:\/\/truusk.store\/sv\/produkt\/truusk-6-i-1-barnvagn-med-push-bar-tak-rem-forvaringskorg-fran-18-manader-rosa\/","og_site_name":"TRUUSK - Hem, Tr\u00e4dg\u00e5rd &amp; Fritid","article_modified_time":"2026-03-12T08:40:25+00:00","og_image":[{"width":800,"height":800,"url":"https:\/\/i0.wp.com\/truusk.se\/wp-content\/uploads\/2024\/05\/6-i-1-trehjuling-for-barn-med-push-bar-tak-rem-forvaringskorg-18-manader-rosa.webp?fit=800%2C800&ssl=1","type":"image\/webp"}],"twitter_card":"summary_large_image","twitter_misc":{"Ber\u00e4knad l\u00e4stid":"1 minut"},"schema":{"@context":"https:\/\/schema.org","@graph":[{"@type":"WebPage","@id":"https:\/\/truusk.store\/sv\/produkt\/truusk-6-i-1-barnvagn-med-push-bar-tak-rem-forvaringskorg-fran-18-manader-rosa\/","url":"https:\/\/truusk.store\/sv\/produkt\/truusk-6-i-1-barnvagn-med-push-bar-tak-rem-forvaringskorg-fran-18-manader-rosa\/","name":"TRUUSK 6-i-1 Barnvagn med Push Bar - Tak - Rem - F\u00f6rvaringskorg - Fr\u00e5n 18 m\u00e5nader - Rosa - TRUUSK - Hem, Tr\u00e4dg\u00e5rd &amp; Fritid","isPartOf":{"@id":"https:\/\/truusk.store\/sv\/#website"},"primaryImageOfPage":{"@id":"https:\/\/truusk.store\/sv\/produkt\/truusk-6-i-1-barnvagn-med-push-bar-tak-rem-forvaringskorg-fran-18-manader-rosa\/#primaryimage"},"image":{"@id":"https:\/\/truusk.store\/sv\/produkt\/truusk-6-i-1-barnvagn-med-push-bar-tak-rem-forvaringskorg-fran-18-manader-rosa\/#primaryimage"},"thumbnailUrl":"https:\/\/i0.wp.com\/truusk.store\/wp-content\/uploads\/2024\/05\/6-i-1-trehjuling-for-barn-med-push-bar-tak-rem-forvaringskorg-18-manader-rosa.webp?fit=800%2C800&ssl=1","datePublished":"2024-05-23T12:30:10+00:00","dateModified":"2026-03-12T08:40:25+00:00","breadcrumb":{"@id":"https:\/\/truusk.store\/sv\/produkt\/truusk-6-i-1-barnvagn-med-push-bar-tak-rem-forvaringskorg-fran-18-manader-rosa\/#breadcrumb"},"inLanguage":"sv-SE","potentialAction":[{"@type":"ReadAction","target":["https:\/\/truusk.store\/sv\/produkt\/truusk-6-i-1-barnvagn-med-push-bar-tak-rem-forvaringskorg-fran-18-manader-rosa\/"]}]},{"@type":"ImageObject","inLanguage":"sv-SE","@id":"https:\/\/truusk.store\/sv\/produkt\/truusk-6-i-1-barnvagn-med-push-bar-tak-rem-forvaringskorg-fran-18-manader-rosa\/#primaryimage","url":"https:\/\/i0.wp.com\/truusk.store\/wp-content\/uploads\/2024\/05\/6-i-1-trehjuling-for-barn-med-push-bar-tak-rem-forvaringskorg-18-manader-rosa.webp?fit=800%2C800&ssl=1","contentUrl":"https:\/\/i0.wp.com\/truusk.store\/wp-content\/uploads\/2024\/05\/6-i-1-trehjuling-for-barn-med-push-bar-tak-rem-forvaringskorg-18-manader-rosa.webp?fit=800%2C800&ssl=1","width":800,"height":800,"caption":"6-i-1 Trehjuling F\u00f6r Barn Med Push Bar, Tak, Rem, F\u00f6rvaringskorg, 18+ M\u00e5nader, Rosa 1"},{"@type":"BreadcrumbList","@id":"https:\/\/truusk.store\/sv\/produkt\/truusk-6-i-1-barnvagn-med-push-bar-tak-rem-forvaringskorg-fran-18-manader-rosa\/#breadcrumb","itemListElement":[{"@type":"ListItem","position":1,"name":"Home","item":"https:\/\/truusk.store\/sv\/"},{"@type":"ListItem","position":2,"name":"Shop","item":"https:\/\/truusk.store\/shop\/"},{"@type":"ListItem","position":3,"name":"TRUUSK 6-i-1 Barnvagn med Push Bar &#8211; Tak &#8211; Rem &#8211; F\u00f6rvaringskorg &#8211; Fr\u00e5n 18 m\u00e5nader &#8211; Rosa"}]},{"@type":"WebSite","@id":"https:\/\/truusk.store\/sv\/#website","url":"https:\/\/truusk.store\/sv\/","name":"TRUUSK - Hem, Tr\u00e4dg\u00e5rd & Fritid","description":"","publisher":{"@id":"https:\/\/truusk.store\/sv\/#organization"},"potentialAction":[{"@type":"SearchAction","target":{"@type":"EntryPoint","urlTemplate":"https:\/\/truusk.store\/sv\/?s={search_term_string}"},"query-input":{"@type":"PropertyValueSpecification","valueRequired":true,"valueName":"search_term_string"}}],"inLanguage":"sv-SE"},{"@type":"Organization","@id":"https:\/\/truusk.store\/sv\/#organization","name":"TRUUSK - Hem, Tr\u00e4dg\u00e5rd & Fritid","url":"https:\/\/truusk.store\/sv\/","logo":{"@type":"ImageObject","inLanguage":"sv-SE","@id":"https:\/\/truusk.store\/sv\/#\/schema\/logo\/image\/","url":"https:\/\/i0.wp.com\/truusk.store\/wp-content\/uploads\/2026\/03\/cropped-TRUUSK.png?fit=2032%2C917&ssl=1","contentUrl":"https:\/\/i0.wp.com\/truusk.store\/wp-content\/uploads\/2026\/03\/cropped-TRUUSK.png?fit=2032%2C917&ssl=1","width":2032,"height":917,"caption":"TRUUSK - Hem, Tr\u00e4dg\u00e5rd & Fritid"},"image":{"@id":"https:\/\/truusk.store\/sv\/#\/schema\/logo\/image\/"}}]}},"jetpack_sharing_enabled":true,"_links":{"self":[{"href":"https:\/\/truusk.store\/sv\/wp-json\/wp\/v2\/product\/55444","targetHints":{"allow":["GET"]}}],"collection":[{"href":"https:\/\/truusk.store\/sv\/wp-json\/wp\/v2\/product"}],"about":[{"href":"https:\/\/truusk.store\/sv\/wp-json\/wp\/v2\/types\/product"}],"wp:featuredmedia":[{"embeddable":true,"href":"https:\/\/truusk.store\/sv\/wp-json\/wp\/v2\/media\/55445"}],"wp:attachment":[{"href":"https:\/\/truusk.store\/sv\/wp-json\/wp\/v2\/media?parent=55444"}],"wp:term":[{"taxonomy":"product_brand","embeddable":true,"href":"https:\/\/truusk.store\/sv\/wp-json\/wp\/v2\/product_brand?post=55444"},{"taxonomy":"product_cat","embeddable":true,"href":"https:\/\/truusk.store\/sv\/wp-json\/wp\/v2\/product_cat?post=55444"},{"taxonomy":"product_tag","embeddable":true,"href":"https:\/\/truusk.store\/sv\/wp-json\/wp\/v2\/product_tag?post=55444"}],"curies":[{"name":"wp","href":"https:\/\/api.w.org\/{rel}","templated":true}]}}