{"id":55462,"date":"2024-05-23T13:50:09","date_gmt":"2024-05-23T12:50:09","guid":{"rendered":"https:\/\/truusk.store\/product\/6-i-1-trehjuling-for-barn-med-korbygel-tak-rem-forvaringskorg-for-1-5-ar-gra\/"},"modified":"2026-03-12T09:40:22","modified_gmt":"2026-03-12T08:40:22","slug":"truusk-6-i-1-trehjuling-for-barn-med-korbygel-tak-rem-forvaringskorg-for-1-5-ar-gra","status":"publish","type":"product","link":"https:\/\/truusk.store\/sv\/produkt\/truusk-6-i-1-trehjuling-for-barn-med-korbygel-tak-rem-forvaringskorg-for-1-5-ar-gra\/","title":{"rendered":"TRUUSK 6-i-1 Trehjuling f\u00f6r Barn &#8211; Med K\u00f6rbygel, Tak, Rem &#8211; F\u00f6rvaringskorg &#8211; F\u00f6r 1-5 \u00e5r &#8211; Gr\u00e5"},"content":{"rendered":"<p>Uppt\u00e4ck denna eleganta trehjuling f\u00f6r barn som hj\u00e4lper dina sm\u00e5 att f\u00f6rsiktigt ta tag i att k\u00f6ra sj\u00e4lvst\u00e4ndigt! Den robusta metallramen ger s\u00e4ker stabilitet, medan de tre hjulen s\u00e4kerst\u00e4ller perfekt balans. Det rymliga s\u00e4tet och tv\u00e5 styret garanterar komfort och s\u00e4kerhet. Trehjulingens justerbara design g\u00f6r att styret och solskyddet kan tas bort s\u00e5 att ditt barn kan cykla sj\u00e4lvst\u00e4ndigt n\u00e4r de v\u00e4xer i sj\u00e4lvf\u00f6rtroende.<\/p>\n<h3>Beskrivning:<\/h3>\n<ul>\n<li>Tre hjul s\u00e4kerst\u00e4ller optimal balans, medan den solida metallramen ger maximal stabilitet<\/li>\n<li>Trehjulingens s\u00e4te har en s\u00e4kerhetsbygel och ett 5-punkts s\u00e4kerhetsb\u00e4lte<\/li>\n<li>Det avtagbara taket och justerbara k\u00f6rhandtaget, b\u00e5da man\u00f6vrerade av f\u00f6r\u00e4ldrar, erbjuder flexibilitet och komfort<\/li>\n<li>S\u00e4tes\u00f6verdraget p\u00e5 barnens trehjuling \u00e4r avtagbart och tv\u00e4ttbart f\u00f6r att s\u00e4kerst\u00e4lla optimal hygien<\/li>\n<li>St\u00e4nkskydd och f\u00e4llbara fotst\u00f6d p\u00e5 framhjulet ger extra skydd och bekv\u00e4mlighet<\/li>\n<li>En f\u00f6rvaringskorg och en muggh\u00e5llare ger tillr\u00e4ckligt med utrymme f\u00f6r f\u00f6rvaring av snacks, leksaker etc.<\/li>\n<li>Barntrehjulingen \u00e4r l\u00e4mplig f\u00f6r barn i \u00e5ldrarna 1-5 \u00e5r och som v\u00e4ger upp till max 25 kg<\/li>\n<li>Montering kr\u00e4vs<\/li>\n<\/ul>\n<h3>Teknisk data:<\/h3>\n<ul>\n<li>F\u00e4rg gr\u00e5<\/li>\n<li>Material: metall, plast, polyester<\/li>\n<li>M\u00e5tt: 95L x 50W x 106H cm.<\/li>\n<li>Sittbredd: 26B cm<\/li>\n<li>Sitth\u00f6jd, fr\u00e5n golvet: 34H cm<\/li>\n<li>Tak: 46L x 36W cm<\/li>\n<li>K\u00f6rhandtags l\u00e4ngd: 102-106L cm<\/li>\n<li>F\u00f6rvaringskorg: 33L x 21W x 14H cm<\/li>\n<li>Max belastning: 25 kg<\/li>\n<li>Rekommenderad \u00e5lder: 12-60 m\u00e5nader<\/li>\n<li>Kvalificerad \u00e5lder: 9-60 m\u00e5nader<\/li>\n<\/ul>\n<h3>Leveransens omfattning:<\/h3>\n<ul>\n<li>1 x trehjuling<\/li>\n<li>1 x manuell<\/li>\n<\/ul>\n","protected":false},"excerpt":{"rendered":"<p>Uppt\u00e4ck denna eleganta trehjuling f\u00f6r barn som hj\u00e4lper dina sm\u00e5 att f\u00f6rsiktigt ta tag i att k\u00f6ra sj\u00e4lvst\u00e4ndigt! Den robusta&#8230;<\/p>\n","protected":false},"featured_media":55463,"template":"","meta":[],"product_brand":[],"product_cat":[609,639,640],"product_tag":[],"class_list":{"0":"post-55462","1":"product","2":"type-product","3":"status-publish","4":"has-post-thumbnail","6":"product_cat-baby-barn","7":"product_cat-babyvarld","8":"product_cat-barnvagnar-och-barnvagnar","10":"first","11":"instock","12":"sale","13":"taxable","14":"shipping-taxable","15":"purchasable","16":"product-type-simple"},"yoast_head":"<!-- This site is optimized with the Yoast SEO plugin v25.4 - https:\/\/yoast.com\/wordpress\/plugins\/seo\/ -->\n<title>TRUUSK 6-i-1 Trehjuling f\u00f6r Barn - Med K\u00f6rbygel, Tak, Rem - F\u00f6rvaringskorg - F\u00f6r 1-5 \u00e5r - Gr\u00e5 - TRUUSK - Hem, Tr\u00e4dg\u00e5rd &amp; Fritid<\/title>\n<meta name=\"robots\" content=\"index, follow, max-snippet:-1, max-image-preview:large, max-video-preview:-1\" \/>\n<link rel=\"canonical\" href=\"https:\/\/truusk.store\/sv\/produkt\/truusk-6-i-1-trehjuling-for-barn-med-korbygel-tak-rem-forvaringskorg-for-1-5-ar-gra\/\" \/>\n<meta property=\"og:locale\" content=\"sv_SE\" \/>\n<meta property=\"og:type\" content=\"article\" \/>\n<meta property=\"og:title\" content=\"TRUUSK 6-i-1 Trehjuling f\u00f6r Barn - Med K\u00f6rbygel, Tak, Rem - F\u00f6rvaringskorg - F\u00f6r 1-5 \u00e5r - Gr\u00e5 - TRUUSK - Hem, Tr\u00e4dg\u00e5rd &amp; Fritid\" \/>\n<meta property=\"og:description\" content=\"Uppt\u00e4ck denna eleganta trehjuling f\u00f6r barn som hj\u00e4lper dina sm\u00e5 att f\u00f6rsiktigt ta tag i att k\u00f6ra sj\u00e4lvst\u00e4ndigt! Den robusta...\" \/>\n<meta property=\"og:url\" content=\"https:\/\/truusk.store\/sv\/produkt\/truusk-6-i-1-trehjuling-for-barn-med-korbygel-tak-rem-forvaringskorg-for-1-5-ar-gra\/\" \/>\n<meta property=\"og:site_name\" content=\"TRUUSK - Hem, Tr\u00e4dg\u00e5rd &amp; Fritid\" \/>\n<meta property=\"article:modified_time\" content=\"2026-03-12T08:40:22+00:00\" \/>\n<meta property=\"og:image\" content=\"https:\/\/i0.wp.com\/truusk.se\/wp-content\/uploads\/2024\/05\/6-i-1-trehjuling-for-barn-med-korbygel-tak-rem-forvaringskorg-for-1-5-ar-gra.webp?fit=800%2C800&ssl=1\" \/>\n\t<meta property=\"og:image:width\" content=\"800\" \/>\n\t<meta property=\"og:image:height\" content=\"800\" \/>\n\t<meta property=\"og:image:type\" content=\"image\/webp\" \/>\n<meta name=\"twitter:card\" content=\"summary_large_image\" \/>\n<meta name=\"twitter:label1\" content=\"Ber\u00e4knad l\u00e4stid\" \/>\n\t<meta name=\"twitter:data1\" content=\"1 minut\" \/>\n<!-- \/ Yoast SEO plugin. -->","yoast_head_json":{"title":"TRUUSK 6-i-1 Trehjuling f\u00f6r Barn - Med K\u00f6rbygel, Tak, Rem - F\u00f6rvaringskorg - F\u00f6r 1-5 \u00e5r - Gr\u00e5 - TRUUSK - Hem, Tr\u00e4dg\u00e5rd &amp; Fritid","robots":{"index":"index","follow":"follow","max-snippet":"max-snippet:-1","max-image-preview":"max-image-preview:large","max-video-preview":"max-video-preview:-1"},"canonical":"https:\/\/truusk.store\/sv\/produkt\/truusk-6-i-1-trehjuling-for-barn-med-korbygel-tak-rem-forvaringskorg-for-1-5-ar-gra\/","og_locale":"sv_SE","og_type":"article","og_title":"TRUUSK 6-i-1 Trehjuling f\u00f6r Barn - Med K\u00f6rbygel, Tak, Rem - F\u00f6rvaringskorg - F\u00f6r 1-5 \u00e5r - Gr\u00e5 - TRUUSK - Hem, Tr\u00e4dg\u00e5rd &amp; Fritid","og_description":"Uppt\u00e4ck denna eleganta trehjuling f\u00f6r barn som hj\u00e4lper dina sm\u00e5 att f\u00f6rsiktigt ta tag i att k\u00f6ra sj\u00e4lvst\u00e4ndigt! Den robusta...","og_url":"https:\/\/truusk.store\/sv\/produkt\/truusk-6-i-1-trehjuling-for-barn-med-korbygel-tak-rem-forvaringskorg-for-1-5-ar-gra\/","og_site_name":"TRUUSK - Hem, Tr\u00e4dg\u00e5rd &amp; Fritid","article_modified_time":"2026-03-12T08:40:22+00:00","og_image":[{"width":800,"height":800,"url":"https:\/\/i0.wp.com\/truusk.se\/wp-content\/uploads\/2024\/05\/6-i-1-trehjuling-for-barn-med-korbygel-tak-rem-forvaringskorg-for-1-5-ar-gra.webp?fit=800%2C800&ssl=1","type":"image\/webp"}],"twitter_card":"summary_large_image","twitter_misc":{"Ber\u00e4knad l\u00e4stid":"1 minut"},"schema":{"@context":"https:\/\/schema.org","@graph":[{"@type":"WebPage","@id":"https:\/\/truusk.store\/sv\/produkt\/truusk-6-i-1-trehjuling-for-barn-med-korbygel-tak-rem-forvaringskorg-for-1-5-ar-gra\/","url":"https:\/\/truusk.store\/sv\/produkt\/truusk-6-i-1-trehjuling-for-barn-med-korbygel-tak-rem-forvaringskorg-for-1-5-ar-gra\/","name":"TRUUSK 6-i-1 Trehjuling f\u00f6r Barn - Med K\u00f6rbygel, Tak, Rem - F\u00f6rvaringskorg - F\u00f6r 1-5 \u00e5r - Gr\u00e5 - TRUUSK - Hem, Tr\u00e4dg\u00e5rd &amp; Fritid","isPartOf":{"@id":"https:\/\/truusk.store\/sv\/#website"},"primaryImageOfPage":{"@id":"https:\/\/truusk.store\/sv\/produkt\/truusk-6-i-1-trehjuling-for-barn-med-korbygel-tak-rem-forvaringskorg-for-1-5-ar-gra\/#primaryimage"},"image":{"@id":"https:\/\/truusk.store\/sv\/produkt\/truusk-6-i-1-trehjuling-for-barn-med-korbygel-tak-rem-forvaringskorg-for-1-5-ar-gra\/#primaryimage"},"thumbnailUrl":"https:\/\/i0.wp.com\/truusk.store\/wp-content\/uploads\/2024\/05\/6-i-1-trehjuling-for-barn-med-korbygel-tak-rem-forvaringskorg-for-1-5-ar-gra.webp?fit=800%2C800&ssl=1","datePublished":"2024-05-23T12:50:09+00:00","dateModified":"2026-03-12T08:40:22+00:00","breadcrumb":{"@id":"https:\/\/truusk.store\/sv\/produkt\/truusk-6-i-1-trehjuling-for-barn-med-korbygel-tak-rem-forvaringskorg-for-1-5-ar-gra\/#breadcrumb"},"inLanguage":"sv-SE","potentialAction":[{"@type":"ReadAction","target":["https:\/\/truusk.store\/sv\/produkt\/truusk-6-i-1-trehjuling-for-barn-med-korbygel-tak-rem-forvaringskorg-for-1-5-ar-gra\/"]}]},{"@type":"ImageObject","inLanguage":"sv-SE","@id":"https:\/\/truusk.store\/sv\/produkt\/truusk-6-i-1-trehjuling-for-barn-med-korbygel-tak-rem-forvaringskorg-for-1-5-ar-gra\/#primaryimage","url":"https:\/\/i0.wp.com\/truusk.store\/wp-content\/uploads\/2024\/05\/6-i-1-trehjuling-for-barn-med-korbygel-tak-rem-forvaringskorg-for-1-5-ar-gra.webp?fit=800%2C800&ssl=1","contentUrl":"https:\/\/i0.wp.com\/truusk.store\/wp-content\/uploads\/2024\/05\/6-i-1-trehjuling-for-barn-med-korbygel-tak-rem-forvaringskorg-for-1-5-ar-gra.webp?fit=800%2C800&ssl=1","width":800,"height":800,"caption":"6-i-1 Trehjuling F\u00f6r Barn Med K\u00f6rbygel, Tak, Rem, F\u00f6rvaringskorg, F\u00f6r 1-5 \u00e5r, Gr\u00e5 1"},{"@type":"BreadcrumbList","@id":"https:\/\/truusk.store\/sv\/produkt\/truusk-6-i-1-trehjuling-for-barn-med-korbygel-tak-rem-forvaringskorg-for-1-5-ar-gra\/#breadcrumb","itemListElement":[{"@type":"ListItem","position":1,"name":"Home","item":"https:\/\/truusk.store\/sv\/"},{"@type":"ListItem","position":2,"name":"Shop","item":"https:\/\/truusk.store\/shop\/"},{"@type":"ListItem","position":3,"name":"TRUUSK 6-i-1 Trehjuling f\u00f6r Barn &#8211; Med K\u00f6rbygel, Tak, Rem &#8211; F\u00f6rvaringskorg &#8211; F\u00f6r 1-5 \u00e5r &#8211; Gr\u00e5"}]},{"@type":"WebSite","@id":"https:\/\/truusk.store\/sv\/#website","url":"https:\/\/truusk.store\/sv\/","name":"TRUUSK - Hem, Tr\u00e4dg\u00e5rd & Fritid","description":"","publisher":{"@id":"https:\/\/truusk.store\/sv\/#organization"},"potentialAction":[{"@type":"SearchAction","target":{"@type":"EntryPoint","urlTemplate":"https:\/\/truusk.store\/sv\/?s={search_term_string}"},"query-input":{"@type":"PropertyValueSpecification","valueRequired":true,"valueName":"search_term_string"}}],"inLanguage":"sv-SE"},{"@type":"Organization","@id":"https:\/\/truusk.store\/sv\/#organization","name":"TRUUSK - Hem, Tr\u00e4dg\u00e5rd & Fritid","url":"https:\/\/truusk.store\/sv\/","logo":{"@type":"ImageObject","inLanguage":"sv-SE","@id":"https:\/\/truusk.store\/sv\/#\/schema\/logo\/image\/","url":"https:\/\/i0.wp.com\/truusk.store\/wp-content\/uploads\/2026\/03\/cropped-TRUUSK.png?fit=2032%2C917&ssl=1","contentUrl":"https:\/\/i0.wp.com\/truusk.store\/wp-content\/uploads\/2026\/03\/cropped-TRUUSK.png?fit=2032%2C917&ssl=1","width":2032,"height":917,"caption":"TRUUSK - Hem, Tr\u00e4dg\u00e5rd & Fritid"},"image":{"@id":"https:\/\/truusk.store\/sv\/#\/schema\/logo\/image\/"}}]}},"jetpack_sharing_enabled":true,"_links":{"self":[{"href":"https:\/\/truusk.store\/sv\/wp-json\/wp\/v2\/product\/55462","targetHints":{"allow":["GET"]}}],"collection":[{"href":"https:\/\/truusk.store\/sv\/wp-json\/wp\/v2\/product"}],"about":[{"href":"https:\/\/truusk.store\/sv\/wp-json\/wp\/v2\/types\/product"}],"wp:featuredmedia":[{"embeddable":true,"href":"https:\/\/truusk.store\/sv\/wp-json\/wp\/v2\/media\/55463"}],"wp:attachment":[{"href":"https:\/\/truusk.store\/sv\/wp-json\/wp\/v2\/media?parent=55462"}],"wp:term":[{"taxonomy":"product_brand","embeddable":true,"href":"https:\/\/truusk.store\/sv\/wp-json\/wp\/v2\/product_brand?post=55462"},{"taxonomy":"product_cat","embeddable":true,"href":"https:\/\/truusk.store\/sv\/wp-json\/wp\/v2\/product_cat?post=55462"},{"taxonomy":"product_tag","embeddable":true,"href":"https:\/\/truusk.store\/sv\/wp-json\/wp\/v2\/product_tag?post=55462"}],"curies":[{"name":"wp","href":"https:\/\/api.w.org\/{rel}","templated":true}]}}