{"id":55469,"date":"2024-05-23T14:00:10","date_gmt":"2024-05-23T13:00:10","guid":{"rendered":"https:\/\/truusk.store\/product\/6-i-1-trehjuling-for-barn-med-korbygel-tak-rem-forvaringskorg-for-1-5-ar-vit\/"},"modified":"2026-03-12T09:40:11","modified_gmt":"2026-03-12T08:40:11","slug":"truusk-6-i-1-barnvagn-med-korbygel-och-tak-rem-forvaringskorg-for-1-5-ar-vit","status":"publish","type":"product","link":"https:\/\/truusk.store\/sv\/produkt\/truusk-6-i-1-barnvagn-med-korbygel-och-tak-rem-forvaringskorg-for-1-5-ar-vit\/","title":{"rendered":"TRUUSK 6-i-1 Barnvagn med K\u00f6rbygel och Tak &#8211; Rem &#8211; F\u00f6rvaringskorg &#8211; F\u00f6r 1-5 \u00e5r &#8211; Vit"},"content":{"rendered":"<p>Uppt\u00e4ck o\u00e4ndliga n\u00f6jen och \u00e4ventyr med den multifunktionella trehjulingen f\u00f6r barn! Denna m\u00e5ngsidiga trehjuling f\u00f6rvandlas fr\u00e5n en cykel till en barnvagn p\u00e5 ett \u00f6gonblick och erbjuder din lilla \u00e4ventyrare o\u00e4ndliga m\u00f6jligheter. Den introducerar f\u00f6rsiktigt ditt barn till att k\u00f6ra sj\u00e4lvst\u00e4ndigt, med s\u00e4kerhet alltid h\u00f6gsta prioritet. Den praktiska f\u00f6rvaringskorgen g\u00f6r att du enkelt kan f\u00f6rvara en matl\u00e5da, sandleksaker eller en dricksflaska.<\/p>\n<h3>Beskrivning:<\/h3>\n<ul>\n<li>Trehjulingens flexibla 6-i-1-design v\u00e4xer med ditt barn och erbjuder o\u00f6vertr\u00e4ffat k\u00f6rgl\u00e4dje<\/li>\n<li>Barnens trehjuling med avtagbara tryckst\u00e5ng g\u00f6r att f\u00f6r\u00e4ldrarna kan kontrollera f\u00e4rdriktningen utan anstr\u00e4ngning<\/li>\n<li>5-punktsb\u00e4ltet och klickaktiverad parkeringsbroms s\u00e4kerst\u00e4ller barnets s\u00e4kerhet under k\u00f6rning<\/li>\n<li>Robusta EVA-hjul garanterar en tyst och mjuk k\u00f6rning<\/li>\n<li>Det vikbara solskyddet m\u00f6jligg\u00f6r enkel f\u00f6rvaring och bekv\u00e4m transport<\/li>\n<li>Integrerad korg f\u00f6r att ta med dig leksaker eller snacks p\u00e5 spr\u00e5ng<\/li>\n<li>Det breda s\u00e4tet och det h\u00f6ga ryggst\u00f6det ger en bekv\u00e4m k\u00f6rupplevelse<\/li>\n<li>L\u00e4mplig f\u00f6r barn i \u00e5ldrarna 1 till 5 \u00e5r<\/li>\n<\/ul>\n<h3>Teknisk data:<\/h3>\n<ul>\n<li>F\u00e4rg vit<\/li>\n<li>Material: metall, plast, polyester<\/li>\n<li>\u00d6vergripande m\u00e5tt: 105L x 47W x 98H cm<\/li>\n<li>Tak: 50L x 39W cm<\/li>\n<li>Sits: 26W x 37H cm<\/li>\n<li>Ryggst\u00f6d: 20W x 32H cm<\/li>\n<li>Tryckhandtag: 98L cm<\/li>\n<li>Korg: 31W x 20D x 20H cm<\/li>\n<li>Hjul: 10&#8243; (fram), 8&#8243; (bak)<\/li>\n<li>Max belastning: 25 kg<\/li>\n<li>Rekommenderad \u00e5lder: 12-60 m\u00e5nader<\/li>\n<li>Kvalificerad \u00e5lder: 9-60 m\u00e5nader<\/li>\n<\/ul>\n<h3>Leveransens omfattning:<\/h3>\n<ul>\n<li>1 x trehjuling f\u00f6r barn<\/li>\n<li>1 x Tyg\u00f6verdrag<\/li>\n<li>1 x manuell<\/li>\n<\/ul>\n","protected":false},"excerpt":{"rendered":"<p>Uppt\u00e4ck o\u00e4ndliga n\u00f6jen och \u00e4ventyr med den multifunktionella trehjulingen f\u00f6r barn! Denna m\u00e5ngsidiga trehjuling f\u00f6rvandlas fr\u00e5n en cykel till en&#8230;<\/p>\n","protected":false},"featured_media":55470,"template":"","meta":[],"product_brand":[],"product_cat":[609,639,640],"product_tag":[],"class_list":{"0":"post-55469","1":"product","2":"type-product","3":"status-publish","4":"has-post-thumbnail","6":"product_cat-baby-barn","7":"product_cat-babyvarld","8":"product_cat-barnvagnar-och-barnvagnar","10":"first","11":"instock","12":"sale","13":"taxable","14":"shipping-taxable","15":"purchasable","16":"product-type-simple"},"yoast_head":"<!-- This site is optimized with the Yoast SEO plugin v25.4 - https:\/\/yoast.com\/wordpress\/plugins\/seo\/ -->\n<title>TRUUSK 6-i-1 Barnvagn med K\u00f6rbygel och Tak - Rem - F\u00f6rvaringskorg - F\u00f6r 1-5 \u00e5r - Vit - TRUUSK - Hem, Tr\u00e4dg\u00e5rd &amp; Fritid<\/title>\n<meta name=\"robots\" content=\"index, follow, max-snippet:-1, max-image-preview:large, max-video-preview:-1\" \/>\n<link rel=\"canonical\" href=\"https:\/\/truusk.store\/sv\/produkt\/truusk-6-i-1-barnvagn-med-korbygel-och-tak-rem-forvaringskorg-for-1-5-ar-vit\/\" \/>\n<meta property=\"og:locale\" content=\"sv_SE\" \/>\n<meta property=\"og:type\" content=\"article\" \/>\n<meta property=\"og:title\" content=\"TRUUSK 6-i-1 Barnvagn med K\u00f6rbygel och Tak - Rem - F\u00f6rvaringskorg - F\u00f6r 1-5 \u00e5r - Vit - TRUUSK - Hem, Tr\u00e4dg\u00e5rd &amp; Fritid\" \/>\n<meta property=\"og:description\" content=\"Uppt\u00e4ck o\u00e4ndliga n\u00f6jen och \u00e4ventyr med den multifunktionella trehjulingen f\u00f6r barn! Denna m\u00e5ngsidiga trehjuling f\u00f6rvandlas fr\u00e5n en cykel till en...\" \/>\n<meta property=\"og:url\" content=\"https:\/\/truusk.store\/sv\/produkt\/truusk-6-i-1-barnvagn-med-korbygel-och-tak-rem-forvaringskorg-for-1-5-ar-vit\/\" \/>\n<meta property=\"og:site_name\" content=\"TRUUSK - Hem, Tr\u00e4dg\u00e5rd &amp; Fritid\" \/>\n<meta property=\"article:modified_time\" content=\"2026-03-12T08:40:11+00:00\" \/>\n<meta property=\"og:image\" content=\"https:\/\/i0.wp.com\/truusk.se\/wp-content\/uploads\/2024\/05\/6-i-1-trehjuling-for-barn-med-korbygel-tak-rem-forvaringskorg-for-1-5-ar-vit.webp?fit=800%2C800&ssl=1\" \/>\n\t<meta property=\"og:image:width\" content=\"800\" \/>\n\t<meta property=\"og:image:height\" content=\"800\" \/>\n\t<meta property=\"og:image:type\" content=\"image\/webp\" \/>\n<meta name=\"twitter:card\" content=\"summary_large_image\" \/>\n<meta name=\"twitter:label1\" content=\"Ber\u00e4knad l\u00e4stid\" \/>\n\t<meta name=\"twitter:data1\" content=\"1 minut\" \/>\n<!-- \/ Yoast SEO plugin. -->","yoast_head_json":{"title":"TRUUSK 6-i-1 Barnvagn med K\u00f6rbygel och Tak - Rem - F\u00f6rvaringskorg - F\u00f6r 1-5 \u00e5r - Vit - TRUUSK - Hem, Tr\u00e4dg\u00e5rd &amp; Fritid","robots":{"index":"index","follow":"follow","max-snippet":"max-snippet:-1","max-image-preview":"max-image-preview:large","max-video-preview":"max-video-preview:-1"},"canonical":"https:\/\/truusk.store\/sv\/produkt\/truusk-6-i-1-barnvagn-med-korbygel-och-tak-rem-forvaringskorg-for-1-5-ar-vit\/","og_locale":"sv_SE","og_type":"article","og_title":"TRUUSK 6-i-1 Barnvagn med K\u00f6rbygel och Tak - Rem - F\u00f6rvaringskorg - F\u00f6r 1-5 \u00e5r - Vit - TRUUSK - Hem, Tr\u00e4dg\u00e5rd &amp; Fritid","og_description":"Uppt\u00e4ck o\u00e4ndliga n\u00f6jen och \u00e4ventyr med den multifunktionella trehjulingen f\u00f6r barn! Denna m\u00e5ngsidiga trehjuling f\u00f6rvandlas fr\u00e5n en cykel till en...","og_url":"https:\/\/truusk.store\/sv\/produkt\/truusk-6-i-1-barnvagn-med-korbygel-och-tak-rem-forvaringskorg-for-1-5-ar-vit\/","og_site_name":"TRUUSK - Hem, Tr\u00e4dg\u00e5rd &amp; Fritid","article_modified_time":"2026-03-12T08:40:11+00:00","og_image":[{"width":800,"height":800,"url":"https:\/\/i0.wp.com\/truusk.se\/wp-content\/uploads\/2024\/05\/6-i-1-trehjuling-for-barn-med-korbygel-tak-rem-forvaringskorg-for-1-5-ar-vit.webp?fit=800%2C800&ssl=1","type":"image\/webp"}],"twitter_card":"summary_large_image","twitter_misc":{"Ber\u00e4knad l\u00e4stid":"1 minut"},"schema":{"@context":"https:\/\/schema.org","@graph":[{"@type":"WebPage","@id":"https:\/\/truusk.store\/sv\/produkt\/truusk-6-i-1-barnvagn-med-korbygel-och-tak-rem-forvaringskorg-for-1-5-ar-vit\/","url":"https:\/\/truusk.store\/sv\/produkt\/truusk-6-i-1-barnvagn-med-korbygel-och-tak-rem-forvaringskorg-for-1-5-ar-vit\/","name":"TRUUSK 6-i-1 Barnvagn med K\u00f6rbygel och Tak - Rem - F\u00f6rvaringskorg - F\u00f6r 1-5 \u00e5r - Vit - TRUUSK - Hem, Tr\u00e4dg\u00e5rd &amp; Fritid","isPartOf":{"@id":"https:\/\/truusk.store\/sv\/#website"},"primaryImageOfPage":{"@id":"https:\/\/truusk.store\/sv\/produkt\/truusk-6-i-1-barnvagn-med-korbygel-och-tak-rem-forvaringskorg-for-1-5-ar-vit\/#primaryimage"},"image":{"@id":"https:\/\/truusk.store\/sv\/produkt\/truusk-6-i-1-barnvagn-med-korbygel-och-tak-rem-forvaringskorg-for-1-5-ar-vit\/#primaryimage"},"thumbnailUrl":"https:\/\/i0.wp.com\/truusk.store\/wp-content\/uploads\/2024\/05\/6-i-1-trehjuling-for-barn-med-korbygel-tak-rem-forvaringskorg-for-1-5-ar-vit.webp?fit=800%2C800&ssl=1","datePublished":"2024-05-23T13:00:10+00:00","dateModified":"2026-03-12T08:40:11+00:00","breadcrumb":{"@id":"https:\/\/truusk.store\/sv\/produkt\/truusk-6-i-1-barnvagn-med-korbygel-och-tak-rem-forvaringskorg-for-1-5-ar-vit\/#breadcrumb"},"inLanguage":"sv-SE","potentialAction":[{"@type":"ReadAction","target":["https:\/\/truusk.store\/sv\/produkt\/truusk-6-i-1-barnvagn-med-korbygel-och-tak-rem-forvaringskorg-for-1-5-ar-vit\/"]}]},{"@type":"ImageObject","inLanguage":"sv-SE","@id":"https:\/\/truusk.store\/sv\/produkt\/truusk-6-i-1-barnvagn-med-korbygel-och-tak-rem-forvaringskorg-for-1-5-ar-vit\/#primaryimage","url":"https:\/\/i0.wp.com\/truusk.store\/wp-content\/uploads\/2024\/05\/6-i-1-trehjuling-for-barn-med-korbygel-tak-rem-forvaringskorg-for-1-5-ar-vit.webp?fit=800%2C800&ssl=1","contentUrl":"https:\/\/i0.wp.com\/truusk.store\/wp-content\/uploads\/2024\/05\/6-i-1-trehjuling-for-barn-med-korbygel-tak-rem-forvaringskorg-for-1-5-ar-vit.webp?fit=800%2C800&ssl=1","width":800,"height":800,"caption":"6-i-1 Trehjuling F\u00f6r Barn Med K\u00f6rbygel, Tak, Rem, F\u00f6rvaringskorg, F\u00f6r 1-5 \u00e5r, Vit 1"},{"@type":"BreadcrumbList","@id":"https:\/\/truusk.store\/sv\/produkt\/truusk-6-i-1-barnvagn-med-korbygel-och-tak-rem-forvaringskorg-for-1-5-ar-vit\/#breadcrumb","itemListElement":[{"@type":"ListItem","position":1,"name":"Home","item":"https:\/\/truusk.store\/sv\/"},{"@type":"ListItem","position":2,"name":"Shop","item":"https:\/\/truusk.store\/shop\/"},{"@type":"ListItem","position":3,"name":"TRUUSK 6-i-1 Barnvagn med K\u00f6rbygel och Tak &#8211; Rem &#8211; F\u00f6rvaringskorg &#8211; F\u00f6r 1-5 \u00e5r &#8211; Vit"}]},{"@type":"WebSite","@id":"https:\/\/truusk.store\/sv\/#website","url":"https:\/\/truusk.store\/sv\/","name":"TRUUSK - Hem, Tr\u00e4dg\u00e5rd & Fritid","description":"","publisher":{"@id":"https:\/\/truusk.store\/sv\/#organization"},"potentialAction":[{"@type":"SearchAction","target":{"@type":"EntryPoint","urlTemplate":"https:\/\/truusk.store\/sv\/?s={search_term_string}"},"query-input":{"@type":"PropertyValueSpecification","valueRequired":true,"valueName":"search_term_string"}}],"inLanguage":"sv-SE"},{"@type":"Organization","@id":"https:\/\/truusk.store\/sv\/#organization","name":"TRUUSK - Hem, Tr\u00e4dg\u00e5rd & Fritid","url":"https:\/\/truusk.store\/sv\/","logo":{"@type":"ImageObject","inLanguage":"sv-SE","@id":"https:\/\/truusk.store\/sv\/#\/schema\/logo\/image\/","url":"https:\/\/i0.wp.com\/truusk.store\/wp-content\/uploads\/2026\/03\/cropped-TRUUSK.png?fit=2032%2C917&ssl=1","contentUrl":"https:\/\/i0.wp.com\/truusk.store\/wp-content\/uploads\/2026\/03\/cropped-TRUUSK.png?fit=2032%2C917&ssl=1","width":2032,"height":917,"caption":"TRUUSK - Hem, Tr\u00e4dg\u00e5rd & Fritid"},"image":{"@id":"https:\/\/truusk.store\/sv\/#\/schema\/logo\/image\/"}}]}},"jetpack_sharing_enabled":true,"_links":{"self":[{"href":"https:\/\/truusk.store\/sv\/wp-json\/wp\/v2\/product\/55469","targetHints":{"allow":["GET"]}}],"collection":[{"href":"https:\/\/truusk.store\/sv\/wp-json\/wp\/v2\/product"}],"about":[{"href":"https:\/\/truusk.store\/sv\/wp-json\/wp\/v2\/types\/product"}],"wp:featuredmedia":[{"embeddable":true,"href":"https:\/\/truusk.store\/sv\/wp-json\/wp\/v2\/media\/55470"}],"wp:attachment":[{"href":"https:\/\/truusk.store\/sv\/wp-json\/wp\/v2\/media?parent=55469"}],"wp:term":[{"taxonomy":"product_brand","embeddable":true,"href":"https:\/\/truusk.store\/sv\/wp-json\/wp\/v2\/product_brand?post=55469"},{"taxonomy":"product_cat","embeddable":true,"href":"https:\/\/truusk.store\/sv\/wp-json\/wp\/v2\/product_cat?post=55469"},{"taxonomy":"product_tag","embeddable":true,"href":"https:\/\/truusk.store\/sv\/wp-json\/wp\/v2\/product_tag?post=55469"}],"curies":[{"name":"wp","href":"https:\/\/api.w.org\/{rel}","templated":true}]}}