{"id":55476,"date":"2024-05-23T14:10:10","date_gmt":"2024-05-23T13:10:10","guid":{"rendered":"https:\/\/truusk.store\/product\/skank-byra-5-lador-lackerad-yta-mdf-furu-70-x-38-x-85-cm-vit\/"},"modified":"2026-03-12T09:36:44","modified_gmt":"2026-03-12T08:36:44","slug":"truusk-skank-5-lador-lackerad-yta-mdf-furu-70x38x85-cm-vit","status":"publish","type":"product","link":"https:\/\/truusk.store\/sv\/produkt\/truusk-skank-5-lador-lackerad-yta-mdf-furu-70x38x85-cm-vit\/","title":{"rendered":"TRUUSK Sk\u00e4nk &#8211; 5 l\u00e5dor &#8211; Lackerad yta &#8211; MDF &amp; furu &#8211; 70x38x85 cm &#8211; Vit"},"content":{"rendered":"<p>Ge ditt hem liv med denna oemotst\u00e5ndligt charmiga byr\u00e5! L\u00e5dsk\u00e5pets chica design i tidl\u00f6sa f\u00e4rger passar s\u00f6ml\u00f6st in i din inredning och erbjuder gener\u00f6st f\u00f6rvaringsutrymme med tre stora och tv\u00e5 sm\u00e5 l\u00e5dor. H\u00e5ll dina kl\u00e4der, b\u00f6cker och br\u00e4dspel snyggt f\u00f6rvarade samtidigt som du utnyttjar det tillg\u00e4ngliga utrymmet perfekt &#8211; en smakfull och elegant kombination av estetik och funktion!<\/p>\n<h3>Beskrivning:<\/h3>\n<ul>\n<li>2 sm\u00e5 och 3 stora l\u00e5dor ger plats f\u00f6r kl\u00e4der, nycklar, tidningar och andra vardagssaker<\/li>\n<li>Tillverkad av MDF-h\u00f6lje och ramar i furu f\u00f6r stabilitet och robusthet<\/li>\n<li>Lutningsskydd p\u00e5 byr\u00e5n ger extra stabilitet<\/li>\n<li>M\u00e5ngsidig anv\u00e4ndning som sk\u00e4nk, bokhylla, byr\u00e5 med mera<\/li>\n<li>Neutrala f\u00e4rger p\u00e5 f\u00f6rvaringssk\u00e5pet ger en tidl\u00f6s och chic touch<\/li>\n<li>Perfekt f\u00f6r vardagsrum, sovrum, hallar och mycket mer. m.<\/li>\n<li>Lackering av de nedre l\u00e5dorna bevarar tr\u00e4ets naturliga \u00e5dring<\/li>\n<li>Montering kr\u00e4vs<\/li>\n<\/ul>\n<h3>Teknisk data:<\/h3>\n<ul>\n<li>F\u00e4rg: Vit+M\u00f6rkbrun<\/li>\n<li>Material: MDF, furu<\/li>\n<li>\u00d6vergripande m\u00e5tt: 38D x 70W x 85H cm<\/li>\n<li>Innerm\u00e5tt (liten l\u00e5da): 28,7D x 24,7B x 10H cm<\/li>\n<li>Innerm\u00e5tt (stor l\u00e5da): 28,7D x 54,9B x 10H cm<\/li>\n<li>Markfrig\u00e5ng: 8 cm<\/li>\n<li>Lastkapacitet: 20 kg (\u00f6versta hyllan), 5 kg (l\u00e5da)<\/li>\n<\/ul>\n<h3>Leveransens omfattning:<\/h3>\n<ul>\n<li>1 x byr\u00e5<\/li>\n<li>1 x Instruktioner<\/li>\n<\/ul>\n","protected":false},"excerpt":{"rendered":"<p>Ge ditt hem liv med denna oemotst\u00e5ndligt charmiga byr\u00e5! L\u00e5dsk\u00e5pets chica design i tidl\u00f6sa f\u00e4rger passar s\u00f6ml\u00f6st in i din&#8230;<\/p>\n","protected":false},"featured_media":55477,"template":"","meta":[],"product_brand":[],"product_cat":[531,485,528],"product_tag":[],"class_list":{"0":"post-55476","1":"product","2":"type-product","3":"status-publish","4":"has-post-thumbnail","6":"product_cat-byraer","7":"product_cat-hus-bo","8":"product_cat-skap-byraer","10":"first","11":"instock","12":"sale","13":"taxable","14":"shipping-taxable","15":"purchasable","16":"product-type-simple"},"yoast_head":"<!-- This site is optimized with the Yoast SEO plugin v25.4 - https:\/\/yoast.com\/wordpress\/plugins\/seo\/ -->\n<title>TRUUSK Sk\u00e4nk - 5 l\u00e5dor - Lackerad yta - MDF &amp; furu - 70x38x85 cm - Vit - TRUUSK - Hem, Tr\u00e4dg\u00e5rd &amp; Fritid<\/title>\n<meta name=\"robots\" content=\"index, follow, max-snippet:-1, max-image-preview:large, max-video-preview:-1\" \/>\n<link rel=\"canonical\" href=\"https:\/\/truusk.store\/sv\/produkt\/truusk-skank-5-lador-lackerad-yta-mdf-furu-70x38x85-cm-vit\/\" \/>\n<meta property=\"og:locale\" content=\"sv_SE\" \/>\n<meta property=\"og:type\" content=\"article\" \/>\n<meta property=\"og:title\" content=\"TRUUSK Sk\u00e4nk - 5 l\u00e5dor - Lackerad yta - MDF &amp; furu - 70x38x85 cm - Vit - TRUUSK - Hem, Tr\u00e4dg\u00e5rd &amp; Fritid\" \/>\n<meta property=\"og:description\" content=\"Ge ditt hem liv med denna oemotst\u00e5ndligt charmiga byr\u00e5! L\u00e5dsk\u00e5pets chica design i tidl\u00f6sa f\u00e4rger passar s\u00f6ml\u00f6st in i din...\" \/>\n<meta property=\"og:url\" content=\"https:\/\/truusk.store\/sv\/produkt\/truusk-skank-5-lador-lackerad-yta-mdf-furu-70x38x85-cm-vit\/\" \/>\n<meta property=\"og:site_name\" content=\"TRUUSK - Hem, Tr\u00e4dg\u00e5rd &amp; Fritid\" \/>\n<meta property=\"article:modified_time\" content=\"2026-03-12T08:36:44+00:00\" \/>\n<meta property=\"og:image\" content=\"https:\/\/i0.wp.com\/truusk.se\/wp-content\/uploads\/2024\/05\/skank-byra-5-lador-lackerad-yta-mdf-furu-70-x-38-x-85-cm-vit.webp?fit=800%2C800&ssl=1\" \/>\n\t<meta property=\"og:image:width\" content=\"800\" \/>\n\t<meta property=\"og:image:height\" content=\"800\" \/>\n\t<meta property=\"og:image:type\" content=\"image\/webp\" \/>\n<meta name=\"twitter:card\" content=\"summary_large_image\" \/>\n<meta name=\"twitter:label1\" content=\"Ber\u00e4knad l\u00e4stid\" \/>\n\t<meta name=\"twitter:data1\" content=\"1 minut\" \/>\n<!-- \/ Yoast SEO plugin. -->","yoast_head_json":{"title":"TRUUSK Sk\u00e4nk - 5 l\u00e5dor - Lackerad yta - MDF &amp; furu - 70x38x85 cm - Vit - TRUUSK - Hem, Tr\u00e4dg\u00e5rd &amp; Fritid","robots":{"index":"index","follow":"follow","max-snippet":"max-snippet:-1","max-image-preview":"max-image-preview:large","max-video-preview":"max-video-preview:-1"},"canonical":"https:\/\/truusk.store\/sv\/produkt\/truusk-skank-5-lador-lackerad-yta-mdf-furu-70x38x85-cm-vit\/","og_locale":"sv_SE","og_type":"article","og_title":"TRUUSK Sk\u00e4nk - 5 l\u00e5dor - Lackerad yta - MDF &amp; furu - 70x38x85 cm - Vit - TRUUSK - Hem, Tr\u00e4dg\u00e5rd &amp; Fritid","og_description":"Ge ditt hem liv med denna oemotst\u00e5ndligt charmiga byr\u00e5! L\u00e5dsk\u00e5pets chica design i tidl\u00f6sa f\u00e4rger passar s\u00f6ml\u00f6st in i din...","og_url":"https:\/\/truusk.store\/sv\/produkt\/truusk-skank-5-lador-lackerad-yta-mdf-furu-70x38x85-cm-vit\/","og_site_name":"TRUUSK - Hem, Tr\u00e4dg\u00e5rd &amp; Fritid","article_modified_time":"2026-03-12T08:36:44+00:00","og_image":[{"width":800,"height":800,"url":"https:\/\/i0.wp.com\/truusk.se\/wp-content\/uploads\/2024\/05\/skank-byra-5-lador-lackerad-yta-mdf-furu-70-x-38-x-85-cm-vit.webp?fit=800%2C800&ssl=1","type":"image\/webp"}],"twitter_card":"summary_large_image","twitter_misc":{"Ber\u00e4knad l\u00e4stid":"1 minut"},"schema":{"@context":"https:\/\/schema.org","@graph":[{"@type":"WebPage","@id":"https:\/\/truusk.store\/sv\/produkt\/truusk-skank-5-lador-lackerad-yta-mdf-furu-70x38x85-cm-vit\/","url":"https:\/\/truusk.store\/sv\/produkt\/truusk-skank-5-lador-lackerad-yta-mdf-furu-70x38x85-cm-vit\/","name":"TRUUSK Sk\u00e4nk - 5 l\u00e5dor - Lackerad yta - MDF &amp; furu - 70x38x85 cm - Vit - TRUUSK - Hem, Tr\u00e4dg\u00e5rd &amp; Fritid","isPartOf":{"@id":"https:\/\/truusk.store\/sv\/#website"},"primaryImageOfPage":{"@id":"https:\/\/truusk.store\/sv\/produkt\/truusk-skank-5-lador-lackerad-yta-mdf-furu-70x38x85-cm-vit\/#primaryimage"},"image":{"@id":"https:\/\/truusk.store\/sv\/produkt\/truusk-skank-5-lador-lackerad-yta-mdf-furu-70x38x85-cm-vit\/#primaryimage"},"thumbnailUrl":"https:\/\/i0.wp.com\/truusk.store\/wp-content\/uploads\/2024\/05\/skank-byra-5-lador-lackerad-yta-mdf-furu-70-x-38-x-85-cm-vit.webp?fit=800%2C800&ssl=1","datePublished":"2024-05-23T13:10:10+00:00","dateModified":"2026-03-12T08:36:44+00:00","breadcrumb":{"@id":"https:\/\/truusk.store\/sv\/produkt\/truusk-skank-5-lador-lackerad-yta-mdf-furu-70x38x85-cm-vit\/#breadcrumb"},"inLanguage":"sv-SE","potentialAction":[{"@type":"ReadAction","target":["https:\/\/truusk.store\/sv\/produkt\/truusk-skank-5-lador-lackerad-yta-mdf-furu-70x38x85-cm-vit\/"]}]},{"@type":"ImageObject","inLanguage":"sv-SE","@id":"https:\/\/truusk.store\/sv\/produkt\/truusk-skank-5-lador-lackerad-yta-mdf-furu-70x38x85-cm-vit\/#primaryimage","url":"https:\/\/i0.wp.com\/truusk.store\/wp-content\/uploads\/2024\/05\/skank-byra-5-lador-lackerad-yta-mdf-furu-70-x-38-x-85-cm-vit.webp?fit=800%2C800&ssl=1","contentUrl":"https:\/\/i0.wp.com\/truusk.store\/wp-content\/uploads\/2024\/05\/skank-byra-5-lador-lackerad-yta-mdf-furu-70-x-38-x-85-cm-vit.webp?fit=800%2C800&ssl=1","width":800,"height":800,"caption":"Sk\u00e4nk, Byr\u00e5, 5 L\u00e5dor, Lackerad Yta, MDF &amp; Furu, 70 X 38 X 85 Cm, Vit 1"},{"@type":"BreadcrumbList","@id":"https:\/\/truusk.store\/sv\/produkt\/truusk-skank-5-lador-lackerad-yta-mdf-furu-70x38x85-cm-vit\/#breadcrumb","itemListElement":[{"@type":"ListItem","position":1,"name":"Home","item":"https:\/\/truusk.store\/sv\/"},{"@type":"ListItem","position":2,"name":"Shop","item":"https:\/\/truusk.store\/shop\/"},{"@type":"ListItem","position":3,"name":"TRUUSK Sk\u00e4nk &#8211; 5 l\u00e5dor &#8211; Lackerad yta &#8211; MDF &amp; furu &#8211; 70x38x85 cm &#8211; Vit"}]},{"@type":"WebSite","@id":"https:\/\/truusk.store\/sv\/#website","url":"https:\/\/truusk.store\/sv\/","name":"TRUUSK - Hem, Tr\u00e4dg\u00e5rd & Fritid","description":"","publisher":{"@id":"https:\/\/truusk.store\/sv\/#organization"},"potentialAction":[{"@type":"SearchAction","target":{"@type":"EntryPoint","urlTemplate":"https:\/\/truusk.store\/sv\/?s={search_term_string}"},"query-input":{"@type":"PropertyValueSpecification","valueRequired":true,"valueName":"search_term_string"}}],"inLanguage":"sv-SE"},{"@type":"Organization","@id":"https:\/\/truusk.store\/sv\/#organization","name":"TRUUSK - Hem, Tr\u00e4dg\u00e5rd & Fritid","url":"https:\/\/truusk.store\/sv\/","logo":{"@type":"ImageObject","inLanguage":"sv-SE","@id":"https:\/\/truusk.store\/sv\/#\/schema\/logo\/image\/","url":"https:\/\/i0.wp.com\/truusk.store\/wp-content\/uploads\/2026\/03\/cropped-TRUUSK.png?fit=2032%2C917&ssl=1","contentUrl":"https:\/\/i0.wp.com\/truusk.store\/wp-content\/uploads\/2026\/03\/cropped-TRUUSK.png?fit=2032%2C917&ssl=1","width":2032,"height":917,"caption":"TRUUSK - Hem, Tr\u00e4dg\u00e5rd & Fritid"},"image":{"@id":"https:\/\/truusk.store\/sv\/#\/schema\/logo\/image\/"}}]}},"jetpack_sharing_enabled":true,"_links":{"self":[{"href":"https:\/\/truusk.store\/sv\/wp-json\/wp\/v2\/product\/55476","targetHints":{"allow":["GET"]}}],"collection":[{"href":"https:\/\/truusk.store\/sv\/wp-json\/wp\/v2\/product"}],"about":[{"href":"https:\/\/truusk.store\/sv\/wp-json\/wp\/v2\/types\/product"}],"wp:featuredmedia":[{"embeddable":true,"href":"https:\/\/truusk.store\/sv\/wp-json\/wp\/v2\/media\/55477"}],"wp:attachment":[{"href":"https:\/\/truusk.store\/sv\/wp-json\/wp\/v2\/media?parent=55476"}],"wp:term":[{"taxonomy":"product_brand","embeddable":true,"href":"https:\/\/truusk.store\/sv\/wp-json\/wp\/v2\/product_brand?post=55476"},{"taxonomy":"product_cat","embeddable":true,"href":"https:\/\/truusk.store\/sv\/wp-json\/wp\/v2\/product_cat?post=55476"},{"taxonomy":"product_tag","embeddable":true,"href":"https:\/\/truusk.store\/sv\/wp-json\/wp\/v2\/product_tag?post=55476"}],"curies":[{"name":"wp","href":"https:\/\/api.w.org\/{rel}","templated":true}]}}