{"id":55483,"date":"2024-05-23T14:20:10","date_gmt":"2024-05-23T13:20:10","guid":{"rendered":"https:\/\/truusk.store\/product\/bordtennisbord-hopfallbart-inkl-2-racketar-3-bollar-nat-inomhus-utomhus-metallstomme-274x152x76cm-bla\/"},"modified":"2026-03-12T09:36:22","modified_gmt":"2026-03-12T08:36:22","slug":"truusk-bordtennisbord-hopfallbart-inkl-2-racketar-3-bollar-nat-inomhus-utomhus-metallstomme-274x152x76cm-bla","status":"publish","type":"product","link":"https:\/\/truusk.store\/sv\/produkt\/truusk-bordtennisbord-hopfallbart-inkl-2-racketar-3-bollar-nat-inomhus-utomhus-metallstomme-274x152x76cm-bla\/","title":{"rendered":"TRUUSK Bordtennisbord &#8211; Hopf\u00e4llbart &#8211; Inkl 2 Racketar, 3 Bollar &#8211; N\u00e4t &#8211; Inomhus &amp; Utomhus &#8211; Metallstomme &#8211; 274x152x76cm &#8211; Bl\u00e5"},"content":{"rendered":"<p>Uppt\u00e4ck det roliga med bordtennisbordet som kan demonteras i fyra delar f\u00f6r ultrakompakt f\u00f6rvaring. Med justerbara f\u00f6tter f\u00f6r en perfekt spelyta, \u00e4ven p\u00e5 oj\u00e4mna underlag. Ta bort bordtennisn\u00e4tet och f\u00f6rvandla bordtennisbordet till ett utomhusmatbord f\u00f6r spontana snacks eller ett spelbord f\u00f6r fantastiska br\u00e4dspel &#8211; perfekt f\u00f6r hela familjen!<\/p>\n<h3>Beskrivning:<\/h3>\n<ul>\n<li>F\u00e4lls ihop i fyra riktningar och tar mindre plats \u00e4n traditionella bordtennisbord<\/li>\n<li>Justerbara f\u00f6tter p\u00e5 bordtennisbordet anpassar sig till oj\u00e4mna ytor f\u00f6r att s\u00e4kerst\u00e4lla en stabil spelupplevelse<\/li>\n<li>Avtagbart mesh g\u00f6r att det kan anv\u00e4ndas som mat- eller spelbord, beroende p\u00e5 dina behov<\/li>\n<li>Kompakt design av bordtennisbordet f\u00f6r sm\u00e5 utrymmen och enkel transport, perfekt f\u00f6r inomhus- och utomhusbruk<\/li>\n<li>St\u00e5lram garanterar s\u00e4kert spel och m\u00e5nga \u00e5rs njutning<\/li>\n<li>Enkel montering kr\u00e4vs<\/li>\n<\/ul>\n<h3>Teknisk data:<\/h3>\n<ul>\n<li>F\u00e4rg bl\u00e5<\/li>\n<li>Material: MDF, st\u00e5l<\/li>\n<li>Totala m\u00e5tt: 274L x 152,5W x 76Hcm<\/li>\n<li>Vikstorlek: 137L x 76,3W x 10Tcm<\/li>\n<li>Nettoh\u00f6jd: 16 cm<\/li>\n<li>Lastkapacitet: 50 kg<\/li>\n<\/ul>\n<h3>Leveransens omfattning:<\/h3>\n<ul>\n<li>1 x bordtennisbord<\/li>\n<li>2 x racketar<\/li>\n<li>3 x bordtennisbollar<\/li>\n<li>1 x n\u00e4t<\/li>\n<li>1 x manuell<\/li>\n<\/ul>\n","protected":false},"excerpt":{"rendered":"<p>Uppt\u00e4ck det roliga med bordtennisbordet som kan demonteras i fyra delar f\u00f6r ultrakompakt f\u00f6rvaring. Med justerbara f\u00f6tter f\u00f6r en perfekt&#8230;<\/p>\n","protected":false},"featured_media":55484,"template":"","meta":[],"product_brand":[],"product_cat":[656,508,647],"product_tag":[],"class_list":{"0":"post-55483","1":"product","2":"type-product","3":"status-publish","4":"has-post-thumbnail","6":"product_cat-spel-hobby","7":"product_cat-spelbord","8":"product_cat-sport-fritid","10":"first","11":"instock","12":"sale","13":"taxable","14":"shipping-taxable","15":"purchasable","16":"product-type-simple"},"yoast_head":"<!-- This site is optimized with the Yoast SEO plugin v25.4 - https:\/\/yoast.com\/wordpress\/plugins\/seo\/ -->\n<title>TRUUSK Bordtennisbord - Hopf\u00e4llbart - Inkl 2 Racketar, 3 Bollar - N\u00e4t - Inomhus &amp; Utomhus - Metallstomme - 274x152x76cm - Bl\u00e5 - TRUUSK - Hem, Tr\u00e4dg\u00e5rd &amp; Fritid<\/title>\n<meta name=\"robots\" content=\"index, follow, max-snippet:-1, max-image-preview:large, max-video-preview:-1\" \/>\n<link rel=\"canonical\" href=\"https:\/\/truusk.store\/sv\/produkt\/truusk-bordtennisbord-hopfallbart-inkl-2-racketar-3-bollar-nat-inomhus-utomhus-metallstomme-274x152x76cm-bla\/\" \/>\n<meta property=\"og:locale\" content=\"sv_SE\" \/>\n<meta property=\"og:type\" content=\"article\" \/>\n<meta property=\"og:title\" content=\"TRUUSK Bordtennisbord - Hopf\u00e4llbart - Inkl 2 Racketar, 3 Bollar - N\u00e4t - Inomhus &amp; Utomhus - Metallstomme - 274x152x76cm - Bl\u00e5 - TRUUSK - Hem, Tr\u00e4dg\u00e5rd &amp; Fritid\" \/>\n<meta property=\"og:description\" content=\"Uppt\u00e4ck det roliga med bordtennisbordet som kan demonteras i fyra delar f\u00f6r ultrakompakt f\u00f6rvaring. Med justerbara f\u00f6tter f\u00f6r en perfekt...\" \/>\n<meta property=\"og:url\" content=\"https:\/\/truusk.store\/sv\/produkt\/truusk-bordtennisbord-hopfallbart-inkl-2-racketar-3-bollar-nat-inomhus-utomhus-metallstomme-274x152x76cm-bla\/\" \/>\n<meta property=\"og:site_name\" content=\"TRUUSK - Hem, Tr\u00e4dg\u00e5rd &amp; Fritid\" \/>\n<meta property=\"article:modified_time\" content=\"2026-03-12T08:36:22+00:00\" \/>\n<meta property=\"og:image\" content=\"https:\/\/i0.wp.com\/truusk.se\/wp-content\/uploads\/2024\/05\/bordtennisbord-hopfallbart-inkl-2-racketar-3-bollar-nat-inomhus-utomhus-metallstomme-274x152x76cm-bla.webp?fit=800%2C800&ssl=1\" \/>\n\t<meta property=\"og:image:width\" content=\"800\" \/>\n\t<meta property=\"og:image:height\" content=\"800\" \/>\n\t<meta property=\"og:image:type\" content=\"image\/webp\" \/>\n<meta name=\"twitter:card\" content=\"summary_large_image\" \/>\n<meta name=\"twitter:label1\" content=\"Ber\u00e4knad l\u00e4stid\" \/>\n\t<meta name=\"twitter:data1\" content=\"1 minut\" \/>\n<!-- \/ Yoast SEO plugin. -->","yoast_head_json":{"title":"TRUUSK Bordtennisbord - Hopf\u00e4llbart - Inkl 2 Racketar, 3 Bollar - N\u00e4t - Inomhus &amp; Utomhus - Metallstomme - 274x152x76cm - Bl\u00e5 - TRUUSK - Hem, Tr\u00e4dg\u00e5rd &amp; Fritid","robots":{"index":"index","follow":"follow","max-snippet":"max-snippet:-1","max-image-preview":"max-image-preview:large","max-video-preview":"max-video-preview:-1"},"canonical":"https:\/\/truusk.store\/sv\/produkt\/truusk-bordtennisbord-hopfallbart-inkl-2-racketar-3-bollar-nat-inomhus-utomhus-metallstomme-274x152x76cm-bla\/","og_locale":"sv_SE","og_type":"article","og_title":"TRUUSK Bordtennisbord - Hopf\u00e4llbart - Inkl 2 Racketar, 3 Bollar - N\u00e4t - Inomhus &amp; Utomhus - Metallstomme - 274x152x76cm - Bl\u00e5 - TRUUSK - Hem, Tr\u00e4dg\u00e5rd &amp; Fritid","og_description":"Uppt\u00e4ck det roliga med bordtennisbordet som kan demonteras i fyra delar f\u00f6r ultrakompakt f\u00f6rvaring. Med justerbara f\u00f6tter f\u00f6r en perfekt...","og_url":"https:\/\/truusk.store\/sv\/produkt\/truusk-bordtennisbord-hopfallbart-inkl-2-racketar-3-bollar-nat-inomhus-utomhus-metallstomme-274x152x76cm-bla\/","og_site_name":"TRUUSK - Hem, Tr\u00e4dg\u00e5rd &amp; Fritid","article_modified_time":"2026-03-12T08:36:22+00:00","og_image":[{"width":800,"height":800,"url":"https:\/\/i0.wp.com\/truusk.se\/wp-content\/uploads\/2024\/05\/bordtennisbord-hopfallbart-inkl-2-racketar-3-bollar-nat-inomhus-utomhus-metallstomme-274x152x76cm-bla.webp?fit=800%2C800&ssl=1","type":"image\/webp"}],"twitter_card":"summary_large_image","twitter_misc":{"Ber\u00e4knad l\u00e4stid":"1 minut"},"schema":{"@context":"https:\/\/schema.org","@graph":[{"@type":"WebPage","@id":"https:\/\/truusk.store\/sv\/produkt\/truusk-bordtennisbord-hopfallbart-inkl-2-racketar-3-bollar-nat-inomhus-utomhus-metallstomme-274x152x76cm-bla\/","url":"https:\/\/truusk.store\/sv\/produkt\/truusk-bordtennisbord-hopfallbart-inkl-2-racketar-3-bollar-nat-inomhus-utomhus-metallstomme-274x152x76cm-bla\/","name":"TRUUSK Bordtennisbord - Hopf\u00e4llbart - Inkl 2 Racketar, 3 Bollar - N\u00e4t - Inomhus &amp; Utomhus - Metallstomme - 274x152x76cm - Bl\u00e5 - TRUUSK - Hem, Tr\u00e4dg\u00e5rd &amp; Fritid","isPartOf":{"@id":"https:\/\/truusk.store\/sv\/#website"},"primaryImageOfPage":{"@id":"https:\/\/truusk.store\/sv\/produkt\/truusk-bordtennisbord-hopfallbart-inkl-2-racketar-3-bollar-nat-inomhus-utomhus-metallstomme-274x152x76cm-bla\/#primaryimage"},"image":{"@id":"https:\/\/truusk.store\/sv\/produkt\/truusk-bordtennisbord-hopfallbart-inkl-2-racketar-3-bollar-nat-inomhus-utomhus-metallstomme-274x152x76cm-bla\/#primaryimage"},"thumbnailUrl":"https:\/\/i0.wp.com\/truusk.store\/wp-content\/uploads\/2024\/05\/bordtennisbord-hopfallbart-inkl-2-racketar-3-bollar-nat-inomhus-utomhus-metallstomme-274x152x76cm-bla.webp?fit=800%2C800&ssl=1","datePublished":"2024-05-23T13:20:10+00:00","dateModified":"2026-03-12T08:36:22+00:00","breadcrumb":{"@id":"https:\/\/truusk.store\/sv\/produkt\/truusk-bordtennisbord-hopfallbart-inkl-2-racketar-3-bollar-nat-inomhus-utomhus-metallstomme-274x152x76cm-bla\/#breadcrumb"},"inLanguage":"sv-SE","potentialAction":[{"@type":"ReadAction","target":["https:\/\/truusk.store\/sv\/produkt\/truusk-bordtennisbord-hopfallbart-inkl-2-racketar-3-bollar-nat-inomhus-utomhus-metallstomme-274x152x76cm-bla\/"]}]},{"@type":"ImageObject","inLanguage":"sv-SE","@id":"https:\/\/truusk.store\/sv\/produkt\/truusk-bordtennisbord-hopfallbart-inkl-2-racketar-3-bollar-nat-inomhus-utomhus-metallstomme-274x152x76cm-bla\/#primaryimage","url":"https:\/\/i0.wp.com\/truusk.store\/wp-content\/uploads\/2024\/05\/bordtennisbord-hopfallbart-inkl-2-racketar-3-bollar-nat-inomhus-utomhus-metallstomme-274x152x76cm-bla.webp?fit=800%2C800&ssl=1","contentUrl":"https:\/\/i0.wp.com\/truusk.store\/wp-content\/uploads\/2024\/05\/bordtennisbord-hopfallbart-inkl-2-racketar-3-bollar-nat-inomhus-utomhus-metallstomme-274x152x76cm-bla.webp?fit=800%2C800&ssl=1","width":800,"height":800,"caption":"Bordtennisbord, Hopf\u00e4llbart, Inkl 2 Racketar, 3 Bollar, N\u00e4t, Inomhus &amp; Utomhus, Metallstomme, 274x152x76cm, Bl\u00e5. 1"},{"@type":"BreadcrumbList","@id":"https:\/\/truusk.store\/sv\/produkt\/truusk-bordtennisbord-hopfallbart-inkl-2-racketar-3-bollar-nat-inomhus-utomhus-metallstomme-274x152x76cm-bla\/#breadcrumb","itemListElement":[{"@type":"ListItem","position":1,"name":"Home","item":"https:\/\/truusk.store\/sv\/"},{"@type":"ListItem","position":2,"name":"Shop","item":"https:\/\/truusk.store\/shop\/"},{"@type":"ListItem","position":3,"name":"TRUUSK Bordtennisbord &#8211; Hopf\u00e4llbart &#8211; Inkl 2 Racketar, 3 Bollar &#8211; N\u00e4t &#8211; Inomhus &amp; Utomhus &#8211; Metallstomme &#8211; 274x152x76cm &#8211; Bl\u00e5"}]},{"@type":"WebSite","@id":"https:\/\/truusk.store\/sv\/#website","url":"https:\/\/truusk.store\/sv\/","name":"TRUUSK - Hem, Tr\u00e4dg\u00e5rd & Fritid","description":"","publisher":{"@id":"https:\/\/truusk.store\/sv\/#organization"},"potentialAction":[{"@type":"SearchAction","target":{"@type":"EntryPoint","urlTemplate":"https:\/\/truusk.store\/sv\/?s={search_term_string}"},"query-input":{"@type":"PropertyValueSpecification","valueRequired":true,"valueName":"search_term_string"}}],"inLanguage":"sv-SE"},{"@type":"Organization","@id":"https:\/\/truusk.store\/sv\/#organization","name":"TRUUSK - Hem, Tr\u00e4dg\u00e5rd & Fritid","url":"https:\/\/truusk.store\/sv\/","logo":{"@type":"ImageObject","inLanguage":"sv-SE","@id":"https:\/\/truusk.store\/sv\/#\/schema\/logo\/image\/","url":"https:\/\/i0.wp.com\/truusk.store\/wp-content\/uploads\/2026\/03\/cropped-TRUUSK.png?fit=2032%2C917&ssl=1","contentUrl":"https:\/\/i0.wp.com\/truusk.store\/wp-content\/uploads\/2026\/03\/cropped-TRUUSK.png?fit=2032%2C917&ssl=1","width":2032,"height":917,"caption":"TRUUSK - Hem, Tr\u00e4dg\u00e5rd & Fritid"},"image":{"@id":"https:\/\/truusk.store\/sv\/#\/schema\/logo\/image\/"}}]}},"jetpack_sharing_enabled":true,"_links":{"self":[{"href":"https:\/\/truusk.store\/sv\/wp-json\/wp\/v2\/product\/55483","targetHints":{"allow":["GET"]}}],"collection":[{"href":"https:\/\/truusk.store\/sv\/wp-json\/wp\/v2\/product"}],"about":[{"href":"https:\/\/truusk.store\/sv\/wp-json\/wp\/v2\/types\/product"}],"wp:featuredmedia":[{"embeddable":true,"href":"https:\/\/truusk.store\/sv\/wp-json\/wp\/v2\/media\/55484"}],"wp:attachment":[{"href":"https:\/\/truusk.store\/sv\/wp-json\/wp\/v2\/media?parent=55483"}],"wp:term":[{"taxonomy":"product_brand","embeddable":true,"href":"https:\/\/truusk.store\/sv\/wp-json\/wp\/v2\/product_brand?post=55483"},{"taxonomy":"product_cat","embeddable":true,"href":"https:\/\/truusk.store\/sv\/wp-json\/wp\/v2\/product_cat?post=55483"},{"taxonomy":"product_tag","embeddable":true,"href":"https:\/\/truusk.store\/sv\/wp-json\/wp\/v2\/product_tag?post=55483"}],"curies":[{"name":"wp","href":"https:\/\/api.w.org\/{rel}","templated":true}]}}