{"id":55506,"date":"2024-05-23T14:40:08","date_gmt":"2024-05-23T13:40:08","guid":{"rendered":"https:\/\/truusk.store\/product\/badrumsskap-badrumsskap-toalettskap-40-cm-x-38-cm-x-160-cm-vit\/"},"modified":"2026-03-12T09:36:39","modified_gmt":"2026-03-12T08:36:39","slug":"truusk-badrumsskap-40x38x160-cm-vit-for-badrum-och-toalett","status":"publish","type":"product","link":"https:\/\/truusk.store\/sv\/produkt\/truusk-badrumsskap-40x38x160-cm-vit-for-badrum-och-toalett\/","title":{"rendered":"TRUUSK Badrumssk\u00e5p &#8211; 40x38x160 cm &#8211; Vit &#8211; F\u00f6r Badrum och Toalett"},"content":{"rendered":"<p>Detta fantastiskt praktiska h\u00f6gsk\u00e5p kommer s\u00e4kerligen att bli en h\u00f6jdpunkt i ditt badrum. Det enkla vita badrumssk\u00e5pet passar b\u00e5de traditionella och moderna interi\u00f6rer. Den \u00e4r tillverkad av h\u00f6gkvalitativ, m\u00e5lad sp\u00e5nskiva, som k\u00e4nnetecknas av sin speciella robusthet och stabilitet. F\u00f6r ytterligare s\u00e4kerhet kan den f\u00e4stas p\u00e5 v\u00e4ggen med ett lutningsskydd. Med en h\u00f6jd p\u00e5 160 cm utnyttjar sk\u00e5pet utrymmet h\u00f6gst upp.<\/p>\n<h3>Beskrivning:<\/h3>\n<ul>\n<li>Tidl\u00f6s, modern design av toalettsk\u00e5pet i klassiskt vitt: passar perfekt in i alla milj\u00f6er<\/li>\n<li>Tillverkad av h\u00f6gkvalitativ m\u00e5lad sp\u00e5nskiva: robust och l\u00e4tt att reng\u00f6ra<\/li>\n<li>Sk\u00e5p med d\u00f6rr och 2 fack, 3 \u00f6ppna hyllor<\/li>\n<li>Perfekt f\u00f6r badrum, vardagsrum och hall<\/li>\n<li>Litet utrymmesbehov: F\u00f6rvaringssk\u00e5pet utnyttjar utrymmet i toppen<\/li>\n<li>Enkel och snabb montering<\/li>\n<\/ul>\n<h3>Teknisk data:<\/h3>\n<ul>\n<li>Material: MDF<\/li>\n<li>F\u00e4rg vit<\/li>\n<li>\u00d6vergripande m\u00e5tt: 38D x 40W x 160H cm<\/li>\n<li>M\u00e5tt per \u00f6ppen hylla: 36D x 34,5W x 25H cm<\/li>\n<li>M\u00e5tt per hylla i sk\u00e5pet: 36D x 34,5W x 33,5\/35H cm<\/li>\n<li>Max lastkapacitet: 20 kg<\/li>\n<\/ul>\n<h3>Leveransens omfattning:<\/h3>\n<ul>\n<li>1 x Sk\u00e5p<\/li>\n<li>1 x Monteringsanvisning<\/li>\n<\/ul>\n","protected":false},"excerpt":{"rendered":"<p>Detta fantastiskt praktiska h\u00f6gsk\u00e5p kommer s\u00e4kerligen att bli en h\u00f6jdpunkt i ditt badrum. Det enkla vita badrumssk\u00e5pet passar b\u00e5de traditionella&#8230;<\/p>\n","protected":false},"featured_media":55507,"template":"","meta":[],"product_brand":[],"product_cat":[535,485,528],"product_tag":[],"class_list":{"0":"post-55506","1":"product","2":"type-product","3":"status-publish","4":"has-post-thumbnail","6":"product_cat-badrumsskap","7":"product_cat-hus-bo","8":"product_cat-skap-byraer","10":"first","11":"instock","12":"sale","13":"taxable","14":"shipping-taxable","15":"purchasable","16":"product-type-simple"},"yoast_head":"<!-- This site is optimized with the Yoast SEO plugin v25.4 - https:\/\/yoast.com\/wordpress\/plugins\/seo\/ -->\n<title>TRUUSK Badrumssk\u00e5p - 40x38x160 cm - Vit - F\u00f6r Badrum och Toalett - TRUUSK - Hem, Tr\u00e4dg\u00e5rd &amp; Fritid<\/title>\n<meta name=\"robots\" content=\"index, follow, max-snippet:-1, max-image-preview:large, max-video-preview:-1\" \/>\n<link rel=\"canonical\" href=\"https:\/\/truusk.store\/sv\/produkt\/truusk-badrumsskap-40x38x160-cm-vit-for-badrum-och-toalett\/\" \/>\n<meta property=\"og:locale\" content=\"sv_SE\" \/>\n<meta property=\"og:type\" content=\"article\" \/>\n<meta property=\"og:title\" content=\"TRUUSK Badrumssk\u00e5p - 40x38x160 cm - Vit - F\u00f6r Badrum och Toalett - TRUUSK - Hem, Tr\u00e4dg\u00e5rd &amp; Fritid\" \/>\n<meta property=\"og:description\" content=\"Detta fantastiskt praktiska h\u00f6gsk\u00e5p kommer s\u00e4kerligen att bli en h\u00f6jdpunkt i ditt badrum. Det enkla vita badrumssk\u00e5pet passar b\u00e5de traditionella...\" \/>\n<meta property=\"og:url\" content=\"https:\/\/truusk.store\/sv\/produkt\/truusk-badrumsskap-40x38x160-cm-vit-for-badrum-och-toalett\/\" \/>\n<meta property=\"og:site_name\" content=\"TRUUSK - Hem, Tr\u00e4dg\u00e5rd &amp; Fritid\" \/>\n<meta property=\"article:modified_time\" content=\"2026-03-12T08:36:39+00:00\" \/>\n<meta property=\"og:image\" content=\"https:\/\/i0.wp.com\/truusk.se\/wp-content\/uploads\/2024\/05\/badrumsskap-badrumsskap-toalettskap-40-cm-x-38-cm-x-160-cm-vit.webp?fit=800%2C800&ssl=1\" \/>\n\t<meta property=\"og:image:width\" content=\"800\" \/>\n\t<meta property=\"og:image:height\" content=\"800\" \/>\n\t<meta property=\"og:image:type\" content=\"image\/webp\" \/>\n<meta name=\"twitter:card\" content=\"summary_large_image\" \/>\n<meta name=\"twitter:label1\" content=\"Ber\u00e4knad l\u00e4stid\" \/>\n\t<meta name=\"twitter:data1\" content=\"1 minut\" \/>\n<!-- \/ Yoast SEO plugin. -->","yoast_head_json":{"title":"TRUUSK Badrumssk\u00e5p - 40x38x160 cm - Vit - F\u00f6r Badrum och Toalett - TRUUSK - Hem, Tr\u00e4dg\u00e5rd &amp; Fritid","robots":{"index":"index","follow":"follow","max-snippet":"max-snippet:-1","max-image-preview":"max-image-preview:large","max-video-preview":"max-video-preview:-1"},"canonical":"https:\/\/truusk.store\/sv\/produkt\/truusk-badrumsskap-40x38x160-cm-vit-for-badrum-och-toalett\/","og_locale":"sv_SE","og_type":"article","og_title":"TRUUSK Badrumssk\u00e5p - 40x38x160 cm - Vit - F\u00f6r Badrum och Toalett - TRUUSK - Hem, Tr\u00e4dg\u00e5rd &amp; Fritid","og_description":"Detta fantastiskt praktiska h\u00f6gsk\u00e5p kommer s\u00e4kerligen att bli en h\u00f6jdpunkt i ditt badrum. Det enkla vita badrumssk\u00e5pet passar b\u00e5de traditionella...","og_url":"https:\/\/truusk.store\/sv\/produkt\/truusk-badrumsskap-40x38x160-cm-vit-for-badrum-och-toalett\/","og_site_name":"TRUUSK - Hem, Tr\u00e4dg\u00e5rd &amp; Fritid","article_modified_time":"2026-03-12T08:36:39+00:00","og_image":[{"width":800,"height":800,"url":"https:\/\/i0.wp.com\/truusk.se\/wp-content\/uploads\/2024\/05\/badrumsskap-badrumsskap-toalettskap-40-cm-x-38-cm-x-160-cm-vit.webp?fit=800%2C800&ssl=1","type":"image\/webp"}],"twitter_card":"summary_large_image","twitter_misc":{"Ber\u00e4knad l\u00e4stid":"1 minut"},"schema":{"@context":"https:\/\/schema.org","@graph":[{"@type":"WebPage","@id":"https:\/\/truusk.store\/sv\/produkt\/truusk-badrumsskap-40x38x160-cm-vit-for-badrum-och-toalett\/","url":"https:\/\/truusk.store\/sv\/produkt\/truusk-badrumsskap-40x38x160-cm-vit-for-badrum-och-toalett\/","name":"TRUUSK Badrumssk\u00e5p - 40x38x160 cm - Vit - F\u00f6r Badrum och Toalett - TRUUSK - Hem, Tr\u00e4dg\u00e5rd &amp; Fritid","isPartOf":{"@id":"https:\/\/truusk.store\/sv\/#website"},"primaryImageOfPage":{"@id":"https:\/\/truusk.store\/sv\/produkt\/truusk-badrumsskap-40x38x160-cm-vit-for-badrum-och-toalett\/#primaryimage"},"image":{"@id":"https:\/\/truusk.store\/sv\/produkt\/truusk-badrumsskap-40x38x160-cm-vit-for-badrum-och-toalett\/#primaryimage"},"thumbnailUrl":"https:\/\/i0.wp.com\/truusk.store\/wp-content\/uploads\/2024\/05\/badrumsskap-badrumsskap-toalettskap-40-cm-x-38-cm-x-160-cm-vit.webp?fit=800%2C800&ssl=1","datePublished":"2024-05-23T13:40:08+00:00","dateModified":"2026-03-12T08:36:39+00:00","breadcrumb":{"@id":"https:\/\/truusk.store\/sv\/produkt\/truusk-badrumsskap-40x38x160-cm-vit-for-badrum-och-toalett\/#breadcrumb"},"inLanguage":"sv-SE","potentialAction":[{"@type":"ReadAction","target":["https:\/\/truusk.store\/sv\/produkt\/truusk-badrumsskap-40x38x160-cm-vit-for-badrum-och-toalett\/"]}]},{"@type":"ImageObject","inLanguage":"sv-SE","@id":"https:\/\/truusk.store\/sv\/produkt\/truusk-badrumsskap-40x38x160-cm-vit-for-badrum-och-toalett\/#primaryimage","url":"https:\/\/i0.wp.com\/truusk.store\/wp-content\/uploads\/2024\/05\/badrumsskap-badrumsskap-toalettskap-40-cm-x-38-cm-x-160-cm-vit.webp?fit=800%2C800&ssl=1","contentUrl":"https:\/\/i0.wp.com\/truusk.store\/wp-content\/uploads\/2024\/05\/badrumsskap-badrumsskap-toalettskap-40-cm-x-38-cm-x-160-cm-vit.webp?fit=800%2C800&ssl=1","width":800,"height":800,"caption":"Badrumssk\u00e5p, Badrumssk\u00e5p, Toalettsk\u00e5p, 40 Cm X 38 Cm X 160 Cm, Vit 1"},{"@type":"BreadcrumbList","@id":"https:\/\/truusk.store\/sv\/produkt\/truusk-badrumsskap-40x38x160-cm-vit-for-badrum-och-toalett\/#breadcrumb","itemListElement":[{"@type":"ListItem","position":1,"name":"Home","item":"https:\/\/truusk.store\/sv\/"},{"@type":"ListItem","position":2,"name":"Shop","item":"https:\/\/truusk.store\/shop\/"},{"@type":"ListItem","position":3,"name":"TRUUSK Badrumssk\u00e5p &#8211; 40x38x160 cm &#8211; Vit &#8211; F\u00f6r Badrum och Toalett"}]},{"@type":"WebSite","@id":"https:\/\/truusk.store\/sv\/#website","url":"https:\/\/truusk.store\/sv\/","name":"TRUUSK - Hem, Tr\u00e4dg\u00e5rd & Fritid","description":"","publisher":{"@id":"https:\/\/truusk.store\/sv\/#organization"},"potentialAction":[{"@type":"SearchAction","target":{"@type":"EntryPoint","urlTemplate":"https:\/\/truusk.store\/sv\/?s={search_term_string}"},"query-input":{"@type":"PropertyValueSpecification","valueRequired":true,"valueName":"search_term_string"}}],"inLanguage":"sv-SE"},{"@type":"Organization","@id":"https:\/\/truusk.store\/sv\/#organization","name":"TRUUSK - Hem, Tr\u00e4dg\u00e5rd & Fritid","url":"https:\/\/truusk.store\/sv\/","logo":{"@type":"ImageObject","inLanguage":"sv-SE","@id":"https:\/\/truusk.store\/sv\/#\/schema\/logo\/image\/","url":"https:\/\/i0.wp.com\/truusk.store\/wp-content\/uploads\/2026\/03\/cropped-TRUUSK.png?fit=2032%2C917&ssl=1","contentUrl":"https:\/\/i0.wp.com\/truusk.store\/wp-content\/uploads\/2026\/03\/cropped-TRUUSK.png?fit=2032%2C917&ssl=1","width":2032,"height":917,"caption":"TRUUSK - Hem, Tr\u00e4dg\u00e5rd & Fritid"},"image":{"@id":"https:\/\/truusk.store\/sv\/#\/schema\/logo\/image\/"}}]}},"jetpack_sharing_enabled":true,"_links":{"self":[{"href":"https:\/\/truusk.store\/sv\/wp-json\/wp\/v2\/product\/55506","targetHints":{"allow":["GET"]}}],"collection":[{"href":"https:\/\/truusk.store\/sv\/wp-json\/wp\/v2\/product"}],"about":[{"href":"https:\/\/truusk.store\/sv\/wp-json\/wp\/v2\/types\/product"}],"wp:featuredmedia":[{"embeddable":true,"href":"https:\/\/truusk.store\/sv\/wp-json\/wp\/v2\/media\/55507"}],"wp:attachment":[{"href":"https:\/\/truusk.store\/sv\/wp-json\/wp\/v2\/media?parent=55506"}],"wp:term":[{"taxonomy":"product_brand","embeddable":true,"href":"https:\/\/truusk.store\/sv\/wp-json\/wp\/v2\/product_brand?post=55506"},{"taxonomy":"product_cat","embeddable":true,"href":"https:\/\/truusk.store\/sv\/wp-json\/wp\/v2\/product_cat?post=55506"},{"taxonomy":"product_tag","embeddable":true,"href":"https:\/\/truusk.store\/sv\/wp-json\/wp\/v2\/product_tag?post=55506"}],"curies":[{"name":"wp","href":"https:\/\/api.w.org\/{rel}","templated":true}]}}