{"id":55527,"date":"2024-05-23T15:00:10","date_gmt":"2024-05-23T14:00:10","guid":{"rendered":"https:\/\/truusk.store\/product\/elbil-for-barn-med-slap-fjarrkontroll-stralkastare-3-6-km-h-for-3-6-ar-bla\/"},"modified":"2026-03-12T09:40:29","modified_gmt":"2026-03-12T08:40:29","slug":"truusk-barnbil-med-slapvagn-fjarrkontroll-stralkastare-3-6-km-h-for-3-6-ar-bla","status":"publish","type":"product","link":"https:\/\/truusk.store\/sv\/produkt\/truusk-barnbil-med-slapvagn-fjarrkontroll-stralkastare-3-6-km-h-for-3-6-ar-bla\/","title":{"rendered":"TRUUSK Barnbil med Sl\u00e4pvagn &#8211; Fj\u00e4rrkontroll &#8211; Str\u00e5lkastare &#8211; 3-6 km\/h &#8211; F\u00f6r 3-6 \u00e5r &#8211; Bl\u00e5"},"content":{"rendered":"<p>Full fart till lekplatsen: Med denna coola elbil f\u00f6r barn kommer dina sm\u00e5 att zooma genom parken med stil. Trailern erbjuder gott om plats f\u00f6r snacksl\u00e5dor, en dricksflaska och otaliga sandformar. Maxhastigheten p\u00e5 6 km\/h \u00e4r ungef\u00e4r en vuxens g\u00e5nghastighet, s\u00e5 din lilla f\u00f6rare kan inte pl\u00f6tsligt rusa iv\u00e4g. Denna barnbil \u00e4r optimalt utrustad med en praktisk fj\u00e4rrkontroll, musik och en upplyst instrumentbr\u00e4da.<\/p>\n<h3>Beskrivning:<\/h3>\n<ul>\n<li>Avtagbar sl\u00e4pvagn till barnens elbil f\u00f6r leksaker, matl\u00e5da och mycket mer. m.<\/li>\n<li>Horn, startljud och musik f\u00f6r extra n\u00f6je<\/li>\n<li>7 str\u00e5lkastare och 4 baklyktor f\u00f6r en sp\u00e4nnande k\u00f6rupplevelse<\/li>\n<li>Str\u00f6mdisplay f\u00f6r att \u00f6vervaka batteriet<\/li>\n<li>Plasthjul f\u00f6r kr\u00e4vande terr\u00e4ng<\/li>\n<li>Fj\u00e4rrkontroll av barnfordonet f\u00f6r f\u00f6r\u00e4ldrakontroll eller manuell kontroll, max 6 km\/h<\/li>\n<li>Montering kr\u00e4vs<\/li>\n<\/ul>\n<h3>Teknisk data:<\/h3>\n<ul>\n<li>F\u00e4rg bl\u00e5<\/li>\n<li>Material: plast, metall<\/li>\n<li>Totalstorlek: 136,5W x 50D x 52,5H cm<\/li>\n<li>Sitsstorlek: 28L x 14W x 21H cm<\/li>\n<li>Hastighet: 3-6KM\/H<\/li>\n<li>Hjulstorlek: 26cm, 22cm<\/li>\n<li>Batteri: 12V 4,5AH x 1<\/li>\n<li>Fj\u00e4rrkontrollens r\u00e4ckvidd: 15M<\/li>\n<li>F\u00f6rsta laddning: 6-8 timmar. Vanligt: \u200b\u200b8-12 timmar<\/li>\n<li>Drifttid: 45 minuter<\/li>\n<li>Certifierad \u00e5lder: 3+ \u00e5r. Rekommenderad \u00e5lder: 3-6 \u00e5r<\/li>\n<li>Lastkapacitet: 30 kg<\/li>\n<li>ETT MEDDELANDE:<\/li>\n<li>1. 2 x 1,5V AAA-batterier ing\u00e5r ej<\/li>\n<li>2. L\u00e5t aldrig ditt barn \u00e5ka utan uppsikt<\/li>\n<\/ul>\n<h3>Leveransens omfattning:<\/h3>\n<ul>\n<li>1 x Elektrisk barnbil<\/li>\n<li>1 x Instruktioner<\/li>\n<\/ul>\n","protected":false},"excerpt":{"rendered":"<p>Full fart till lekplatsen: Med denna coola elbil f\u00f6r barn kommer dina sm\u00e5 att zooma genom parken med stil. Trailern&#8230;<\/p>\n","protected":false},"featured_media":55528,"template":"","meta":[],"product_brand":[],"product_cat":[609,610,612],"product_tag":[],"class_list":{"0":"post-55527","1":"product","2":"type-product","3":"status-publish","4":"has-post-thumbnail","6":"product_cat-baby-barn","7":"product_cat-barnfordon","8":"product_cat-elektriska-fordon","10":"first","11":"instock","12":"sale","13":"taxable","14":"shipping-taxable","15":"purchasable","16":"product-type-simple"},"yoast_head":"<!-- This site is optimized with the Yoast SEO plugin v25.4 - https:\/\/yoast.com\/wordpress\/plugins\/seo\/ -->\n<title>TRUUSK Barnbil med Sl\u00e4pvagn - Fj\u00e4rrkontroll - Str\u00e5lkastare - 3-6 km\/h - F\u00f6r 3-6 \u00e5r - Bl\u00e5 - TRUUSK - Hem, Tr\u00e4dg\u00e5rd &amp; Fritid<\/title>\n<meta name=\"robots\" content=\"index, follow, max-snippet:-1, max-image-preview:large, max-video-preview:-1\" \/>\n<link rel=\"canonical\" href=\"https:\/\/truusk.store\/sv\/produkt\/truusk-barnbil-med-slapvagn-fjarrkontroll-stralkastare-3-6-km-h-for-3-6-ar-bla\/\" \/>\n<meta property=\"og:locale\" content=\"sv_SE\" \/>\n<meta property=\"og:type\" content=\"article\" \/>\n<meta property=\"og:title\" content=\"TRUUSK Barnbil med Sl\u00e4pvagn - Fj\u00e4rrkontroll - Str\u00e5lkastare - 3-6 km\/h - F\u00f6r 3-6 \u00e5r - Bl\u00e5 - TRUUSK - Hem, Tr\u00e4dg\u00e5rd &amp; Fritid\" \/>\n<meta property=\"og:description\" content=\"Full fart till lekplatsen: Med denna coola elbil f\u00f6r barn kommer dina sm\u00e5 att zooma genom parken med stil. Trailern...\" \/>\n<meta property=\"og:url\" content=\"https:\/\/truusk.store\/sv\/produkt\/truusk-barnbil-med-slapvagn-fjarrkontroll-stralkastare-3-6-km-h-for-3-6-ar-bla\/\" \/>\n<meta property=\"og:site_name\" content=\"TRUUSK - Hem, Tr\u00e4dg\u00e5rd &amp; Fritid\" \/>\n<meta property=\"article:modified_time\" content=\"2026-03-12T08:40:29+00:00\" \/>\n<meta property=\"og:image\" content=\"https:\/\/i0.wp.com\/truusk.se\/wp-content\/uploads\/2024\/05\/elbil-for-barn-med-slap-fjarrkontroll-stralkastare-3-6-km-h-for-3-6-ar-bla.webp?fit=800%2C800&ssl=1\" \/>\n\t<meta property=\"og:image:width\" content=\"800\" \/>\n\t<meta property=\"og:image:height\" content=\"800\" \/>\n\t<meta property=\"og:image:type\" content=\"image\/webp\" \/>\n<meta name=\"twitter:card\" content=\"summary_large_image\" \/>\n<meta name=\"twitter:label1\" content=\"Ber\u00e4knad l\u00e4stid\" \/>\n\t<meta name=\"twitter:data1\" content=\"1 minut\" \/>\n<!-- \/ Yoast SEO plugin. -->","yoast_head_json":{"title":"TRUUSK Barnbil med Sl\u00e4pvagn - Fj\u00e4rrkontroll - Str\u00e5lkastare - 3-6 km\/h - F\u00f6r 3-6 \u00e5r - Bl\u00e5 - TRUUSK - Hem, Tr\u00e4dg\u00e5rd &amp; Fritid","robots":{"index":"index","follow":"follow","max-snippet":"max-snippet:-1","max-image-preview":"max-image-preview:large","max-video-preview":"max-video-preview:-1"},"canonical":"https:\/\/truusk.store\/sv\/produkt\/truusk-barnbil-med-slapvagn-fjarrkontroll-stralkastare-3-6-km-h-for-3-6-ar-bla\/","og_locale":"sv_SE","og_type":"article","og_title":"TRUUSK Barnbil med Sl\u00e4pvagn - Fj\u00e4rrkontroll - Str\u00e5lkastare - 3-6 km\/h - F\u00f6r 3-6 \u00e5r - Bl\u00e5 - TRUUSK - Hem, Tr\u00e4dg\u00e5rd &amp; Fritid","og_description":"Full fart till lekplatsen: Med denna coola elbil f\u00f6r barn kommer dina sm\u00e5 att zooma genom parken med stil. Trailern...","og_url":"https:\/\/truusk.store\/sv\/produkt\/truusk-barnbil-med-slapvagn-fjarrkontroll-stralkastare-3-6-km-h-for-3-6-ar-bla\/","og_site_name":"TRUUSK - Hem, Tr\u00e4dg\u00e5rd &amp; Fritid","article_modified_time":"2026-03-12T08:40:29+00:00","og_image":[{"width":800,"height":800,"url":"https:\/\/i0.wp.com\/truusk.se\/wp-content\/uploads\/2024\/05\/elbil-for-barn-med-slap-fjarrkontroll-stralkastare-3-6-km-h-for-3-6-ar-bla.webp?fit=800%2C800&ssl=1","type":"image\/webp"}],"twitter_card":"summary_large_image","twitter_misc":{"Ber\u00e4knad l\u00e4stid":"1 minut"},"schema":{"@context":"https:\/\/schema.org","@graph":[{"@type":"WebPage","@id":"https:\/\/truusk.store\/sv\/produkt\/truusk-barnbil-med-slapvagn-fjarrkontroll-stralkastare-3-6-km-h-for-3-6-ar-bla\/","url":"https:\/\/truusk.store\/sv\/produkt\/truusk-barnbil-med-slapvagn-fjarrkontroll-stralkastare-3-6-km-h-for-3-6-ar-bla\/","name":"TRUUSK Barnbil med Sl\u00e4pvagn - Fj\u00e4rrkontroll - Str\u00e5lkastare - 3-6 km\/h - F\u00f6r 3-6 \u00e5r - Bl\u00e5 - TRUUSK - Hem, Tr\u00e4dg\u00e5rd &amp; Fritid","isPartOf":{"@id":"https:\/\/truusk.store\/sv\/#website"},"primaryImageOfPage":{"@id":"https:\/\/truusk.store\/sv\/produkt\/truusk-barnbil-med-slapvagn-fjarrkontroll-stralkastare-3-6-km-h-for-3-6-ar-bla\/#primaryimage"},"image":{"@id":"https:\/\/truusk.store\/sv\/produkt\/truusk-barnbil-med-slapvagn-fjarrkontroll-stralkastare-3-6-km-h-for-3-6-ar-bla\/#primaryimage"},"thumbnailUrl":"https:\/\/i0.wp.com\/truusk.store\/wp-content\/uploads\/2024\/05\/elbil-for-barn-med-slap-fjarrkontroll-stralkastare-3-6-km-h-for-3-6-ar-bla.webp?fit=800%2C800&ssl=1","datePublished":"2024-05-23T14:00:10+00:00","dateModified":"2026-03-12T08:40:29+00:00","breadcrumb":{"@id":"https:\/\/truusk.store\/sv\/produkt\/truusk-barnbil-med-slapvagn-fjarrkontroll-stralkastare-3-6-km-h-for-3-6-ar-bla\/#breadcrumb"},"inLanguage":"sv-SE","potentialAction":[{"@type":"ReadAction","target":["https:\/\/truusk.store\/sv\/produkt\/truusk-barnbil-med-slapvagn-fjarrkontroll-stralkastare-3-6-km-h-for-3-6-ar-bla\/"]}]},{"@type":"ImageObject","inLanguage":"sv-SE","@id":"https:\/\/truusk.store\/sv\/produkt\/truusk-barnbil-med-slapvagn-fjarrkontroll-stralkastare-3-6-km-h-for-3-6-ar-bla\/#primaryimage","url":"https:\/\/i0.wp.com\/truusk.store\/wp-content\/uploads\/2024\/05\/elbil-for-barn-med-slap-fjarrkontroll-stralkastare-3-6-km-h-for-3-6-ar-bla.webp?fit=800%2C800&ssl=1","contentUrl":"https:\/\/i0.wp.com\/truusk.store\/wp-content\/uploads\/2024\/05\/elbil-for-barn-med-slap-fjarrkontroll-stralkastare-3-6-km-h-for-3-6-ar-bla.webp?fit=800%2C800&ssl=1","width":800,"height":800,"caption":"Elbil F\u00f6r Barn Med Sl\u00e4p, Fj\u00e4rrkontroll, Str\u00e5lkastare, 3-6 Km\/h, F\u00f6r 3-6 \u00e5r, Bl\u00e5 1"},{"@type":"BreadcrumbList","@id":"https:\/\/truusk.store\/sv\/produkt\/truusk-barnbil-med-slapvagn-fjarrkontroll-stralkastare-3-6-km-h-for-3-6-ar-bla\/#breadcrumb","itemListElement":[{"@type":"ListItem","position":1,"name":"Home","item":"https:\/\/truusk.store\/sv\/"},{"@type":"ListItem","position":2,"name":"Shop","item":"https:\/\/truusk.store\/shop\/"},{"@type":"ListItem","position":3,"name":"TRUUSK Barnbil med Sl\u00e4pvagn &#8211; Fj\u00e4rrkontroll &#8211; Str\u00e5lkastare &#8211; 3-6 km\/h &#8211; F\u00f6r 3-6 \u00e5r &#8211; Bl\u00e5"}]},{"@type":"WebSite","@id":"https:\/\/truusk.store\/sv\/#website","url":"https:\/\/truusk.store\/sv\/","name":"TRUUSK - Hem, Tr\u00e4dg\u00e5rd & Fritid","description":"","publisher":{"@id":"https:\/\/truusk.store\/sv\/#organization"},"potentialAction":[{"@type":"SearchAction","target":{"@type":"EntryPoint","urlTemplate":"https:\/\/truusk.store\/sv\/?s={search_term_string}"},"query-input":{"@type":"PropertyValueSpecification","valueRequired":true,"valueName":"search_term_string"}}],"inLanguage":"sv-SE"},{"@type":"Organization","@id":"https:\/\/truusk.store\/sv\/#organization","name":"TRUUSK - Hem, Tr\u00e4dg\u00e5rd & Fritid","url":"https:\/\/truusk.store\/sv\/","logo":{"@type":"ImageObject","inLanguage":"sv-SE","@id":"https:\/\/truusk.store\/sv\/#\/schema\/logo\/image\/","url":"https:\/\/i0.wp.com\/truusk.store\/wp-content\/uploads\/2026\/03\/cropped-TRUUSK.png?fit=2032%2C917&ssl=1","contentUrl":"https:\/\/i0.wp.com\/truusk.store\/wp-content\/uploads\/2026\/03\/cropped-TRUUSK.png?fit=2032%2C917&ssl=1","width":2032,"height":917,"caption":"TRUUSK - Hem, Tr\u00e4dg\u00e5rd & Fritid"},"image":{"@id":"https:\/\/truusk.store\/sv\/#\/schema\/logo\/image\/"}}]}},"jetpack_sharing_enabled":true,"_links":{"self":[{"href":"https:\/\/truusk.store\/sv\/wp-json\/wp\/v2\/product\/55527","targetHints":{"allow":["GET"]}}],"collection":[{"href":"https:\/\/truusk.store\/sv\/wp-json\/wp\/v2\/product"}],"about":[{"href":"https:\/\/truusk.store\/sv\/wp-json\/wp\/v2\/types\/product"}],"wp:featuredmedia":[{"embeddable":true,"href":"https:\/\/truusk.store\/sv\/wp-json\/wp\/v2\/media\/55528"}],"wp:attachment":[{"href":"https:\/\/truusk.store\/sv\/wp-json\/wp\/v2\/media?parent=55527"}],"wp:term":[{"taxonomy":"product_brand","embeddable":true,"href":"https:\/\/truusk.store\/sv\/wp-json\/wp\/v2\/product_brand?post=55527"},{"taxonomy":"product_cat","embeddable":true,"href":"https:\/\/truusk.store\/sv\/wp-json\/wp\/v2\/product_cat?post=55527"},{"taxonomy":"product_tag","embeddable":true,"href":"https:\/\/truusk.store\/sv\/wp-json\/wp\/v2\/product_tag?post=55527"}],"curies":[{"name":"wp","href":"https:\/\/api.w.org\/{rel}","templated":true}]}}