{"id":55570,"date":"2024-05-23T15:40:10","date_gmt":"2024-05-23T14:40:10","guid":{"rendered":"https:\/\/truusk.store\/product\/cantilever-paraply-3m-vridbart-handvev-rostfritt-stal-polyester-morkgra-svart\/"},"modified":"2026-03-12T09:38:31","modified_gmt":"2026-03-12T08:38:31","slug":"truusk-cantilever-paraply-3m-vridbart-handvev-rostfritt-stal-polyester-morkgra-svart","status":"publish","type":"product","link":"https:\/\/truusk.store\/sv\/produkt\/truusk-cantilever-paraply-3m-vridbart-handvev-rostfritt-stal-polyester-morkgra-svart\/","title":{"rendered":"TRUUSK Cantilever Paraply 3m &#8211; Vridbart &#8211; Handvev &#8211; Rostfritt St\u00e5l &#8211; Polyester &#8211; M\u00f6rkgr\u00e5\/svart"},"content":{"rendered":"<p>Beh\u00f6ver du ett modernt och funktionellt parasoll till din tr\u00e4dg\u00e5rd? V\u00e5rt parasoll erbjuder dig precis den nyans du beh\u00f6ver! Vindhuven s\u00e4kerst\u00e4ller god ventilation och stabilt vindmotst\u00e5nd. Det integrerade myggn\u00e4tet h\u00e5ller irriterande insekter borta. Detta tr\u00e4dg\u00e5rdsparaply erbjuder ett stort skuggaomr\u00e5de och \u00e4r l\u00e4mpligt f\u00f6r en tr\u00e4dg\u00e5rdsupps\u00e4ttning f\u00f6r upp till 8 personer. Njut av sval skugga under varma sommardagar!<\/p>\n<h3>Beskrivning:<\/h3>\n<ul>\n<li>Baldakin av UV-best\u00e4ndig polyester f\u00f6r l\u00e5ngvarig anv\u00e4ndning<\/li>\n<li>360 graders roterande kapell ger ett komplett solskydd<\/li>\n<li>Runt parasoll ger stor skugga<\/li>\n<li>Snabb och enkel \u00f6ppning och st\u00e4ngning av parasollet med sidoveven<\/li>\n<li>Vindtak p\u00e5 balkongparasollet f\u00f6r god ventilation och mer stabilitet i bl\u00e5siga f\u00f6rh\u00e5llanden<\/li>\n<li>Myggn\u00e4t f\u00f6r att h\u00e5lla o\u00f6nskade bes\u00f6kare borta<\/li>\n<li>L\u00e4mplig f\u00f6r park, tr\u00e4dg\u00e5rd, uteplats, g\u00e5rd, strand, pool<\/li>\n<li>Montering kr\u00e4vs<\/li>\n<li>OBS: Korsfot ing\u00e5r. Ytterligare vikter kr\u00e4vs men ING\u00c5R INTE. Rekommenderad vikt f\u00f6r anv\u00e4ndning fr\u00e5n 80 kg<\/li>\n<\/ul>\n<h3>Teknisk data:<\/h3>\n<ul>\n<li>F\u00e4rg: m\u00f6rkgr\u00e5 (tyg) + svart (ram)<\/li>\n<li>Material: st\u00e5l, polyester<\/li>\n<li>\u00d6vergripande m\u00e5tt: 295L x 295W x 242H cm<\/li>\n<li>Paraplyst\u00e5ngsstorlek: 53 mm<\/li>\n<li>Storlek p\u00e5 korsbasen: 90L x 90W x 4,5H cm<\/li>\n<\/ul>\n<h3>Leveransens omfattning:<\/h3>\n<ul>\n<li>1 x frib\u00e4rande paraply<\/li>\n<li>1 x korsfot<\/li>\n<li>1 x n\u00e4t<\/li>\n<li>1 x Instruktioner<\/li>\n<\/ul>\n","protected":false},"excerpt":{"rendered":"<p>Beh\u00f6ver du ett modernt och funktionellt parasoll till din tr\u00e4dg\u00e5rd? V\u00e5rt parasoll erbjuder dig precis den nyans du beh\u00f6ver! Vindhuven&#8230;<\/p>\n","protected":false},"featured_media":55571,"template":"","meta":[],"product_brand":[],"product_cat":[472,471,435],"product_tag":[],"class_list":{"0":"post-55570","1":"product","2":"type-product","3":"status-publish","4":"has-post-thumbnail","6":"product_cat-parasoller","7":"product_cat-solskydd-integritetsskydd","8":"product_cat-tradgard-och-terrass","10":"first","11":"instock","12":"sale","13":"taxable","14":"shipping-taxable","15":"purchasable","16":"product-type-simple"},"yoast_head":"<!-- This site is optimized with the Yoast SEO plugin v25.4 - https:\/\/yoast.com\/wordpress\/plugins\/seo\/ -->\n<title>TRUUSK Cantilever Paraply 3m - Vridbart - Handvev - Rostfritt St\u00e5l - Polyester - M\u00f6rkgr\u00e5\/svart - TRUUSK - Hem, Tr\u00e4dg\u00e5rd &amp; Fritid<\/title>\n<meta name=\"robots\" content=\"index, follow, max-snippet:-1, max-image-preview:large, max-video-preview:-1\" \/>\n<link rel=\"canonical\" href=\"https:\/\/truusk.store\/sv\/produkt\/truusk-cantilever-paraply-3m-vridbart-handvev-rostfritt-stal-polyester-morkgra-svart\/\" \/>\n<meta property=\"og:locale\" content=\"sv_SE\" \/>\n<meta property=\"og:type\" content=\"article\" \/>\n<meta property=\"og:title\" content=\"TRUUSK Cantilever Paraply 3m - Vridbart - Handvev - Rostfritt St\u00e5l - Polyester - M\u00f6rkgr\u00e5\/svart - TRUUSK - Hem, Tr\u00e4dg\u00e5rd &amp; Fritid\" \/>\n<meta property=\"og:description\" content=\"Beh\u00f6ver du ett modernt och funktionellt parasoll till din tr\u00e4dg\u00e5rd? V\u00e5rt parasoll erbjuder dig precis den nyans du beh\u00f6ver! Vindhuven...\" \/>\n<meta property=\"og:url\" content=\"https:\/\/truusk.store\/sv\/produkt\/truusk-cantilever-paraply-3m-vridbart-handvev-rostfritt-stal-polyester-morkgra-svart\/\" \/>\n<meta property=\"og:site_name\" content=\"TRUUSK - Hem, Tr\u00e4dg\u00e5rd &amp; Fritid\" \/>\n<meta property=\"article:modified_time\" content=\"2026-03-12T08:38:31+00:00\" \/>\n<meta property=\"og:image\" content=\"https:\/\/i0.wp.com\/truusk.se\/wp-content\/uploads\/2024\/05\/cantilever-paraply-3m-vridbart-handvev-rostfritt-stal-polyester-morkgra-svart.webp?fit=800%2C800&ssl=1\" \/>\n\t<meta property=\"og:image:width\" content=\"800\" \/>\n\t<meta property=\"og:image:height\" content=\"800\" \/>\n\t<meta property=\"og:image:type\" content=\"image\/webp\" \/>\n<meta name=\"twitter:card\" content=\"summary_large_image\" \/>\n<meta name=\"twitter:label1\" content=\"Ber\u00e4knad l\u00e4stid\" \/>\n\t<meta name=\"twitter:data1\" content=\"1 minut\" \/>\n<!-- \/ Yoast SEO plugin. -->","yoast_head_json":{"title":"TRUUSK Cantilever Paraply 3m - Vridbart - Handvev - Rostfritt St\u00e5l - Polyester - M\u00f6rkgr\u00e5\/svart - TRUUSK - Hem, Tr\u00e4dg\u00e5rd &amp; Fritid","robots":{"index":"index","follow":"follow","max-snippet":"max-snippet:-1","max-image-preview":"max-image-preview:large","max-video-preview":"max-video-preview:-1"},"canonical":"https:\/\/truusk.store\/sv\/produkt\/truusk-cantilever-paraply-3m-vridbart-handvev-rostfritt-stal-polyester-morkgra-svart\/","og_locale":"sv_SE","og_type":"article","og_title":"TRUUSK Cantilever Paraply 3m - Vridbart - Handvev - Rostfritt St\u00e5l - Polyester - M\u00f6rkgr\u00e5\/svart - TRUUSK - Hem, Tr\u00e4dg\u00e5rd &amp; Fritid","og_description":"Beh\u00f6ver du ett modernt och funktionellt parasoll till din tr\u00e4dg\u00e5rd? V\u00e5rt parasoll erbjuder dig precis den nyans du beh\u00f6ver! Vindhuven...","og_url":"https:\/\/truusk.store\/sv\/produkt\/truusk-cantilever-paraply-3m-vridbart-handvev-rostfritt-stal-polyester-morkgra-svart\/","og_site_name":"TRUUSK - Hem, Tr\u00e4dg\u00e5rd &amp; Fritid","article_modified_time":"2026-03-12T08:38:31+00:00","og_image":[{"width":800,"height":800,"url":"https:\/\/i0.wp.com\/truusk.se\/wp-content\/uploads\/2024\/05\/cantilever-paraply-3m-vridbart-handvev-rostfritt-stal-polyester-morkgra-svart.webp?fit=800%2C800&ssl=1","type":"image\/webp"}],"twitter_card":"summary_large_image","twitter_misc":{"Ber\u00e4knad l\u00e4stid":"1 minut"},"schema":{"@context":"https:\/\/schema.org","@graph":[{"@type":"WebPage","@id":"https:\/\/truusk.store\/sv\/produkt\/truusk-cantilever-paraply-3m-vridbart-handvev-rostfritt-stal-polyester-morkgra-svart\/","url":"https:\/\/truusk.store\/sv\/produkt\/truusk-cantilever-paraply-3m-vridbart-handvev-rostfritt-stal-polyester-morkgra-svart\/","name":"TRUUSK Cantilever Paraply 3m - Vridbart - Handvev - Rostfritt St\u00e5l - Polyester - M\u00f6rkgr\u00e5\/svart - TRUUSK - Hem, Tr\u00e4dg\u00e5rd &amp; Fritid","isPartOf":{"@id":"https:\/\/truusk.store\/sv\/#website"},"primaryImageOfPage":{"@id":"https:\/\/truusk.store\/sv\/produkt\/truusk-cantilever-paraply-3m-vridbart-handvev-rostfritt-stal-polyester-morkgra-svart\/#primaryimage"},"image":{"@id":"https:\/\/truusk.store\/sv\/produkt\/truusk-cantilever-paraply-3m-vridbart-handvev-rostfritt-stal-polyester-morkgra-svart\/#primaryimage"},"thumbnailUrl":"https:\/\/i0.wp.com\/truusk.store\/wp-content\/uploads\/2024\/05\/cantilever-paraply-3m-vridbart-handvev-rostfritt-stal-polyester-morkgra-svart.webp?fit=800%2C800&ssl=1","datePublished":"2024-05-23T14:40:10+00:00","dateModified":"2026-03-12T08:38:31+00:00","breadcrumb":{"@id":"https:\/\/truusk.store\/sv\/produkt\/truusk-cantilever-paraply-3m-vridbart-handvev-rostfritt-stal-polyester-morkgra-svart\/#breadcrumb"},"inLanguage":"sv-SE","potentialAction":[{"@type":"ReadAction","target":["https:\/\/truusk.store\/sv\/produkt\/truusk-cantilever-paraply-3m-vridbart-handvev-rostfritt-stal-polyester-morkgra-svart\/"]}]},{"@type":"ImageObject","inLanguage":"sv-SE","@id":"https:\/\/truusk.store\/sv\/produkt\/truusk-cantilever-paraply-3m-vridbart-handvev-rostfritt-stal-polyester-morkgra-svart\/#primaryimage","url":"https:\/\/i0.wp.com\/truusk.store\/wp-content\/uploads\/2024\/05\/cantilever-paraply-3m-vridbart-handvev-rostfritt-stal-polyester-morkgra-svart.webp?fit=800%2C800&ssl=1","contentUrl":"https:\/\/i0.wp.com\/truusk.store\/wp-content\/uploads\/2024\/05\/cantilever-paraply-3m-vridbart-handvev-rostfritt-stal-polyester-morkgra-svart.webp?fit=800%2C800&ssl=1","width":800,"height":800,"caption":"Cantilever Paraply 3m, Vridbart, Handvev, Rostfritt St\u00e5l, Polyester, M\u00f6rkgr\u00e5\/svart 1"},{"@type":"BreadcrumbList","@id":"https:\/\/truusk.store\/sv\/produkt\/truusk-cantilever-paraply-3m-vridbart-handvev-rostfritt-stal-polyester-morkgra-svart\/#breadcrumb","itemListElement":[{"@type":"ListItem","position":1,"name":"Home","item":"https:\/\/truusk.store\/sv\/"},{"@type":"ListItem","position":2,"name":"Shop","item":"https:\/\/truusk.store\/shop\/"},{"@type":"ListItem","position":3,"name":"TRUUSK Cantilever Paraply 3m &#8211; Vridbart &#8211; Handvev &#8211; Rostfritt St\u00e5l &#8211; Polyester &#8211; M\u00f6rkgr\u00e5\/svart"}]},{"@type":"WebSite","@id":"https:\/\/truusk.store\/sv\/#website","url":"https:\/\/truusk.store\/sv\/","name":"TRUUSK - Hem, Tr\u00e4dg\u00e5rd & Fritid","description":"","publisher":{"@id":"https:\/\/truusk.store\/sv\/#organization"},"potentialAction":[{"@type":"SearchAction","target":{"@type":"EntryPoint","urlTemplate":"https:\/\/truusk.store\/sv\/?s={search_term_string}"},"query-input":{"@type":"PropertyValueSpecification","valueRequired":true,"valueName":"search_term_string"}}],"inLanguage":"sv-SE"},{"@type":"Organization","@id":"https:\/\/truusk.store\/sv\/#organization","name":"TRUUSK - Hem, Tr\u00e4dg\u00e5rd & Fritid","url":"https:\/\/truusk.store\/sv\/","logo":{"@type":"ImageObject","inLanguage":"sv-SE","@id":"https:\/\/truusk.store\/sv\/#\/schema\/logo\/image\/","url":"https:\/\/i0.wp.com\/truusk.store\/wp-content\/uploads\/2026\/03\/cropped-TRUUSK.png?fit=2032%2C917&ssl=1","contentUrl":"https:\/\/i0.wp.com\/truusk.store\/wp-content\/uploads\/2026\/03\/cropped-TRUUSK.png?fit=2032%2C917&ssl=1","width":2032,"height":917,"caption":"TRUUSK - Hem, Tr\u00e4dg\u00e5rd & Fritid"},"image":{"@id":"https:\/\/truusk.store\/sv\/#\/schema\/logo\/image\/"}}]}},"jetpack_sharing_enabled":true,"_links":{"self":[{"href":"https:\/\/truusk.store\/sv\/wp-json\/wp\/v2\/product\/55570","targetHints":{"allow":["GET"]}}],"collection":[{"href":"https:\/\/truusk.store\/sv\/wp-json\/wp\/v2\/product"}],"about":[{"href":"https:\/\/truusk.store\/sv\/wp-json\/wp\/v2\/types\/product"}],"wp:featuredmedia":[{"embeddable":true,"href":"https:\/\/truusk.store\/sv\/wp-json\/wp\/v2\/media\/55571"}],"wp:attachment":[{"href":"https:\/\/truusk.store\/sv\/wp-json\/wp\/v2\/media?parent=55570"}],"wp:term":[{"taxonomy":"product_brand","embeddable":true,"href":"https:\/\/truusk.store\/sv\/wp-json\/wp\/v2\/product_brand?post=55570"},{"taxonomy":"product_cat","embeddable":true,"href":"https:\/\/truusk.store\/sv\/wp-json\/wp\/v2\/product_cat?post=55570"},{"taxonomy":"product_tag","embeddable":true,"href":"https:\/\/truusk.store\/sv\/wp-json\/wp\/v2\/product_tag?post=55570"}],"curies":[{"name":"wp","href":"https:\/\/api.w.org\/{rel}","templated":true}]}}