{"id":56561,"date":"2025-06-03T19:46:55","date_gmt":"2025-06-03T18:46:55","guid":{"rendered":"https:\/\/truusk.store\/product\/solstol-tradgardsstol-avkopplingsstol-trestolsstol-med-lasfonster-ansiktsoppning-bla\/"},"modified":"2026-03-12T08:58:11","modified_gmt":"2026-03-12T07:58:11","slug":"truusk-solstol-tradgardsstol-avkopplingsstol-med-lasfonster-ansiktsoppning-bla","status":"publish","type":"product","link":"https:\/\/truusk.store\/sv\/produkt\/truusk-solstol-tradgardsstol-avkopplingsstol-med-lasfonster-ansiktsoppning-bla\/","title":{"rendered":"TRUUSK Solstol Tr\u00e4dg\u00e5rdsstol &#8211; Avkopplingsstol med L\u00e4sf\u00f6nster &#8211; Ansikts\u00f6ppning &#8211; Bl\u00e5"},"content":{"rendered":"<p>V\u00e5r hopf\u00e4llbara balkonglounge fr\u00e5n TRUUSK \u00e4r en fantastisk produkt tillverkad av h\u00f6gkvalitativt st\u00e5l. Denna solstol \u00e4r idealisk f\u00f6r att njuta av solen, koppla av eller l\u00e4sa p\u00e5 terrassen, i vintertr\u00e4dg\u00e5rden, vid poolen eller i tr\u00e4dg\u00e5rden. Ryggst\u00f6det kan justeras i 4 positioner f\u00f6r att ge dig maximal komfort. Med denna v\u00e4derbest\u00e4ndiga tr\u00e4dg\u00e5rdslounge kan du l\u00e4sa din favoritbok utan att beh\u00f6va ge upp lyxen att helt koppla av i solen.<\/p>\n<p>Beskrivning:<\/p>\n<ul>\n<li> Modern, tidl\u00f6s design med \u00f6ppning f\u00f6r ansiktet<\/li>\n<li> H\u00f6g komfort tack vare 3 kuddar (f\u00e4stning med kardborrband)<\/li>\n<li> Loungen \u00e4r optimal f\u00f6r att ligga p\u00e5 magen, s\u00e5 att du kan sola eller l\u00e4sa b\u00f6cker mycket bekv\u00e4mt<\/li>\n<li> Kan anv\u00e4ndas p\u00e5 m\u00e5nga st\u00e4llen: l\u00e4mplig f\u00f6r tr\u00e4dg\u00e5rden, balkongen, stranden, pool- och bastuomr\u00e5det<\/li>\n<li> V\u00e4derbest\u00e4ndig, UV-resistent och h\u00e5llbar<\/li>\n<li> Superl\u00e4tt, d\u00e4rf\u00f6r optimal f\u00f6r transport<\/li>\n<li> T\u00e4ckning av robust Oxford-tyg: 300 D x 600 D<\/li>\n<li> Ram av st\u00e5lr\u00f6r<\/li>\n<li> Sparar utrymme f\u00f6r f\u00f6rvaring<\/li>\n<li> Hopf\u00e4llbar<\/li>\n<li> L\u00e4tt att sk\u00f6ta<\/li>\n<\/ul>\n<p>Tekniska data:<\/p>\n<ul>\n<li> Material: Oxford-tyg (300 D x 600 D), st\u00e5lr\u00f6r<\/li>\n<li> F\u00e4rg: Bl\u00e5<\/li>\n<li> M\u00e5tt liggande position: L190 x B56 x H28 cm<\/li>\n<li> Hopf\u00e4llbara m\u00e5tt: L80 x B58 x H14,5 cm<\/li>\n<li> L\u00e4sf\u00f6nster: L22 x B15 cm<\/li>\n<li> M\u00e5tt st\u00e5lr\u00f6r: \u00d822 x D0,8 mm<\/li>\n<li> max. belastningsvikt: 120 kg<\/li>\n<\/ul>\n<p>Leveransinneh\u00e5ll:<\/p>\n<ul>\n<li> 1 x solstol (inkl. 3 kuddar)<\/li>\n<\/ul>\n","protected":false},"excerpt":{"rendered":"<p>V\u00e5r hopf\u00e4llbara balkonglounge fr\u00e5n TRUUSK \u00e4r en fantastisk produkt tillverkad av h\u00f6gkvalitativt st\u00e5l. Denna solstol \u00e4r idealisk f\u00f6r att njuta&#8230;<\/p>\n","protected":false},"featured_media":56511,"template":"","meta":[],"product_brand":[],"product_cat":[451,858,450],"product_tag":[],"class_list":{"0":"post-56561","1":"product","2":"type-product","3":"status-publish","4":"has-post-thumbnail","6":"product_cat-solstolar","7":"product_cat-tradgard-terrass","8":"product_cat-tradgardsmobler","10":"first","11":"instock","12":"sale","13":"taxable","14":"shipping-taxable","15":"purchasable","16":"product-type-simple"},"yoast_head":"<!-- This site is optimized with the Yoast SEO plugin v25.4 - https:\/\/yoast.com\/wordpress\/plugins\/seo\/ -->\n<title>TRUUSK Solstol Tr\u00e4dg\u00e5rdsstol - Avkopplingsstol med L\u00e4sf\u00f6nster - Ansikts\u00f6ppning - Bl\u00e5 - TRUUSK - Hem, Tr\u00e4dg\u00e5rd &amp; Fritid<\/title>\n<meta name=\"robots\" content=\"index, follow, max-snippet:-1, max-image-preview:large, max-video-preview:-1\" \/>\n<link rel=\"canonical\" href=\"https:\/\/truusk.store\/sv\/produkt\/truusk-solstol-tradgardsstol-avkopplingsstol-med-lasfonster-ansiktsoppning-bla\/\" \/>\n<meta property=\"og:locale\" content=\"sv_SE\" \/>\n<meta property=\"og:type\" content=\"article\" \/>\n<meta property=\"og:title\" content=\"TRUUSK Solstol Tr\u00e4dg\u00e5rdsstol - Avkopplingsstol med L\u00e4sf\u00f6nster - Ansikts\u00f6ppning - Bl\u00e5 - TRUUSK - Hem, Tr\u00e4dg\u00e5rd &amp; Fritid\" \/>\n<meta property=\"og:description\" content=\"V\u00e5r hopf\u00e4llbara balkonglounge fr\u00e5n TRUUSK \u00e4r en fantastisk produkt tillverkad av h\u00f6gkvalitativt st\u00e5l. Denna solstol \u00e4r idealisk f\u00f6r att njuta...\" \/>\n<meta property=\"og:url\" content=\"https:\/\/truusk.store\/sv\/produkt\/truusk-solstol-tradgardsstol-avkopplingsstol-med-lasfonster-ansiktsoppning-bla\/\" \/>\n<meta property=\"og:site_name\" content=\"TRUUSK - Hem, Tr\u00e4dg\u00e5rd &amp; Fritid\" \/>\n<meta property=\"article:modified_time\" content=\"2026-03-12T07:58:11+00:00\" \/>\n<meta property=\"og:image\" content=\"https:\/\/i0.wp.com\/truusk.se\/wp-content\/uploads\/2025\/06\/solstol-tradgardsstol-relaxstol-trepunktsstol-med-lasfonster-ansiktsoppning-bla-1.webp?fit=1500%2C1500&ssl=1\" \/>\n\t<meta property=\"og:image:width\" content=\"1500\" \/>\n\t<meta property=\"og:image:height\" content=\"1500\" \/>\n\t<meta property=\"og:image:type\" content=\"image\/webp\" \/>\n<meta name=\"twitter:card\" content=\"summary_large_image\" \/>\n<meta name=\"twitter:label1\" content=\"Ber\u00e4knad l\u00e4stid\" \/>\n\t<meta name=\"twitter:data1\" content=\"1 minut\" \/>\n<!-- \/ Yoast SEO plugin. -->","yoast_head_json":{"title":"TRUUSK Solstol Tr\u00e4dg\u00e5rdsstol - Avkopplingsstol med L\u00e4sf\u00f6nster - Ansikts\u00f6ppning - Bl\u00e5 - TRUUSK - Hem, Tr\u00e4dg\u00e5rd &amp; Fritid","robots":{"index":"index","follow":"follow","max-snippet":"max-snippet:-1","max-image-preview":"max-image-preview:large","max-video-preview":"max-video-preview:-1"},"canonical":"https:\/\/truusk.store\/sv\/produkt\/truusk-solstol-tradgardsstol-avkopplingsstol-med-lasfonster-ansiktsoppning-bla\/","og_locale":"sv_SE","og_type":"article","og_title":"TRUUSK Solstol Tr\u00e4dg\u00e5rdsstol - Avkopplingsstol med L\u00e4sf\u00f6nster - Ansikts\u00f6ppning - Bl\u00e5 - TRUUSK - Hem, Tr\u00e4dg\u00e5rd &amp; Fritid","og_description":"V\u00e5r hopf\u00e4llbara balkonglounge fr\u00e5n TRUUSK \u00e4r en fantastisk produkt tillverkad av h\u00f6gkvalitativt st\u00e5l. Denna solstol \u00e4r idealisk f\u00f6r att njuta...","og_url":"https:\/\/truusk.store\/sv\/produkt\/truusk-solstol-tradgardsstol-avkopplingsstol-med-lasfonster-ansiktsoppning-bla\/","og_site_name":"TRUUSK - Hem, Tr\u00e4dg\u00e5rd &amp; Fritid","article_modified_time":"2026-03-12T07:58:11+00:00","og_image":[{"width":1500,"height":1500,"url":"https:\/\/i0.wp.com\/truusk.se\/wp-content\/uploads\/2025\/06\/solstol-tradgardsstol-relaxstol-trepunktsstol-med-lasfonster-ansiktsoppning-bla-1.webp?fit=1500%2C1500&ssl=1","type":"image\/webp"}],"twitter_card":"summary_large_image","twitter_misc":{"Ber\u00e4knad l\u00e4stid":"1 minut"},"schema":{"@context":"https:\/\/schema.org","@graph":[{"@type":"WebPage","@id":"https:\/\/truusk.store\/sv\/produkt\/truusk-solstol-tradgardsstol-avkopplingsstol-med-lasfonster-ansiktsoppning-bla\/","url":"https:\/\/truusk.store\/sv\/produkt\/truusk-solstol-tradgardsstol-avkopplingsstol-med-lasfonster-ansiktsoppning-bla\/","name":"TRUUSK Solstol Tr\u00e4dg\u00e5rdsstol - Avkopplingsstol med L\u00e4sf\u00f6nster - Ansikts\u00f6ppning - Bl\u00e5 - TRUUSK - Hem, Tr\u00e4dg\u00e5rd &amp; Fritid","isPartOf":{"@id":"https:\/\/truusk.store\/sv\/#website"},"primaryImageOfPage":{"@id":"https:\/\/truusk.store\/sv\/produkt\/truusk-solstol-tradgardsstol-avkopplingsstol-med-lasfonster-ansiktsoppning-bla\/#primaryimage"},"image":{"@id":"https:\/\/truusk.store\/sv\/produkt\/truusk-solstol-tradgardsstol-avkopplingsstol-med-lasfonster-ansiktsoppning-bla\/#primaryimage"},"thumbnailUrl":"https:\/\/i0.wp.com\/truusk.store\/wp-content\/uploads\/2025\/06\/solstol-tradgardsstol-relaxstol-trepunktsstol-med-lasfonster-ansiktsoppning-bla-1.webp?fit=1500%2C1500&ssl=1","datePublished":"2025-06-03T18:46:55+00:00","dateModified":"2026-03-12T07:58:11+00:00","breadcrumb":{"@id":"https:\/\/truusk.store\/sv\/produkt\/truusk-solstol-tradgardsstol-avkopplingsstol-med-lasfonster-ansiktsoppning-bla\/#breadcrumb"},"inLanguage":"sv-SE","potentialAction":[{"@type":"ReadAction","target":["https:\/\/truusk.store\/sv\/produkt\/truusk-solstol-tradgardsstol-avkopplingsstol-med-lasfonster-ansiktsoppning-bla\/"]}]},{"@type":"ImageObject","inLanguage":"sv-SE","@id":"https:\/\/truusk.store\/sv\/produkt\/truusk-solstol-tradgardsstol-avkopplingsstol-med-lasfonster-ansiktsoppning-bla\/#primaryimage","url":"https:\/\/i0.wp.com\/truusk.store\/wp-content\/uploads\/2025\/06\/solstol-tradgardsstol-relaxstol-trepunktsstol-med-lasfonster-ansiktsoppning-bla-1.webp?fit=1500%2C1500&ssl=1","contentUrl":"https:\/\/i0.wp.com\/truusk.store\/wp-content\/uploads\/2025\/06\/solstol-tradgardsstol-relaxstol-trepunktsstol-med-lasfonster-ansiktsoppning-bla-1.webp?fit=1500%2C1500&ssl=1","width":1500,"height":1500},{"@type":"BreadcrumbList","@id":"https:\/\/truusk.store\/sv\/produkt\/truusk-solstol-tradgardsstol-avkopplingsstol-med-lasfonster-ansiktsoppning-bla\/#breadcrumb","itemListElement":[{"@type":"ListItem","position":1,"name":"Home","item":"https:\/\/truusk.store\/sv\/"},{"@type":"ListItem","position":2,"name":"Shop","item":"https:\/\/truusk.store\/shop\/"},{"@type":"ListItem","position":3,"name":"TRUUSK Solstol Tr\u00e4dg\u00e5rdsstol &#8211; Avkopplingsstol med L\u00e4sf\u00f6nster &#8211; Ansikts\u00f6ppning &#8211; Bl\u00e5"}]},{"@type":"WebSite","@id":"https:\/\/truusk.store\/sv\/#website","url":"https:\/\/truusk.store\/sv\/","name":"TRUUSK - Hem, Tr\u00e4dg\u00e5rd & Fritid","description":"","publisher":{"@id":"https:\/\/truusk.store\/sv\/#organization"},"potentialAction":[{"@type":"SearchAction","target":{"@type":"EntryPoint","urlTemplate":"https:\/\/truusk.store\/sv\/?s={search_term_string}"},"query-input":{"@type":"PropertyValueSpecification","valueRequired":true,"valueName":"search_term_string"}}],"inLanguage":"sv-SE"},{"@type":"Organization","@id":"https:\/\/truusk.store\/sv\/#organization","name":"TRUUSK - Hem, Tr\u00e4dg\u00e5rd & Fritid","url":"https:\/\/truusk.store\/sv\/","logo":{"@type":"ImageObject","inLanguage":"sv-SE","@id":"https:\/\/truusk.store\/sv\/#\/schema\/logo\/image\/","url":"https:\/\/i0.wp.com\/truusk.store\/wp-content\/uploads\/2026\/03\/cropped-TRUUSK.png?fit=2032%2C917&ssl=1","contentUrl":"https:\/\/i0.wp.com\/truusk.store\/wp-content\/uploads\/2026\/03\/cropped-TRUUSK.png?fit=2032%2C917&ssl=1","width":2032,"height":917,"caption":"TRUUSK - Hem, Tr\u00e4dg\u00e5rd & Fritid"},"image":{"@id":"https:\/\/truusk.store\/sv\/#\/schema\/logo\/image\/"}}]}},"jetpack_sharing_enabled":true,"_links":{"self":[{"href":"https:\/\/truusk.store\/sv\/wp-json\/wp\/v2\/product\/56561","targetHints":{"allow":["GET"]}}],"collection":[{"href":"https:\/\/truusk.store\/sv\/wp-json\/wp\/v2\/product"}],"about":[{"href":"https:\/\/truusk.store\/sv\/wp-json\/wp\/v2\/types\/product"}],"wp:featuredmedia":[{"embeddable":true,"href":"https:\/\/truusk.store\/sv\/wp-json\/wp\/v2\/media\/56511"}],"wp:attachment":[{"href":"https:\/\/truusk.store\/sv\/wp-json\/wp\/v2\/media?parent=56561"}],"wp:term":[{"taxonomy":"product_brand","embeddable":true,"href":"https:\/\/truusk.store\/sv\/wp-json\/wp\/v2\/product_brand?post=56561"},{"taxonomy":"product_cat","embeddable":true,"href":"https:\/\/truusk.store\/sv\/wp-json\/wp\/v2\/product_cat?post=56561"},{"taxonomy":"product_tag","embeddable":true,"href":"https:\/\/truusk.store\/sv\/wp-json\/wp\/v2\/product_tag?post=56561"}],"curies":[{"name":"wp","href":"https:\/\/api.w.org\/{rel}","templated":true}]}}