{"id":56562,"date":"2025-06-03T19:47:41","date_gmt":"2025-06-03T18:47:41","guid":{"rendered":"https:\/\/truusk.store\/product\/markis-alu-markis-ledarmmarkis-markis-3m-bred-balkong-markis-solskydd-balkong-beige\/"},"modified":"2026-03-12T08:58:05","modified_gmt":"2026-03-12T07:58:05","slug":"truusk-balkong-markis-alu-markis-med-led-belysning-3m-bred-sol-och-regnskydd-beige","status":"publish","type":"product","link":"https:\/\/truusk.store\/sv\/produkt\/truusk-balkong-markis-alu-markis-med-led-belysning-3m-bred-sol-och-regnskydd-beige\/","title":{"rendered":"TRUUSK Balkong Markis &#8211; Alu-Markis med LED-belysning &#8211; 3m bred &#8211; Sol- och regnskydd &#8211; Beige"},"content":{"rendered":"<p>Denna ledarmmarkis \u00e4r bara en av m\u00e5nga i v\u00e5rt stora sortiment av markiser och \u00e4r s\u00e4rskilt l\u00e4mplig f\u00f6r balkongen eller terrassen. Den \u00e4r tillverkad av robust polyester med vattenavvisande konstl\u00e4derbel\u00e4ggning och utrustad med tv\u00e5 metallf\u00e4sten och en handvev f\u00f6r enkel anv\u00e4ndning. Kassetmarkisen finns i olika storlekar, alla l\u00e4mpliga f\u00f6r v\u00e4ggmontering.<\/p>\n<p>Beskrivning:<\/p>\n<ul>\n<li>H\u00f6gkvalitativ markis f\u00f6r balkong eller terrass<\/li>\n<li>Ger skydd mot v\u00e4der, f\u00f6r f\u00f6nster eller ing\u00e5ngsomr\u00e5de<\/li>\n<li>L\u00e4mplig f\u00f6r v\u00e4ggmontering<\/li>\n<li>V\u00e4derbest\u00e4ndig och smutsavvisande<\/li>\n<li>Ram och 3 f\u00e4sten av vit pulverlackerat aluminium<\/li>\n<li>Markisduk av 100% polyester med vattenavvisande konstl\u00e4derbel\u00e4ggning<\/li>\n<li>Lutningsvinkel stegl\u00f6st justerbar<\/li>\n<li>Enkel anv\u00e4ndning med hj\u00e4lp av en handvev<\/li>\n<li>Inkl. monteringsmaterial<\/li>\n<li>Obs: Handveven monteras framifr\u00e5n till v\u00e4nster &#8211; ingen \u00e4ndring till andra sidan m\u00f6jlig<\/li>\n<\/ul>\n<p> Tekniska data:<\/p>\n<ul>\n<li> Material: Aluminium, Polyester (280g\/m\u00b2)<\/li>\n<li> F\u00e4rg: Beige<\/li>\n<li> Totala m\u00e5tt: L450 x B300 cm<\/li>\n<li> Vevl\u00e4ngd: 160 cm<\/li>\n<\/ul>\n<p>Leveransomfattning:<\/p>\n<ul>\n<li> 1 x Markis<\/li>\n<li> 1 x Monteringsanvisning<\/li>\n<\/ul>\n","protected":false},"excerpt":{"rendered":"<p>Denna ledarmmarkis \u00e4r bara en av m\u00e5nga i v\u00e5rt stora sortiment av markiser och \u00e4r s\u00e4rskilt l\u00e4mplig f\u00f6r balkongen eller&#8230;<\/p>\n","protected":false},"featured_media":56523,"template":"","meta":[],"product_brand":[],"product_cat":[473,862,858],"product_tag":[],"class_list":{"0":"post-56562","1":"product","2":"type-product","3":"status-publish","4":"has-post-thumbnail","6":"product_cat-markiser","7":"product_cat-sol-insynsskydd","8":"product_cat-tradgard-terrass","10":"first","11":"instock","12":"sale","13":"taxable","14":"shipping-taxable","15":"purchasable","16":"product-type-simple"},"yoast_head":"<!-- This site is optimized with the Yoast SEO plugin v25.4 - https:\/\/yoast.com\/wordpress\/plugins\/seo\/ -->\n<title>TRUUSK Balkong Markis - Alu-Markis med LED-belysning - 3m bred - Sol- och regnskydd - Beige - TRUUSK - Hem, Tr\u00e4dg\u00e5rd &amp; Fritid<\/title>\n<meta name=\"robots\" content=\"index, follow, max-snippet:-1, max-image-preview:large, max-video-preview:-1\" \/>\n<link rel=\"canonical\" href=\"https:\/\/truusk.store\/sv\/produkt\/truusk-balkong-markis-alu-markis-med-led-belysning-3m-bred-sol-och-regnskydd-beige\/\" \/>\n<meta property=\"og:locale\" content=\"sv_SE\" \/>\n<meta property=\"og:type\" content=\"article\" \/>\n<meta property=\"og:title\" content=\"TRUUSK Balkong Markis - Alu-Markis med LED-belysning - 3m bred - Sol- och regnskydd - Beige - TRUUSK - Hem, Tr\u00e4dg\u00e5rd &amp; Fritid\" \/>\n<meta property=\"og:description\" content=\"Denna ledarmmarkis \u00e4r bara en av m\u00e5nga i v\u00e5rt stora sortiment av markiser och \u00e4r s\u00e4rskilt l\u00e4mplig f\u00f6r balkongen eller...\" \/>\n<meta property=\"og:url\" content=\"https:\/\/truusk.store\/sv\/produkt\/truusk-balkong-markis-alu-markis-med-led-belysning-3m-bred-sol-och-regnskydd-beige\/\" \/>\n<meta property=\"og:site_name\" content=\"TRUUSK - Hem, Tr\u00e4dg\u00e5rd &amp; Fritid\" \/>\n<meta property=\"article:modified_time\" content=\"2026-03-12T07:58:05+00:00\" \/>\n<meta property=\"og:image\" content=\"https:\/\/i0.wp.com\/truusk.se\/wp-content\/uploads\/2025\/06\/markis-alu-markis-ledarmmarkis-markis-3m-bred-balkong-markis-solkydd-balkong-beige-1.webp?fit=1500%2C1500&ssl=1\" \/>\n\t<meta property=\"og:image:width\" content=\"1500\" \/>\n\t<meta property=\"og:image:height\" content=\"1500\" \/>\n\t<meta property=\"og:image:type\" content=\"image\/webp\" \/>\n<meta name=\"twitter:card\" content=\"summary_large_image\" \/>\n<meta name=\"twitter:label1\" content=\"Ber\u00e4knad l\u00e4stid\" \/>\n\t<meta name=\"twitter:data1\" content=\"1 minut\" \/>\n<!-- \/ Yoast SEO plugin. -->","yoast_head_json":{"title":"TRUUSK Balkong Markis - Alu-Markis med LED-belysning - 3m bred - Sol- och regnskydd - Beige - TRUUSK - Hem, Tr\u00e4dg\u00e5rd &amp; Fritid","robots":{"index":"index","follow":"follow","max-snippet":"max-snippet:-1","max-image-preview":"max-image-preview:large","max-video-preview":"max-video-preview:-1"},"canonical":"https:\/\/truusk.store\/sv\/produkt\/truusk-balkong-markis-alu-markis-med-led-belysning-3m-bred-sol-och-regnskydd-beige\/","og_locale":"sv_SE","og_type":"article","og_title":"TRUUSK Balkong Markis - Alu-Markis med LED-belysning - 3m bred - Sol- och regnskydd - Beige - TRUUSK - Hem, Tr\u00e4dg\u00e5rd &amp; Fritid","og_description":"Denna ledarmmarkis \u00e4r bara en av m\u00e5nga i v\u00e5rt stora sortiment av markiser och \u00e4r s\u00e4rskilt l\u00e4mplig f\u00f6r balkongen eller...","og_url":"https:\/\/truusk.store\/sv\/produkt\/truusk-balkong-markis-alu-markis-med-led-belysning-3m-bred-sol-och-regnskydd-beige\/","og_site_name":"TRUUSK - Hem, Tr\u00e4dg\u00e5rd &amp; Fritid","article_modified_time":"2026-03-12T07:58:05+00:00","og_image":[{"width":1500,"height":1500,"url":"https:\/\/i0.wp.com\/truusk.se\/wp-content\/uploads\/2025\/06\/markis-alu-markis-ledarmmarkis-markis-3m-bred-balkong-markis-solkydd-balkong-beige-1.webp?fit=1500%2C1500&ssl=1","type":"image\/webp"}],"twitter_card":"summary_large_image","twitter_misc":{"Ber\u00e4knad l\u00e4stid":"1 minut"},"schema":{"@context":"https:\/\/schema.org","@graph":[{"@type":"WebPage","@id":"https:\/\/truusk.store\/sv\/produkt\/truusk-balkong-markis-alu-markis-med-led-belysning-3m-bred-sol-och-regnskydd-beige\/","url":"https:\/\/truusk.store\/sv\/produkt\/truusk-balkong-markis-alu-markis-med-led-belysning-3m-bred-sol-och-regnskydd-beige\/","name":"TRUUSK Balkong Markis - Alu-Markis med LED-belysning - 3m bred - Sol- och regnskydd - Beige - TRUUSK - Hem, Tr\u00e4dg\u00e5rd &amp; Fritid","isPartOf":{"@id":"https:\/\/truusk.store\/sv\/#website"},"primaryImageOfPage":{"@id":"https:\/\/truusk.store\/sv\/produkt\/truusk-balkong-markis-alu-markis-med-led-belysning-3m-bred-sol-och-regnskydd-beige\/#primaryimage"},"image":{"@id":"https:\/\/truusk.store\/sv\/produkt\/truusk-balkong-markis-alu-markis-med-led-belysning-3m-bred-sol-och-regnskydd-beige\/#primaryimage"},"thumbnailUrl":"https:\/\/i0.wp.com\/truusk.store\/wp-content\/uploads\/2025\/06\/markis-alu-markis-ledarmmarkis-markis-3m-bred-balkong-markis-solkydd-balkong-beige-1.webp?fit=1500%2C1500&ssl=1","datePublished":"2025-06-03T18:47:41+00:00","dateModified":"2026-03-12T07:58:05+00:00","breadcrumb":{"@id":"https:\/\/truusk.store\/sv\/produkt\/truusk-balkong-markis-alu-markis-med-led-belysning-3m-bred-sol-och-regnskydd-beige\/#breadcrumb"},"inLanguage":"sv-SE","potentialAction":[{"@type":"ReadAction","target":["https:\/\/truusk.store\/sv\/produkt\/truusk-balkong-markis-alu-markis-med-led-belysning-3m-bred-sol-och-regnskydd-beige\/"]}]},{"@type":"ImageObject","inLanguage":"sv-SE","@id":"https:\/\/truusk.store\/sv\/produkt\/truusk-balkong-markis-alu-markis-med-led-belysning-3m-bred-sol-och-regnskydd-beige\/#primaryimage","url":"https:\/\/i0.wp.com\/truusk.store\/wp-content\/uploads\/2025\/06\/markis-alu-markis-ledarmmarkis-markis-3m-bred-balkong-markis-solkydd-balkong-beige-1.webp?fit=1500%2C1500&ssl=1","contentUrl":"https:\/\/i0.wp.com\/truusk.store\/wp-content\/uploads\/2025\/06\/markis-alu-markis-ledarmmarkis-markis-3m-bred-balkong-markis-solkydd-balkong-beige-1.webp?fit=1500%2C1500&ssl=1","width":1500,"height":1500},{"@type":"BreadcrumbList","@id":"https:\/\/truusk.store\/sv\/produkt\/truusk-balkong-markis-alu-markis-med-led-belysning-3m-bred-sol-och-regnskydd-beige\/#breadcrumb","itemListElement":[{"@type":"ListItem","position":1,"name":"Home","item":"https:\/\/truusk.store\/sv\/"},{"@type":"ListItem","position":2,"name":"Shop","item":"https:\/\/truusk.store\/shop\/"},{"@type":"ListItem","position":3,"name":"TRUUSK Balkong Markis &#8211; Alu-Markis med LED-belysning &#8211; 3m bred &#8211; Sol- och regnskydd &#8211; Beige"}]},{"@type":"WebSite","@id":"https:\/\/truusk.store\/sv\/#website","url":"https:\/\/truusk.store\/sv\/","name":"TRUUSK - Hem, Tr\u00e4dg\u00e5rd & Fritid","description":"","publisher":{"@id":"https:\/\/truusk.store\/sv\/#organization"},"potentialAction":[{"@type":"SearchAction","target":{"@type":"EntryPoint","urlTemplate":"https:\/\/truusk.store\/sv\/?s={search_term_string}"},"query-input":{"@type":"PropertyValueSpecification","valueRequired":true,"valueName":"search_term_string"}}],"inLanguage":"sv-SE"},{"@type":"Organization","@id":"https:\/\/truusk.store\/sv\/#organization","name":"TRUUSK - Hem, Tr\u00e4dg\u00e5rd & Fritid","url":"https:\/\/truusk.store\/sv\/","logo":{"@type":"ImageObject","inLanguage":"sv-SE","@id":"https:\/\/truusk.store\/sv\/#\/schema\/logo\/image\/","url":"https:\/\/i0.wp.com\/truusk.store\/wp-content\/uploads\/2026\/03\/cropped-TRUUSK.png?fit=2032%2C917&ssl=1","contentUrl":"https:\/\/i0.wp.com\/truusk.store\/wp-content\/uploads\/2026\/03\/cropped-TRUUSK.png?fit=2032%2C917&ssl=1","width":2032,"height":917,"caption":"TRUUSK - Hem, Tr\u00e4dg\u00e5rd & Fritid"},"image":{"@id":"https:\/\/truusk.store\/sv\/#\/schema\/logo\/image\/"}}]}},"jetpack_sharing_enabled":true,"_links":{"self":[{"href":"https:\/\/truusk.store\/sv\/wp-json\/wp\/v2\/product\/56562","targetHints":{"allow":["GET"]}}],"collection":[{"href":"https:\/\/truusk.store\/sv\/wp-json\/wp\/v2\/product"}],"about":[{"href":"https:\/\/truusk.store\/sv\/wp-json\/wp\/v2\/types\/product"}],"wp:featuredmedia":[{"embeddable":true,"href":"https:\/\/truusk.store\/sv\/wp-json\/wp\/v2\/media\/56523"}],"wp:attachment":[{"href":"https:\/\/truusk.store\/sv\/wp-json\/wp\/v2\/media?parent=56562"}],"wp:term":[{"taxonomy":"product_brand","embeddable":true,"href":"https:\/\/truusk.store\/sv\/wp-json\/wp\/v2\/product_brand?post=56562"},{"taxonomy":"product_cat","embeddable":true,"href":"https:\/\/truusk.store\/sv\/wp-json\/wp\/v2\/product_cat?post=56562"},{"taxonomy":"product_tag","embeddable":true,"href":"https:\/\/truusk.store\/sv\/wp-json\/wp\/v2\/product_tag?post=56562"}],"curies":[{"name":"wp","href":"https:\/\/api.w.org\/{rel}","templated":true}]}}