{"id":56572,"date":"2025-06-03T20:11:04","date_gmt":"2025-06-03T19:11:04","guid":{"rendered":"https:\/\/truusk.store\/product\/takoverbyggnad-glasoverbyggnad-dorroverbyggnad-hardat-glas-esg-rostfritt-stal-klarglas-3-storlekar-200x90cm-l\/"},"modified":"2026-03-12T09:02:30","modified_gmt":"2026-03-12T08:02:30","slug":"truusk-takoverbyggnad-glasoverbyggnad-dorroverbyggnad-hardat-glas-esg-rostfritt-stal-klarglas-3-storlekar-200x90cm","status":"publish","type":"product","link":"https:\/\/truusk.store\/sv\/produkt\/truusk-takoverbyggnad-glasoverbyggnad-dorroverbyggnad-hardat-glas-esg-rostfritt-stal-klarglas-3-storlekar-200x90cm\/","title":{"rendered":"TRUUSK Tak\u00f6verbyggnad Glas\u00f6verbyggnad D\u00f6rr\u00f6verbyggnad &#8211; H\u00e4rdat Glas (ESG) &#8211; Rostfritt St\u00e5l &#8211; Klarglas &#8211; 3 Storlekar &#8211; (200x90cm)"},"content":{"rendered":"<p>Detta h\u00f6gkvalitativa glastak kombinerar modern design med funktionalitet och s\u00e4kerhet. Rostfria st\u00e5lf\u00e4sten garanterar stabilitet och g\u00f6r taket till en blickf\u00e5ngare p\u00e5 varje husv\u00e4gg. Det underh\u00e5llsfria s\u00e4kerhetsglaset \u00e4r transparent och garanterar maximal ljusstyrka i ing\u00e5ngen till ditt hus.<\/p>\n<p>Beskrivning:<\/p>\n<ul>\n<li> Modern design<\/li>\n<li> H\u00f6gkvalitativ kvalitet och utf\u00f6rande<\/li>\n<li> Transparent 12 mm tjockt s\u00e4kerhetsglas f\u00f6r h\u00f6g stabilitet och s\u00e4kerhet<\/li>\n<li> Ljusgenomsl\u00e4pplig, f\u00f6r maximal ljusstyrka i ing\u00e5ngsomr\u00e5det<\/li>\n<li> Stabila f\u00e4sten av rostfritt st\u00e5l<\/li>\n<li> Inklusive monteringsanvisningar, mycket enkel montering<\/li>\n<\/ul>\n<p>Tekniska data:<\/p>\n<ul>\n<li> Material: Rostfritt st\u00e5l, H\u00e4rdat glas<\/li>\n<li> M\u00e5tt: 2000L x 900B x 12T mm<\/li>\n<li> Vikt: 66 kg<\/li>\n<li> Belastningskapacitet: 250 kg<\/li>\n<li> F\u00e4sten: Rostfritt st\u00e5lf\u00e4ste ovan, Rostfritt st\u00e5lf\u00e4ste nedan, Rostfria st\u00e5lf\u00e4sten, Dragst\u00e4nger<\/li>\n<\/ul>\n<p>Leveransinneh\u00e5ll:<\/p>\n<ul>\n<li> 1 x Tak<\/li>\n<li>Obs: Leveransen inkluderar skruvar och pluggar f\u00f6r betongv\u00e4ggar utan isoleringsskikt. Om du har en annan v\u00e4ggtyp kan du k\u00f6pa passande pluggar och skruvar billigt i varje byggmarknad. \u00a0<\/li>\n<\/ul>\n","protected":false},"excerpt":{"rendered":"<p>Detta h\u00f6gkvalitativa glastak kombinerar modern design med funktionalitet och s\u00e4kerhet. Rostfria st\u00e5lf\u00e4sten garanterar stabilitet och g\u00f6r taket till en blickf\u00e5ngare&#8230;<\/p>\n","protected":false},"featured_media":56564,"template":"","meta":[],"product_brand":[],"product_cat":[867,868,672],"product_tag":[],"class_list":{"0":"post-56572","1":"product","2":"type-product","3":"status-publish","4":"has-post-thumbnail","6":"product_cat-byggmarknad","7":"product_cat-entretak","8":"product_cat-runt-huset","10":"first","11":"instock","12":"sale","13":"taxable","14":"shipping-taxable","15":"purchasable","16":"product-type-simple"},"yoast_head":"<!-- This site is optimized with the Yoast SEO plugin v25.4 - https:\/\/yoast.com\/wordpress\/plugins\/seo\/ -->\n<title>TRUUSK Tak\u00f6verbyggnad Glas\u00f6verbyggnad D\u00f6rr\u00f6verbyggnad - H\u00e4rdat Glas (ESG) - Rostfritt St\u00e5l - Klarglas - 3 Storlekar - (200x90cm) - TRUUSK - Hem, Tr\u00e4dg\u00e5rd &amp; Fritid<\/title>\n<meta name=\"robots\" content=\"index, follow, max-snippet:-1, max-image-preview:large, max-video-preview:-1\" \/>\n<link rel=\"canonical\" href=\"https:\/\/truusk.store\/sv\/produkt\/truusk-takoverbyggnad-glasoverbyggnad-dorroverbyggnad-hardat-glas-esg-rostfritt-stal-klarglas-3-storlekar-200x90cm\/\" \/>\n<meta property=\"og:locale\" content=\"sv_SE\" \/>\n<meta property=\"og:type\" content=\"article\" \/>\n<meta property=\"og:title\" content=\"TRUUSK Tak\u00f6verbyggnad Glas\u00f6verbyggnad D\u00f6rr\u00f6verbyggnad - H\u00e4rdat Glas (ESG) - Rostfritt St\u00e5l - Klarglas - 3 Storlekar - (200x90cm) - TRUUSK - Hem, Tr\u00e4dg\u00e5rd &amp; Fritid\" \/>\n<meta property=\"og:description\" content=\"Detta h\u00f6gkvalitativa glastak kombinerar modern design med funktionalitet och s\u00e4kerhet. Rostfria st\u00e5lf\u00e4sten garanterar stabilitet och g\u00f6r taket till en blickf\u00e5ngare...\" \/>\n<meta property=\"og:url\" content=\"https:\/\/truusk.store\/sv\/produkt\/truusk-takoverbyggnad-glasoverbyggnad-dorroverbyggnad-hardat-glas-esg-rostfritt-stal-klarglas-3-storlekar-200x90cm\/\" \/>\n<meta property=\"og:site_name\" content=\"TRUUSK - Hem, Tr\u00e4dg\u00e5rd &amp; Fritid\" \/>\n<meta property=\"article:modified_time\" content=\"2026-03-12T08:02:30+00:00\" \/>\n<meta property=\"og:image\" content=\"https:\/\/i0.wp.com\/truusk.se\/wp-content\/uploads\/2025\/06\/takoverbyggnad-glasoverbyggnad-dorroverbyggnad-hardat-glas-esg-rostfritt-stal-klarglas-3-storlekar-200x90cm-l-1.webp?fit=1500%2C1500&ssl=1\" \/>\n\t<meta property=\"og:image:width\" content=\"1500\" \/>\n\t<meta property=\"og:image:height\" content=\"1500\" \/>\n\t<meta property=\"og:image:type\" content=\"image\/webp\" \/>\n<meta name=\"twitter:card\" content=\"summary_large_image\" \/>\n<meta name=\"twitter:label1\" content=\"Ber\u00e4knad l\u00e4stid\" \/>\n\t<meta name=\"twitter:data1\" content=\"1 minut\" \/>\n<!-- \/ Yoast SEO plugin. -->","yoast_head_json":{"title":"TRUUSK Tak\u00f6verbyggnad Glas\u00f6verbyggnad D\u00f6rr\u00f6verbyggnad - H\u00e4rdat Glas (ESG) - Rostfritt St\u00e5l - Klarglas - 3 Storlekar - (200x90cm) - TRUUSK - Hem, Tr\u00e4dg\u00e5rd &amp; Fritid","robots":{"index":"index","follow":"follow","max-snippet":"max-snippet:-1","max-image-preview":"max-image-preview:large","max-video-preview":"max-video-preview:-1"},"canonical":"https:\/\/truusk.store\/sv\/produkt\/truusk-takoverbyggnad-glasoverbyggnad-dorroverbyggnad-hardat-glas-esg-rostfritt-stal-klarglas-3-storlekar-200x90cm\/","og_locale":"sv_SE","og_type":"article","og_title":"TRUUSK Tak\u00f6verbyggnad Glas\u00f6verbyggnad D\u00f6rr\u00f6verbyggnad - H\u00e4rdat Glas (ESG) - Rostfritt St\u00e5l - Klarglas - 3 Storlekar - (200x90cm) - TRUUSK - Hem, Tr\u00e4dg\u00e5rd &amp; Fritid","og_description":"Detta h\u00f6gkvalitativa glastak kombinerar modern design med funktionalitet och s\u00e4kerhet. Rostfria st\u00e5lf\u00e4sten garanterar stabilitet och g\u00f6r taket till en blickf\u00e5ngare...","og_url":"https:\/\/truusk.store\/sv\/produkt\/truusk-takoverbyggnad-glasoverbyggnad-dorroverbyggnad-hardat-glas-esg-rostfritt-stal-klarglas-3-storlekar-200x90cm\/","og_site_name":"TRUUSK - Hem, Tr\u00e4dg\u00e5rd &amp; Fritid","article_modified_time":"2026-03-12T08:02:30+00:00","og_image":[{"width":1500,"height":1500,"url":"https:\/\/i0.wp.com\/truusk.se\/wp-content\/uploads\/2025\/06\/takoverbyggnad-glasoverbyggnad-dorroverbyggnad-hardat-glas-esg-rostfritt-stal-klarglas-3-storlekar-200x90cm-l-1.webp?fit=1500%2C1500&ssl=1","type":"image\/webp"}],"twitter_card":"summary_large_image","twitter_misc":{"Ber\u00e4knad l\u00e4stid":"1 minut"},"schema":{"@context":"https:\/\/schema.org","@graph":[{"@type":"WebPage","@id":"https:\/\/truusk.store\/sv\/produkt\/truusk-takoverbyggnad-glasoverbyggnad-dorroverbyggnad-hardat-glas-esg-rostfritt-stal-klarglas-3-storlekar-200x90cm\/","url":"https:\/\/truusk.store\/sv\/produkt\/truusk-takoverbyggnad-glasoverbyggnad-dorroverbyggnad-hardat-glas-esg-rostfritt-stal-klarglas-3-storlekar-200x90cm\/","name":"TRUUSK Tak\u00f6verbyggnad Glas\u00f6verbyggnad D\u00f6rr\u00f6verbyggnad - H\u00e4rdat Glas (ESG) - Rostfritt St\u00e5l - Klarglas - 3 Storlekar - (200x90cm) - TRUUSK - Hem, Tr\u00e4dg\u00e5rd &amp; Fritid","isPartOf":{"@id":"https:\/\/truusk.store\/sv\/#website"},"primaryImageOfPage":{"@id":"https:\/\/truusk.store\/sv\/produkt\/truusk-takoverbyggnad-glasoverbyggnad-dorroverbyggnad-hardat-glas-esg-rostfritt-stal-klarglas-3-storlekar-200x90cm\/#primaryimage"},"image":{"@id":"https:\/\/truusk.store\/sv\/produkt\/truusk-takoverbyggnad-glasoverbyggnad-dorroverbyggnad-hardat-glas-esg-rostfritt-stal-klarglas-3-storlekar-200x90cm\/#primaryimage"},"thumbnailUrl":"https:\/\/i0.wp.com\/truusk.store\/wp-content\/uploads\/2025\/06\/takoverbyggnad-glasoverbyggnad-dorroverbyggnad-hardat-glas-esg-rostfritt-stal-klarglas-3-storlekar-200x90cm-l-1.webp?fit=1500%2C1500&ssl=1","datePublished":"2025-06-03T19:11:04+00:00","dateModified":"2026-03-12T08:02:30+00:00","breadcrumb":{"@id":"https:\/\/truusk.store\/sv\/produkt\/truusk-takoverbyggnad-glasoverbyggnad-dorroverbyggnad-hardat-glas-esg-rostfritt-stal-klarglas-3-storlekar-200x90cm\/#breadcrumb"},"inLanguage":"sv-SE","potentialAction":[{"@type":"ReadAction","target":["https:\/\/truusk.store\/sv\/produkt\/truusk-takoverbyggnad-glasoverbyggnad-dorroverbyggnad-hardat-glas-esg-rostfritt-stal-klarglas-3-storlekar-200x90cm\/"]}]},{"@type":"ImageObject","inLanguage":"sv-SE","@id":"https:\/\/truusk.store\/sv\/produkt\/truusk-takoverbyggnad-glasoverbyggnad-dorroverbyggnad-hardat-glas-esg-rostfritt-stal-klarglas-3-storlekar-200x90cm\/#primaryimage","url":"https:\/\/i0.wp.com\/truusk.store\/wp-content\/uploads\/2025\/06\/takoverbyggnad-glasoverbyggnad-dorroverbyggnad-hardat-glas-esg-rostfritt-stal-klarglas-3-storlekar-200x90cm-l-1.webp?fit=1500%2C1500&ssl=1","contentUrl":"https:\/\/i0.wp.com\/truusk.store\/wp-content\/uploads\/2025\/06\/takoverbyggnad-glasoverbyggnad-dorroverbyggnad-hardat-glas-esg-rostfritt-stal-klarglas-3-storlekar-200x90cm-l-1.webp?fit=1500%2C1500&ssl=1","width":1500,"height":1500},{"@type":"BreadcrumbList","@id":"https:\/\/truusk.store\/sv\/produkt\/truusk-takoverbyggnad-glasoverbyggnad-dorroverbyggnad-hardat-glas-esg-rostfritt-stal-klarglas-3-storlekar-200x90cm\/#breadcrumb","itemListElement":[{"@type":"ListItem","position":1,"name":"Home","item":"https:\/\/truusk.store\/sv\/"},{"@type":"ListItem","position":2,"name":"Shop","item":"https:\/\/truusk.store\/shop\/"},{"@type":"ListItem","position":3,"name":"TRUUSK Tak\u00f6verbyggnad Glas\u00f6verbyggnad D\u00f6rr\u00f6verbyggnad &#8211; H\u00e4rdat Glas (ESG) &#8211; Rostfritt St\u00e5l &#8211; Klarglas &#8211; 3 Storlekar &#8211; (200x90cm)"}]},{"@type":"WebSite","@id":"https:\/\/truusk.store\/sv\/#website","url":"https:\/\/truusk.store\/sv\/","name":"TRUUSK - Hem, Tr\u00e4dg\u00e5rd & Fritid","description":"","publisher":{"@id":"https:\/\/truusk.store\/sv\/#organization"},"potentialAction":[{"@type":"SearchAction","target":{"@type":"EntryPoint","urlTemplate":"https:\/\/truusk.store\/sv\/?s={search_term_string}"},"query-input":{"@type":"PropertyValueSpecification","valueRequired":true,"valueName":"search_term_string"}}],"inLanguage":"sv-SE"},{"@type":"Organization","@id":"https:\/\/truusk.store\/sv\/#organization","name":"TRUUSK - Hem, Tr\u00e4dg\u00e5rd & Fritid","url":"https:\/\/truusk.store\/sv\/","logo":{"@type":"ImageObject","inLanguage":"sv-SE","@id":"https:\/\/truusk.store\/sv\/#\/schema\/logo\/image\/","url":"https:\/\/i0.wp.com\/truusk.store\/wp-content\/uploads\/2026\/03\/cropped-TRUUSK.png?fit=2032%2C917&ssl=1","contentUrl":"https:\/\/i0.wp.com\/truusk.store\/wp-content\/uploads\/2026\/03\/cropped-TRUUSK.png?fit=2032%2C917&ssl=1","width":2032,"height":917,"caption":"TRUUSK - Hem, Tr\u00e4dg\u00e5rd & Fritid"},"image":{"@id":"https:\/\/truusk.store\/sv\/#\/schema\/logo\/image\/"}}]}},"jetpack_sharing_enabled":true,"_links":{"self":[{"href":"https:\/\/truusk.store\/sv\/wp-json\/wp\/v2\/product\/56572","targetHints":{"allow":["GET"]}}],"collection":[{"href":"https:\/\/truusk.store\/sv\/wp-json\/wp\/v2\/product"}],"about":[{"href":"https:\/\/truusk.store\/sv\/wp-json\/wp\/v2\/types\/product"}],"wp:featuredmedia":[{"embeddable":true,"href":"https:\/\/truusk.store\/sv\/wp-json\/wp\/v2\/media\/56564"}],"wp:attachment":[{"href":"https:\/\/truusk.store\/sv\/wp-json\/wp\/v2\/media?parent=56572"}],"wp:term":[{"taxonomy":"product_brand","embeddable":true,"href":"https:\/\/truusk.store\/sv\/wp-json\/wp\/v2\/product_brand?post=56572"},{"taxonomy":"product_cat","embeddable":true,"href":"https:\/\/truusk.store\/sv\/wp-json\/wp\/v2\/product_cat?post=56572"},{"taxonomy":"product_tag","embeddable":true,"href":"https:\/\/truusk.store\/sv\/wp-json\/wp\/v2\/product_tag?post=56572"}],"curies":[{"name":"wp","href":"https:\/\/api.w.org\/{rel}","templated":true}]}}