{"id":56623,"date":"2025-06-03T20:36:38","date_gmt":"2025-06-03T19:36:38","guid":{"rendered":"https:\/\/truusk.store\/product\/punchingball-set-staende-boxning-hojdjusterbar-125-145cm-handskar-pump-proffs-nyborjare\/"},"modified":"2026-03-12T09:05:20","modified_gmt":"2026-03-12T08:05:20","slug":"truusk-staende-punchingball-set-hojdjusterbar-125-145cm-handskar-pump-for-proffs-nyborjare","status":"publish","type":"product","link":"https:\/\/truusk.store\/sv\/produkt\/truusk-staende-punchingball-set-hojdjusterbar-125-145cm-handskar-pump-for-proffs-nyborjare\/","title":{"rendered":"TRUUSK St\u00e5ende Punchingball Set &#8211; H\u00f6jdjusterbar 125-145cm &#8211; Handskar, Pump &#8211; F\u00f6r Proffs &amp; Nyb\u00f6rjare"},"content":{"rendered":"<p>Upplev boxningstr\u00e4ning som aldrig f\u00f6rr &#8211; direkt hemma hos dig! V\u00e5rt kompletta punchbollset \u00e4r perfekt f\u00f6r boxningsfans och alla som vill lindra stress. Den innovativa fj\u00e4dringen ger realistiska tr\u00e4ffar och simulerar partnertr\u00e4ning. St\u00e5foten kan fyllas med upp till 15 kg vatten eller 20 kg sand f\u00f6r att garantera maximal stabilitet. Skaffa din personliga boxningstr\u00e4nare och f\u00f6rb\u00e4ttra din kondition och uth\u00e5llighet &#8211; n\u00e4r som helst, var som helst!<\/p>\n<p>Beskrivning:<\/p>\n<ul>\n<li> L\u00e4mplig f\u00f6r ungdomar<\/li>\n<li> Pumpa av konstl\u00e4derpunchbollen klar p\u00e5 sekunder<\/li>\n<li> St\u00e5fot kan fyllas med 15 kg vatten eller 20 kg sand<\/li>\n<li> Fj\u00e4drande metallst\u00e5ng<\/li>\n<li> H\u00f6jd justerbar i 4 steg<\/li>\n<li> Tar liten plats vid f\u00f6rvaring<\/li>\n<li> L\u00e4mplig f\u00f6r professionell anv\u00e4ndning i studion samt hemma<\/li>\n<li> Enkel demontering och montering<\/li>\n<li> Inklusive boxhandskar och pump<\/li>\n<li> Observera: F\u00e4rgerna p\u00e5 produkterna (r\u00f6d\/svart\/r\u00f6d + svart) levereras slumpm\u00e4ssigt<\/li>\n<\/ul>\n<p>Tekniska data:<\/p>\n<ul>\n<li> Material: Konstl\u00e4der, st\u00e5l, plast<\/li>\n<li> F\u00e4rg: R\u00f6d<\/li>\n<li> Vikt: 3 kg<\/li>\n<li> M\u00e5tt punchboll: \u00d824 cm x 30H cm<\/li>\n<li> H\u00f6jd: 125\/131\/138\/145 cm<\/li>\n<li> M\u00e5tt st\u00e5fot: \u00d843 x 12H cm<\/li>\n<\/ul>\n<p>Leveransinneh\u00e5ll:<\/p>\n<ul>\n<li> 1 x Punchbollst\u00e4ll<\/li>\n<li> 1 x Boxhandskar<\/li>\n<li> 1 x Pump<\/li>\n<li> 1 x Instruktioner<\/li>\n<\/ul>\n","protected":false},"excerpt":{"rendered":"<p>Upplev boxningstr\u00e4ning som aldrig f\u00f6rr &#8211; direkt hemma hos dig! V\u00e5rt kompletta punchbollset \u00e4r perfekt f\u00f6r boxningsfans och alla som&#8230;<\/p>\n","protected":false},"featured_media":56614,"template":"","meta":[],"product_brand":[],"product_cat":[667,873,647],"product_tag":[],"class_list":{"0":"post-56623","1":"product","2":"type-product","3":"status-publish","4":"has-post-thumbnail","6":"product_cat-boxningssack","7":"product_cat-fitness-styrketraning","8":"product_cat-sport-fritid","10":"first","11":"instock","12":"sale","13":"taxable","14":"shipping-taxable","15":"purchasable","16":"product-type-simple"},"yoast_head":"<!-- This site is optimized with the Yoast SEO plugin v25.4 - https:\/\/yoast.com\/wordpress\/plugins\/seo\/ -->\n<title>TRUUSK St\u00e5ende Punchingball Set - H\u00f6jdjusterbar 125-145cm - Handskar, Pump - F\u00f6r Proffs &amp; Nyb\u00f6rjare - TRUUSK - Hem, Tr\u00e4dg\u00e5rd &amp; Fritid<\/title>\n<meta name=\"robots\" content=\"index, follow, max-snippet:-1, max-image-preview:large, max-video-preview:-1\" \/>\n<link rel=\"canonical\" href=\"https:\/\/truusk.store\/sv\/produkt\/truusk-staende-punchingball-set-hojdjusterbar-125-145cm-handskar-pump-for-proffs-nyborjare\/\" \/>\n<meta property=\"og:locale\" content=\"sv_SE\" \/>\n<meta property=\"og:type\" content=\"article\" \/>\n<meta property=\"og:title\" content=\"TRUUSK St\u00e5ende Punchingball Set - H\u00f6jdjusterbar 125-145cm - Handskar, Pump - F\u00f6r Proffs &amp; Nyb\u00f6rjare - TRUUSK - Hem, Tr\u00e4dg\u00e5rd &amp; Fritid\" \/>\n<meta property=\"og:description\" content=\"Upplev boxningstr\u00e4ning som aldrig f\u00f6rr &#8211; direkt hemma hos dig! V\u00e5rt kompletta punchbollset \u00e4r perfekt f\u00f6r boxningsfans och alla som...\" \/>\n<meta property=\"og:url\" content=\"https:\/\/truusk.store\/sv\/produkt\/truusk-staende-punchingball-set-hojdjusterbar-125-145cm-handskar-pump-for-proffs-nyborjare\/\" \/>\n<meta property=\"og:site_name\" content=\"TRUUSK - Hem, Tr\u00e4dg\u00e5rd &amp; Fritid\" \/>\n<meta property=\"article:modified_time\" content=\"2026-03-12T08:05:20+00:00\" \/>\n<meta property=\"og:image\" content=\"https:\/\/i0.wp.com\/truusk.se\/wp-content\/uploads\/2025\/06\/punchingball-set-staende-boxning-hojdjusterbar-125-145cm-handskar-pump-proffs-nyborjare-1.webp?fit=2000%2C2000&ssl=1\" \/>\n\t<meta property=\"og:image:width\" content=\"2000\" \/>\n\t<meta property=\"og:image:height\" content=\"2000\" \/>\n\t<meta property=\"og:image:type\" content=\"image\/webp\" \/>\n<meta name=\"twitter:card\" content=\"summary_large_image\" \/>\n<meta name=\"twitter:label1\" content=\"Ber\u00e4knad l\u00e4stid\" \/>\n\t<meta name=\"twitter:data1\" content=\"1 minut\" \/>\n<!-- \/ Yoast SEO plugin. -->","yoast_head_json":{"title":"TRUUSK St\u00e5ende Punchingball Set - H\u00f6jdjusterbar 125-145cm - Handskar, Pump - F\u00f6r Proffs &amp; Nyb\u00f6rjare - TRUUSK - Hem, Tr\u00e4dg\u00e5rd &amp; Fritid","robots":{"index":"index","follow":"follow","max-snippet":"max-snippet:-1","max-image-preview":"max-image-preview:large","max-video-preview":"max-video-preview:-1"},"canonical":"https:\/\/truusk.store\/sv\/produkt\/truusk-staende-punchingball-set-hojdjusterbar-125-145cm-handskar-pump-for-proffs-nyborjare\/","og_locale":"sv_SE","og_type":"article","og_title":"TRUUSK St\u00e5ende Punchingball Set - H\u00f6jdjusterbar 125-145cm - Handskar, Pump - F\u00f6r Proffs &amp; Nyb\u00f6rjare - TRUUSK - Hem, Tr\u00e4dg\u00e5rd &amp; Fritid","og_description":"Upplev boxningstr\u00e4ning som aldrig f\u00f6rr &#8211; direkt hemma hos dig! V\u00e5rt kompletta punchbollset \u00e4r perfekt f\u00f6r boxningsfans och alla som...","og_url":"https:\/\/truusk.store\/sv\/produkt\/truusk-staende-punchingball-set-hojdjusterbar-125-145cm-handskar-pump-for-proffs-nyborjare\/","og_site_name":"TRUUSK - Hem, Tr\u00e4dg\u00e5rd &amp; Fritid","article_modified_time":"2026-03-12T08:05:20+00:00","og_image":[{"width":2000,"height":2000,"url":"https:\/\/i0.wp.com\/truusk.se\/wp-content\/uploads\/2025\/06\/punchingball-set-staende-boxning-hojdjusterbar-125-145cm-handskar-pump-proffs-nyborjare-1.webp?fit=2000%2C2000&ssl=1","type":"image\/webp"}],"twitter_card":"summary_large_image","twitter_misc":{"Ber\u00e4knad l\u00e4stid":"1 minut"},"schema":{"@context":"https:\/\/schema.org","@graph":[{"@type":"WebPage","@id":"https:\/\/truusk.store\/sv\/produkt\/truusk-staende-punchingball-set-hojdjusterbar-125-145cm-handskar-pump-for-proffs-nyborjare\/","url":"https:\/\/truusk.store\/sv\/produkt\/truusk-staende-punchingball-set-hojdjusterbar-125-145cm-handskar-pump-for-proffs-nyborjare\/","name":"TRUUSK St\u00e5ende Punchingball Set - H\u00f6jdjusterbar 125-145cm - Handskar, Pump - F\u00f6r Proffs &amp; Nyb\u00f6rjare - TRUUSK - Hem, Tr\u00e4dg\u00e5rd &amp; Fritid","isPartOf":{"@id":"https:\/\/truusk.store\/sv\/#website"},"primaryImageOfPage":{"@id":"https:\/\/truusk.store\/sv\/produkt\/truusk-staende-punchingball-set-hojdjusterbar-125-145cm-handskar-pump-for-proffs-nyborjare\/#primaryimage"},"image":{"@id":"https:\/\/truusk.store\/sv\/produkt\/truusk-staende-punchingball-set-hojdjusterbar-125-145cm-handskar-pump-for-proffs-nyborjare\/#primaryimage"},"thumbnailUrl":"https:\/\/i0.wp.com\/truusk.store\/wp-content\/uploads\/2025\/06\/punchingball-set-staende-boxning-hojdjusterbar-125-145cm-handskar-pump-proffs-nyborjare-1.webp?fit=2000%2C2000&ssl=1","datePublished":"2025-06-03T19:36:38+00:00","dateModified":"2026-03-12T08:05:20+00:00","breadcrumb":{"@id":"https:\/\/truusk.store\/sv\/produkt\/truusk-staende-punchingball-set-hojdjusterbar-125-145cm-handskar-pump-for-proffs-nyborjare\/#breadcrumb"},"inLanguage":"sv-SE","potentialAction":[{"@type":"ReadAction","target":["https:\/\/truusk.store\/sv\/produkt\/truusk-staende-punchingball-set-hojdjusterbar-125-145cm-handskar-pump-for-proffs-nyborjare\/"]}]},{"@type":"ImageObject","inLanguage":"sv-SE","@id":"https:\/\/truusk.store\/sv\/produkt\/truusk-staende-punchingball-set-hojdjusterbar-125-145cm-handskar-pump-for-proffs-nyborjare\/#primaryimage","url":"https:\/\/i0.wp.com\/truusk.store\/wp-content\/uploads\/2025\/06\/punchingball-set-staende-boxning-hojdjusterbar-125-145cm-handskar-pump-proffs-nyborjare-1.webp?fit=2000%2C2000&ssl=1","contentUrl":"https:\/\/i0.wp.com\/truusk.store\/wp-content\/uploads\/2025\/06\/punchingball-set-staende-boxning-hojdjusterbar-125-145cm-handskar-pump-proffs-nyborjare-1.webp?fit=2000%2C2000&ssl=1","width":2000,"height":2000},{"@type":"BreadcrumbList","@id":"https:\/\/truusk.store\/sv\/produkt\/truusk-staende-punchingball-set-hojdjusterbar-125-145cm-handskar-pump-for-proffs-nyborjare\/#breadcrumb","itemListElement":[{"@type":"ListItem","position":1,"name":"Home","item":"https:\/\/truusk.store\/sv\/"},{"@type":"ListItem","position":2,"name":"Shop","item":"https:\/\/truusk.store\/shop\/"},{"@type":"ListItem","position":3,"name":"TRUUSK St\u00e5ende Punchingball Set &#8211; H\u00f6jdjusterbar 125-145cm &#8211; Handskar, Pump &#8211; F\u00f6r Proffs &amp; Nyb\u00f6rjare"}]},{"@type":"WebSite","@id":"https:\/\/truusk.store\/sv\/#website","url":"https:\/\/truusk.store\/sv\/","name":"TRUUSK - Hem, Tr\u00e4dg\u00e5rd & Fritid","description":"","publisher":{"@id":"https:\/\/truusk.store\/sv\/#organization"},"potentialAction":[{"@type":"SearchAction","target":{"@type":"EntryPoint","urlTemplate":"https:\/\/truusk.store\/sv\/?s={search_term_string}"},"query-input":{"@type":"PropertyValueSpecification","valueRequired":true,"valueName":"search_term_string"}}],"inLanguage":"sv-SE"},{"@type":"Organization","@id":"https:\/\/truusk.store\/sv\/#organization","name":"TRUUSK - Hem, Tr\u00e4dg\u00e5rd & Fritid","url":"https:\/\/truusk.store\/sv\/","logo":{"@type":"ImageObject","inLanguage":"sv-SE","@id":"https:\/\/truusk.store\/sv\/#\/schema\/logo\/image\/","url":"https:\/\/i0.wp.com\/truusk.store\/wp-content\/uploads\/2026\/03\/cropped-TRUUSK.png?fit=2032%2C917&ssl=1","contentUrl":"https:\/\/i0.wp.com\/truusk.store\/wp-content\/uploads\/2026\/03\/cropped-TRUUSK.png?fit=2032%2C917&ssl=1","width":2032,"height":917,"caption":"TRUUSK - Hem, Tr\u00e4dg\u00e5rd & Fritid"},"image":{"@id":"https:\/\/truusk.store\/sv\/#\/schema\/logo\/image\/"}}]}},"jetpack_sharing_enabled":true,"_links":{"self":[{"href":"https:\/\/truusk.store\/sv\/wp-json\/wp\/v2\/product\/56623","targetHints":{"allow":["GET"]}}],"collection":[{"href":"https:\/\/truusk.store\/sv\/wp-json\/wp\/v2\/product"}],"about":[{"href":"https:\/\/truusk.store\/sv\/wp-json\/wp\/v2\/types\/product"}],"wp:featuredmedia":[{"embeddable":true,"href":"https:\/\/truusk.store\/sv\/wp-json\/wp\/v2\/media\/56614"}],"wp:attachment":[{"href":"https:\/\/truusk.store\/sv\/wp-json\/wp\/v2\/media?parent=56623"}],"wp:term":[{"taxonomy":"product_brand","embeddable":true,"href":"https:\/\/truusk.store\/sv\/wp-json\/wp\/v2\/product_brand?post=56623"},{"taxonomy":"product_cat","embeddable":true,"href":"https:\/\/truusk.store\/sv\/wp-json\/wp\/v2\/product_cat?post=56623"},{"taxonomy":"product_tag","embeddable":true,"href":"https:\/\/truusk.store\/sv\/wp-json\/wp\/v2\/product_tag?post=56623"}],"curies":[{"name":"wp","href":"https:\/\/api.w.org\/{rel}","templated":true}]}}