{"id":56638,"date":"2025-06-04T20:17:58","date_gmt":"2025-06-04T19:17:58","guid":{"rendered":"https:\/\/truusk.store\/product\/ersattnings-tak-for-metallpaviljong-3x3m-kramvit-i-polyester-perfekt-for-tradgard-terrass\/"},"modified":"2026-03-12T09:06:25","modified_gmt":"2026-03-12T08:06:25","slug":"truusk-ersattningstak-till-metallpaviljong-3x3m-kramvit-polyester-perfekt-for-tradgard-terrass","status":"publish","type":"product","link":"https:\/\/truusk.store\/sv\/produkt\/truusk-ersattningstak-till-metallpaviljong-3x3m-kramvit-polyester-perfekt-for-tradgard-terrass\/","title":{"rendered":"TRUUSK Ers\u00e4ttningstak till Metallpaviljong 3x3m &#8211; Kr\u00e4mvit Polyester &#8211; Perfekt f\u00f6r Tr\u00e4dg\u00e5rd &amp; Terrass"},"content":{"rendered":"<p>Paviljongtaket \u00e4r den del av paviljongen som \u00e4r mest utsatt f\u00f6r v\u00e4derf\u00f6rh\u00e5llanden som solstr\u00e5lning, regn, vind och liknande. D\u00e4rf\u00f6r kan du hos oss k\u00f6pa ers\u00e4ttningstak f\u00f6r din metalltr\u00e4dg\u00e5rdspaviljong, passande f\u00f6r en grundyta p\u00e5 9m2. Leveransen sker utan stag!<\/p>\n<p>Beskrivning:<\/p>\n<ul>\n<li> l\u00e4mplig f\u00f6r v\u00e5ra tr\u00e4dg\u00e5rdspaviljonger med en grundyta p\u00e5 3&#215;3 m<\/li>\n<li> ger skugga, skyddar effektivt mot f\u00f6r stark solstr\u00e5lning<\/li>\n<li> stabilt, fast installerat tak<\/li>\n<li> remmar med kardborref\u00e4ste f\u00f6r fasts\u00e4ttning p\u00e5 paviljongen<\/li>\n<li> vattenavvisande tak, inte vattent\u00e4tt gjord av v\u00e4derbest\u00e4ndig polyester (180 g\/ m\u00b2 ) med PA-baksida<\/li>\n<\/ul>\n<p> Tekniska data:<\/p>\n<ul>\n<li> Material: 180 g\/m\u00b2 Polyester<\/li>\n<li> F\u00e4rg: Kr\u00e4mvit<\/li>\n<li> L\u00e4mplig f\u00f6r paviljonger med grundyta: 3 x 3 m<\/li>\n<li>Obs: Kontrollera storleken p\u00e5 baldakinen med hj\u00e4lp av bilden innan du k\u00f6per.<\/li>\n<\/ul>\n<p>Leveransinneh\u00e5ll:<\/p>\n<ul>\n<li> 1 x paviljongers\u00e4ttningstak;<\/li>\n<\/ul>\n","protected":false},"excerpt":{"rendered":"<p>Paviljongtaket \u00e4r den del av paviljongen som \u00e4r mest utsatt f\u00f6r v\u00e4derf\u00f6rh\u00e5llanden som solstr\u00e5lning, regn, vind och liknande. D\u00e4rf\u00f6r kan&#8230;<\/p>\n","protected":false},"featured_media":56594,"template":"","meta":[],"product_brand":[],"product_cat":[479,858,476],"product_tag":[],"class_list":{"0":"post-56638","1":"product","2":"type-product","3":"status-publish","4":"has-post-thumbnail","6":"product_cat-paviljongtak","7":"product_cat-tradgard-terrass","8":"product_cat-tradgardspaviljonger","10":"first","11":"instock","12":"sale","13":"taxable","14":"shipping-taxable","15":"purchasable","16":"product-type-simple"},"yoast_head":"<!-- This site is optimized with the Yoast SEO plugin v25.4 - https:\/\/yoast.com\/wordpress\/plugins\/seo\/ -->\n<title>TRUUSK Ers\u00e4ttningstak till Metallpaviljong 3x3m - Kr\u00e4mvit Polyester - Perfekt f\u00f6r Tr\u00e4dg\u00e5rd &amp; Terrass - TRUUSK - Hem, Tr\u00e4dg\u00e5rd &amp; Fritid<\/title>\n<meta name=\"robots\" content=\"index, follow, max-snippet:-1, max-image-preview:large, max-video-preview:-1\" \/>\n<link rel=\"canonical\" href=\"https:\/\/truusk.store\/sv\/produkt\/truusk-ersattningstak-till-metallpaviljong-3x3m-kramvit-polyester-perfekt-for-tradgard-terrass\/\" \/>\n<meta property=\"og:locale\" content=\"sv_SE\" \/>\n<meta property=\"og:type\" content=\"article\" \/>\n<meta property=\"og:title\" content=\"TRUUSK Ers\u00e4ttningstak till Metallpaviljong 3x3m - Kr\u00e4mvit Polyester - Perfekt f\u00f6r Tr\u00e4dg\u00e5rd &amp; Terrass - TRUUSK - Hem, Tr\u00e4dg\u00e5rd &amp; Fritid\" \/>\n<meta property=\"og:description\" content=\"Paviljongtaket \u00e4r den del av paviljongen som \u00e4r mest utsatt f\u00f6r v\u00e4derf\u00f6rh\u00e5llanden som solstr\u00e5lning, regn, vind och liknande. D\u00e4rf\u00f6r kan...\" \/>\n<meta property=\"og:url\" content=\"https:\/\/truusk.store\/sv\/produkt\/truusk-ersattningstak-till-metallpaviljong-3x3m-kramvit-polyester-perfekt-for-tradgard-terrass\/\" \/>\n<meta property=\"og:site_name\" content=\"TRUUSK - Hem, Tr\u00e4dg\u00e5rd &amp; Fritid\" \/>\n<meta property=\"article:modified_time\" content=\"2026-03-12T08:06:25+00:00\" \/>\n<meta property=\"og:image\" content=\"https:\/\/i0.wp.com\/truusk.se\/wp-content\/uploads\/2025\/06\/ersattnings-tak-for-metallpaviljong-3x3m-kramvit-i-polyester-perfekt-for-tradgard-terrass-truusk-se-1.webp?fit=2000%2C2000&ssl=1\" \/>\n\t<meta property=\"og:image:width\" content=\"2000\" \/>\n\t<meta property=\"og:image:height\" content=\"2000\" \/>\n\t<meta property=\"og:image:type\" content=\"image\/webp\" \/>\n<meta name=\"twitter:card\" content=\"summary_large_image\" \/>\n<meta name=\"twitter:label1\" content=\"Ber\u00e4knad l\u00e4stid\" \/>\n\t<meta name=\"twitter:data1\" content=\"1 minut\" \/>\n<!-- \/ Yoast SEO plugin. -->","yoast_head_json":{"title":"TRUUSK Ers\u00e4ttningstak till Metallpaviljong 3x3m - Kr\u00e4mvit Polyester - Perfekt f\u00f6r Tr\u00e4dg\u00e5rd &amp; Terrass - TRUUSK - Hem, Tr\u00e4dg\u00e5rd &amp; Fritid","robots":{"index":"index","follow":"follow","max-snippet":"max-snippet:-1","max-image-preview":"max-image-preview:large","max-video-preview":"max-video-preview:-1"},"canonical":"https:\/\/truusk.store\/sv\/produkt\/truusk-ersattningstak-till-metallpaviljong-3x3m-kramvit-polyester-perfekt-for-tradgard-terrass\/","og_locale":"sv_SE","og_type":"article","og_title":"TRUUSK Ers\u00e4ttningstak till Metallpaviljong 3x3m - Kr\u00e4mvit Polyester - Perfekt f\u00f6r Tr\u00e4dg\u00e5rd &amp; Terrass - TRUUSK - Hem, Tr\u00e4dg\u00e5rd &amp; Fritid","og_description":"Paviljongtaket \u00e4r den del av paviljongen som \u00e4r mest utsatt f\u00f6r v\u00e4derf\u00f6rh\u00e5llanden som solstr\u00e5lning, regn, vind och liknande. D\u00e4rf\u00f6r kan...","og_url":"https:\/\/truusk.store\/sv\/produkt\/truusk-ersattningstak-till-metallpaviljong-3x3m-kramvit-polyester-perfekt-for-tradgard-terrass\/","og_site_name":"TRUUSK - Hem, Tr\u00e4dg\u00e5rd &amp; Fritid","article_modified_time":"2026-03-12T08:06:25+00:00","og_image":[{"width":2000,"height":2000,"url":"https:\/\/i0.wp.com\/truusk.se\/wp-content\/uploads\/2025\/06\/ersattnings-tak-for-metallpaviljong-3x3m-kramvit-i-polyester-perfekt-for-tradgard-terrass-truusk-se-1.webp?fit=2000%2C2000&ssl=1","type":"image\/webp"}],"twitter_card":"summary_large_image","twitter_misc":{"Ber\u00e4knad l\u00e4stid":"1 minut"},"schema":{"@context":"https:\/\/schema.org","@graph":[{"@type":"WebPage","@id":"https:\/\/truusk.store\/sv\/produkt\/truusk-ersattningstak-till-metallpaviljong-3x3m-kramvit-polyester-perfekt-for-tradgard-terrass\/","url":"https:\/\/truusk.store\/sv\/produkt\/truusk-ersattningstak-till-metallpaviljong-3x3m-kramvit-polyester-perfekt-for-tradgard-terrass\/","name":"TRUUSK Ers\u00e4ttningstak till Metallpaviljong 3x3m - Kr\u00e4mvit Polyester - Perfekt f\u00f6r Tr\u00e4dg\u00e5rd &amp; Terrass - TRUUSK - Hem, Tr\u00e4dg\u00e5rd &amp; Fritid","isPartOf":{"@id":"https:\/\/truusk.store\/sv\/#website"},"primaryImageOfPage":{"@id":"https:\/\/truusk.store\/sv\/produkt\/truusk-ersattningstak-till-metallpaviljong-3x3m-kramvit-polyester-perfekt-for-tradgard-terrass\/#primaryimage"},"image":{"@id":"https:\/\/truusk.store\/sv\/produkt\/truusk-ersattningstak-till-metallpaviljong-3x3m-kramvit-polyester-perfekt-for-tradgard-terrass\/#primaryimage"},"thumbnailUrl":"https:\/\/i0.wp.com\/truusk.store\/wp-content\/uploads\/2025\/06\/ersattnings-tak-for-metallpaviljong-3x3m-kramvit-i-polyester-perfekt-for-tradgard-terrass-truusk-se-1.webp?fit=2000%2C2000&ssl=1","datePublished":"2025-06-04T19:17:58+00:00","dateModified":"2026-03-12T08:06:25+00:00","breadcrumb":{"@id":"https:\/\/truusk.store\/sv\/produkt\/truusk-ersattningstak-till-metallpaviljong-3x3m-kramvit-polyester-perfekt-for-tradgard-terrass\/#breadcrumb"},"inLanguage":"sv-SE","potentialAction":[{"@type":"ReadAction","target":["https:\/\/truusk.store\/sv\/produkt\/truusk-ersattningstak-till-metallpaviljong-3x3m-kramvit-polyester-perfekt-for-tradgard-terrass\/"]}]},{"@type":"ImageObject","inLanguage":"sv-SE","@id":"https:\/\/truusk.store\/sv\/produkt\/truusk-ersattningstak-till-metallpaviljong-3x3m-kramvit-polyester-perfekt-for-tradgard-terrass\/#primaryimage","url":"https:\/\/i0.wp.com\/truusk.store\/wp-content\/uploads\/2025\/06\/ersattnings-tak-for-metallpaviljong-3x3m-kramvit-i-polyester-perfekt-for-tradgard-terrass-truusk-se-1.webp?fit=2000%2C2000&ssl=1","contentUrl":"https:\/\/i0.wp.com\/truusk.store\/wp-content\/uploads\/2025\/06\/ersattnings-tak-for-metallpaviljong-3x3m-kramvit-i-polyester-perfekt-for-tradgard-terrass-truusk-se-1.webp?fit=2000%2C2000&ssl=1","width":2000,"height":2000},{"@type":"BreadcrumbList","@id":"https:\/\/truusk.store\/sv\/produkt\/truusk-ersattningstak-till-metallpaviljong-3x3m-kramvit-polyester-perfekt-for-tradgard-terrass\/#breadcrumb","itemListElement":[{"@type":"ListItem","position":1,"name":"Home","item":"https:\/\/truusk.store\/sv\/"},{"@type":"ListItem","position":2,"name":"Shop","item":"https:\/\/truusk.store\/shop\/"},{"@type":"ListItem","position":3,"name":"TRUUSK Ers\u00e4ttningstak till Metallpaviljong 3x3m &#8211; Kr\u00e4mvit Polyester &#8211; Perfekt f\u00f6r Tr\u00e4dg\u00e5rd &amp; Terrass"}]},{"@type":"WebSite","@id":"https:\/\/truusk.store\/sv\/#website","url":"https:\/\/truusk.store\/sv\/","name":"TRUUSK - Hem, Tr\u00e4dg\u00e5rd & Fritid","description":"","publisher":{"@id":"https:\/\/truusk.store\/sv\/#organization"},"potentialAction":[{"@type":"SearchAction","target":{"@type":"EntryPoint","urlTemplate":"https:\/\/truusk.store\/sv\/?s={search_term_string}"},"query-input":{"@type":"PropertyValueSpecification","valueRequired":true,"valueName":"search_term_string"}}],"inLanguage":"sv-SE"},{"@type":"Organization","@id":"https:\/\/truusk.store\/sv\/#organization","name":"TRUUSK - Hem, Tr\u00e4dg\u00e5rd & Fritid","url":"https:\/\/truusk.store\/sv\/","logo":{"@type":"ImageObject","inLanguage":"sv-SE","@id":"https:\/\/truusk.store\/sv\/#\/schema\/logo\/image\/","url":"https:\/\/i0.wp.com\/truusk.store\/wp-content\/uploads\/2026\/03\/cropped-TRUUSK.png?fit=2032%2C917&ssl=1","contentUrl":"https:\/\/i0.wp.com\/truusk.store\/wp-content\/uploads\/2026\/03\/cropped-TRUUSK.png?fit=2032%2C917&ssl=1","width":2032,"height":917,"caption":"TRUUSK - Hem, Tr\u00e4dg\u00e5rd & Fritid"},"image":{"@id":"https:\/\/truusk.store\/sv\/#\/schema\/logo\/image\/"}}]}},"jetpack_sharing_enabled":true,"_links":{"self":[{"href":"https:\/\/truusk.store\/sv\/wp-json\/wp\/v2\/product\/56638","targetHints":{"allow":["GET"]}}],"collection":[{"href":"https:\/\/truusk.store\/sv\/wp-json\/wp\/v2\/product"}],"about":[{"href":"https:\/\/truusk.store\/sv\/wp-json\/wp\/v2\/types\/product"}],"wp:featuredmedia":[{"embeddable":true,"href":"https:\/\/truusk.store\/sv\/wp-json\/wp\/v2\/media\/56594"}],"wp:attachment":[{"href":"https:\/\/truusk.store\/sv\/wp-json\/wp\/v2\/media?parent=56638"}],"wp:term":[{"taxonomy":"product_brand","embeddable":true,"href":"https:\/\/truusk.store\/sv\/wp-json\/wp\/v2\/product_brand?post=56638"},{"taxonomy":"product_cat","embeddable":true,"href":"https:\/\/truusk.store\/sv\/wp-json\/wp\/v2\/product_cat?post=56638"},{"taxonomy":"product_tag","embeddable":true,"href":"https:\/\/truusk.store\/sv\/wp-json\/wp\/v2\/product_tag?post=56638"}],"curies":[{"name":"wp","href":"https:\/\/api.w.org\/{rel}","templated":true}]}}